{"id":41798,"date":"2020-04-19T12:34:09","date_gmt":"2020-04-19T09:34:09","guid":{"rendered":"https:\/\/perfectvenue.es\/?post_type=product&#038;p=41798"},"modified":"2025-12-03T20:39:44","modified_gmt":"2025-12-03T17:39:44","slug":"taller-de-decoracion-navidena","status":"publish","type":"product","link":"https:\/\/perfectvenue.es\/es\/product\/taller-de-decoracion-navidena\/","title":{"rendered":"Taller de decoraci\u00f3n navide\u00f1a: haz tu propia corona y ll\u00e9vatela contigo"},"content":{"rendered":"<p><\/p>\n<p style=\"text-align: justify;\"><span style=\"font-weight: 400;\">En Navidad es cuando m\u00e1s tiempo dedicamos a decorar la casa, ya que <\/span><b>es una \u00e9poca s\u00faper m\u00e1gica en la que recibimos a un mont\u00f3n de invitados, y por ello queremos que todo est\u00e9 perfecto para disfrutar de las fiestas. <\/b><span style=\"font-weight: 400;\">Por eso, este taller de decoraci\u00f3n navide\u00f1a es todo lo que necesitas.\u00a0<\/span><\/p>\n<p style=\"text-align: justify;\"><span style=\"font-weight: 400;\">De la mano de una florista profesional conocer\u00e1s todos los secretos para quitar el hipo con la decoraci\u00f3n navide\u00f1a y<\/span><b>\u00a0har\u00e1s tu propia corona navide\u00f1a que podr\u00e1s llevarte a casa.<\/b><\/p>\n<p style=\"text-align: justify;\"><span style=\"font-weight: 400;\">As\u00ed que, si quieres aprender a hacer una corona navide\u00f1a con arreglos florales triunfan en Navidad, qu\u00e9 frutos y elementos se pueden utilizar este curso es para ti.<\/span><\/p>\n<p style=\"text-align: justify;\"><span style=\"font-weight: 400;\">Lo mejor es que este taller de decoraci\u00f3n navide\u00f1a <\/span><b>no solo es una oportunidad para aprender, \u00a1sino tambi\u00e9n para disfrutar junto a tus familiares o amigos!<\/b><span style=\"font-weight: 400;\"> Un planazo perfecto pasar un tiempo de calidad en una reuni\u00f3n con amigas, una tarde con tu madre o tu hermana\u2026 cualquier excusa es buena para reunirse y aprender cosas nuevas.<\/span><\/p>\n<h2 style=\"text-align: justify;\"><b>\u00bfA qui\u00e9n va dirigido el taller de decoraci\u00f3n navide\u00f1a?<\/b><\/h2>\n<p style=\"text-align: justify;\"><span style=\"font-weight: 400;\">\u00a1Todos recibimos invitados en casa durante las navidades! Por ello, este emocionante taller de decoraci\u00f3n navide\u00f1a est\u00e1 dise\u00f1ado para todas aquellas <\/span><b>personas que quieren sorprender a sus invitados con la decoraci\u00f3n navide\u00f1a, que quieran aprender a decorar su casa en Navidad, saber cu\u00e1les son las flores m\u00e1s apropiadas para esta \u00e9poca del a\u00f1o, y los frutos y elementos que triunfan en las fiestas navide\u00f1as, y que quieran hacer su propia corona!<\/b><\/p>\n<p style=\"text-align: justify;\"><span style=\"font-weight: 400;\">Pero eso no es todo, \u00a1este taller tambi\u00e9n va dirigido a <\/span><b>todas aquellas personas que busquen un plan diferente para reunirse con amigas o familiares<\/b><span style=\"font-weight: 400;\">! \u00bfQu\u00e9 tal organizarlo para una tarde con tu madre y tu hermana, o con tu mejor amiga? \u00a1Imagina la diversi\u00f3n mientras aprend\u00e9is a hacer vuestra propia corona juntas!<\/span><\/p>\n<h2 style=\"text-align: justify;\"><b>Grupos peque\u00f1os y atenci\u00f3n personalizada<\/b><\/h2>\n<p style=\"text-align: justify;\"><span style=\"font-weight: 400;\">En nuestro taller de corona navide\u00f1a optamos por la calidad sobre la cantidad. Nos encanta contar con <\/span><b>grupos peque\u00f1os para garantizar que cada participante reciba la m\u00e1xima atenci\u00f3n y pueda aprovechar al m\u00e1ximo la experiencia.\u00a0Se requiere un m\u00ednimo de 10 personas.<\/b><\/p>\n<p style=\"text-align: justify;\"><b>Con un n\u00famero limitado de plazas disponibles, te aseguramos una atenci\u00f3n personalizada y exclusiva. <\/b><span style=\"font-weight: 400;\">Nuestro equipo estar\u00e1 encantado de responder todas tus inquietudes y compartir todos los trucos y consejos que necesitas saber.<\/span><\/p>\n<h2 style=\"text-align: justify;\"><b>\u00bfQu\u00e9 est\u00e1 inclu\u00eddo en el taller de decoraci\u00f3n navide\u00f1a?<\/b><\/h2>\n<ul style=\"text-align: justify;\">\n<li style=\"font-weight: 400;\"><span style=\"font-weight: 400;\">Todo el material necesario para elaborar tu corona navide\u00f1a: base circular, ramas, frutos, pi\u00f1as, etc.<\/span><\/li>\n<li style=\"font-weight: 400;\"><span style=\"font-weight: 400;\">Todos los tips y consejos para llevar tu corona navide\u00f1a al siguiente nivel, saber combinar flores, velas, manteler\u00eda, cuberter\u00eda, etc.<\/span><\/li>\n<li style=\"font-weight: 400;\"><span style=\"font-weight: 400;\">El resultado de tu corona navide\u00f1a te lo llevar\u00e1s a casa tras el taller<\/span><\/li>\n<li style=\"font-weight: 400;\"><span style=\"font-weight: 400;\">Florista profesional\u00a0<\/span><\/li>\n<li style=\"font-weight: 400;\"><span style=\"font-weight: 400;\">Copa de cava\u00a0<\/span><\/li>\n<li style=\"font-weight: 400;\"><span style=\"font-weight: 400;\">Foto de recuerdo<\/span><\/li>\n<li style=\"font-weight: 400;\"><span style=\"font-weight: 400;\">Diploma<\/span><\/li>\n<\/ul>\n<h2 style=\"text-align: justify;\"><b>Duraci\u00f3n, ubicaci\u00f3n y precio<\/b><\/h2>\n<p style=\"text-align: justify;\"><span style=\"font-weight: 400;\">El emocionante taller de decoraci\u00f3n navide\u00f1a <\/span><b>tiene una duraci\u00f3n aproximada de 2 horas y media,<\/b><span style=\"font-weight: 400;\"> \u00a1el tiempo necesario para sumergirte en el maravilloso mundo de la decoraci\u00f3n de Navidad y salir con tu propia corona!<\/span><\/p>\n<p style=\"text-align: justify;\"><span style=\"font-weight: 400;\">Y en cuanto a la ubicaci\u00f3n, \u00bfd\u00f3nde podr\u00eda ser este emocionante encuentro si no es en la vibrante ciudad de Madrid? Es el lugar perfecto para una tarde de decoraci\u00f3n y diversi\u00f3n en la capital.<\/span><\/p>\n<p style=\"text-align: justify;\"><strong>El precio consta de 45\u20ac si el taller lo realizan los adulto<\/strong>s y los materiales son siempre naturales, mientras que <strong>si es para ni\u00f1os el precio es de 35\u20ac<\/strong> y son materiales m\u00e1s sencillos de manejar y arificiales.<\/p>\n<p style=\"text-align: justify;\"><span style=\"font-weight: 400;\">Nos encontrar\u00e1s <\/span><b>en nuestras acogedoras oficinas en Las Rozas de Madrid, espec\u00edficamente en la calle de Teruel n\u00famero 3. <\/b><span style=\"font-weight: 400;\">Es un lugar de f\u00e1cil acceso, a 5 minutos de\u00a0 la parada de Renfe y a 2 minutos de\u00a0 las paradas de buses 622 y 621.<\/span><\/p>\n<h2 style=\"text-align: justify;\"><b>\u00a1Celebramos el fin del taller de decoraci\u00f3n navide\u00f1a!<\/b><\/h2>\n<p style=\"text-align: justify;\"><span style=\"font-weight: 400;\">\u00a1Qu\u00e9 mejor manera de terminar nuestro emocionante taller de decoraci\u00f3n navide\u00f1a que con una celebraci\u00f3n para recordar!<\/span><\/p>\n<p style=\"text-align: justify;\"><span style=\"font-weight: 400;\">Una vez que hemos concluido nuestra maravillosa sesi\u00f3n de decoraci\u00f3n navide\u00f1a, es hora de brindar y compartir nuestras experiencias, por ello <\/span><b>abriremos y brindaremos con una botella de cava, y zumo en el caso de los ni\u00f1os. <\/b><span style=\"font-weight: 400;\">\u00a1Es la forma perfecta de celebrar el \u00e9xito del curso y todos los aprendizajes compartidos!<\/span><\/p>\n<p style=\"text-align: justify;\"><span style=\"font-weight: 400;\">Durante este momento especial, nos encanta compartir ideas, comentarios y reflexiones sobre lo que hemos aprendido juntos.\u00a0<\/span><\/p>\n<p style=\"text-align: justify;\"><span style=\"font-weight: 400;\">Y no nos olvidamos del momento m\u00e1s emocionante: <\/span><b>la entrega de diplomas.<\/b><span style=\"font-weight: 400;\"> Es el reconocimiento por toda la dedicaci\u00f3n que has puesto en este taller.\u00a0<\/span><\/p>\n<h2 style=\"text-align: justify;\"><b>Lo que debes tener en cuenta para taller de decoraci\u00f3n navide\u00f1a:<\/b><\/h2>\n<ul>\n<li style=\"list-style-type: none;\">\n<ul>\n<li style=\"font-weight: 400;\"><span style=\"font-weight: 400;\">Se recomienda estar 5 minutos antes del horario establecido.<\/span><\/li>\n<li style=\"font-weight: 400;\"><span style=\"font-weight: 400;\">Para formalizar la reserva del taller de decoraci\u00f3n navide\u00f1a se ha de abonar una se\u00f1al previa. El restante se abona el mismo d\u00eda de la actividad.<\/span><\/li>\n<li style=\"font-weight: 400;\"><b>Si la ocasi\u00f3n es un cumplea\u00f1os o un reencuentro de amigas o familiares, el taller podr\u00eda combinarse con una sesi\u00f3n de fotos navide\u00f1a, reserva en un restaurante, etc. \u00a1Consultanos!<\/b><\/li>\n<\/ul>\n<\/li>\n<\/ul>\n<h2 style=\"text-align: justify;\"><b>\u00a1Reserva ya tu plaza!<\/b><\/h2>\n<p style=\"text-align: justify;\"><span style=\"font-weight: 400;\">\u00a1Son limitadas! As\u00ed que, marca ya la fecha en tu calendario y \u00fanete a nosotros para una experiencia inolvidable y m\u00e1gica.<\/span><\/p>\n<p style=\"text-align: justify;\"><b>Y si quieres m\u00e1s informaci\u00f3n:\u00a0<\/b><\/p>\n<p style=\"text-align: justify;\"><span style=\"font-weight: 400;\">Llama o escribe:\u00a0\u00a0<\/span><\/p>\n<p style=\"text-align: justify;\"><span style=\"font-weight: 400;\">Tel. +34 722 29 15 43 <\/span><\/p>\n<p style=\"text-align: justify;\"><span style=\"font-weight: 400;\">Email: <\/span><a href=\"mailto:info@perfectvenue.es\"><span style=\"font-weight: 400;\">info@perfectvenue.es<\/span><\/a><\/p>\n<p><\/p>","protected":false},"excerpt":{"rendered":"<p><span style=\"font-weight: 400;\"> Este taller de decoraci\u00f3n navide\u00f1a es todo lo que necesitas para aprender todas las t\u00e9cnicas y consejos para sorprender a tus invitados con tu casa perfectamente decorada y en armon\u00eda en Navidad, adem\u00e1s te llevar\u00e1s tu corona navide\u00f1a a casa.<\/span><\/p>\n","protected":false},"featured_media":41803,"comment_status":"closed","ping_status":"closed","template":"","meta":[],"class_list":["post-41798","product","type-product","status-publish","has-post-thumbnail","hentry","product_cat-courses-and-workshops-in-madrid","product_tag-decoracio-corona-de-navidad","product_tag-taller-de-corona-navidena","product_tag-taller-de-decoracion-navidena","product_tag-taller-de-navidad","product_tag-taller-navideno"],"_links":{"self":[{"href":"https:\/\/perfectvenue.es\/es\/wp-json\/wp\/v2\/product\/41798","targetHints":{"allow":["GET"]}}],"collection":[{"href":"https:\/\/perfectvenue.es\/es\/wp-json\/wp\/v2\/product"}],"about":[{"href":"https:\/\/perfectvenue.es\/es\/wp-json\/wp\/v2\/types\/product"}],"replies":[{"embeddable":true,"href":"https:\/\/perfectvenue.es\/es\/wp-json\/wp\/v2\/comments?post=41798"}],"wp:featuredmedia":[{"embeddable":true,"href":"https:\/\/perfectvenue.es\/es\/wp-json\/wp\/v2\/media\/41803"}],"wp:attachment":[{"href":"https:\/\/perfectvenue.es\/es\/wp-json\/wp\/v2\/media?parent=41798"}],"curies":[{"name":"wp","href":"https:\/\/api.w.org\/{rel}","templated":true}]}}