{"id":41777,"date":"2025-01-28T12:30:16","date_gmt":"2025-01-28T09:30:16","guid":{"rendered":"https:\/\/perfectvenue.es\/?post_type=product&#038;p=41777"},"modified":"2026-02-16T22:16:26","modified_gmt":"2026-02-16T19:16:26","slug":"taller-de-decoracion-de-mesa-con-flores","status":"publish","type":"product","link":"https:\/\/perfectvenue.es\/es\/product\/taller-de-decoracion-de-mesa-con-flores\/","title":{"rendered":"Taller de decoraci\u00f3n de mesa con flores: s\u00e9 la mejor anfitriona y sorprende a tus invitados"},"content":{"rendered":"<p><\/p>\n<p style=\"text-align: justify;\"><span style=\"font-weight: 400;\">Si quieres ser la mejor anfitriona y sorprender a todos tus invitados cuando vean tu mesa montada, necesitas realizar nuestro taller de decoraci\u00f3n de mesa con flores.<\/span><\/p>\n<p style=\"text-align: justify;\"><span style=\"font-weight: 400;\">De la mano de una florista profesional <\/span><b>conocer\u00e1s todos los secretos que necesitas saber para quitar el hipo con tu mesa perfectamente decorada.\u00a0<\/b><\/p>\n<p style=\"text-align: justify;\"><span style=\"font-weight: 400;\">Podr\u00e1s sacarle el m\u00e1ximo partido a tu vajilla, tus elementos decorativos y todo lo que tengas en casa con la gu\u00eda experta de una florista especialista en eventos. As\u00ed que, si quieres <\/span><b>aprender los trucos y consejos, saber que colores pegan entre s\u00ed, que flores se pueden utilizar y qu\u00e9 elementos le pegan a tu mesa<\/b><span style=\"font-weight: 400;\">, este curso es para ti.<\/span><\/p>\n<p style=\"text-align: justify;\"><span style=\"font-weight: 400;\">Este taller de decoraci\u00f3n de mesa con flores no solo es una oportunidad para aprender, \u00a1sino tambi\u00e9n para disfrutar junto a tus familiares o amigos! <\/span><b>Un planazo perfecto pasar un tiempo de calidad en una reuni\u00f3n con amigas, una tarde con tu madre o tu hermana\u2026 <\/b><span style=\"font-weight: 400;\">cualquier excusa es buena para reunirse y aprender cosas nuevas.<\/span><\/p>\n<h2 style=\"text-align: justify;\"><b>\u00bfA qui\u00e9n va dirigido el taller de decoraci\u00f3n de mesa con flores?<\/b><\/h2>\n<p style=\"text-align: justify;\"><span style=\"font-weight: 400;\">\u00a1Todos recibimos invitados en casa! Por ello, este emocionante taller de decoraci\u00f3n de mesa con flores est\u00e1 <\/span><b>dise\u00f1ado para todas aquellas personas que quieren aprender a decorar su mesa de comedor para sorprender a todos sus invitados.\u00a0<\/b><\/p>\n<p style=\"text-align: justify;\"><span style=\"font-weight: 400;\">As\u00ed que, si quieres que una simple cena o comida se convierta en algo especial, has de decorar tu mesa. \u00a1Y este taller te brinda todas las herramientas que necesitas para deslumbrar como anfitriona!<\/span><\/p>\n<p style=\"text-align: justify;\"><span style=\"font-weight: 400;\">Pero eso no es todo, \u00a1este taller tambi\u00e9n va dirigido a <\/span><b>todas aquellas personas que busquen un plan diferente para reunirse con amigas o familiares<\/b><span style=\"font-weight: 400;\">! \u00bfQu\u00e9 tal organizarlo para una tarde con tu madre y tu hermana, o con tu mejor amiga? \u00a1Imagina la diversi\u00f3n mientras aprend\u00e9is a decorar una mesa con flores juntas!<\/span><\/p>\n<h2 style=\"text-align: justify;\"><b>Grupos peque\u00f1os y atenci\u00f3n personalizada<\/b><\/h2>\n<p style=\"text-align: justify;\"><span style=\"font-weight: 400;\">En nuestro taller de decoraci\u00f3n de mesa con flores optamos por la calidad sobre la cantidad. Nos encanta contar con <\/span><b>grupos peque\u00f1os para garantizar que cada participante reciba la m\u00e1xima atenci\u00f3n y pueda aprovechar al m\u00e1ximo la experiencia. Se requiere un m\u00ednimo de 10 personas.<\/b><\/p>\n<p style=\"text-align: justify;\"><b>Con un n\u00famero limitado de plazas disponibles, te aseguramos una atenci\u00f3n personalizada y exclusiva. <\/b><span style=\"font-weight: 400;\">Nuestro equipo estar\u00e1 encantado de responder todas tus inquietudes y compartir todos los trucos y secretos que necesitas saber.<\/span><\/p>\n<h2 style=\"text-align: justify;\"><b>\u00bfQu\u00e9 est\u00e1 inclu\u00eddo en el taller de decoraci\u00f3n de mesa con flores?<\/b><\/h2>\n<ul style=\"text-align: justify;\">\n<li style=\"font-weight: 400;\"><span style=\"font-weight: 400;\">Todo el material necesario para decorar una mesa, principalmente las flores, recipientes, velas\u2026<\/span><\/li>\n<li style=\"font-weight: 400;\"><span style=\"font-weight: 400;\">El resultado de tu centro de mesa te lo llevar\u00e9is a casa tras el taller<\/span><\/li>\n<li style=\"font-weight: 400;\"><span style=\"font-weight: 400;\">Florista profesional\u00a0<\/span><\/li>\n<li style=\"font-weight: 400;\"><span style=\"font-weight: 400;\">Copa de cava\u00a0<\/span><\/li>\n<li style=\"font-weight: 400;\"><span style=\"font-weight: 400;\">Foto de recuerdo<\/span><\/li>\n<li style=\"font-weight: 400;\"><span style=\"font-weight: 400;\">Diploma<\/span><\/li>\n<\/ul>\n<h2 style=\"text-align: justify;\"><b>Duraci\u00f3n y ubicaci\u00f3n<\/b><\/h2>\n<p style=\"text-align: justify;\"><span style=\"font-weight: 400;\">El emocionante taller de decoraci\u00f3n de mesa con flores <\/span><b>tiene una duraci\u00f3n aproximada de 2 horas y media,<\/b><span style=\"font-weight: 400;\"> \u00a1el tiempo necesario para sumergirte en el maravilloso mundo de la decoraci\u00f3n y salir con tu propio centro de mesa!<\/span><\/p>\n<p style=\"text-align: justify;\"><span style=\"font-weight: 400;\">Y en cuanto a la ubicaci\u00f3n, \u00bfd\u00f3nde podr\u00eda ser este emocionante encuentro si no es en la vibrante ciudad de Madrid? Es el lugar perfecto para una tarde de decoraci\u00f3n y diversi\u00f3n en la capital.<\/span><\/p>\n<p style=\"text-align: justify;\"><span style=\"font-weight: 400;\">Nos encontrar\u00e1s <\/span><b>en nuestras acogedoras oficinas en Las Rozas de Madrid, espec\u00edficamente en la calle de Teruel n\u00famero 3. <\/b><span style=\"font-weight: 400;\">Es un lugar de f\u00e1cil acceso, a 5 minutos de\u00a0 la parada de Renfe y a 2 minutos de\u00a0 las paradas de buses 622 y 621.<\/span><\/p>\n<h2 style=\"text-align: justify;\"><b>\u00a1Celebramos el fin del taller de decoraci\u00f3n de mesa con flores!<\/b><\/h2>\n<p style=\"text-align: justify;\"><span style=\"font-weight: 400;\">\u00a1Qu\u00e9 mejor manera de terminar nuestro emocionante taller de decoraci\u00f3n de mesa con flores que con una celebraci\u00f3n para recordar!<\/span><\/p>\n<p style=\"text-align: justify;\"><span style=\"font-weight: 400;\">Una vez que hemos concluido nuestra maravillosa sesi\u00f3n de decoraci\u00f3n de mesa con flores, es hora de brindar y compartir nuestras experiencias, por ello <\/span><b>abriremos y brindaremos con una botella de cava. <\/b><span style=\"font-weight: 400;\">\u00a1Es la forma perfecta de celebrar el \u00e9xito del curso y todos los aprendizajes compartidos!<\/span><\/p>\n<p style=\"text-align: justify;\"><span style=\"font-weight: 400;\">Durante este momento especial, nos encanta compartir ideas, comentarios y reflexiones sobre lo que hemos aprendido juntos.\u00a0<\/span><\/p>\n<p style=\"text-align: justify;\"><span style=\"font-weight: 400;\">Y no nos olvidamos del momento m\u00e1s emocionante: <\/span><b>la entrega de diplomas.<\/b><span style=\"font-weight: 400;\"> Es el reconocimiento por toda la dedicaci\u00f3n que has puesto en este taller.\u00a0<\/span><\/p>\n<h2 style=\"text-align: justify;\"><b>Lo que debes tener en cuenta para taller de decoraci\u00f3n de mesa con flores:<\/b><\/h2>\n<ul style=\"text-align: justify;\">\n<li style=\"list-style-type: none;\">\n<ul>\n<li style=\"font-weight: 400;\"><span style=\"font-weight: 400;\">No olvides traer en mente cualquier duda que tengas, que no sepas qu\u00e9 hacer con cualquier elemento decorativo que tengas en casa y que quieras consultar su mejor manera de disponerlo sobre la mesa.\u00a0<\/span><\/li>\n<li style=\"font-weight: 400;\"><span style=\"font-weight: 400;\">Se recomienda estar 5 minutos antes del horario establecido.<\/span><\/li>\n<li style=\"font-weight: 400;\"><span style=\"font-weight: 400;\">Para formalizar la reserva del taller de decoraci\u00f3n de mesa con flores se ha de abonar una se\u00f1al previa. El restante se abona el mismo d\u00eda de la actividad.<\/span><\/li>\n<li style=\"font-weight: 400;\"><b>Si la ocasi\u00f3n es un cumplea\u00f1os o un reencuentro de amigas o familiares, el taller podr\u00eda combinarse con una sesi\u00f3n de fotos, reserva en un restaurante, etc. \u00a1Consultanos!<\/b><\/li>\n<\/ul>\n<\/li>\n<\/ul>\n<h2 style=\"text-align: justify;\"><b>\u00a1Reserva ya tu plaza!<\/b><\/h2>\n<p style=\"text-align: justify;\"><span style=\"font-weight: 400;\">\u00a1Son limitadas! As\u00ed que, marca ya la fecha en tu calendario y \u00fanete a nosotros para una experiencia inolvidable.<\/span><\/p>\n<p style=\"text-align: justify;\"><b>Y si quieres m\u00e1s informaci\u00f3n:\u00a0<\/b><\/p>\n<p style=\"text-align: justify;\"><span style=\"font-weight: 400;\">Llama o escribe:\u00a0\u00a0<\/span><\/p>\n<p style=\"text-align: justify;\"><span style=\"font-weight: 400;\">Tel. +34 722 29 15 43 <\/span><\/p>\n<p style=\"text-align: justify;\"><span style=\"font-weight: 400;\">Email: <\/span><a href=\"mailto:info@perfectvenue.es\"><span style=\"font-weight: 400;\">info@perfectvenue.es<\/span><\/a><\/p>\n<p style=\"text-align: justify;\"><span style=\"font-weight: 400;\">\u00a1Y no te pierdas nuestro <\/span><span style=\"font-weight: 400;\">taller de maquillaje para eventos especiales!<\/span><\/p>\n<p><\/p>","protected":false},"excerpt":{"rendered":"<p>Este taller de decoraci\u00f3n de mesa con flores es lo que necesitas para aprender las t\u00e9cnicas y sorprender a tus invitados con tu mesa perfectamente decorada.<\/p>\n","protected":false},"featured_media":41782,"comment_status":"closed","ping_status":"closed","template":"","meta":[],"class_list":["post-41777","product","type-product","status-publish","has-post-thumbnail","hentry","product_cat-courses-and-workshops-in-madrid","product_tag-taller-de-decoracion","product_tag-taller-de-decoracion-de-mesa-con-flores","product_tag-taller-de-flores","product_tag-7143"],"_links":{"self":[{"href":"https:\/\/perfectvenue.es\/es\/wp-json\/wp\/v2\/product\/41777","targetHints":{"allow":["GET"]}}],"collection":[{"href":"https:\/\/perfectvenue.es\/es\/wp-json\/wp\/v2\/product"}],"about":[{"href":"https:\/\/perfectvenue.es\/es\/wp-json\/wp\/v2\/types\/product"}],"replies":[{"embeddable":true,"href":"https:\/\/perfectvenue.es\/es\/wp-json\/wp\/v2\/comments?post=41777"}],"wp:featuredmedia":[{"embeddable":true,"href":"https:\/\/perfectvenue.es\/es\/wp-json\/wp\/v2\/media\/41782"}],"wp:attachment":[{"href":"https:\/\/perfectvenue.es\/es\/wp-json\/wp\/v2\/media?parent=41777"}],"curies":[{"name":"wp","href":"https:\/\/api.w.org\/{rel}","templated":true}]}}