{"id":41770,"date":"2024-04-19T10:55:28","date_gmt":"2024-04-19T07:55:28","guid":{"rendered":"https:\/\/perfectvenue.es\/?post_type=product&#038;p=41770"},"modified":"2026-02-17T11:20:00","modified_gmt":"2026-02-17T08:20:00","slug":"taller-de-maquillaje-para-un-evento-especial","status":"publish","type":"product","link":"https:\/\/perfectvenue.es\/es\/product\/taller-de-maquillaje-para-un-evento-especial\/","title":{"rendered":"Taller de maquillaje para un evento especial: saca partido a tu neceser y deslumbra en todos tus eventos"},"content":{"rendered":"<p><\/p>\n<p style=\"text-align: justify;\"><span style=\"font-weight: 400;\">\u00bfQuieres brillar como nunca en tu pr\u00f3ximo evento especial? Entonces nuestro taller de maquillaje para un evento especial es todo lo que necesitas.<\/span><\/p>\n<p style=\"text-align: justify;\"><b>De la mano de una maquilladora profesional conocer\u00e1s todos los secretos que necesitas saber para deslumbrar en cualquier ocasi\u00f3n<\/b><span style=\"font-weight: 400;\">, ya sea una boda, bautizo, cena de empresa o las fiestas de navidad.\u00a0<\/span><\/p>\n<p style=\"text-align: justify;\"><span style=\"font-weight: 400;\">Podr\u00e1s sacarle el m\u00e1ximo partido a tu neceser de maquillaje con la gu\u00eda experta de una maquilladora especialista en eventos. \u00bfQuieres aprender las t\u00e9cnicas para un evento de d\u00eda o un maquillaje de noche deslumbrante? \u00a1Ella tiene todos los trucos que necesitas!<\/span><\/p>\n<p style=\"text-align: justify;\"><span style=\"font-weight: 400;\">Este taller de maquillaje para un evento especial no solo es una oportunidad para aprender, \u00a1sino tambi\u00e9n para disfrutar junto a tus amigas! <\/span><b>Un planazo perfecto pasar un tiempo de calidad en una reuni\u00f3n con amigas, una despedida de soltera, un cumplea\u00f1os\u2026<\/b><\/p>\n<h2 style=\"text-align: justify;\"><b>\u00bfA qui\u00e9n va dirigido el taller de maquillaje para un evento especial?<\/b><\/h2>\n<p style=\"text-align: justify;\"><span style=\"font-weight: 400;\">\u00a1Este emocionante taller de maquillaje est\u00e1 dise\u00f1ado para todas aquellas personas que desean lucir radiantes en eventos especiales!\u00a0<\/span><\/p>\n<p style=\"text-align: justify;\"><span style=\"font-weight: 400;\">\u00bfTe has preguntado c\u00f3mo prepararte para una boda u otros eventos sin tener que contratar a una maquilladora? \u00a1Entonces este taller de maquillaje para un evento especial es para ti!<\/span><\/p>\n<p style=\"text-align: justify;\"><span style=\"font-weight: 400;\">Va dirigido <\/span><b>a todas las invitadas que desean lucir deslumbrantes en bodas, fiestas, cenas de empresa, bautizos o cualquier tipo de evento especial,<\/b><span style=\"font-weight: 400;\"> \u00a1este taller te brinda todas las herramientas que necesitas para deslumbrar!<\/span><\/p>\n<p style=\"text-align: justify;\"><span style=\"font-weight: 400;\">\u00bfPor qu\u00e9 gastar una fortuna en maquilladores profesionales cuando puedes aprender los secretos y t\u00e9cnicas por ti misma?\u00a0<\/span><\/p>\n<p style=\"text-align: justify;\"><span style=\"font-weight: 400;\">Pero eso no es todo, \u00a1este taller de maquillaje para un evento especial tambi\u00e9n va dirigido a <\/span><b>todas aquellas personas que busquen un plan diferente para reunirse con amigas<\/b><span style=\"font-weight: 400;\">! \u00bfQu\u00e9 tal organizarlo para un cumplea\u00f1os, una reuni\u00f3n de amigas o incluso una despedida de soltera? \u00a1Imagina la diversi\u00f3n mientras aprend\u00e9is y os maquill\u00e1is juntas!<\/span><\/p>\n<h2 style=\"text-align: justify;\"><b>Grupos peque\u00f1os y atenci\u00f3n personalizada<\/b><\/h2>\n<p style=\"text-align: justify;\"><span style=\"font-weight: 400;\">En nuestro taller de maquillaje para un evento especial optamos por la calidad sobre la cantidad. Nos encanta contar con <\/span><b>grupos peque\u00f1os para garantizar que cada participante reciba la m\u00e1xima atenci\u00f3n y pueda aprovechar al m\u00e1ximo la experiencia. Se requiere un m\u00ednimo de 10 personas.<\/b><\/p>\n<p style=\"text-align: justify;\"><b>Con un n\u00famero limitado de plazas disponibles, te aseguramos una atenci\u00f3n personalizada y exclusiva. <\/b><span style=\"font-weight: 400;\">Nuestro equipo estar\u00e1 encantado de responder todas tus inquietudes y compartir todos los trucos y secretos que necesitas saber.<\/span><\/p>\n<h2 style=\"text-align: justify;\"><b>\u00bfQu\u00e9 est\u00e1 inclu\u00eddo en el taller de maquillaje para un evento especial?<\/b><\/h2>\n<ul style=\"text-align: justify;\">\n<li style=\"font-weight: 400;\"><span style=\"font-weight: 400;\">Todo el material necesario para el maquillaje, como brochas o esponjas; as\u00ed como un espejo individual para cada asistente.<\/span><\/li>\n<li style=\"font-weight: 400;\"><span style=\"font-weight: 400;\">Productos necesarios de maquillaje (excepto la base de rostro ya que es algo muy personal que depende en cada tipo de piel)<\/span><\/li>\n<li style=\"font-weight: 400;\"><span style=\"font-weight: 400;\">Maquilladora profesional\u00a0<\/span><\/li>\n<li style=\"font-weight: 400;\"><span style=\"font-weight: 400;\">Copa de cava\u00a0<\/span><\/li>\n<li style=\"font-weight: 400;\"><span style=\"font-weight: 400;\">Foto de recuerdo<\/span><\/li>\n<li style=\"font-weight: 400;\"><span style=\"font-weight: 400;\">Diploma<\/span><\/li>\n<\/ul>\n<h2 style=\"text-align: justify;\"><b>Duraci\u00f3n y ubicaci\u00f3n<\/b><\/h2>\n<p style=\"text-align: justify;\"><span style=\"font-weight: 400;\">El emocionante taller de maquillaje para un evento especial <\/span><b>tiene una duraci\u00f3n aproximada de 2 horas y media,<\/b><span style=\"font-weight: 400;\"> \u00a1el tiempo necesario para sumergirte en el maravilloso mundo del maquillaje y salir luciendo radiante!<\/span><\/p>\n<p style=\"text-align: justify;\"><span style=\"font-weight: 400;\">Y en cuanto a la ubicaci\u00f3n, \u00bfd\u00f3nde podr\u00eda ser este emocionante encuentro si no es en la vibrante ciudad de Madrid? Es el lugar perfecto para una tarde de belleza y diversi\u00f3n en la capital.<\/span><\/p>\n<p style=\"text-align: justify;\"><span style=\"font-weight: 400;\">Nos encontrar\u00e1s <\/span><b>en nuestras acogedoras oficinas en Las Rozas de Madrid, espec\u00edficamente en la calle de Teruel n\u00famero 3. <\/b><span style=\"font-weight: 400;\">Es un lugar de f\u00e1cil acceso, a 5 minutos de\u00a0 la parada de Renfe y a 2 minutos de\u00a0 las paradas de buses 622 y 621.<\/span><\/p>\n<h2 style=\"text-align: justify;\"><b>\u00a1Celebramos el fin del taller de maquillaje para un evento especial!<\/b><\/h2>\n<p style=\"text-align: justify;\"><span style=\"font-weight: 400;\">\u00a1Qu\u00e9 mejor manera de terminar nuestro emocionante taller de maquillaje para un evento especial que con una celebraci\u00f3n para recordar!<\/span><\/p>\n<p style=\"text-align: justify;\"><span style=\"font-weight: 400;\">Una vez que hemos concluido nuestra maravillosa sesi\u00f3n de maquillaje, es hora de brindar y compartir nuestras experiencias, por ello <\/span><b>abriremos y brindaremos con una botella de cava. <\/b><span style=\"font-weight: 400;\">\u00a1Es la forma perfecta de celebrar el \u00e9xito del curso y todos los aprendizajes compartidos!<\/span><\/p>\n<p style=\"text-align: justify;\"><span style=\"font-weight: 400;\">Durante este momento especial, nos encanta compartir ideas, comentarios y reflexiones sobre lo que hemos aprendido juntos.\u00a0<\/span><\/p>\n<p style=\"text-align: justify;\"><span style=\"font-weight: 400;\">Y no nos olvidamos del momento m\u00e1s emocionante: <\/span><b>la entrega de diplomas.<\/b><span style=\"font-weight: 400;\"> Es el reconocimiento por toda la dedicaci\u00f3n que has puesto en este taller.\u00a0<\/span><\/p>\n<h2 style=\"text-align: justify;\"><b>Lo que debes tener en cuenta para tu taller de maquillaje para un evento especial:<\/b><\/h2>\n<ul style=\"text-align: justify;\">\n<li style=\"list-style-type: none;\">\n<ul>\n<li style=\"font-weight: 400;\"><span style=\"font-weight: 400;\">No olvides traer tu propia base de rostro y cualquier material y\/o producto de maquillaje que quieras consultar su uso y\/o aplicaci\u00f3n.<\/span><\/li>\n<li style=\"font-weight: 400;\"><span style=\"font-weight: 400;\">Se recomienda estar 5 minutos antes del horario establecido.<\/span><\/li>\n<li style=\"font-weight: 400;\"><span style=\"font-weight: 400;\">Para formalizar la reserva del taller de maquillaje para un evento especial se ha de abonar una se\u00f1al previa. El restante se abona el mismo d\u00eda de la actividad.<\/span><\/li>\n<li style=\"font-weight: 400;\"><b>Si la ocasi\u00f3n es un cumplea\u00f1os, despedida de soltera, o reencuentro de amigas, el taller podr\u00eda combinarse con paseo en limusina, sesi\u00f3n de fotos, reserva en un restaurante, etc. \u00a1Consultanos!<\/b><\/li>\n<\/ul>\n<\/li>\n<\/ul>\n<h2 style=\"text-align: justify;\"><b>\u00a1Reserva ya tu plaza!<\/b><\/h2>\n<p style=\"text-align: justify;\"><span style=\"font-weight: 400;\">\u00a1Son limitadas! As\u00ed que, marca ya la fecha en tu calendario, prepara tu neceser de maquillaje y \u00fanete a nosotros en este taller de maquillaje para un evento especial para una experiencia inolvidable.<\/span><\/p>\n<p style=\"text-align: justify;\"><b>Y si quieres m\u00e1s informaci\u00f3n:\u00a0<\/b><\/p>\n<p style=\"text-align: justify;\"><span style=\"font-weight: 400;\">Llama o escribe:\u00a0\u00a0<\/span><\/p>\n<p style=\"text-align: justify;\"><span style=\"font-weight: 400;\">Tel. +34 722 29 15 43 <\/span><\/p>\n<p style=\"text-align: justify;\"><span style=\"font-weight: 400;\">Email: <\/span><a href=\"mailto:info@perfectvenue.es\"><span style=\"font-weight: 400;\">info@perfectvenue.es<\/span><\/a><\/p>\n<p style=\"text-align: justify;\">\n<p><\/p>","protected":false},"excerpt":{"rendered":"<p><span style=\"font-weight: 400;\"> Este taller de maquillaje para un evento especial es todo lo que necesitas para aprender todas las t\u00e9cnicas y consejos para lucir radiante en todos tus eventos.<\/span><\/p>\n","protected":false},"featured_media":47219,"comment_status":"closed","ping_status":"closed","template":"","meta":[],"class_list":["post-41770","product","type-product","status-publish","has-post-thumbnail","hentry","product_cat-courses-and-workshops-in-madrid","product_tag-maquillaje-evento","product_tag-taller-de-maquillaje","product_tag-taller-de-maquillaje-para-evento-especial","product_tag-taller-en-madrid","product_tag-7144"],"_links":{"self":[{"href":"https:\/\/perfectvenue.es\/es\/wp-json\/wp\/v2\/product\/41770","targetHints":{"allow":["GET"]}}],"collection":[{"href":"https:\/\/perfectvenue.es\/es\/wp-json\/wp\/v2\/product"}],"about":[{"href":"https:\/\/perfectvenue.es\/es\/wp-json\/wp\/v2\/types\/product"}],"replies":[{"embeddable":true,"href":"https:\/\/perfectvenue.es\/es\/wp-json\/wp\/v2\/comments?post=41770"}],"wp:featuredmedia":[{"embeddable":true,"href":"https:\/\/perfectvenue.es\/es\/wp-json\/wp\/v2\/media\/47219"}],"wp:attachment":[{"href":"https:\/\/perfectvenue.es\/es\/wp-json\/wp\/v2\/media?parent=41770"}],"curies":[{"name":"wp","href":"https:\/\/api.w.org\/{rel}","templated":true}]}}