{"id":41673,"date":"2024-04-11T16:00:13","date_gmt":"2024-04-11T13:00:13","guid":{"rendered":"https:\/\/perfectvenue.es\/?post_type=product&#038;p=41673"},"modified":"2025-07-30T22:27:13","modified_gmt":"2025-07-30T19:27:13","slug":"elopement-la-hacienda-na-xamenam","status":"publish","type":"product","link":"https:\/\/perfectvenue.es\/es\/product\/elopement-la-hacienda-na-xamenam\/","title":{"rendered":"Elopement en La Hacienda Na Xamenam"},"content":{"rendered":"<p><\/p>\n<p style=\"text-align: justify;\">La\u00a0<strong>Hacienda Na Xamena, Ibiza resort<\/strong>\u00a0ofrece la ubicaci\u00f3n perfecta para celebrar su\u00a0<strong>boda \u00edntima en Ibiza.<\/strong> Le proponemos el sublime y m\u00e1gico anfiteatro para celebrar la ceremonia, y terraza con algunas de las m\u00e1s <strong>bellas vistas de Ibiza<\/strong> para celebrar el c\u00f3ctel, y sal\u00f3n de eventos al\u00a0<strong>estilo Ibicenco<\/strong>\u00a0para celebrar la cena. Para acoger a sus invitados de\u00a0<strong>boda<\/strong>, la\u00a0<strong class=\"nwin\">Hacienda Na Xamena, Ibiza,<\/strong>\u00a0le propone 7 categor\u00edas de incre\u00edbles\u00a0<strong>Habitaciones<\/strong>\u00a0y\u00a0<strong>Suites.<\/strong><\/p>\n<p style=\"text-align: justify;\">Organizamos su boda \u00edntima con el escenario m\u00e1s rom\u00e1ntico.<\/p>\n<h3 style=\"text-align: justify;\"><span style=\"font-weight: 400;\">Elopement en Hacienda Na Xamenam, Ibiza incluye:<\/span><\/h3>\n<ul style=\"text-align: justify;\">\n<li style=\"font-weight: 400;\"><span style=\"font-weight: 400;\">Alquiler de espacio privado<\/span><\/li>\n<li style=\"font-weight: 400;\">Decoraci\u00f3n de la ceremonia<\/li>\n<li>Fot\u00f3grafo<\/li>\n<li style=\"font-weight: 400;\">Ramo de flores<\/li>\n<li style=\"font-weight: 400;\">Organizaci\u00f3n y coordinaci\u00f3n<\/li>\n<\/ul>\n<p><b>Precio total desde 5.500\u20ac<\/b><\/p>\n<h3><span style=\"font-weight: 400;\">Puedes a\u00f1adir:<\/span><\/h3>\n<ul style=\"text-align: justify;\">\n<li style=\"font-weight: 400;\"><span style=\"font-weight: 400;\">Video<\/span><\/li>\n<li style=\"font-weight: 400;\">M\u00fasica en directo (guitarra o viol\u00edn). Precio a consultar<\/li>\n<li style=\"font-weight: 400;\">Transporte. Precio a consultar<br \/>\n\u00a1Config\u00faralo como quieras!<\/li>\n<\/ul>\n<h3>Facilidad de pago<\/h3>\n<p style=\"text-align: justify;\">S\u00ed, no es necesario pagar el importe total de la experiencia. Basta con hacer una reserva con un dep\u00f3sito y pagar el resto el d\u00eda del evento.<\/p>\n<p style=\"text-align: justify;\">\u00a1Comodidad para usted!<\/p>\n<p style=\"text-align: justify;\">*El dep\u00f3sito no es reembolsable si se cancela el evento.<\/p>\n<p><\/p>","protected":false},"excerpt":{"rendered":"<p style=\"text-align: justify;\">Para recervar la fecha es suficiente pagando el deposito 4.000 euros. Antes de hacer el pago, consulta la disponibilidad.<\/p>\n","protected":false},"featured_media":40738,"comment_status":"closed","ping_status":"closed","template":"","meta":[],"class_list":["post-41673","product","type-product","status-publish","has-post-thumbnail","hentry","product_cat-elopement-planner","product_tag-boda-intima-ibiza","product_tag-ca----","product_tag-elopement-en-la-hacienda-na-xamenam","product_tag-elopement-inbiza"],"_links":{"self":[{"href":"https:\/\/perfectvenue.es\/es\/wp-json\/wp\/v2\/product\/41673","targetHints":{"allow":["GET"]}}],"collection":[{"href":"https:\/\/perfectvenue.es\/es\/wp-json\/wp\/v2\/product"}],"about":[{"href":"https:\/\/perfectvenue.es\/es\/wp-json\/wp\/v2\/types\/product"}],"replies":[{"embeddable":true,"href":"https:\/\/perfectvenue.es\/es\/wp-json\/wp\/v2\/comments?post=41673"}],"wp:featuredmedia":[{"embeddable":true,"href":"https:\/\/perfectvenue.es\/es\/wp-json\/wp\/v2\/media\/40738"}],"wp:attachment":[{"href":"https:\/\/perfectvenue.es\/es\/wp-json\/wp\/v2\/media?parent=41673"}],"curies":[{"name":"wp","href":"https:\/\/api.w.org\/{rel}","templated":true}]}}