{"id":41373,"date":"2015-02-27T14:36:42","date_gmt":"2015-02-27T11:36:42","guid":{"rendered":"http:\/\/perfectvenue.es\/?post_type=product&#038;p=41373"},"modified":"2024-02-27T14:49:54","modified_gmt":"2024-02-27T11:49:54","slug":"pedida-mano-la-habitacion-del-hotel-tower-madrid","status":"publish","type":"product","link":"https:\/\/perfectvenue.es\/es\/product\/pedida-mano-la-habitacion-del-hotel-tower-madrid\/","title":{"rendered":"Pedida de mano en la habitacion del hotel Tower Madrid"},"content":{"rendered":"<p><\/p>\n<h3>Pack Pedida de mano en la habitacion del hotel Tower incluye:<\/h3>\n<ul>\n<li>Letras Marry Me<\/li>\n<li>Decoraci\u00f3n de p\u00e9talos<\/li>\n<li>Ramo de flores<\/li>\n<li>Organizacion<\/li>\n<li>Fot\u00f3grafo<\/li>\n<\/ul>\n<p style=\"text-align: justify;\"><b>Precio: 480\u20ac<\/b><\/p>\n<h3>A parte, se puede a\u00f1adir:<\/h3>\n<ul>\n<li>V\u00eddeo (consultar precio)<\/li>\n<li>Decoracion premium<\/li>\n<\/ul>\n<p style=\"text-align: justify;\"><span style=\"font-weight: 400; color: inherit; font-family: inherit;\">\u00a1Configuralo como t\u00fa quieras!<\/span><\/p>\n<p style=\"text-align: justify;\">\n<p style=\"text-align: justify;\">*Las tarifas no son reembolsables si el evento se cancela por cualquier motivo.<\/p>\n<p><\/p>","protected":false},"excerpt":{"rendered":"<p>Pack Pedida de mano en la habitacion del hotel Tower incluye: Letras Marry Me Decoraci\u00f3n de p\u00e9talos Ramo de flores Organizacion Fot\u00f3grafo Precio: 480\u20ac A parte, se puede a\u00f1adir: V\u00eddeo (consultar precio) Decoracion premium \u00a1Configuralo como t\u00fa quieras! *Las tarifas no son reembolsables si el evento se cancela por cualquier motivo.<\/p>\n","protected":false},"featured_media":0,"comment_status":"closed","ping_status":"closed","template":"","meta":[],"class_list":["post-41373","product","type-product","status-publish","hentry","product_cat-marriage-proposal-packages"],"_links":{"self":[{"href":"https:\/\/perfectvenue.es\/es\/wp-json\/wp\/v2\/product\/41373","targetHints":{"allow":["GET"]}}],"collection":[{"href":"https:\/\/perfectvenue.es\/es\/wp-json\/wp\/v2\/product"}],"about":[{"href":"https:\/\/perfectvenue.es\/es\/wp-json\/wp\/v2\/types\/product"}],"replies":[{"embeddable":true,"href":"https:\/\/perfectvenue.es\/es\/wp-json\/wp\/v2\/comments?post=41373"}],"wp:attachment":[{"href":"https:\/\/perfectvenue.es\/es\/wp-json\/wp\/v2\/media?parent=41373"}],"curies":[{"name":"wp","href":"https:\/\/api.w.org\/{rel}","templated":true}]}}