{"id":41321,"date":"2015-02-12T15:12:19","date_gmt":"2015-02-12T12:12:19","guid":{"rendered":"https:\/\/perfectvenue.es\/?post_type=product&#038;p=41321"},"modified":"2024-09-04T17:08:25","modified_gmt":"2024-09-04T14:08:25","slug":"picnic-marriage-proposal-salou","status":"publish","type":"product","link":"https:\/\/perfectvenue.es\/es\/product\/picnic-marriage-proposal-salou\/","title":{"rendered":"Pedida de mano con picnic en Salou"},"content":{"rendered":"<p><\/p>\n<h2>Pack pedida de mano picnic incluye:<\/h2>\n<ul>\n<li>Decoraci\u00f3n cl\u00e1sica<\/li>\n<li>Men\u00fa de picnic<\/li>\n<li>Montaje y limpieza<\/li>\n<li>Organizaci\u00f3n de la pedida de mano<\/li>\n<li>Fot\u00f3grafo<\/li>\n<li>Ramo de flores<\/li>\n<\/ul>\n<p>Precio: 770 euros<\/p>\n<h2>\u00a1Nos aseguramos de que todo salga perfecto!<\/h2>\n<p style=\"text-align: justify;\">\nA veces nuestros planes dependen del tiempo, pero nuestro equipo tambi\u00e9n nos ayuda a encontrar el lugar perfecto para una pedida de mano m\u00e1gica. Comprobamos cuidadosamente la previsi\u00f3n meteorol\u00f3gica 1-2 d\u00edas antes del evento para elegir la mejor opci\u00f3n para su d\u00eda. Es muy importante tener un plan B y puedes confiar en los profesionales, ellos cuidan cada detalle.<\/p>\n<p style=\"text-align: justify;\">Para nuestro picnic, elegimos un men\u00fa de picoteo: embutidos, panes variados, ensalada, vino y gazpacho. Super fresco y mediterr\u00e1neo. Tambi\u00e9n incluyeron cojines, bolsa de basura, servilletas, platos, cubiertos de bamb\u00fa y vasos.<\/p>\n<h3>Puedes a\u00f1adir:<\/h3>\n<ul>\n<li>Letras grandes \u00abC\u00e1sate conmigo\u00bb. Precio a consultar<\/li>\n<li>Viol\u00edn. Precio a consultar<\/li>\n<li>V\u00eddeo. Precio a petici\u00f3n<\/li>\n<li>Transporte. Precio a consultar<\/li>\n<li>\u00a1Config\u00faralo como quieras!<\/li>\n<\/ul>\n<p>*El pago no es reembolsable si se cancela el evento.<\/p>","protected":false},"excerpt":{"rendered":"<p style=\"text-align: justify;\">Para empezar este hermoso recuerdo, te dar\u00e1 la bienvenida un hermoso picnic en la playa. \u00bfQuieres que te ayudamos organizar una pedida de mano picnic?<\/p>\n","protected":false},"featured_media":43653,"comment_status":"closed","ping_status":"closed","template":"","meta":[],"class_list":["post-41321","product","type-product","status-publish","has-post-thumbnail","hentry","product_cat-marriage-proposal-packages","product_tag-marriage-proposal","product_tag-salou-proposal","product_tag-7628"],"_links":{"self":[{"href":"https:\/\/perfectvenue.es\/es\/wp-json\/wp\/v2\/product\/41321","targetHints":{"allow":["GET"]}}],"collection":[{"href":"https:\/\/perfectvenue.es\/es\/wp-json\/wp\/v2\/product"}],"about":[{"href":"https:\/\/perfectvenue.es\/es\/wp-json\/wp\/v2\/types\/product"}],"replies":[{"embeddable":true,"href":"https:\/\/perfectvenue.es\/es\/wp-json\/wp\/v2\/comments?post=41321"}],"wp:featuredmedia":[{"embeddable":true,"href":"https:\/\/perfectvenue.es\/es\/wp-json\/wp\/v2\/media\/43653"}],"wp:attachment":[{"href":"https:\/\/perfectvenue.es\/es\/wp-json\/wp\/v2\/media?parent=41321"}],"curies":[{"name":"wp","href":"https:\/\/api.w.org\/{rel}","templated":true}]}}