{"id":40808,"date":"2026-03-10T14:24:03","date_gmt":"2026-03-10T11:24:03","guid":{"rendered":"http:\/\/perfectvenue.es\/?post_type=product&#038;p=40808"},"modified":"2026-03-10T12:33:10","modified_gmt":"2026-03-10T09:33:10","slug":"engagement-at-cas-xorc","status":"publish","type":"product","link":"https:\/\/perfectvenue.es\/es\/product\/engagement-at-cas-xorc\/","title":{"rendered":"Pedida de mano en Ca&#8217;s Xorc, Mallorca, un retiro de lujo entre el mar y la monta\u00f1a"},"content":{"rendered":"<p><\/p>\n<p style=\"text-align: justify;\">Pedida de mano en Ca&#8217;s Xorc, Mallorca, un retiro de lujo entre el mar y la monta\u00f1a. \u00bfEst\u00e1s pensando en dar el paso hacia el matrimonio y quieres hacerlo de manera especial en Mallorca? Perm\u00edtenos ayudarte a preparar cada detalle para una pedida de mano en Ca&#8217;s Xorc, un encantador hotel que combina historia con una cuidada renovaci\u00f3n que ha preservado sus detalles decorativos m\u00e1s distintivos.<\/p>\n<p style=\"text-align: justify;\">Situado en un entorno privilegiado, Ca&#8217;s Xorc se encuentra enclavado en un paisaje mediterr\u00e1neo impresionante, donde la serenidad del mar se mezcla armoniosamente con la majestuosidad de las monta\u00f1as. Este lugar no solo ofrece un ambiente de romance y tranquilidad, sino que tambi\u00e9n enfatiza la proximidad a la naturaleza, promueve la sostenibilidad y se distingue por su compromiso con la calidad en cada detalle.<\/p>\n<p style=\"text-align: justify;\">Imagina una pedida de mano rodeada de la belleza natural de Mallorca, con vistas panor\u00e1micas que inspiran y una atm\u00f3sfera que invita a celebrar el amor y la conexi\u00f3n. Con una pedida de mano en Ca&#8217;s Xorc, cada momento se convierte en una experiencia \u00fanica, donde la historia del lugar se entrelaza con tu propia historia de amor, creando recuerdos que perdurar\u00e1n para siempre en el coraz\u00f3n.<\/p>\n<p style=\"text-align: justify;\">Desde la planificaci\u00f3n hasta la ejecuci\u00f3n, nuestro equipo est\u00e1 aqu\u00ed para asegurarnos de que este momento sea perfecto en todos los aspectos. D\u00e9janos encargarnos de cada detalle, desde la ambientaci\u00f3n hasta los servicios personalizados, para que t\u00fa y tu pareja puedan disfrutar de este momento tan especial con total tranquilidad y felicidad.<\/p>\n<p style=\"text-align: justify;\">Ca&#8217;s Xorc te espera con los brazos abiertos para ser el escenario de una pedida de mano memorable y significativa en Mallorca.<\/p>\n<h3 style=\"text-align: justify;\">La pedida de mano en Ca&#8217;s Xorc Incluye:<\/h3>\n<ul style=\"text-align: justify;\">\n<li>Fot\u00f3grafo<\/li>\n<li>Cena rom\u00e1ntica para 2<\/li>\n<li>Planificaci\u00f3n de la propuesta de matrimonio<\/li>\n<\/ul>\n<p style=\"text-align: justify;\"><strong>Precio: desde 780\u20ac + IVA<\/strong><\/p>\n<h3 style=\"text-align: justify;\">Se puede a\u00f1adir:<\/h3>\n<ul style=\"text-align: justify;\">\n<li>Privatizaci\u00f3n de la terraza (desde 150\u20ac)<\/li>\n<li>V\u00eddeo (desde 290\u20ac)<\/li>\n<li>Ramo de flores (desde 60\u20ac)<\/li>\n<li>M\u00fasica en directo (desde 250\u20ac)<\/li>\n<li>Decoraci\u00f3n extra (desde 200\u20ac)<\/li>\n<li>Dron (precio a consultar)<\/li>\n<li>Config\u00faralo como quieras<\/li>\n<\/ul>\n<h3 style=\"text-align: justify;\">Facilidad de pago<\/h3>\n<p style=\"text-align: justify;\">S\u00ed, no es necesario pagar el importe total de la experiencia. Simplemente tienes que hacer una reserva con un dep\u00f3sito de 500\u20ac y pagar el resto el d\u00eda del evento.<\/p>\n<p style=\"text-align: justify;\">\u00a1Comodidad para ti!<\/p>\n<p style=\"text-align: justify;\">*El dep\u00f3sito no es reembolsable si se cancela el evento.<\/p>\n<p><\/p>","protected":false},"excerpt":{"rendered":"<p>Te ayudamos hacer tu padida de mano en Ca&#8217;s Xorc. Consulta esta pack con cena romantica, fot\u00f3grafo, ramo de flores y organizacion inclu\u00edda. <strong>Precio: desde 780\u20ac + IVA. Es necesario reservar con un adelanto de 500\u20ac.<\/strong><\/p>\n","protected":false},"featured_media":54596,"comment_status":"closed","ping_status":"closed","template":"","meta":[],"class_list":["post-40808","product","type-product","status-publish","has-post-thumbnail","hentry","product_cat-marriage-proposal-packages","product_tag-mallorca-marriage-proposal","product_tag-mallorca-wedding-proposal","product_tag-pedida-de-mano-mallorca","product_tag-surpise-marriage-proposal"],"_links":{"self":[{"href":"https:\/\/perfectvenue.es\/es\/wp-json\/wp\/v2\/product\/40808","targetHints":{"allow":["GET"]}}],"collection":[{"href":"https:\/\/perfectvenue.es\/es\/wp-json\/wp\/v2\/product"}],"about":[{"href":"https:\/\/perfectvenue.es\/es\/wp-json\/wp\/v2\/types\/product"}],"replies":[{"embeddable":true,"href":"https:\/\/perfectvenue.es\/es\/wp-json\/wp\/v2\/comments?post=40808"}],"wp:featuredmedia":[{"embeddable":true,"href":"https:\/\/perfectvenue.es\/es\/wp-json\/wp\/v2\/media\/54596"}],"wp:attachment":[{"href":"https:\/\/perfectvenue.es\/es\/wp-json\/wp\/v2\/media?parent=40808"}],"curies":[{"name":"wp","href":"https:\/\/api.w.org\/{rel}","templated":true}]}}