{"id":40807,"date":"2026-03-03T11:50:18","date_gmt":"2026-03-03T08:50:18","guid":{"rendered":"http:\/\/perfectvenue.es\/?post_type=product&#038;p=40807"},"modified":"2026-03-03T14:37:24","modified_gmt":"2026-03-03T11:37:24","slug":"marriage-proposal-in-hacienda-na-xamenam-ibiza","status":"publish","type":"product","link":"https:\/\/perfectvenue.es\/es\/product\/marriage-proposal-in-hacienda-na-xamenam-ibiza\/","title":{"rendered":"Pedida de mano en Hacienda Na Xamenam, en Ibiza"},"content":{"rendered":"<p><\/p>\n<p style=\"text-align: justify;\"><strong>La Hacienda Na Xamenam, en Ibiza<\/strong>, est\u00e1 considerada como uno de los mejores resorts de Ibiza. Fue el primer y \u00fanico hotel de cinco estrellas de Ibiza durante casi dos d\u00e9cadas, y se ha ganado la reputaci\u00f3n de ofrecer excelencia en Ibiza. Este lujoso hotel de cinco estrellas ofrece confort, experiencias m\u00e1gicas y \u00fanicas, abundantes instalaciones, como tres piscinas: dos al aire libre y una cubierta, una pista de tenis, un campo de f\u00fatbol, un SPA de renombre mundial, una sala de cine y una sala de juegos. Por encima de todo, este hotel es conocido por <strong>sus incre\u00edbles vistas y por ofrecer una de las mejores experiencias de toda Ibiza.<\/strong><\/p>\n<p style=\"text-align: justify;\">Organizamos la pedida de mano so\u00f1ada por su pareja. Sorpr\u00e9ndele con el escenario m\u00e1s rom\u00e1ntico.<\/p>\n<h3 style=\"text-align: justify;\"><span style=\"font-weight: 400;\">Pedida de mano en Hacienda Na Xamenam, Ibiza incluye::<\/span><\/h3>\n<ul style=\"text-align: justify;\">\n<li style=\"font-weight: 400;\"><span style=\"font-weight: 400;\">Alquiler de espacio privado<\/span><\/li>\n<li style=\"font-weight: 400;\">Decoraci\u00f3n con p\u00e9talos de rosa<\/li>\n<li>Fot\u00f3grafo<\/li>\n<li style=\"font-weight: 400;\">Ramo de flores<\/li>\n<li style=\"font-weight: 400;\">Organizaci\u00f3n de la pedida de mano<\/li>\n<\/ul>\n<p><b>Precio: desde 2.900\u20ac + IVA<\/b><\/p>\n<h3><span style=\"font-weight: 400;\">Puedes a\u00f1adir:<\/span><\/h3>\n<ul style=\"text-align: justify;\">\n<li style=\"font-weight: 400;\"><span style=\"font-weight: 400;\">Video<\/span><\/li>\n<li style=\"font-weight: 400;\">M\u00fasica en directo (guitarra o viol\u00edn). Precio a consultar<\/li>\n<li style=\"font-weight: 400;\">Transporte. Precio a consultar<br \/>\n\u00a1Config\u00faralo como quieras!<\/li>\n<\/ul>\n<h3>Facilidad de pago<\/h3>\n<p style=\"text-align: justify;\">S\u00ed, no es necesario pagar el importe total de la experiencia. Basta con hacer una reserva con un dep\u00f3sito y pagar el resto el d\u00eda del evento.<\/p>\n<p style=\"text-align: justify;\">\u00a1Comodidad para usted!<\/p>\n<p style=\"text-align: justify;\">*El dep\u00f3sito no es reembolsable si se cancela el evento.<\/p>\n<p><\/p>","protected":false},"excerpt":{"rendered":"<p><b>Precio: desde 2.900\u20ac + IVA<\/b>. <strong>Dep\u00f3sito de 2.400 euros.<\/strong><\/p>\n","protected":false},"featured_media":40758,"comment_status":"closed","ping_status":"closed","template":"","meta":[],"class_list":["post-40807","product","type-product","status-publish","has-post-thumbnail","hentry","product_cat-marriage-proposal-packages","product_tag-ibiza-wedding-proposal","product_tag-marriage-proposal-ibiza","product_tag-marriage-proposal-in-hacienda-na-xamenam","product_tag-pedida-de-mano-ibiza"],"_links":{"self":[{"href":"https:\/\/perfectvenue.es\/es\/wp-json\/wp\/v2\/product\/40807","targetHints":{"allow":["GET"]}}],"collection":[{"href":"https:\/\/perfectvenue.es\/es\/wp-json\/wp\/v2\/product"}],"about":[{"href":"https:\/\/perfectvenue.es\/es\/wp-json\/wp\/v2\/types\/product"}],"replies":[{"embeddable":true,"href":"https:\/\/perfectvenue.es\/es\/wp-json\/wp\/v2\/comments?post=40807"}],"wp:featuredmedia":[{"embeddable":true,"href":"https:\/\/perfectvenue.es\/es\/wp-json\/wp\/v2\/media\/40758"}],"wp:attachment":[{"href":"https:\/\/perfectvenue.es\/es\/wp-json\/wp\/v2\/media?parent=40807"}],"curies":[{"name":"wp","href":"https:\/\/api.w.org\/{rel}","templated":true}]}}