{"id":40791,"date":"2026-02-12T08:55:02","date_gmt":"2026-02-12T05:55:02","guid":{"rendered":"http:\/\/perfectvenue.es\/?post_type=product&#038;p=40791"},"modified":"2026-03-10T14:19:54","modified_gmt":"2026-03-10T11:19:54","slug":"pedida-de-mano-en-el-palacio-son-marroig","status":"publish","type":"product","link":"https:\/\/perfectvenue.es\/es\/product\/pedida-de-mano-en-el-palacio-son-marroig\/","title":{"rendered":"Pedida de mano en el Palacio Son Marroig de Mallorca"},"content":{"rendered":"<p><\/p>\n<p style=\"text-align: justify;\"><span style=\"font-weight: 400;\">Una pedida de mano en el Palacio Son Marroig no solo es una ocasi\u00f3n para proponer matrimonio, sino tambi\u00e9n para crear recuerdos que perdurar\u00e1n toda la vida. Es el lugar ideal para celebrar vuestro amor en un entorno hist\u00f3rico y rom\u00e1ntico que captura la esencia de la belleza de la isla y el compromiso compartido entre dos personas enamoradas.<\/span><\/p>\n<p style=\"text-align: justify;\"><span style=\"font-weight: 400;\">Situado en la pintoresca costa oeste de la isla, este palacio no solo es un lugar id\u00edlico para bodas y eventos, sino tambi\u00e9n para ese momento especial de la propuesta de matrimonio. \u00a1Imagina sorprender a tu pareja durante una escapada rom\u00e1ntica en Mallorca con una pedida de mano en el Palacio Son Marroig, donde cada rinc\u00f3n del palacio respira historia y encanto!<\/span><\/p>\n<p style=\"text-align: justify;\"><span style=\"font-weight: 400;\">Con su arquitectura \u00fanica y sus jardines bien cuidados, proporciona un tel\u00f3n de fondo impresionante para expresar tus sentimientos m\u00e1s profundos. Adem\u00e1s, el ambiente \u00edntimo y la privacidad que ofrece este palacio garantizan que la propuesta sea un momento memorable y especial para ambos.<\/span><\/p>\n<p style=\"text-align: justify;\"><span style=\"font-weight: 400;\">Puedes ir caminando por los jardines de Son Marroig, rodeado de la belleza natural de Mallorca, mientras te preparas para hacer la pregunta m\u00e1s importante de tu vida. Y puedes personalizar cada detalle de la pedida de mano en el Palacio Son Marroig, desde la decoraci\u00f3n hasta la m\u00fasica ambiental, asegur\u00e1ndote de que sea \u00fanica y significativa para tu relaci\u00f3n.<\/span><\/p>\n<p style=\"text-align: justify;\"><span style=\"font-weight: 400;\">Despu\u00e9s de la propuesta, podr\u00e9is celebrar vuestro compromiso en el palacio en alguno de sus elegantes salones. Y para capturar cada momento de este d\u00eda especial, un fot\u00f3grafo profesional estar\u00e1 disponible para asegurarse de que teng\u00e1is recuerdos tangibles de este emocionante cap\u00edtulo de vuestra historia de amor.<\/span><\/p>\n<h3 style=\"text-align: justify;\"><span style=\"font-weight: 400;\">Lo que incluye tu pedida de mano en el Palacio Son Marroig:<\/span><\/h3>\n<ul>\n<li><b><span style=\"font-weight: 400;\">Alquiler del espacio privado 1h<\/span><\/b><\/li>\n<li><span style=\"font-weight: 400;\">Fot\u00f3grafo<\/span><\/li>\n<li>Cava para celebrar el momento<\/li>\n<li><b><span style=\"font-weight: 400;\">Organizaci\u00f3n y planificaci\u00f3n de la pedida de mano<\/span><\/b><\/li>\n<li style=\"list-style-type: none;\"><\/li>\n<\/ul>\n<p style=\"text-align: justify;\"><b>Precio desde 1999\u20ac + IVA<\/b><\/p>\n<h3 style=\"text-align: justify;\"><span style=\"font-weight: 400;\">Se puede a\u00f1adir:<\/span><\/h3>\n<ul style=\"text-align: justify;\">\n<li style=\"font-weight: 400;\"><span style=\"font-weight: 400;\">V\u00eddeo (consultar precio)<\/span><\/li>\n<li>Ramo de flores12<\/li>\n<li style=\"font-weight: 400;\"><span style=\"font-weight: 400;\">M\u00fasica en directo (consultar precio)<\/span><\/li>\n<li style=\"font-weight: 400;\"><span style=\"font-weight: 400;\">Grandes letras Marry Me<\/span><\/li>\n<li>Decoraci\u00f3n floral de espacio (te daremos opciones para elegir)<\/li>\n<li style=\"font-weight: 400;\"><span style=\"font-weight: 400;\">Transporte (consultar precio)<\/span><\/li>\n<li style=\"font-weight: 400;\"><span style=\"font-weight: 400;\">\u00a1Configuralo como t\u00fa quieras!<\/span><\/li>\n<\/ul>\n<h3 style=\"text-align: justify;\"><span style=\"font-weight: 400;\">Facilidad de pago<\/span><\/h3>\n<p style=\"text-align: justify;\"><span style=\"font-weight: 400;\">\u00a1S\u00ed! Y es que no es necesario pagar \u00edntegramente el importe de la experiencia. Simplemente es necesario reservar con un adelanto 490\u20ac el resto darla en el d\u00eda del evento.<\/span><\/p>\n<p style=\"text-align: justify;\"><span style=\"font-weight: 400;\">\u00a1Comodidad para ti!<\/span><\/p>\n<p style=\"text-align: justify;\"><span style=\"font-weight: 400;\">*Las tarifas no son reembolsables si el evento se cancela por cualquier motivo.<\/span><\/p>\n<p><\/p>","protected":false},"excerpt":{"rendered":"<p><span style=\"font-weight: 400;\">Una pedida de mano en el Palacio Son Marroig en Mallorca, con ramo de flores, espacio privado y fot\u00f3grafo para capturar todo el momento. <b>Precio desde 1999\u20ac + IVA<\/b><strong>. Para reservar es necesario realizar un adelanto de 490\u20ac + IVA.<\/strong><\/span><\/p>\n","protected":false},"featured_media":48301,"comment_status":"closed","ping_status":"closed","template":"","meta":[],"class_list":["post-40791","product","type-product","status-publish","has-post-thumbnail","hentry","product_cat-marriage-proposal-packages","product_tag-mallorca-marriage-proposal","product_tag-photographer-son-marroig","product_tag-son-marroig","product_tag-son-marroig-marriage-proposal"],"_links":{"self":[{"href":"https:\/\/perfectvenue.es\/es\/wp-json\/wp\/v2\/product\/40791","targetHints":{"allow":["GET"]}}],"collection":[{"href":"https:\/\/perfectvenue.es\/es\/wp-json\/wp\/v2\/product"}],"about":[{"href":"https:\/\/perfectvenue.es\/es\/wp-json\/wp\/v2\/types\/product"}],"replies":[{"embeddable":true,"href":"https:\/\/perfectvenue.es\/es\/wp-json\/wp\/v2\/comments?post=40791"}],"wp:featuredmedia":[{"embeddable":true,"href":"https:\/\/perfectvenue.es\/es\/wp-json\/wp\/v2\/media\/48301"}],"wp:attachment":[{"href":"https:\/\/perfectvenue.es\/es\/wp-json\/wp\/v2\/media?parent=40791"}],"curies":[{"name":"wp","href":"https:\/\/api.w.org\/{rel}","templated":true}]}}