{"id":40779,"date":"2015-10-20T16:04:35","date_gmt":"2015-10-20T13:04:35","guid":{"rendered":"https:\/\/perfectvenue.es\/?post_type=product&#038;p=40779"},"modified":"2023-11-20T16:52:18","modified_gmt":"2023-11-20T13:52:18","slug":"marriage-proposal-in-private-rooftop-gran-via-madrid","status":"publish","type":"product","link":"https:\/\/perfectvenue.es\/es\/product\/marriage-proposal-in-private-rooftop-gran-via-madrid\/","title":{"rendered":"Pedida de mano en azotea privada"},"content":{"rendered":"<p><\/p>\n<p style=\"text-align: justify;\">Deje que las emocionantes luces de la ciudad de Madrid sirvan de tel\u00f3n de fondo para su propuesta de matrimonio de ensue\u00f1o. Una mesa para dos le espera en su azotea privada, con una botella de champ\u00e1n y velas sin llama, lista para que lo celebre en cuanto oiga la palabra &#8220;S\u00ed&#8221;.<\/p>\n<h2 style=\"text-align: justify;\">Pedida de mano en azotea privada Gran V\u00eda, Madrid Incluye:<\/h2>\n<p>&#8211; Letras gigantes &#8220;C\u00e1sate conmigo&#8221; (color rojo o rosa)<\/p>\n<p>&#8211; 4 horas de uso exclusivo de la azotea<\/p>\n<p>&#8211; Ramo de flores<\/p>\n<p>&#8211; Decoraci\u00f3n floral como en la foto<\/p>\n<p>&#8211; Fotografo<\/p>\n<p>&#8211; Planificaci\u00f3n de la propuesta de matrimonio y coordinaci\u00f3n del d\u00eda<\/p>\n<p>Precio total: 1880\u20ac<\/p>\n<h3>\nExtras<\/h3>\n<p>&#8211; M\u00fasico (guitarra o viol\u00edn) desde 120\u20ac<br \/>\n&#8211; Vide\u00f3grafo desde 250\u20ac<\/p>\n<h3>Facilidad de pago<\/h3>\n<p style=\"text-align: justify;\">\nS\u00ed, no es necesario pagar el importe total de la experiencia. Simplemente tienes que hacer una reserva con un dep\u00f3sito y pagar el resto el d\u00eda del evento.<\/p>\n<p style=\"text-align: justify;\">\n\u00a1Comodidad para usted!<\/p>\n<p style=\"text-align: justify;\">\n*El dep\u00f3sito no es reembolsable si se cancela el evento.<\/p>\n<p><\/p>","protected":false},"excerpt":{"rendered":"<p>Precio de la experiencia 1.880 euros. Deposito 1.280 euros.<\/p>\n","protected":false},"featured_media":39099,"comment_status":"closed","ping_status":"closed","template":"","meta":[],"class_list":["post-40779","product","type-product","status-publish","has-post-thumbnail","hentry","product_cat-perfect-plan","product_tag-marriage-proposal-in-private-rooftop","product_tag-pedida-de-mano-azotea-privada"],"_links":{"self":[{"href":"https:\/\/perfectvenue.es\/es\/wp-json\/wp\/v2\/product\/40779","targetHints":{"allow":["GET"]}}],"collection":[{"href":"https:\/\/perfectvenue.es\/es\/wp-json\/wp\/v2\/product"}],"about":[{"href":"https:\/\/perfectvenue.es\/es\/wp-json\/wp\/v2\/types\/product"}],"replies":[{"embeddable":true,"href":"https:\/\/perfectvenue.es\/es\/wp-json\/wp\/v2\/comments?post=40779"}],"wp:featuredmedia":[{"embeddable":true,"href":"https:\/\/perfectvenue.es\/es\/wp-json\/wp\/v2\/media\/39099"}],"wp:attachment":[{"href":"https:\/\/perfectvenue.es\/es\/wp-json\/wp\/v2\/media?parent=40779"}],"curies":[{"name":"wp","href":"https:\/\/api.w.org\/{rel}","templated":true}]}}