{"id":40778,"date":"2023-10-20T16:34:19","date_gmt":"2023-10-20T13:34:19","guid":{"rendered":"http:\/\/perfectvenue.es\/?post_type=product&#038;p=40778"},"modified":"2025-07-21T15:17:01","modified_gmt":"2025-07-21T12:17:01","slug":"%d0%b1%d1%83%d0%ba%d0%b5%d1%82%d1%8b-%d0%bf%d0%be-%d0%bf%d0%be%d0%b4%d0%bf%d0%b8%d1%81%d0%ba%d0%b5-%d0%b2-%d0%bc%d0%b0%d0%b4%d1%80%d0%b8%d0%b4%d0%b5","status":"publish","type":"product","link":"https:\/\/perfectvenue.es\/es\/product\/%d0%b1%d1%83%d0%ba%d0%b5%d1%82%d1%8b-%d0%bf%d0%be-%d0%bf%d0%be%d0%b4%d0%bf%d0%b8%d1%81%d0%ba%d0%b5-%d0%b2-%d0%bc%d0%b0%d0%b4%d1%80%d0%b8%d0%b4%d0%b5\/","title":{"rendered":"Suscripci\u00f3n de Ramos de Flores frescas a domicilio en Madrid"},"content":{"rendered":"<p><\/p>\n<p style=\"text-align: justify;\">Lanzamos un nuevo servicio, \u00ab<strong>Ramos por suscripci\u00f3n en Madrid<\/strong>\u00ab.<\/p>\n<p style=\"text-align: justify;\">Estamos convencidos de que las flores son una maravillosa decoraci\u00f3n de la vida y de cualquier interior. Y la entrega regular de ramos permitir\u00e1 a los madrile\u00f1os disfrutar constantemente de composiciones frescas, creando una atm\u00f3sfera de confort y alegr\u00eda en su entorno.<\/p>\n<p style=\"text-align: justify;\">La suscripci\u00f3n a ramos de flores en Madrid no s\u00f3lo levantar\u00e1 su estado de \u00e1nimo, sino tambi\u00e9n:<\/p>\n<p style=\"text-align: justify;\">\u2714\ufe0f Liberar\u00e1 su tiempo &#8211; le ahorrar\u00e1 la b\u00fasqueda, elecci\u00f3n y selecci\u00f3n de flores;<\/p>\n<p style=\"text-align: justify;\">\u2714\ufe0f Ahorrar\u00e1 dinero &#8211; los ramos por suscripci\u00f3n son m\u00e1s economicos que los pedidos puntuales;<\/p>\n<p style=\"text-align: justify;\">\u2714\ufe0f Le ahorrar\u00e1 nervios &#8211; le dar\u00e1 una carga de vivacidad e inspiraci\u00f3n.<\/p>\n<p style=\"text-align: justify;\">Es muy sencillo. Recibe flores frescas con la frecuencia y en el momento que m\u00e1s le convenga. Decora tu casa u oficina con flores sin l\u00edmites, complace a tus seres queridos, amigos y colegas.<\/p>\n<p style=\"text-align: justify;\">Hemos creado un servicio de entrega de ramos en Madrid una vez a la semana s\u00f3lo para ti. Suscr\u00edbase y reciba diferentes ramos de flores frescas de forma regular.<\/p>\n<p style=\"text-align: justify;\">Puedes suscribirte pagando el primer mes de la forma que m\u00e1s te convenga (tarjeta bancaria, transferencia bancaria o a trav\u00e9s de PayPal). Coste a partir de 300 euros al mes.<\/p>\n<h3 style=\"text-align: justify;\">Sorpresas de la naturaleza: Suscripci\u00f3n para ramos con arreglos inesperados<\/h3>\n<p style=\"text-align: justify;\">Las flores por suscripci\u00f3n en Madrid son completamente diferentes. Y puedes llevarte una sorpresa inesperada. Cuando no sabes qu\u00e9 flores te van a arreglar. Es muy interesante esperar y anticipar qu\u00e9 tipo de flores ponen hoy en su jarr\u00f3n favorito.<\/p>\n<p style=\"text-align: justify;\">Imag\u00ednese que recibe una intrigante sorpresa floral. \u00bfQu\u00e9 tipo de ramo ha imaginado? Es poco probable que adivines la composici\u00f3n con exactitud, pero aumentar\u00e1s tu inter\u00e9s y desarrollar\u00e1s tu imaginaci\u00f3n. Incluso puede jugar a adivinar la composici\u00f3n con su familia o compa\u00f1eros de trabajo.<\/p>\n<p style=\"text-align: justify;\">Cuando cada ramo de suscripci\u00f3n es \u00fanico y diferente del anterior, puede crear una atm\u00f3sfera de diversidad y a\u00f1adir nuevas notas al interior de su hogar u oficina.<\/p>\n<p style=\"text-align: justify;\">Los destinatarios de nuestros ramos a menudo no saben qu\u00e9 flores se les entregar\u00e1n. En el sentimiento de una agradable expectaci\u00f3n se ven felizmente sorprendidos cada semana.<\/p>\n<p style=\"text-align: justify;\">Cooperamos directamente con bases mayoristas estrictamente bajo pedido. Por lo tanto, los ramos de suscripci\u00f3n son mucho m\u00e1s favorables para usted que los pedidos regulares puntuales.<\/p>\n<h3 style=\"text-align: justify;\">Desee sus flores favoritas o excluya las que no quiere<\/h3>\n<p style=\"text-align: justify;\">Los ramos de suscripci\u00f3n en Madrid son ideales para personas creativas. Usted tiene buen gusto, le encanta todo lo bello e inusual, aprecia la est\u00e9tica en la vida cotidiana y sabe disfrutar de la vida.<\/p>\n<p style=\"text-align: justify;\">Para decorar su casa u oficina con flores y a\u00f1adir frescura y color a su vida diaria, especifique sus preferencias de flores o deje la elecci\u00f3n totalmente en manos del servicio.<\/p>\n<p style=\"text-align: justify;\">Tendremos en cuenta las necesidades individuales y crearemos ramos perfectos para usted, su casa, su oficina. Elegiremos la combinaci\u00f3n de colores de la composici\u00f3n para cualquier interior y bas\u00e1ndonos en el gusto del destinatario.<\/p>\n<p style=\"text-align: justify;\">Sabiendo qu\u00e9 flores no le gustan, no las utilizaremos en cada nuevo ramo. O por el contrario, compartir lo que le gustar\u00eda recibir flores constantemente, entonces vamos a entregar un ramo correspondiente a los deseos especiales.<\/p>\n<h3 style=\"text-align: justify;\">Alegr\u00eda floral cada semana con entrega a domicilio<\/h3>\n<p style=\"text-align: justify;\">Gracias a nuestro servicio de suscripci\u00f3n de ramos de flores en Madrid, le aseguramos una entrega regular y puntual de flores frescas.<\/p>\n<p style=\"text-align: justify;\">No tendr\u00e1 que buscar, seleccionar y comprar flores usted mismo. Puede confiar plenamente en el servicio autom\u00e1tico, delegar tareas y disfrutar de la entrega puntual de nuevos ramos cada semana. Le ahorraremos la aburrida planificaci\u00f3n y haremos que comprar flores sea f\u00e1cil y agradable.<\/p>\n<p style=\"text-align: justify;\">Con la suscripci\u00f3n peri\u00f3dica ofrecemos una incre\u00edble variedad y belleza diaria, alegramos la vida y llevamos alegr\u00eda a cada destinatario. Para que las flores le deleiten durante el mayor tiempo posible, seleccionamos las inflorescencias m\u00e1s frescas y montamos el ramo el mismo d\u00eda de la entrega.<\/p>\n<p style=\"text-align: justify;\">Al hacer su primer pedido, elija el tipo de ramo y la frecuencia de entrega. Le entregaremos las flores en el horario que m\u00e1s le convenga. Puede cambiar f\u00e1cilmente su horario y los datos de suscripci\u00f3n, reprogramar o cancelar su entrega.<\/p>\n<p style=\"text-align: justify;\">Env\u00edenos un correo electr\u00f3nico por whatsapp para suscribirse.<\/p>\n<p>Tel\u00e9fono \/ Whatsapp: +34 722 29 15 43<\/p>","protected":false},"excerpt":{"rendered":"<p><em>Suscripciones<\/em>\u00a0de flores. Para tener siempre\u00a0<em>flores frescas<\/em>\u00a0en casa o en la oficina. \u00a1Desde nuestra florister\u00eda en el centro de\u00a0<em>Madrid<\/em>\u00a0a donde t\u00fa nos digas!<\/p>\n","protected":false},"featured_media":40781,"comment_status":"closed","ping_status":"closed","template":"","meta":[],"class_list":["post-40778","product","type-product","status-publish","has-post-thumbnail","hentry","product_cat-perfect-plan","product_tag-flores-a-domicilio-madrid","product_tag-flower-subscription-service","product_tag-suscripciones-de-flores","product_tag-suscripciones-de-flores-madrid","product_tag-6823"],"jetpack_sharing_enabled":true,"_links":{"self":[{"href":"https:\/\/perfectvenue.es\/es\/wp-json\/wp\/v2\/product\/40778","targetHints":{"allow":["GET"]}}],"collection":[{"href":"https:\/\/perfectvenue.es\/es\/wp-json\/wp\/v2\/product"}],"about":[{"href":"https:\/\/perfectvenue.es\/es\/wp-json\/wp\/v2\/types\/product"}],"replies":[{"embeddable":true,"href":"https:\/\/perfectvenue.es\/es\/wp-json\/wp\/v2\/comments?post=40778"}],"wp:featuredmedia":[{"embeddable":true,"href":"https:\/\/perfectvenue.es\/es\/wp-json\/wp\/v2\/media\/40781"}],"wp:attachment":[{"href":"https:\/\/perfectvenue.es\/es\/wp-json\/wp\/v2\/media?parent=40778"}],"curies":[{"name":"wp","href":"https:\/\/api.w.org\/{rel}","templated":true}]}}