{"id":40772,"date":"2024-08-22T11:47:09","date_gmt":"2024-08-22T08:47:09","guid":{"rendered":"https:\/\/perfectvenue.es\/?post_type=product&#038;p=40772"},"modified":"2026-02-12T14:10:07","modified_gmt":"2026-02-12T11:10:07","slug":"marriage-proposal-helicopter-barcelona","status":"publish","type":"product","link":"https:\/\/perfectvenue.es\/es\/product\/marriage-proposal-helicopter-barcelona\/","title":{"rendered":"Pedida de mano en helic\u00f3ptero en Barcelona"},"content":{"rendered":"<p><\/p>\n<p style=\"text-align: justify;\">Si quiere una propuesta de matrimonio original, que deje a su pareja boquiabierta, emocionada y que cree un momento que nunca olvidar\u00e1, entonces una propuesta de matrimonio en helic\u00f3ptero es definitivamente para usted.<\/p>\n<p style=\"text-align: justify;\">Y si est\u00e1 planeando unas vacaciones en Espa\u00f1a, aproveche el magn\u00edfico viaje para pedir matrimonio a su pareja durante un recorrido a\u00e9reo. Viajaremos a\u00a0 Barcelona con los mejores profesionales para asegurarnos de que todo est\u00e1 preparado para que pidas su mano de una forma espectacular, sobrevolando el cielo de estas incre\u00edbles ciudades. \u00a1Nosotros nos encargamos de todo!<\/p>\n<p style=\"text-align: justify;\">En este art\u00edculo te contamos todo sobre este Plan Perfecto para que tengas una pedida de mano de pel\u00edcula en helic\u00f3ptero, \u00a1a un solo click de reservar!<\/p>\n<p style=\"text-align: justify;\">A continuaci\u00f3n, te contamos todo lo que nosotros nos encargamos de hacer para que tu pedida de mano sea un \u00e9xito y original.<\/p>\n<p style=\"text-align: justify;\">\u00a1Se quedar\u00e1n sin palabras!<\/p>\n<h3 style=\"text-align: justify;\">Propuesta de matrimonio en helic\u00f3ptero en Barcelona incluye:<\/h3>\n<ul>\n<li style=\"text-align: justify;\">Tour privado en helic\u00f3ptero<\/li>\n<li style=\"text-align: justify;\">Fot\u00f3grafo<\/li>\n<li style=\"text-align: justify;\">Organizaci\u00f3n<\/li>\n<\/ul>\n<p style=\"text-align: justify;\"><strong>Desde 2.100\u20ac + IVA<\/strong><\/p>\n<p style=\"text-align: justify;\">Los pagos no son reembolsables si el evento se cancela por cualquier motivo.<\/p>\n<p style=\"text-align: justify;\">Antes de reservar, por favor compruebe si su fecha est\u00e1 disponible, escribiendo a whats app: +34 <span aria-label=\"Llamar al n\u00famero de tel\u00e9fono 722 29 15 43\">722 29 15 43<\/span><\/p>\n<p><\/p>","protected":false},"excerpt":{"rendered":"<p style=\"text-align: justify;\">Si quiere una propuesta de matrimonio original, que deje a su pareja boquiabierta, emocionada y que cree un momento que nunca olvidar\u00e1, entonces una propuesta de matrimonio en helic\u00f3ptero es definitivamente para usted. <strong>Desde 2100\u20ac + IVA.<\/strong><\/p>\n","protected":false},"featured_media":43143,"comment_status":"closed","ping_status":"closed","template":"","meta":[],"class_list":["post-40772","product","type-product","status-publish","has-post-thumbnail","hentry","product_cat-marriage-proposal-packages","product_tag-helicopter-marriage-proposal","product_tag-pedida-de-mano-en-helicoptero"],"_links":{"self":[{"href":"https:\/\/perfectvenue.es\/es\/wp-json\/wp\/v2\/product\/40772","targetHints":{"allow":["GET"]}}],"collection":[{"href":"https:\/\/perfectvenue.es\/es\/wp-json\/wp\/v2\/product"}],"about":[{"href":"https:\/\/perfectvenue.es\/es\/wp-json\/wp\/v2\/types\/product"}],"replies":[{"embeddable":true,"href":"https:\/\/perfectvenue.es\/es\/wp-json\/wp\/v2\/comments?post=40772"}],"wp:featuredmedia":[{"embeddable":true,"href":"https:\/\/perfectvenue.es\/es\/wp-json\/wp\/v2\/media\/43143"}],"wp:attachment":[{"href":"https:\/\/perfectvenue.es\/es\/wp-json\/wp\/v2\/media?parent=40772"}],"curies":[{"name":"wp","href":"https:\/\/api.w.org\/{rel}","templated":true}]}}