{"id":40659,"date":"2015-09-20T11:30:32","date_gmt":"2015-09-20T08:30:32","guid":{"rendered":"https:\/\/perfectvenue.es\/?post_type=product&#038;p=40659"},"modified":"2025-07-21T13:45:45","modified_gmt":"2025-07-21T10:45:45","slug":"flying-dress-photo-shoot-madrid","status":"publish","type":"product","link":"https:\/\/perfectvenue.es\/es\/product\/flying-dress-photo-shoot-madrid\/","title":{"rendered":"Sesi\u00f3n de fotos con vestido volador"},"content":{"rendered":"<p><\/p>\n<h4 class=\"uitk-heading uitk-heading-4 uitk-layout-grid-item\" tabindex=\"-1\" aria-hidden=\"false\">Qu\u00e9 incluye<\/h4>\n<ul class=\"uitk-typelist uitk-typelist-orientation-stacked uitk-typelist-size-2 uitk-layout-grid uitk-spacing uitk-spacing-margin-blockstart-two\" role=\"list\">\n<li class=\"uitk-typelist-item uitk-typelist-item-bullet-icon-standard uitk-typelist-item-bullet-icon uitk-typelist-item-orientation-stacked uitk-typelist-item-size-2\" role=\"listitem\">Fot\u00f3grafo profesional con conocimientos de fotograf\u00eda de vestidos de vuelo<\/li>\n<li class=\"uitk-typelist-item uitk-typelist-item-bullet-icon-standard uitk-typelist-item-bullet-icon uitk-typelist-item-orientation-stacked uitk-typelist-item-size-2\" role=\"listitem\">6 fotos retocadas m\u00e1s 15 de color corregido<\/li>\n<li class=\"uitk-typelist-item uitk-typelist-item-bullet-icon-standard uitk-typelist-item-bullet-icon uitk-typelist-item-orientation-stacked uitk-typelist-item-size-2\" role=\"listitem\">Sesi\u00f3n de fotos de 1 hora<\/li>\n<li class=\"uitk-typelist-item uitk-typelist-item-bullet-icon-standard uitk-typelist-item-bullet-icon uitk-typelist-item-orientation-stacked uitk-typelist-item-size-2\" role=\"listitem\">1 vestido entre una amplia selecci\u00f3n<\/li>\n<li class=\"uitk-typelist-item uitk-typelist-item-bullet-icon-standard uitk-typelist-item-bullet-icon uitk-typelist-item-orientation-stacked uitk-typelist-item-size-2\" role=\"listitem\">Todas las fotos en resoluci\u00f3n web en 14 d\u00edas<\/li>\n<li class=\"uitk-typelist-item uitk-typelist-item-bullet-icon-standard uitk-typelist-item-bullet-icon uitk-typelist-item-orientation-stacked uitk-typelist-item-size-2\" role=\"listitem\">Fotos editadas en 25 d\u00edas<\/li>\n<li class=\"uitk-typelist-item uitk-typelist-item-bullet-icon-standard uitk-typelist-item-bullet-icon uitk-typelist-item-orientation-stacked uitk-typelist-item-size-2\" role=\"listitem\">Orientaci\u00f3n creativa<\/li>\n<li class=\"uitk-typelist-item uitk-typelist-item-bullet-icon-standard uitk-typelist-item-bullet-icon uitk-typelist-item-orientation-stacked uitk-typelist-item-size-2\" role=\"listitem\">Derechos de uso ilimitados<\/li>\n<li class=\"uitk-typelist-item uitk-typelist-item-bullet-icon-standard uitk-typelist-item-bullet-icon uitk-typelist-item-orientation-stacked uitk-typelist-item-size-2\" role=\"listitem\">Asistente personal para ayudar a hacer volar el vestido<\/li>\n<\/ul>\n<h4 class=\"uitk-heading uitk-heading-4 uitk-layout-grid-item\" tabindex=\"-1\" aria-hidden=\"false\">qu\u00e9 no incluye<\/h4>\n<ul>\n<li>Transporte al lugar de la sesi\u00f3n fotogr\u00e1fica<\/li>\n<\/ul>\n<h3 class=\"uitk-paragraph uitk-paragraph-2\">Vive la sesi\u00f3n de fotos de tus sue\u00f1os en s\u00f3lo tres pasos.<\/h3>\n<p class=\"uitk-paragraph uitk-paragraph-2\" style=\"text-align: justify;\">Paso 1: Reserva sin esfuerzo<br \/>\nTras la reserva, recibir\u00e1s un cat\u00e1logo de vestidos. Explora una amplia gama de estilos, colores y tallas, cada una de ellas dise\u00f1ada para complementar diferentes entornos de Madrid.<\/p>\n<p class=\"uitk-paragraph uitk-paragraph-2\" style=\"text-align: justify;\">Paso 2: La sesi\u00f3n de fotos<br \/>\nEl d\u00eda de la sesi\u00f3n, tu fot\u00f3grafo traer\u00e1 el vestido elegido, asegur\u00e1ndose de que quede perfecto en el pintoresco tel\u00f3n de fondo de Madrid.<\/p>\n<p class=\"uitk-paragraph uitk-paragraph-2\" style=\"text-align: justify;\">Paso 3: Paciencia recompensada<br \/>\nEn un plazo de 7 a 14 d\u00edas, recibe todas las fotos sin editar para su selecci\u00f3n. En los 25 d\u00edas siguientes a tu selecci\u00f3n, espera copias editadas profesionalmente y en alta resoluci\u00f3n. Si lo deseas, nuestro equipo se adapta a peticiones espec\u00edficas de retoque.<\/p>\n<p style=\"text-align: justify;\">*Antes de reservar, cont\u00e1ctanos para comprobar la disponibilidad para tu fecha: whats app: +34 722 29 15 43<\/p>\n<p><\/p>","protected":false},"excerpt":{"rendered":"<p class=\"qtranxs-available-languages-message qtranxs-available-languages-message-es\">Disculpa, pero esta entrada est\u00e1 disponible s\u00f3lo en <a href=\"https:\/\/perfectvenue.es\/en\/wp-json\/wp\/v2\/product\/40659\" class=\"qtranxs-available-language-link qtranxs-available-language-link-en\" title=\"English\">English<\/a>.<\/p>\n","protected":false},"featured_media":43643,"comment_status":"closed","ping_status":"closed","template":"","meta":[],"class_list":["post-40659","product","type-product","status-publish","has-post-thumbnail","hentry","product_cat-perfect-plan","product_cat-things-to-do","product_tag-festido-flotante","product_tag-flying-dress-madrid","product_tag-vestido-volador"],"_links":{"self":[{"href":"https:\/\/perfectvenue.es\/es\/wp-json\/wp\/v2\/product\/40659","targetHints":{"allow":["GET"]}}],"collection":[{"href":"https:\/\/perfectvenue.es\/es\/wp-json\/wp\/v2\/product"}],"about":[{"href":"https:\/\/perfectvenue.es\/es\/wp-json\/wp\/v2\/types\/product"}],"replies":[{"embeddable":true,"href":"https:\/\/perfectvenue.es\/es\/wp-json\/wp\/v2\/comments?post=40659"}],"wp:featuredmedia":[{"embeddable":true,"href":"https:\/\/perfectvenue.es\/es\/wp-json\/wp\/v2\/media\/43643"}],"wp:attachment":[{"href":"https:\/\/perfectvenue.es\/es\/wp-json\/wp\/v2\/media?parent=40659"}],"curies":[{"name":"wp","href":"https:\/\/api.w.org\/{rel}","templated":true}]}}