{"id":40054,"date":"2026-02-12T13:01:01","date_gmt":"2026-02-12T10:01:01","guid":{"rendered":"https:\/\/perfectvenue.es\/?post_type=product&#038;p=40054"},"modified":"2026-02-16T17:21:42","modified_gmt":"2026-02-16T14:21:42","slug":"a-marriage-proposal-in-a-helicopter-in-madrid-or-barcelona-ask-for-their-hand-with-a-perfect-plan-at-new-heights","status":"publish","type":"product","link":"https:\/\/perfectvenue.es\/es\/product\/a-marriage-proposal-in-a-helicopter-in-madrid-or-barcelona-ask-for-their-hand-with-a-perfect-plan-at-new-heights\/","title":{"rendered":"Una pedida de mano en un helic\u00f3ptero en Madrid o Barcelona: \u00a1P\u00eddeselo con un Perfect Plan de altura!"},"content":{"rendered":"<p><\/p>\n<p style=\"text-align: justify;\"><span style=\"font-weight: 400;\">Si quieres una pedida de mano original, dejar a tu pareja boquiabierta, emocionada, y hacer que no olvide nunca ese momento, sin duda lo tuyo es <\/span><b>una pedida de mano en un helic\u00f3ptero.<\/b><\/p>\n<p style=\"text-align: justify;\"><span style=\"font-weight: 400;\">Y es que si vais a venir de vacaciones a Espa\u00f1a, aprovecha el magn\u00edfico viaje para <\/span><b>pedir la mano a tu pareja mediante un paseo a\u00e9reo<\/b><span style=\"font-weight: 400;\">. Nosotros <\/span><b>nos desplazamos a Madrid o Barcelona<\/b><span style=\"font-weight: 400;\"> junto a los mejores profesionales para ponerlo todo a punto para que se lo pidas de una manera espectacular sobrevolando el cielo de cualquiera de estas dos incre\u00edbles ciudades. \u00a1Nos encargamos de todo!<\/span><\/p>\n<p style=\"text-align: justify;\"><span style=\"font-weight: 400;\">Si, en este art\u00edculo te contamos todo acerca de este Perfect Plan para que teng\u00e1is una pedida de mano en un helic\u00f3ptero de pel\u00edcula, \u00a1tan sencillo solo <\/span><b>reservar con un solo clic<\/b><span style=\"font-weight: 400;\">!\u00a0<\/span><\/p>\n<p style=\"text-align: justify;\"><span style=\"font-weight: 400;\">A continuaci\u00f3n, te contamos de todo lo que nos encargamos para que tengas <\/span><b>una pedida de mano original de lo m\u00e1s exitosa<\/b><span style=\"font-weight: 400;\">.\u00a0<\/span><\/p>\n<p style=\"text-align: justify;\"><span style=\"font-weight: 400;\">\u00a1Se quedar\u00e1 sin palabras! <\/span><\/p>\n<h3 style=\"text-align: justify;\">\u00bfPor qu\u00e9 una pedida de mano en un helic\u00f3ptero?<\/h3>\n<p style=\"text-align: justify;\"><span style=\"font-weight: 400;\">Un rom\u00e1ntico paseo es siempre un plan ideal para realizar con tu pareja. Pero, \u00bfY si ese paseo lo hac\u00e9is en un helic\u00f3ptero? \u00bfA que suena bien? Puede ser un lugar perfecto para demostrar cu\u00e1nto quieres a esa persona especial. <\/span><b>Una pedida de matrimonio de altos vuelos con la que iniciar vuestro precioso camino hacia el altar.<\/b><\/p>\n<h3 style=\"text-align: justify;\">Una pedida de mano en un helicoptero en Madrid o Barcelona<\/h3>\n<p style=\"text-align: justify;\"><span style=\"font-weight: 400;\">Somos partidarios de que pidas la mano en la ciudad que t\u00fa elijas: donde os conocisteis, donde os disteis vuestro primer beso o donde siempre hab\u00e9is so\u00f1ado con viajar. En Espa\u00f1a contamos con miles de espectaculares ciudades que pueden ser el lugar perfecto para ese gran paso de pedir la mano, pero sin duda nuestras favoritas son <\/span><b>Madrid o Barcelona, ya que son las ciudades m\u00e1s grandes e impresionantes que divisar desde las alturas.<\/b><\/p>\n<p style=\"text-align: justify;\"><span style=\"font-weight: 400;\">En Barcelona podr\u00e1s ver desde lo alto <\/span><b>Las Ramblas, la Sagrada Familia, el barrio g\u00f3tico, la Barceloneta\u2026 <\/b><span style=\"font-weight: 400;\">mientras que en Madrid podr\u00e1s divisar<\/span><b> el gran Palacio Real, el Parque del Retiro, sus fuentes, El Escorial, la sierra\u2026<\/b><\/p>\n<h3 style=\"text-align: justify;\">Pedida de mano con complementos<\/h3>\n<p style=\"text-align: justify;\"><span style=\"font-weight: 400;\">El espectacular vuelo lo podemos complementar con lo que necesites para sentirte c\u00f3modo en este momento tan especial. Por ejemplo, <\/span><b>una botella de cava, un fot\u00f3grafo, un espectacular ramo de flores, etc.<\/b><\/p>\n<p style=\"text-align: justify;\"><span style=\"font-weight: 400;\">Para nosotros, regalar un ramo de flores a la novia aporta al momento mucho m\u00e1s romanticismo y magia, por eso nosotros nos encargamos de conseguir las flores m\u00e1s frescas <\/span><b>para que se lo regales a la novia durante vuestra pedida de mano en un helic\u00f3ptero.<\/b><\/p>\n<p style=\"text-align: justify;\"><span style=\"font-weight: 400;\">Configuraremos un ramo repleto de margaritas, rosas, lavanda, hojas de eucalipto, girasoles, lirios, tulipanes\u2026 \u00a1todo lo que imagines! Pero, si son las favoritas de la novia mejor que mejor. <\/span><\/p>\n<h3 style=\"text-align: justify;\">La pedida de mano en un helic\u00f3ptero con actividades extras<\/h3>\n<p style=\"text-align: justify;\"><span style=\"font-weight: 400;\">S\u00ed, este paseo en helic\u00f3ptero se puede combinar con innumerables actividades como <\/span><b>un paseo en limusina, un reportaje fotogr\u00e1fico profesional, una noche m\u00e1gica en velero privado <\/b><span style=\"font-weight: 400;\">o con todo lo que se te pueda ocurrir. Pero si hay algo que nosotros siempre recomendamos, es <\/span><b>una cena o comida para celebrar el gran momento.<\/b><\/p>\n<h3 style=\"text-align: justify;\">Pedida de mano en helic\u00f3ptero con cartel gigante<\/h3>\n<p style=\"text-align: justify;\"><span style=\"font-weight: 400;\">\u00a1P\u00eddele a tu pareja que se case contigo mediante un cartel gigante colocado estrat\u00e9gicamente a lo largo de vuestra ruta! <\/span><b>Nosotros nos encargamos de colocarlo a tama\u00f1o gigante y que las palabras &#8220;\u00bfQuieres casarte conmigo?&#8221; sean visibles desde el helic\u00f3ptero.\u00a0<\/b><\/p>\n<p style=\"text-align: justify;\"><span style=\"font-weight: 400;\">\u00a1Nos fascina la idea!<\/span><\/p>\n<h3 style=\"text-align: justify;\">Fot\u00f3grafo y vide\u00f3grafo para el momento<\/h3>\n<p style=\"text-align: justify;\"><span style=\"font-weight: 400;\">Para recordar los momentos vividos en tu pedida de mano en un helic\u00f3ptero, recomendamos siempre contratar el servicio de una <\/span><b>fot\u00f3grafa y de un vide\u00f3grafo profesional<\/b><span style=\"font-weight: 400;\"> para luego poder rememorar una y otra vez tu celebraci\u00f3n por todo lo alto.<\/span><\/p>\n<p style=\"text-align: justify;\"><span style=\"font-weight: 400;\">\u00a1No puedes decir que no a tener un reportaje de uno de los grandes momentos de tu vida!<\/span><\/p>\n<h3 style=\"text-align: justify;\">Organizaci\u00f3n y coordinaci\u00f3n<\/h3>\n<p style=\"text-align: justify;\"><span style=\"font-weight: 400;\">S\u00ed, nos gusta que todo salga perfecto, por eso <\/span><b>formamos parte de vuestra pedida de mano en un helic\u00f3ptero organizando todo con antelaci\u00f3n y coordinando todo el d\u00eda<\/b><span style=\"font-weight: 400;\">.<\/span><\/p>\n<p style=\"text-align: justify;\"><span style=\"font-weight: 400;\">Conseguiremos poner todo a punto y <\/span><b>estamos pendientes de cada detalle<\/b><span style=\"font-weight: 400;\">. Prepararemos todo a vuestra medida, solo ten\u00e9is que pedirnos todo aquello que sea imprescindible para vuestro d\u00eda, \u00a1y <\/span><b>vuestros deseos se har\u00e1n \u00f3rdenes<\/b><span style=\"font-weight: 400;\">!<\/span><\/p>\n<h3 style=\"text-align: justify;\">Los precios, a consultar<\/h3>\n<p style=\"text-align: justify;\"><b>El precio de una pedida de mano en un helic\u00f3ptero depende de diferentes factores <\/b><span style=\"font-weight: 400;\">como, por ejemplo, la ubicaci\u00f3n de donde se vaya a celebrar, la fecha en la que se vaya a preparar, el tipo de helic\u00f3ptero que desees y los elementos con los que exactamente necesit\u00e9is contar: comida, champ\u00e1n, ramo de flores\u2026<\/span><\/p>\n<p style=\"text-align: justify;\"><b>Esta experiencia har\u00e1 que te olvides del estr\u00e9s de organizar todo y de hacerlo todo sin que la novia sospeche<\/b><span style=\"font-weight: 400;\">. \u00a1Muy dif\u00edcil!<\/span><\/p>\n<p style=\"text-align: justify;\"><span style=\"font-weight: 400;\">Nosotros <\/span><b>estamos a vuestra disposici\u00f3n para escuchar vuestras ilusiones y deseos y tratar de ofreceros vuestro plan m\u00e1s perfecto para que todos vuestros sue\u00f1os se hagan realidad. <\/b><span style=\"font-weight: 400;\">\u00bfEres m\u00e1s de una pedida de mano en un helic\u00f3ptero al amanecer o al atardecer?<\/span><\/p>\n<p style=\"text-align: justify;\"><span style=\"font-weight: 400;\">\u00a1Cont\u00e1ctanos en <\/span><b>Perfect Venue<\/b><span style=\"font-weight: 400;\"> para que nos pongamos en marcha con tu pedida de mano original en un helic\u00f3ptero!<\/span><\/p>\n<p style=\"text-align: justify;\"><span style=\"font-weight: 400;\">Y si esta pedida de mano en un helic\u00f3ptero no te termina de convencer, no te pierdas la <\/span><a href=\"https:\/\/perfectvenue.es\/product\/an-original-marriage-proposal-dont-miss-out-on-the-perfect-plan-to-live-a-marriage-proposal-with-an-aerial-show\/\"><b>pedida de mano original con show en el aire<\/b><\/a><span style=\"font-weight: 400;\">, <\/span><span style=\"font-weight: 400;\">una<\/span><a href=\"https:\/\/perfectvenue.es\/product\/una-pedida-de-mano-con-un-chef-en-casa-sorprende-a-tu-chica-desde-la-comodidad-del-hogar\/\"><b> pedida de mano con un chef privado en casa<\/b><\/a><span style=\"font-weight: 400;\">, una <\/span><a href=\"https:\/\/perfectvenue.es\/product\/marriage-proposal-in-a-private-castle-is-the-perfect-plan-you-need-to-surprise-your-partner\/\"><b>pedida de mano en un castillo privado<\/b><\/a><span style=\"font-weight: 400;\">, una <\/span><a href=\"https:\/\/perfectvenue.es\/product\/propose-to-her-among-the-barrels-with-this-perfect-plan-an-engagement-in-a-winery-with-a-wine-degustation\/\"><b>pedida de mano en unas bodegas con cata de vinos<\/b><\/a><span style=\"font-weight: 400;\">, una <\/span><a href=\"https:\/\/perfectvenue.es\/product\/wedding-proposal-with-flashmob-included-ask-her-down-to-the-rhythm-of-the-music-with-this-perfect-plan\/\"><b>pedida de mano con flashmob<\/b><\/a><span style=\"font-weight: 400;\"> o una <\/span><b><a href=\"https:\/\/perfectvenue.es\/product\/pack-pedida-mano-la-playa-mallorca\/\">pedida de mano en Mallorca<\/a>.<\/b><\/p>\n<p><\/p>","protected":false},"excerpt":{"rendered":"<p style=\"text-align: justify;\"><span style=\"font-weight: 400;\">Si quieres una pedida de mano por todo lo alto, no hay nada mejor que una pedida de mano en un helic\u00f3ptero. <strong>Precio a consultar.\u00a0<\/strong><\/span><\/p>\n","protected":false},"featured_media":54374,"comment_status":"closed","ping_status":"closed","template":"","meta":[],"class_list":["post-40054","product","type-product","status-publish","has-post-thumbnail","hentry","product_cat-marriage-proposal-packages","product_tag-helicopter-marriage-proposal","product_tag-marriage-proposal-ideas","product_tag-marriage-proposal-madrid","product_tag-pedida-de-mano-helicoptero","product_tag-pedida-de-mano-ideas","product_tag-pedida-de-mano-madrid","product_tag-6731","product_tag-6732","product_tag-6730"],"_links":{"self":[{"href":"https:\/\/perfectvenue.es\/es\/wp-json\/wp\/v2\/product\/40054","targetHints":{"allow":["GET"]}}],"collection":[{"href":"https:\/\/perfectvenue.es\/es\/wp-json\/wp\/v2\/product"}],"about":[{"href":"https:\/\/perfectvenue.es\/es\/wp-json\/wp\/v2\/types\/product"}],"replies":[{"embeddable":true,"href":"https:\/\/perfectvenue.es\/es\/wp-json\/wp\/v2\/comments?post=40054"}],"wp:featuredmedia":[{"embeddable":true,"href":"https:\/\/perfectvenue.es\/es\/wp-json\/wp\/v2\/media\/54374"}],"wp:attachment":[{"href":"https:\/\/perfectvenue.es\/es\/wp-json\/wp\/v2\/media?parent=40054"}],"curies":[{"name":"wp","href":"https:\/\/api.w.org\/{rel}","templated":true}]}}