{"id":39931,"date":"2023-04-15T13:00:48","date_gmt":"2023-04-15T10:00:48","guid":{"rendered":"https:\/\/perfectvenue.es\/?post_type=product&#038;p=39931"},"modified":"2024-11-21T18:27:28","modified_gmt":"2024-11-21T15:27:28","slug":"celebrate-a-birthday-with-virtual-reality-its-the-perfect-plan-that-more-and-more-children-want","status":"publish","type":"product","link":"https:\/\/perfectvenue.es\/es\/product\/celebrate-a-birthday-with-virtual-reality-its-the-perfect-plan-that-more-and-more-children-want\/","title":{"rendered":"Celebra un cumplea\u00f1os con Realidad Virtual, \u00a1es el Perfect Plan que cada vez m\u00e1s ni\u00f1os quieren!"},"content":{"rendered":"<p><\/p>\n<p style=\"text-align: justify;\"><span style=\"font-weight: 400;\">Si quieres celebrar un cumplea\u00f1os para ni\u00f1os realmente diferente, divertido y original, has llegado al sitio correcto, al <\/span><b>Perfect Plan de celebrar un cumplea\u00f1os con Realidad Virtual.<\/b><\/p>\n<p style=\"text-align: justify;\"><span style=\"font-weight: 400;\">\u00bfSab\u00edas que esta opci\u00f3n de cumplea\u00f1os est\u00e1 siendo cada vez m\u00e1s demandada? \u00a1Y normal! Porque hace que los invitados se sumerjan por un rato en un mundo paralelo.<\/span><\/p>\n<p style=\"text-align: justify;\"><span style=\"font-weight: 400;\">\u00a1Y para eso estamos nosotros! Para <\/span><b>organizarlo por ti y convertiros en los padres m\u00e1s guays del cole al crear<\/b><span style=\"font-weight: 400;\"> una experiencia alucinante que gusta tanto a los ni\u00f1os como a sus padres.\u00a0<\/span><\/p>\n<p style=\"text-align: justify;\"><span style=\"font-weight: 400;\">A continuaci\u00f3n, te contamos todo lo que incluye esta experiencia divertida, social e inspiradora para todos. \u00a1Es la mejor experiencia de cumplea\u00f1os! Eso s\u00ed,<\/span><b> se realiza para ni\u00f1os a partir de 7 a\u00f1os.<\/b><\/p>\n<p style=\"text-align: justify;\"><span style=\"font-weight: 400;\">Si te mola la idea\u2026 \u00a1sigue leyendo!<\/span><\/p>\n<figure id=\"attachment_39740\" aria-describedby=\"caption-attachment-39740\" style=\"width: 700px\" class=\"wp-caption aligncenter\"><img loading=\"lazy\" decoding=\"async\" class=\"size-full wp-image-39740\" src=\"https:\/\/perfectvenue.es\/wp-content\/uploads\/2023\/04\/Virtual-Arena.jpg\" alt=\"Where to celebrate birthdays in Madrid - Perfect Venue\" width=\"700\" height=\"355\" srcset=\"https:\/\/perfectvenue.es\/wp-content\/uploads\/2023\/04\/Virtual-Arena.jpg 700w, https:\/\/perfectvenue.es\/wp-content\/uploads\/2023\/04\/Virtual-Arena-300x152.jpg 300w, https:\/\/perfectvenue.es\/wp-content\/uploads\/2023\/04\/Virtual-Arena-450x228.jpg 450w, https:\/\/perfectvenue.es\/wp-content\/uploads\/2023\/04\/Virtual-Arena-600x304.jpg 600w\" sizes=\"auto, (max-width: 700px) 100vw, 700px\" \/><figcaption id=\"caption-attachment-39740\" class=\"wp-caption-text\">Photo via: Virtual Arena<\/figcaption><\/figure>\n<h2 style=\"text-align: justify;\">Tu cumplea\u00f1os con realidad virtual, en cualquier parte de Espa\u00f1a<\/h2>\n<p style=\"text-align: justify;\"><span style=\"font-weight: 400;\">\u00a1No hay fronteras entre Comunidades Aut\u00f3nomas! Y es que nos desplazamos por todo el pa\u00eds. <\/span><b>No importa en la regi\u00f3n de Espa\u00f1a en la que tu hijo\/a vaya a soplar las velas, <\/b><span style=\"font-weight: 400;\">ya que contamos con espacios \u00fanicos por todo el pa\u00eds.<\/span><\/p>\n<p style=\"text-align: justify;\"><span style=\"font-weight: 400;\">Todo el equipo nos<\/span><b> trasladamos para trabajar en cualquier regi\u00f3n en la que nos necesites,<\/b><span style=\"font-weight: 400;\"> sea cual sea el lugar en el que quieras llevar a cabo tu cumplea\u00f1os:\u00a0<\/span><\/p>\n<ul style=\"text-align: justify;\">\n<li><span style=\"font-weight: 400;\">Cumplea\u00f1os con Realidad Virtual en Mallorca\u00a0<\/span><\/li>\n<li><span style=\"font-weight: 400;\">Cumplea\u00f1os con Realidad Virtual en Barcelona\u00a0<\/span><\/li>\n<li><span style=\"font-weight: 400;\">Cumplea\u00f1os con Realidad Virtual Madrid\u00a0<\/span><\/li>\n<li><span style=\"font-weight: 400;\">Cumplea\u00f1os con Realidad Virtual en Alicante<\/span><\/li>\n<\/ul>\n<p style=\"text-align: justify;\"><span style=\"font-weight: 400;\">\u00a0\u00a1No existen los l\u00edmites!<\/span><\/p>\n<h2 style=\"text-align: justify;\">Te buscamos el espacio m\u00e1s apropiado<\/h2>\n<p style=\"text-align: justify;\"><span style=\"font-weight: 400;\">El lugar es un factor clave a considerar a la hora de celebrar un cumplea\u00f1os con realidad virtual, y es que <\/span><b>tiene que ser un espacio preparado para ello<\/b><span style=\"font-weight: 400;\">. \u00a1Aunque tambi\u00e9n puede ser en tu casa!<\/span><\/p>\n<p style=\"text-align: justify;\"><span style=\"font-weight: 400;\">Lo importante del espacio para celebrar este tipo de cumplea\u00f1os es que no debe ser al aire libre, sino que <\/span><b>ha de tener algo de sombra o estar cerrado para que los ni\u00f1os puedan ver bien la realidad virtual.<\/b> <b>Tampoco debe de tener muchas cosas alrededor para que no choquen mientras se mueven por el espacio.<\/b><\/p>\n<p style=\"text-align: justify;\"><span style=\"font-weight: 400;\">Adem\u00e1s, para que el evento sea la mar de exitoso y todo el mundo lo recuerde, daremos con el mejor espacio para la fiesta de tu hijo, \u00a1y es que <\/span><b>conocemos los mejores del pa\u00eds<\/b><span style=\"font-weight: 400;\"> para organizar el cumplea\u00f1os tan deseado de tu hijo!<\/span><\/p>\n<h2 style=\"text-align: justify;\">Dos horas en un mundo paralelo<\/h2>\n<p style=\"text-align: justify;\"><span style=\"font-weight: 400;\">Hablaremos contigo para conocer si tu hijo es m\u00e1s de aventura y adrenalina, de atracciones, del mundo marino, si le encanta la tem\u00e1tica del terror, dar saltos sin parar\u2026 As\u00ed,<\/span><b> podemos adaptar los juegos de Realidad Virtual a su tem\u00e1tica preferida.<\/b><\/p>\n<p style=\"text-align: justify;\"><span style=\"font-weight: 400;\">Tras ello, os propondremos diferentes juegos entre los que poder elegir, para realizar 2 juegos en 2 horas. <\/span><b>Los peques podr\u00e1n realizar competiciones por equipos, un gran trivial\u2026 las opciones son infinitas<\/b><\/p>\n<p style=\"text-align: justify;\"><span style=\"font-weight: 400;\">Adem\u00e1s, los ni\u00f1os no estar\u00e1n solos, ya que tendr\u00e1n un equipo dedicado para ayudar a que todos se diviertan y les guiaremos en una actividad que siempre recordar\u00e1n.<\/span><\/p>\n<h2 style=\"text-align: justify;\">La organizaci\u00f3n, siempre perfecta<\/h2>\n<p style=\"text-align: justify;\"><span style=\"font-weight: 400;\">S\u00ed, nosotros nos encargamos de conseguir el mejor espacio, las mejores gafas de realidad virtual, de los juegos m\u00e1s divertidos y de que todos se lo pasen en grande, pero es que <\/span><b>tambi\u00e9n nos encargamos de mucho m\u00e1s para que tu Perfect Plan salga redondo.\u00a0<\/b><\/p>\n<p style=\"text-align: justify;\"><span style=\"font-weight: 400;\">\u00a1Sigue leyendo y descubre todo lo que te ofrecemos!<\/span><\/p>\n<figure id=\"attachment_39932\" aria-describedby=\"caption-attachment-39932\" style=\"width: 700px\" class=\"wp-caption aligncenter\"><img loading=\"lazy\" decoding=\"async\" class=\"size-full wp-image-39932\" src=\"https:\/\/perfectvenue.es\/wp-content\/uploads\/2023\/04\/Celebrate-a-birthday-with-Virtual-Reality-1.jpg\" alt=\"Birthday with virtual reality - Perfect Venue\" width=\"700\" height=\"1006\" srcset=\"https:\/\/perfectvenue.es\/wp-content\/uploads\/2023\/04\/Celebrate-a-birthday-with-Virtual-Reality-1.jpg 700w, https:\/\/perfectvenue.es\/wp-content\/uploads\/2023\/04\/Celebrate-a-birthday-with-Virtual-Reality-1-209x300.jpg 209w, https:\/\/perfectvenue.es\/wp-content\/uploads\/2023\/04\/Celebrate-a-birthday-with-Virtual-Reality-1-450x647.jpg 450w, https:\/\/perfectvenue.es\/wp-content\/uploads\/2023\/04\/Celebrate-a-birthday-with-Virtual-Reality-1-557x800.jpg 557w, https:\/\/perfectvenue.es\/wp-content\/uploads\/2023\/04\/Celebrate-a-birthday-with-Virtual-Reality-1-600x862.jpg 600w\" sizes=\"auto, (max-width: 700px) 100vw, 700px\" \/><figcaption id=\"caption-attachment-39932\" class=\"wp-caption-text\">Photo via: Pinterest.com<\/figcaption><\/figure>\n<h2 style=\"text-align: justify;\">Tarta y pi\u00f1ata\u2026 \u00a1Cuenta con ello!<\/h2>\n<p style=\"text-align: justify;\"><span style=\"font-weight: 400;\">La tarta tambi\u00e9n es s\u00faper importante en cualquier fiesta, y lo mejor es que <\/span><b>nosotros conocemos las mejores pasteler\u00edas<\/b><span style=\"font-weight: 400;\"> para que en el cumplea\u00f1os de tu peque nadie se quede sin un trozo de tarta.<\/span><\/p>\n<p style=\"text-align: justify;\"><span style=\"font-weight: 400;\">Por eso, <\/span><b>conseguiremos por ti una tarta adaptada a vuestros gustos<\/b><span style=\"font-weight: 400;\">, con fondant, chocolates, nata, dibujos animados\u2026 y, sobretodo, las velas para que tu peque pida un deseo.<\/span><\/p>\n<p style=\"text-align: justify;\"><span style=\"font-weight: 400;\">La pi\u00f1ata tambi\u00e9n es algo que suele encantar a los ni\u00f1os, as\u00ed que<\/span><b>, si lo deseas, tambi\u00e9n podemos colocarla en tu fiesta de cumplea\u00f1os con realidad virtual<\/b><span style=\"font-weight: 400;\">, \u00a1Diversi\u00f3n asegurada!<\/span><\/p>\n<h2 style=\"text-align: justify;\">Decoraci\u00f3n incluida para un d\u00eda inolvidable<\/h2>\n<p style=\"text-align: justify;\"><span style=\"font-weight: 400;\">La decoraci\u00f3n es un a\u00f1adido que siempre ayuda a disfrutar del momento y a recordarlo para toda la vida, por eso no podemos dejar de un lado una <\/span><b>decoraci\u00f3n que vaya acorde con la tem\u00e1tica del gran d\u00eda de tu peque.<\/b><\/p>\n<p style=\"text-align: justify;\"><span style=\"font-weight: 400;\">En gran parte, la que causar\u00e1 mayor impacto cuando los ni\u00f1os entren al espacio es la decoraci\u00f3n, por eso llenaremos el espacio de <\/span><b>columnas de globos, de colores vivos y colores pastel, de mesas de comidas repletas de objetos decorativos y comestibles, tiendas tipi, carritos de comida con luces, cajitas que decoran pero que almacenan dulces, grandes letras al estilo Hollywood\u2026<\/b><\/p>\n<p style=\"text-align: justify;\"><span style=\"font-weight: 400;\">Si la fiesta de cumplea\u00f1os con realidad virtual de tu hijo\/a cuenta con una tem\u00e1tica, nosotros nos encargamos de que las mesas, el photocall, los juegos, la animaci\u00f3n, etc. est\u00e9n decorados con esta tem\u00e1tica \u00a1Nos ocuparemos de que no falte ning\u00fan detalle!<\/span><\/p>\n<p style=\"text-align: justify;\"><span style=\"font-weight: 400;\">Cabe destacar que <\/span><b>la cantidad de decoraci\u00f3n y los elementos variar\u00e1 en funci\u00f3n de lo que necesit\u00e9is<\/b><span style=\"font-weight: 400;\">, \u00a1Nos adaptamos a ti!<\/span><\/p>\n<h2 style=\"text-align: justify;\">Una fot\u00f3grafa para la fiesta de cumplea\u00f1os con realidad virtual<\/h2>\n<p style=\"text-align: justify;\"><span style=\"font-weight: 400;\">Nadie se va de un evento sin hacerse un mont\u00f3n de fotos para el recuerdo, y es que para la fiesta de cumplea\u00f1os con realidad virtual, contratamos por ti a una fot\u00f3grafa profesional.<\/span><\/p>\n<p style=\"text-align: justify;\"><span style=\"font-weight: 400;\">Las fotos son todo un imprescindible en los eventos tanto infantiles como adultos, por eso <\/span><b>nada mejor que contar con un fot\u00f3grafo para que capte de la manera m\u00e1s profesional las sonrisas y las poses de los ni\u00f1os mientras est\u00e1n inmersos en un mundo paralelo.<\/b><\/p>\n<p style=\"text-align: justify;\"><span style=\"font-weight: 400;\">\u00a1Nada como las fotos para recordar uno de los d\u00edas m\u00e1s felices de su vida!<\/span><\/p>\n<figure id=\"attachment_39933\" aria-describedby=\"caption-attachment-39933\" style=\"width: 700px\" class=\"wp-caption aligncenter\"><img loading=\"lazy\" decoding=\"async\" class=\"size-full wp-image-39933\" src=\"https:\/\/perfectvenue.es\/wp-content\/uploads\/2023\/04\/Celebrate-a-birthday-with-Virtual-Reality-2.jpg\" alt=\"Birthday with virtual reality - Perfect Venue\" width=\"700\" height=\"433\" srcset=\"https:\/\/perfectvenue.es\/wp-content\/uploads\/2023\/04\/Celebrate-a-birthday-with-Virtual-Reality-2.jpg 700w, https:\/\/perfectvenue.es\/wp-content\/uploads\/2023\/04\/Celebrate-a-birthday-with-Virtual-Reality-2-300x186.jpg 300w, https:\/\/perfectvenue.es\/wp-content\/uploads\/2023\/04\/Celebrate-a-birthday-with-Virtual-Reality-2-450x278.jpg 450w, https:\/\/perfectvenue.es\/wp-content\/uploads\/2023\/04\/Celebrate-a-birthday-with-Virtual-Reality-2-600x371.jpg 600w\" sizes=\"auto, (max-width: 700px) 100vw, 700px\" \/><figcaption id=\"caption-attachment-39933\" class=\"wp-caption-text\">Photo via: www.virtuabarcelona.com<\/figcaption><\/figure>\n<h2 style=\"text-align: justify;\">Facilidad de pago y de reserva<\/h2>\n<p style=\"text-align: justify;\"><span style=\"font-weight: 400;\">\u00a1S\u00ed! Y es que no es necesario pagar \u00edntegramente el importe de tu fiesta de cumplea\u00f1os con realidad virtual al momento. Solamente tienes que <\/span><b>reservar haciendo un clic<\/b><span style=\"font-weight: 400;\"> y hacer la reserva solo con 50% de la cuant\u00eda y el resto darla en el d\u00eda del evento.<\/span><\/p>\n<p style=\"text-align: justify;\"><span style=\"font-weight: 400;\">\u00a1Comodidad para ti!<\/span><\/p>\n<p style=\"text-align: justify;\"><span style=\"font-weight: 400;\">\u00a0<\/span><\/p>\n<p style=\"text-align: justify;\"><span style=\"font-weight: 400;\">Los papis que os lanz\u00e1is a la aventura de organizar una fiesta de cumplea\u00f1os con realidad virtual para vuestro peque\u00f1o o peque\u00f1a seguro que no quer\u00e9is que se os escape ning\u00fan detalle a la hora de organizarlo.<\/span><\/p>\n<p style=\"text-align: justify;\"><span style=\"font-weight: 400;\">Por eso, como en <\/span><b>Perfect Venue<\/b><span style=\"font-weight: 400;\"> nos encantan las fiestas infantiles, <\/span><b>haremos todo por vosotros<\/b><span style=\"font-weight: 400;\">. \u00a1No dud\u00e9is en contactarnos! Ya os estamos esperando para ponernos manos a la obra con los preparativos.<\/span><\/p>\n<p><\/p>","protected":false},"excerpt":{"rendered":"<p style=\"text-align: justify;\"><span style=\"font-weight: 400;\">Te contamos c\u00f3mo es el demando Perfect Plan de vivir una fiesta de cumplea\u00f1os con realidad virtual.<\/span><\/p>\n","protected":false},"featured_media":39740,"comment_status":"closed","ping_status":"closed","template":"","meta":[],"class_list":["post-39931","product","type-product","status-publish","has-post-thumbnail","hentry","product_cat-luxury-birthday-planning","product_cat-perfect-plan","product_tag-birthday-party-ideas","product_tag-birthday-party-madrid","product_tag-cumpleanos-infantil-ideas","product_tag-cumpleanos-infantil-madrid","product_tag-cumpleanos-realidad-virtual","product_tag-virtual-reality-party","product_tag-6691","product_tag-6690","product_tag-6104"],"_links":{"self":[{"href":"https:\/\/perfectvenue.es\/es\/wp-json\/wp\/v2\/product\/39931","targetHints":{"allow":["GET"]}}],"collection":[{"href":"https:\/\/perfectvenue.es\/es\/wp-json\/wp\/v2\/product"}],"about":[{"href":"https:\/\/perfectvenue.es\/es\/wp-json\/wp\/v2\/types\/product"}],"replies":[{"embeddable":true,"href":"https:\/\/perfectvenue.es\/es\/wp-json\/wp\/v2\/comments?post=39931"}],"wp:featuredmedia":[{"embeddable":true,"href":"https:\/\/perfectvenue.es\/es\/wp-json\/wp\/v2\/media\/39740"}],"wp:attachment":[{"href":"https:\/\/perfectvenue.es\/es\/wp-json\/wp\/v2\/media?parent=39931"}],"curies":[{"name":"wp","href":"https:\/\/api.w.org\/{rel}","templated":true}]}}