{"id":39839,"date":"2024-08-27T13:00:15","date_gmt":"2024-08-27T10:00:15","guid":{"rendered":"https:\/\/perfectvenue.es\/?post_type=product&#038;p=39839"},"modified":"2025-07-21T14:48:01","modified_gmt":"2025-07-21T11:48:01","slug":"floating-dresses-photoshoot-in-mallorca-and-madrid-a-perfect-plan-for-an-authentic-goddess","status":"publish","type":"product","link":"https:\/\/perfectvenue.es\/es\/product\/floating-dresses-photoshoot-in-mallorca-and-madrid-a-perfect-plan-for-an-authentic-goddess\/","title":{"rendered":"Sesi\u00f3n de fotos con vestidos flotantes en Mallorca y en Madrid: un Perfect Plan para una aut\u00e9ntica diosa"},"content":{"rendered":"<p><\/p>\n<p style=\"text-align: justify;\"><span style=\"font-weight: 400;\">Realizar una <\/span><b>sesi\u00f3n de fotos con vestidos flotantes es una experiencia \u00fanica <\/b><span style=\"font-weight: 400;\">que te har\u00e1 sentir como una antigua diosa en dos <\/span><b>lugares \u00fanicos y encantadores de Espa\u00f1a: Madrid y Mallorca.<\/b><\/p>\n<p style=\"text-align: justify;\"><span style=\"font-weight: 400;\">Es una experiencia perfecta para personas que viajan solas, parejas, instagrammers, para una pedida de mano, premam\u00e1s, modelos o sesiones de fotos de moda. <\/span><b>Sea cual sea el motivo de tu sesi\u00f3n, sin duda ser\u00e1s una aut\u00e9ntica diosa.\u00a0<\/b><\/p>\n<p style=\"text-align: justify;\"><span style=\"font-weight: 400;\">Pues en en este art\u00edculo <\/span><b>te contamos todo lo que incluye este Perfect Plan <\/b><span style=\"font-weight: 400;\">para que tengas una sesi\u00f3n de fotos \u00fanica en un entorno de ensue\u00f1o y que presumas de im\u00e1genes en redes sociales.<\/span><\/p>\n<p style=\"text-align: justify;\"><span style=\"font-weight: 400;\">\u00a1Sigue leyendo para saber m\u00e1s!<\/span><\/p>\n<h2 style=\"text-align: justify;\">Ciudades de ensue\u00f1o para tu sesi\u00f3n de fotos con vestidos flotantes<\/h2>\n<p style=\"text-align: justify;\"><span style=\"font-weight: 400;\">Mallorca y Madrid son nuestras opciones preferidas para una sesi\u00f3n de fotos con vestidos flotantes, ya que son dos ciudades que ofrecen espacios incre\u00edbles en los que posar<\/span><\/p>\n<p style=\"text-align: justify;\"><span style=\"font-weight: 400;\">En tu sesi\u00f3n de fotos con vestidos flotantes en Mallorca aparecer\u00e1n las playas de la isla, incre\u00edbles vistas, el sol, el mar y los atardeceres. Tambi\u00e9n calas, patios, museos, galer\u00edas de arte, barrios con encanto, parques naturales\u2026. As\u00ed como lugares tan famosos como<\/span><b> la Catedral de Mallorca, las Cuevas del Drach, el Castell de Bellver, el Palacio Real de la Almudaina o Cal\u00f3 des Moro y la Cala Mondrag\u00f3.<\/b><\/p>\n<p style=\"text-align: justify;\"><span style=\"font-weight: 400;\">Si eliges Madrid para tu sesi\u00f3n de fotos, aparecer\u00e1n palacios, miradores, jardines, paseos, panteones, estatuas, barrios encantadores\u2026 As\u00ed como tambi\u00e9n lugares tan famosos como <\/span><b>el Parque del Retiro y su Palacio de Cristal, el Palacio Real, el Templo de Debod, Gran V\u00eda, el Real Jard\u00edn Bot\u00e1nico\u2026<\/b><span style=\"font-weight: 400;\"> \u00a1y mucho m\u00e1s!<\/span><\/p>\n<p style=\"text-align: justify;\"><span style=\"font-weight: 400;\">Si deseas que tu sesi\u00f3n de fotos con vestidos flotantes sea en otra ciudad solo tienes que consultarnos y te damos un listado de mejores localizaciones para este tipo de sesi\u00f3n de fotos.<\/span><\/p>\n<h2 style=\"text-align: justify;\">Un vestido volador espectacular inclu\u00eddo en tu plan<\/h2>\n<p style=\"text-align: justify;\"><span style=\"font-weight: 400;\">Esto es lo primordial, y puedes elegir el color que te guste. El vestido volador est\u00e1 hecho de <\/span><b>sat\u00e9n s\u00faper ligero y brillante que atrapa el viento de forma natural<\/b><span style=\"font-weight: 400;\"> y causa una gran impresi\u00f3n en la c\u00e1mara.<\/span><\/p>\n<p style=\"text-align: justify;\"><b>En tonos burdeos, melocot\u00f3n, azul cielo, verdes menta\u2026 conseguimos por ti el vestido que m\u00e1s te guste, mejor se adapte a tu figura, del color y con el escote y abertura que desees, \u00a1estar\u00e1s incre\u00edble!<\/b><\/p>\n<p style=\"text-align: justify;\"><span style=\"font-weight: 400;\">Ten en cuenta que <\/span><b>los modelos est\u00e1n pensados \u200b\u200bpara un ajuste perfecto a cualquier figura. <\/b><span style=\"font-weight: 400;\">\u00a1As\u00ed que estudia el cat\u00e1logo, elige tu vestido elegante y estamos listos para una sesi\u00f3n brillante!<\/span><\/p>\n<h2 style=\"text-align: justify;\">Un fot\u00f3grafo profesional a tu entera disposici\u00f3n<\/h2>\n<p style=\"text-align: justify;\"><span style=\"font-weight: 400;\">Para tu sesi\u00f3n de fotos con vestidos flotantes en Mallorca o en Madrid tendr\u00e1s al mejor fot\u00f3grafo para ti durante una hora entera, adem\u00e1s nosotros tenemos a los mejores, s\u00ed, has le\u00eddo bien. <\/span><b>En una sesi\u00f3n de fotos tan espectacular como esta es sumamente importante que tengas a verdaderos profesionales.<\/b><\/p>\n<p style=\"text-align: justify;\"><span style=\"font-weight: 400;\">Lo mejor es que nosotros, en Perfect Venue, solo trabajamos con <\/span><b>los mejores profesionales de la c\u00e1mara<\/b><span style=\"font-weight: 400;\">, para que las fotos con las sue\u00f1as las tengas en el d\u00eda de tu sesi\u00f3n de fotos con vestidos flotantes.<\/span><\/p>\n<h2 style=\"text-align: justify;\">Edici\u00f3n fotogr\u00e1fica incluida en tu sesi\u00f3n de fotos<\/h2>\n<p style=\"text-align: justify;\"><span style=\"font-weight: 400;\">S\u00ed, tras la experiencia el fot\u00f3grafo se pondr\u00e1 a retocar tus fotos para entregartelas completamente editadas y <\/span><b>que el resultado sea a\u00fan m\u00e1s espectacular.\u00a0<\/b><\/p>\n<p style=\"text-align: justify;\"><span style=\"font-weight: 400;\">Con la edici\u00f3n conseguiremos potenciar la imagen, ajustando elementos como luces, contraste, colores y dem\u00e1s ajustes que van a favorecer tu imagen. <\/span><b>La edici\u00f3n juega un papel importante<\/b><span style=\"font-weight: 400;\"> para mejorarla y dar por terminado el proceso.<\/span><\/p>\n<h2 style=\"text-align: justify;\">Extras para tu sesi\u00f3n de fotos con vestidos flotantes<\/h2>\n<p style=\"text-align: justify;\"><span style=\"font-weight: 400;\">Si lo deseas tambi\u00e9n podemos a\u00f1adir a un <\/span><b>vide\u00f3grafo<\/b><span style=\"font-weight: 400;\"> para que filme los mejores momentos y el vuelo de tu vestido. \u00a1Tambi\u00e9n trabajamos con los mejores!<\/span><\/p>\n<p style=\"text-align: justify;\"><span style=\"font-weight: 400;\">Adem\u00e1s, conocemos los mejores <\/span><b>peluqueros y maquilladores <\/b><span style=\"font-weight: 400;\">de cada ciudad para que te dejen radiante antes de la sesi\u00f3n de fotos.<\/span><\/p>\n<p style=\"text-align: justify;\"><span style=\"font-weight: 400;\">Y si quieres tambi\u00e9n ofrecemos <\/span><b>servicio de transporte<\/b><span style=\"font-weight: 400;\"> para llevarte a cada lugar de la sesi\u00f3n de fotos.<\/span><\/p>\n<p style=\"text-align: justify;\"><span style=\"font-weight: 400;\">Para que tengas un pack al completo, \u00a1que no te falte nada!<\/span><\/p>\n<h2 style=\"text-align: justify;\">Los precios, a consultar<\/h2>\n<p style=\"text-align: justify;\"><b>El precio de una sesi\u00f3n de fotos con vestidos flotantes siempre depender\u00e1 de diferentes factores<\/b><span style=\"font-weight: 400;\"> como, por ejemplo, la ubicaci\u00f3n del espacio, la fecha en la que se vaya a preparar y los elementos con los que exactamente necesit\u00e9is contar:, transporte, videografo, decoraci\u00f3n, maquillaje y peluquer\u00eda\u2026\u00a0<\/span><\/p>\n<p style=\"text-align: justify;\"><span style=\"font-weight: 400;\">Por eso, lo mejor que puedes hacer es <\/span><b>contactarnos para poder darte un precio cerrado.<\/b><\/p>\n<p style=\"text-align: justify;\"><span style=\"font-weight: 400;\">En Perfect venue tenemos tu Perfect Plan, as\u00ed que, <\/span><b>si quieres vivir la experiencia de hacerte una sesi\u00f3n de fotos con vestidos flotantes organizamos todo por ti.<\/b><\/p>\n<p style=\"text-align: justify;\"><span style=\"font-weight: 400;\">T\u00fa solo tienes que reservar con un solo clic, despu\u00e9s encargarte de disfrutar.<\/span><\/p>\n<p style=\"text-align: justify;\"><span style=\"font-weight: 400;\">\u00a1Te esperamos!<\/span><\/p>\n<p><strong>*El pago no se devuelve si se cancela el evento.<\/strong><\/p>","protected":false},"excerpt":{"rendered":"<p style=\"text-align: justify;\"><span style=\"font-weight: 400;\">Te contamos como es el Perfect Plan de una sesi\u00f3n de fotos con vestidos flotantes en Mallorca y en Madrid.<\/span><\/p>\n","protected":false},"featured_media":43642,"comment_status":"closed","ping_status":"closed","template":"","meta":[],"class_list":["post-39839","product","type-product","status-publish","has-post-thumbnail","hentry","product_cat-perfect-plan","product_cat-things-to-do","product_tag-floating-dress-photoshoot-spain","product_tag-fotografo-mallorca","product_tag-ideas-para-fotosession","product_tag-session-de-fotos-mallorca","product_tag-shooting-spain-ideas","product_tag-6672","product_tag-6670","product_tag-6671"],"_links":{"self":[{"href":"https:\/\/perfectvenue.es\/es\/wp-json\/wp\/v2\/product\/39839","targetHints":{"allow":["GET"]}}],"collection":[{"href":"https:\/\/perfectvenue.es\/es\/wp-json\/wp\/v2\/product"}],"about":[{"href":"https:\/\/perfectvenue.es\/es\/wp-json\/wp\/v2\/types\/product"}],"replies":[{"embeddable":true,"href":"https:\/\/perfectvenue.es\/es\/wp-json\/wp\/v2\/comments?post=39839"}],"wp:featuredmedia":[{"embeddable":true,"href":"https:\/\/perfectvenue.es\/es\/wp-json\/wp\/v2\/media\/43642"}],"wp:attachment":[{"href":"https:\/\/perfectvenue.es\/es\/wp-json\/wp\/v2\/media?parent=39839"}],"curies":[{"name":"wp","href":"https:\/\/api.w.org\/{rel}","templated":true}]}}