{"id":39729,"date":"2023-04-03T17:26:46","date_gmt":"2023-04-03T14:26:46","guid":{"rendered":"https:\/\/perfectvenue.es\/?post_type=product&#038;p=39729"},"modified":"2023-04-03T17:26:47","modified_gmt":"2023-04-03T14:26:47","slug":"butterfly-release-at-your-wedding-or-engagement-a-perfect-plan-to-experience-a-magical-moment","status":"publish","type":"product","link":"https:\/\/perfectvenue.es\/es\/product\/butterfly-release-at-your-wedding-or-engagement-a-perfect-plan-to-experience-a-magical-moment\/","title":{"rendered":"Liberaci\u00f3n de mariposas en tu boda o pedida de mano: Un Perfect Plan para vivir un momento m\u00e1gico"},"content":{"rendered":"<p><\/p>\n<p style=\"text-align: justify\"><span style=\"font-weight: 400\">La liberaci\u00f3n de mariposas en tu boda o pedida de mano es una idea muy bonita y la mar de simb\u00f3lica. Y es que <\/span><b>las mariposas representan la energ\u00eda y la libertad<\/b><span style=\"font-weight: 400\">, razones por las cuales se suelen incluir en los eventos de pareja.\u00a0<\/span><\/p>\n<p style=\"text-align: justify\"><span style=\"font-weight: 400\">Si sois una pareja de las que os gustan las celebraciones simb\u00f3licas, este ritual podr\u00eda interesaros. Adem\u00e1s de que <\/span><b>crea un espect\u00e1culo llamativo y muy alegre.<\/b><\/p>\n<p style=\"text-align: justify\"><span style=\"font-weight: 400\">Inundar el paisaje de mariposas o palomas es un acto hermoso que est\u00e1 en tendencia entre algunas parejas, por eso aqu\u00ed<\/span><b> te contamos todo lo que incluye este Perfect Plan y todas las dudas que pueden surgirte al respecto.<\/b><\/p>\n<p style=\"text-align: justify\"><span style=\"font-weight: 400\">La mejor \u00e9poca para realizarla, qu\u00e9 significado tiene, el precio de contratarlo, d\u00f3nde realizarla\u2026 \u00a1no nos dejamos nada!<\/span><\/p>\n<p style=\"text-align: justify\"><span style=\"font-weight: 400\">Ponte c\u00f3modo porque\u2026 \u00a1Empezamos!<\/span><\/p>\n<figure id=\"attachment_39730\" aria-describedby=\"caption-attachment-39730\" style=\"width: 700px\" class=\"wp-caption aligncenter\"><img loading=\"lazy\" decoding=\"async\" class=\"wp-image-39730\" src=\"https:\/\/perfectvenue.es\/wp-content\/uploads\/2023\/04\/Butterfly-release-at-your-wedding-or-engagement-1.jpg\" alt=\"Butterfly release at your wedding or engagement - Perfect Venue\" width=\"700\" height=\"466\" srcset=\"https:\/\/perfectvenue.es\/wp-content\/uploads\/2023\/04\/Butterfly-release-at-your-wedding-or-engagement-1.jpg 850w, https:\/\/perfectvenue.es\/wp-content\/uploads\/2023\/04\/Butterfly-release-at-your-wedding-or-engagement-1-300x200.jpg 300w, https:\/\/perfectvenue.es\/wp-content\/uploads\/2023\/04\/Butterfly-release-at-your-wedding-or-engagement-1-768x511.jpg 768w, https:\/\/perfectvenue.es\/wp-content\/uploads\/2023\/04\/Butterfly-release-at-your-wedding-or-engagement-1-450x300.jpg 450w, https:\/\/perfectvenue.es\/wp-content\/uploads\/2023\/04\/Butterfly-release-at-your-wedding-or-engagement-1-600x400.jpg 600w\" sizes=\"auto, (max-width: 700px) 100vw, 700px\" \/><figcaption id=\"caption-attachment-39730\" class=\"wp-caption-text\">Photo via: Pinterest.com<\/figcaption><\/figure>\n<h3 style=\"text-align: justify\">\u00bfQu\u00e9 significado tiene la liberaci\u00f3n de mariposas en tu boda o pedida de mano?<\/h3>\n<p style=\"text-align: justify\"><span style=\"font-weight: 400\">Hay una creencia n\u00e1huatl de que una persona pod\u00eda tener felicidad, fortuna y dicha si atrapaba una mariposa y mientras contemplaba sus bellos colores y sus alas, le susurraban un deseo o petici\u00f3n. La mariposa escuchaba quieta y,<\/span><b> al ser liberada, agitaba sus alas conduciendo as\u00ed el deseo.\u00a0<\/b><\/p>\n<p style=\"text-align: justify\"><span style=\"font-weight: 400\">Tambi\u00e9n desde la antigua Grecia siempre se ha representado a Psique,<\/span><b> la mortal capaz de ganarse el amor de Eros, con alas de mariposa.\u00a0<\/b><\/p>\n<p style=\"text-align: justify\"><span style=\"font-weight: 400\">Otra es que en los pueblos ind\u00edgenas las mariposas son mensajeras del cielo, por esto pueden susurrarle frases con deseos de pareja. Ellas las guardar\u00e1n como secretos y <\/span><b>las conducir\u00e1n directamente a Dios para que se cumplan.<\/b><\/p>\n<p style=\"text-align: justify\"><span style=\"font-weight: 400\">Por esto, la liberaci\u00f3n de mariposas en tu boda o pedida de mano representa muchos sentimientos: <\/span><b>el comienzo de una vida juntos, extender la paz y los buenos deseos de quienes recibieron las invitaciones de boda elegantes, honrar la memoria de un ser querido que ya falleci\u00f3 y representar la fidelidad<\/b><span style=\"font-weight: 400\">, entre muchas otras cosas.<\/span><\/p>\n<h3 style=\"text-align: justify\">\u00bfEn qu\u00e9 consiste la liberaci\u00f3n de mariposas en tu boda o pedida de mano?<\/h3>\n<p style=\"text-align: justify\"><span style=\"font-weight: 400\">Como su nombre lo indica, la liberaci\u00f3n de mariposas en tu boda o pedida de mano <\/span><b>es un momento en el que se sueltan las mariposas que est\u00e1n dispuestas en una caja con ventilaci\u00f3n, haciendo que estas vuelen.<\/b><span style=\"font-weight: 400\"> Existen varias modalidades.<\/span><\/p>\n<p style=\"text-align: justify\"><span style=\"font-weight: 400\">En la primera modalidad, las mariposas est\u00e1n contenidas en una caja especial y <\/span><b>la pareja las suelta en el momento que lo decida con el fin de que hagan el vuelo armonioso<\/b><span style=\"font-weight: 400\">, ya sea en su boda o en su pedida de mano. En la segunda modalidad,<\/span><b> las mariposas se entregan a cada invitado de la boda en una caja con ventilaci\u00f3n para que sean liberadas al finalizar la ceremonia.\u00a0\u00a0<\/b><\/p>\n<p style=\"text-align: justify\"><span style=\"font-weight: 400\">En la tercera modalidad, se pueden realizar las otras dos sueltas a la vez. De esta manera pod\u00e9is <\/span><b>disfrutar de una suelta masiva en pareja y despu\u00e9s cada invitado podr\u00e1 soltar las suyas a nivel individual.<\/b><\/p>\n<figure id=\"attachment_39733\" aria-describedby=\"caption-attachment-39733\" style=\"width: 700px\" class=\"wp-caption aligncenter\"><img loading=\"lazy\" decoding=\"async\" class=\"size-full wp-image-39733\" src=\"https:\/\/perfectvenue.es\/wp-content\/uploads\/2023\/04\/Butterfly-release-at-your-wedding-or-engagement-4.jpg\" alt=\"Butterfly release at your wedding or engagement - Perfect Venue\" width=\"700\" height=\"933\" srcset=\"https:\/\/perfectvenue.es\/wp-content\/uploads\/2023\/04\/Butterfly-release-at-your-wedding-or-engagement-4.jpg 700w, https:\/\/perfectvenue.es\/wp-content\/uploads\/2023\/04\/Butterfly-release-at-your-wedding-or-engagement-4-225x300.jpg 225w, https:\/\/perfectvenue.es\/wp-content\/uploads\/2023\/04\/Butterfly-release-at-your-wedding-or-engagement-4-450x600.jpg 450w, https:\/\/perfectvenue.es\/wp-content\/uploads\/2023\/04\/Butterfly-release-at-your-wedding-or-engagement-4-600x800.jpg 600w\" sizes=\"auto, (max-width: 700px) 100vw, 700px\" \/><figcaption id=\"caption-attachment-39733\" class=\"wp-caption-text\">Photo via: Pinterest.com<\/figcaption><\/figure>\n<h3 style=\"text-align: justify\">\u00bfLas liberaci\u00f3n se hace con mariposas reales o de papel?<\/h3>\n<p style=\"text-align: justify\"><span style=\"font-weight: 400\">Puedes tener las dos opciones, pero si son vivas hay varios factores a tener en cuenta y de los que nosotros nos hacemos cargo, ya que <\/span><b>para nosotros es primordial que se evite transportar a las mariposas o enviarlas por paqueter\u00eda<\/b><span style=\"font-weight: 400\">, lo cual significar\u00eda la muerte para muchas de ellas.\u00a0<\/span><\/p>\n<p style=\"text-align: justify\"><span style=\"font-weight: 400\">Tambi\u00e9n,<\/span><b> nos ocupamos de que la liberaci\u00f3n solo se lleve a cabo de d\u00eda y en espacios abiertos libres de humo y ruido excesivo<\/b><span style=\"font-weight: 400\">, de lo contrario las mariposas pueden sufrir cierto estr\u00e9s.<\/span><\/p>\n<p style=\"text-align: justify\"><span style=\"font-weight: 400\">Adem\u00e1s, <\/span><b>nos aseguramos de que las mariposas sean reci\u00e9n nacidas<\/b><span style=\"font-weight: 400\">, ya que al liberarlas tienen la posibilidad de cumplir su ciclo de la forma m\u00e1s normal posible y <\/span><b>de que la empresa que nos brinde el servicio no comercialice capullos u orugas<\/b><span style=\"font-weight: 400\">, ya que estos necesitan cuidados muy especiales, como el control de la temperatura, la luz y la humedad.<\/span><\/p>\n<p style=\"text-align: justify\"><span style=\"font-weight: 400\">Por otro lado, las parejas que no est\u00e1n convencidas de usar insectos vivos en su enlace, pero creen en el simbolismo o en sus leyendas, pueden evaluar otras alternativas. Si les ilusiona tener fotograf\u00edas en las que cientos de mariposas sobrevuelan,<\/span><b> pueden optar por otras opciones, como mariposas de papel.\u00a0<\/b><\/p>\n<h3 style=\"text-align: justify\">\u00bfD\u00f3nde se realiza la liberaci\u00f3n de mariposas en tu boda o pedida de mano?<\/h3>\n<p style=\"text-align: justify\"><span style=\"font-weight: 400\">Nosotros siempre recomendamos llevarla a cabo<\/span><b> en un espacio exterior,<\/b><span style=\"font-weight: 400\"> aunque hay algunos espacios interiores que lo permiten. Esto depender\u00e1 de las condiciones del lugar a celebrarlo.\u00a0<\/span><\/p>\n<p style=\"text-align: justify\"><span style=\"font-weight: 400\">Si la liberaci\u00f3n se hace en el exterior no habr\u00e1 problema, mientras que si quer\u00e9is hacerla en el interior de un castillo, mas\u00eda o restaurante se ha de pedir permiso al responsable.\u00a0<\/span><\/p>\n<p style=\"text-align: justify\"><span style=\"font-weight: 400\">Y <\/span><b>da igual que sea en Madrid, en Barcelona o en cualquier otra ciudad de Espa\u00f1a, porque nosotros nos trasladamos para que tengas la liberaci\u00f3n de mariposas en tu boda o pedida de mano en cualquier parte del pa\u00eds.<\/b><\/p>\n<figure id=\"attachment_39732\" aria-describedby=\"caption-attachment-39732\" style=\"width: 700px\" class=\"wp-caption aligncenter\"><img loading=\"lazy\" decoding=\"async\" class=\"size-full wp-image-39732\" src=\"https:\/\/perfectvenue.es\/wp-content\/uploads\/2023\/04\/Butterfly-release-at-your-wedding-or-engagement-3.jpg\" alt=\"Butterfly release at your wedding or engagement - Perfect Venue\" width=\"700\" height=\"1050\" srcset=\"https:\/\/perfectvenue.es\/wp-content\/uploads\/2023\/04\/Butterfly-release-at-your-wedding-or-engagement-3.jpg 700w, https:\/\/perfectvenue.es\/wp-content\/uploads\/2023\/04\/Butterfly-release-at-your-wedding-or-engagement-3-200x300.jpg 200w, https:\/\/perfectvenue.es\/wp-content\/uploads\/2023\/04\/Butterfly-release-at-your-wedding-or-engagement-3-683x1024.jpg 683w, https:\/\/perfectvenue.es\/wp-content\/uploads\/2023\/04\/Butterfly-release-at-your-wedding-or-engagement-3-450x675.jpg 450w, https:\/\/perfectvenue.es\/wp-content\/uploads\/2023\/04\/Butterfly-release-at-your-wedding-or-engagement-3-533x800.jpg 533w, https:\/\/perfectvenue.es\/wp-content\/uploads\/2023\/04\/Butterfly-release-at-your-wedding-or-engagement-3-600x900.jpg 600w\" sizes=\"auto, (max-width: 700px) 100vw, 700px\" \/><figcaption id=\"caption-attachment-39732\" class=\"wp-caption-text\">Photo via: Pinterest.com<\/figcaption><\/figure>\n<h3 style=\"text-align: justify\">\u00bfCu\u00e1ntas mariposas se necesitan para la liberaci\u00f3n?<\/h3>\n<p style=\"text-align: justify\"><span style=\"font-weight: 400\">Te aconsejamos un n\u00famero m\u00ednimo de 150 mariposas, menos cantidad nunca es recomendable, sino el efecto no se lucir\u00e1.\u00a0<\/span><\/p>\n<p style=\"text-align: justify\"><span style=\"font-weight: 400\">Aunque debes recordar que<\/span><b> cuanto mayor n\u00famero de mariposas tengas disponible, el efecto ser\u00e1 m\u00e1s espectacular.<\/b><\/p>\n<h3 style=\"text-align: justify\">\u00bfCu\u00e1ndo es el mejor momento para liberar mariposas?<\/h3>\n<p style=\"text-align: justify\"><span style=\"font-weight: 400\">Como las mariposas necesitan luz y calor para volar, <\/span><b>los mejores meses son de abril a octubre.<\/b><span style=\"font-weight: 400\"> En junio, julio, agosto y septiembre no hay tanto problema, ya que anochece m\u00e1s tarde, pero en abril, mayo y octubre es recomendable hacerlo s\u00f3lo en bodas o pedidas de mano<\/span><b> por la ma\u00f1ana o al mediod\u00eda.<\/b><\/p>\n<h3 style=\"text-align: justify\">\u00bfCu\u00e1l es el precio de la liberaci\u00f3n de mariposas en tu boda o pedida de mano?<\/h3>\n<p style=\"text-align: justify\"><span style=\"font-weight: 400\">Podr\u00edamos decirte un precio estimado, pero <\/span><b>este va a variar mucho en funci\u00f3n de las caracter\u00edsticas de tu evento,<\/b><span style=\"font-weight: 400\"> y es que <\/span><b>depende de la cantidad de mariposas, de la dimensi\u00f3n del evento, de las fechas y la demanda\u2026\u00a0<\/b><\/p>\n<p style=\"text-align: justify\"><span style=\"font-weight: 400\">Por eso, lo mejor es contactarnos y consultarnos para poder darte un precio cerrado en base a lo que buscas.<\/span><\/p>\n<h3 style=\"text-align: justify\">La organizaci\u00f3n, siempre perfecta<\/h3>\n<p style=\"text-align: justify\"><span style=\"font-weight: 400\">S\u00ed, nosotros<\/span><b> nos encargamos de conseguir la mejor opci\u00f3n para tu liberaci\u00f3n de mariposas en tu boda o pedida de mano<\/b><span style=\"font-weight: 400\">, ya que siempre velamos por su cuidado.<\/span><\/p>\n<p style=\"text-align: justify\"><span style=\"font-weight: 400\">Nos gusta que todo salga perfecto, por eso formamos parte de vuestra boda o pedida de mano<\/span><b> organizando todo con antelaci\u00f3n y coordinando todo el d\u00eda.<\/b><\/p>\n<p style=\"text-align: justify\"><span style=\"font-weight: 400\">\u00a1Estamos pendientes de cada detalle!<\/span><b> Prepararemos todo a vuestra medida<\/b><span style=\"font-weight: 400\">, solo ten\u00e9is que pedirnos todo aquello que sea imprescindible para vuestro d\u00eda, \u00a1y vuestros deseos se har\u00e1n \u00f3rdenes!<\/span><\/p>\n<figure id=\"attachment_39731\" aria-describedby=\"caption-attachment-39731\" style=\"width: 700px\" class=\"wp-caption aligncenter\"><img loading=\"lazy\" decoding=\"async\" class=\"size-full wp-image-39731\" src=\"https:\/\/perfectvenue.es\/wp-content\/uploads\/2023\/04\/Butterfly-release-at-your-wedding-or-engagement-2.jpg\" alt=\"Butterfly release at your wedding or engagement - Perfect Venue\" width=\"700\" height=\"467\" srcset=\"https:\/\/perfectvenue.es\/wp-content\/uploads\/2023\/04\/Butterfly-release-at-your-wedding-or-engagement-2.jpg 700w, https:\/\/perfectvenue.es\/wp-content\/uploads\/2023\/04\/Butterfly-release-at-your-wedding-or-engagement-2-300x200.jpg 300w, https:\/\/perfectvenue.es\/wp-content\/uploads\/2023\/04\/Butterfly-release-at-your-wedding-or-engagement-2-450x300.jpg 450w, https:\/\/perfectvenue.es\/wp-content\/uploads\/2023\/04\/Butterfly-release-at-your-wedding-or-engagement-2-600x400.jpg 600w\" sizes=\"auto, (max-width: 700px) 100vw, 700px\" \/><figcaption id=\"caption-attachment-39731\" class=\"wp-caption-text\">Photo via: Pinterest.com<\/figcaption><\/figure>\n<h3 style=\"text-align: justify\">Facilidad de pago y de reserva<\/h3>\n<p style=\"text-align: justify\"><span style=\"font-weight: 400\">\u00a1S\u00ed! Y es que no es necesario pagar \u00edntegramente el importe de liberaci\u00f3n de mariposas en tu boda o pedida de mano al momento. <\/span><b>Solamente tienes que reservar haciendo un clic y hacer la reserva solo con 50% de la cuant\u00eda y el resto darla en el d\u00eda del evento.<\/b><\/p>\n<p style=\"text-align: justify\"><span style=\"font-weight: 400\">\u00a1Comodidad para ti!<\/span><\/p>\n<p>&nbsp;<\/p>\n<p style=\"text-align: justify\"><span style=\"font-weight: 400\">En <\/span><b>Perfect Venue<\/b><span style=\"font-weight: 400\"> nos encantan las celebraciones con simbolog\u00eda y haremos todo por vosotros. \u00a1No dej\u00e9is de contactarnos! Ya<\/span><b> os estamos esperando para ponernos manos a la obra con los preparativos de tu suelta de mariposas en tu evento especial.<\/b><\/p>\n<p><\/p>","protected":false},"excerpt":{"rendered":"<p style=\"text-align: justify\"><span style=\"font-weight: 400\">Te contamos c\u00f3mo es el Perfect Plan de contratar el servicio de liberaci\u00f3n de mariposas en tu boda o pedida de mano.<\/span><\/p>\n","protected":false},"featured_media":39730,"comment_status":"closed","ping_status":"closed","template":"","meta":[],"class_list":["post-39729","product","type-product","status-publish","has-post-thumbnail","hentry","product_cat-perfect-plan","product_tag-butterflies-for-wedding","product_tag-ideas-ceremonia-civil","product_tag-ideas-originales-boda","product_tag-mariposas-boda","product_tag-original-ides-for-wedding","product_tag-weddings-2024","product_tag-6622","product_tag-6624","product_tag-6623","product_tag-6625"],"_links":{"self":[{"href":"https:\/\/perfectvenue.es\/es\/wp-json\/wp\/v2\/product\/39729","targetHints":{"allow":["GET"]}}],"collection":[{"href":"https:\/\/perfectvenue.es\/es\/wp-json\/wp\/v2\/product"}],"about":[{"href":"https:\/\/perfectvenue.es\/es\/wp-json\/wp\/v2\/types\/product"}],"replies":[{"embeddable":true,"href":"https:\/\/perfectvenue.es\/es\/wp-json\/wp\/v2\/comments?post=39729"}],"wp:featuredmedia":[{"embeddable":true,"href":"https:\/\/perfectvenue.es\/es\/wp-json\/wp\/v2\/media\/39730"}],"wp:attachment":[{"href":"https:\/\/perfectvenue.es\/es\/wp-json\/wp\/v2\/media?parent=39729"}],"curies":[{"name":"wp","href":"https:\/\/api.w.org\/{rel}","templated":true}]}}