{"id":39630,"date":"2023-03-26T15:00:40","date_gmt":"2023-03-26T12:00:40","guid":{"rendered":"https:\/\/perfectvenue.es\/?post_type=product&#038;p=39630"},"modified":"2025-07-21T15:20:48","modified_gmt":"2025-07-21T12:20:48","slug":"a-magician-for-your-birthday-the-perfect-plan-you-need-for-a-magical-childrens-party","status":"publish","type":"product","link":"https:\/\/perfectvenue.es\/es\/product\/a-magician-for-your-birthday-the-perfect-plan-you-need-for-a-magical-childrens-party\/","title":{"rendered":"Un mago para tu cumplea\u00f1os: el Perfect Plan que necesitas para una fiesta infantil de lo m\u00e1s hechizante"},"content":{"rendered":"<p><\/p>\n<p style=\"text-align: justify;\"><span style=\"font-weight: 400;\">\u00a1Abracadabra! Un <\/span><b>mago para tu cumplea\u00f1os<\/b><span style=\"font-weight: 400;\"> es lo que necesitas si lo que quieres es que tanto adultos como ni\u00f1os se lo pasen en grande en la celebraci\u00f3n de tu peque.\u00a0<\/span><\/p>\n<p style=\"text-align: justify;\"><span style=\"font-weight: 400;\">Adem\u00e1s, \u00bfsab\u00edas que este espect\u00e1culo de hechizos, magia e ilusionismo se est\u00e1 volviendo cada vez m\u00e1s popular en los eventos infantiles? S\u00ed, y el \u00e9xito de esto se debe a que es <\/span><b>que hace que todos se queden embobados y ni siquiera parpadeen. <\/b><span style=\"font-weight: 400;\">\u00a1Es para alucinar!<\/span><\/p>\n<p style=\"text-align: justify;\"><span style=\"font-weight: 400;\">Este tipo de show es <\/span><b>adecuado para una fiesta de cualquier tipo<\/b><span style=\"font-weight: 400;\">, pero su gran triunfo es en los cumple\u00f1os, ya que supone todo un entretenimiento. \u00bfQu\u00e9 mejor que sentarse tras comerse un trozo de tarta para ver actuar a un mago?<\/span><\/p>\n<p style=\"text-align: justify;\"><span style=\"font-weight: 400;\">\u00a1Y lo mejor es que <\/span><b>se puede llevar a cabo en casi cualquier espacio que quieras<\/b><span style=\"font-weight: 400;\">!<\/span><\/p>\n<p style=\"text-align: justify;\"><span style=\"font-weight: 400;\">Atento\/a porque aqu\u00ed <\/span><b>te contamos todo lo que te incluye el Perfect Plan de contar con un mago para tu cumplea\u00f1os.\u00a0 Y adem\u00e1s, te despejamos todas las dudas acerca de este show.\u00a0<\/b><\/p>\n<p style=\"text-align: justify;\"><span style=\"font-weight: 400;\">\u00bfPreparados? \u00a1Pues empezamos!<\/span><\/p>\n<figure id=\"attachment_30105\" aria-describedby=\"caption-attachment-30105\" style=\"width: 700px\" class=\"wp-caption aligncenter\"><img loading=\"lazy\" decoding=\"async\" class=\"size-full wp-image-30105\" src=\"https:\/\/perfectvenue.es\/wp-content\/uploads\/2021\/02\/700-3.jpg\" alt=\"\" width=\"700\" height=\"499\" srcset=\"https:\/\/perfectvenue.es\/wp-content\/uploads\/2021\/02\/700-3.jpg?v=1626102713 700w, https:\/\/perfectvenue.es\/wp-content\/uploads\/2021\/02\/700-3-300x214.jpg?v=1626102713 300w, https:\/\/perfectvenue.es\/wp-content\/uploads\/2021\/02\/700-3-450x321.jpg?v=1626102713 450w, https:\/\/perfectvenue.es\/wp-content\/uploads\/2021\/02\/700-3-600x428.jpg?v=1626102713 600w\" sizes=\"auto, (max-width: 700px) 100vw, 700px\" \/><figcaption id=\"caption-attachment-30105\" class=\"wp-caption-text\">Photo via prestothemagician.com<\/figcaption><\/figure>\n<h2 style=\"text-align: justify;\">Pero antes.. \u00bfDe qu\u00e9 trata contratar a un mago para tu cumplea\u00f1os?<\/h2>\n<p style=\"text-align: justify;\"><span style=\"font-weight: 400;\">Es una divertida actuaci\u00f3n en la que un ilusionista impresionar\u00e1 con sus trucos a los invitados: <\/span><b>juegos de manos con cartas, palomas que salen de la chistera, bolas de gomaespuma o gomas, serpientes, efectos visuales\u2026\u00a0<\/b><\/p>\n<p style=\"text-align: justify;\"><span style=\"font-weight: 400;\">Al son de la m\u00fasica, <\/span><b>los ni\u00f1os podr\u00e1n participar, re\u00edr, preguntar y, sin duda, creer en la magia.<\/b><span style=\"font-weight: 400;\"> Adem\u00e1s, si lo deseas,<\/span><b> el mago puede ense\u00f1arles a hacer algunos trucos<\/b><span style=\"font-weight: 400;\"> a los ni\u00f1os y convertirles en un mago tambi\u00e9n.\u00a0<\/span><\/p>\n<p style=\"text-align: justify;\"><span style=\"font-weight: 400;\">La peculiaridad de este show es que es totalmente interactivo, ya que en \u00e9l participan animadores profesionales. Estos no solo muestran una actuaci\u00f3n espectacular, sino que tambi\u00e9n <\/span><b>interact\u00faan activamente con los ni\u00f1os.\u00a0<\/b><\/p>\n<h2 style=\"text-align: justify;\">\u00bfPara qu\u00e9 edad contratar a un mago para tu cumplea\u00f1os?<\/h2>\n<p style=\"text-align: justify;\"><span style=\"font-weight: 400;\">Contratar un mago para tu cumplea\u00f1os es una buena opci\u00f3n<\/span><b> para los ni\u00f1os que cumplen de 6 a\u00f1os en adelante<\/b><span style=\"font-weight: 400;\">, siendo la edad m\u00e1s com\u00fan la de los 6 y los 7 a\u00f1os.\u00a0<\/span><\/p>\n<p style=\"text-align: justify;\"><span style=\"font-weight: 400;\">Pero como este show gusta a todos los p\u00fablicos y a todas las edades, tambi\u00e9n <\/span><b>se puede contratar para un cumple\u00f1os de cualquier edad <\/b><span style=\"font-weight: 400;\">siempre y cuando al cumplea\u00f1ero\/a le guste el ocultismo. \u00a1No hay edad para la magia!\u00a0<\/span><\/p>\n<h2 style=\"text-align: justify;\">Y, \u00bfEl show de un mago es solo para ni\u00f1os?<\/h2>\n<p style=\"text-align: justify;\"><span style=\"font-weight: 400;\">Normalmente, contratar un mago para tu cumplea\u00f1os es cosa de fiestas para ni\u00f1os, pero no es solo para el p\u00fablico m\u00e1s joven sino que <\/span><b>tambi\u00e9n se utiliza en bodas, despedidas, cumplea\u00f1os o en otro tipo de eventos para adultos.<\/b><\/p>\n<p style=\"text-align: justify;\"><span style=\"font-weight: 400;\">Y es que, cuando se trata de magia, ilusiones, cartas, varitas, chistorras\u2026\u00a0 <\/span><b>\u00a1no hay edad!<\/b><\/p>\n<p style=\"text-align: justify;\"><span style=\"font-weight: 400;\">Sabemos que los padres tambi\u00e9n os qued\u00e1is embobados viendo como un mago hace de las suyas.<\/span><\/p>\n<h2 style=\"text-align: justify;\">\u00bfD\u00f3nde realiza el show el mago para tu cumplea\u00f1os?<\/h2>\n<p style=\"text-align: justify;\"><span style=\"font-weight: 400;\">\u00a1En cualquier sitio! S\u00ed, ya sea <\/span><b>en un espacio interior, exterior, e incluso en casa.<\/b><span style=\"font-weight: 400;\"> (Siempre y cuando tengas espacio suficiente para que los ni\u00f1os puedan sentarse todos a contemplar el show)<\/span><\/p>\n<p style=\"text-align: justify;\"><span style=\"font-weight: 400;\">Si no es el caso, podemos organizar tu fiesta con mago para tu cumplea\u00f1os <\/span><b>en una de las ubicaciones geniales para fiestas que nosotros conocemos: jardines, restaurante, casa de campo\u2026\u00a0<\/b><\/p>\n<p style=\"text-align: justify;\"><span style=\"font-weight: 400;\">\u00a1Cu\u00e9ntanos cual es tu espacio preferido para la celebraci\u00f3n de tu peque!\u00a0 Y da igual que sea en Madrid, en Barcelona o en cualquier otra ciudad de Espa\u00f1a, porque <\/span><b>conocemos a los mejores magos para que tengas un espect\u00e1culo a la altura en cualquier parte del pa\u00eds.<\/b><\/p>\n<figure id=\"attachment_39559\" aria-describedby=\"caption-attachment-39559\" style=\"width: 700px\" class=\"wp-caption aligncenter\"><img loading=\"lazy\" decoding=\"async\" class=\"size-full wp-image-39559\" src=\"https:\/\/perfectvenue.es\/wp-content\/uploads\/2023\/03\/This-is-how-we-organized-Levs-Minecraft-themed-birthday-with-a-magician-and-animators-included-17.jpg\" alt=\"Children birthday party Madrid - Perfect Venue\" width=\"700\" height=\"1050\" srcset=\"https:\/\/perfectvenue.es\/wp-content\/uploads\/2023\/03\/This-is-how-we-organized-Levs-Minecraft-themed-birthday-with-a-magician-and-animators-included-17.jpg?v=1679434484 700w, https:\/\/perfectvenue.es\/wp-content\/uploads\/2023\/03\/This-is-how-we-organized-Levs-Minecraft-themed-birthday-with-a-magician-and-animators-included-17-200x300.jpg?v=1679434484 200w, https:\/\/perfectvenue.es\/wp-content\/uploads\/2023\/03\/This-is-how-we-organized-Levs-Minecraft-themed-birthday-with-a-magician-and-animators-included-17-683x1024.jpg?v=1679434484 683w, https:\/\/perfectvenue.es\/wp-content\/uploads\/2023\/03\/This-is-how-we-organized-Levs-Minecraft-themed-birthday-with-a-magician-and-animators-included-17-450x675.jpg?v=1679434484 450w, https:\/\/perfectvenue.es\/wp-content\/uploads\/2023\/03\/This-is-how-we-organized-Levs-Minecraft-themed-birthday-with-a-magician-and-animators-included-17-533x800.jpg?v=1679434484 533w, https:\/\/perfectvenue.es\/wp-content\/uploads\/2023\/03\/This-is-how-we-organized-Levs-Minecraft-themed-birthday-with-a-magician-and-animators-included-17-600x900.jpg?v=1679434484 600w\" sizes=\"auto, (max-width: 700px) 100vw, 700px\" \/><figcaption id=\"caption-attachment-39559\" class=\"wp-caption-text\">Photo via: <a href=\"https:\/\/nataliaortizevents.com\/es\/\">Weddings and Events by Natalia Ortiz<\/a><\/figcaption><\/figure>\n<h2 style=\"text-align: justify;\">La organizaci\u00f3n, siempre perfecta<\/h2>\n<p style=\"text-align: justify;\"><span style=\"font-weight: 400;\">S\u00ed, nosotros nos encargamos de conseguir el mejor mago, al m\u00e1s profesional y a los animadores que van a realizar este tipo de show, , pero es que <\/span><b>tambi\u00e9n nos encargamos de mucho m\u00e1s para que tu Perfect Plan salga redondo.\u00a0<\/b><\/p>\n<p style=\"text-align: justify;\"><span style=\"font-weight: 400;\">\u00a1Sigue leyendo y descubre todo lo que te ofrecemos!<\/span><\/p>\n<h2 style=\"text-align: justify;\">Una fot\u00f3grafa profesional junto al mago para tu cumplea\u00f1os<\/h2>\n<p style=\"text-align: justify;\"><span style=\"font-weight: 400;\">Nadie se va de un evento sin hacerse un mont\u00f3n de fotos para el recuerdo, y es que para la fiesta de cumplea\u00f1os con show de magia, contratamos por ti a una fot\u00f3grafa profesional.<\/span><\/p>\n<p style=\"text-align: justify;\"><span style=\"font-weight: 400;\">Las fotos son todo un imprescindible en los eventos tanto infantiles como adultos, por eso <\/span><b>nada mejor que contar con un fot\u00f3grafo para que capte de la manera m\u00e1s profesional las sonrisas y la emoci\u00f3n de los ni\u00f1os viendo a un mago hacer sus trucos.<\/b><\/p>\n<p style=\"text-align: justify;\"><span style=\"font-weight: 400;\">\u00a1Nada como las fotos para recordar uno de los d\u00edas m\u00e1s felices de su vida!<\/span><\/p>\n<h2 style=\"text-align: justify;\">Decoraci\u00f3n incluida para una experiencia al completo<\/h2>\n<p style=\"text-align: justify;\"><span style=\"font-weight: 400;\">La decoraci\u00f3n es un a\u00f1adido que siempre ayuda a disfrutar del momento y a recordarlo para toda la vida, por eso no podemos dejar de un lado una <\/span><b>decoraci\u00f3n que vaya acorde con la tem\u00e1tica del gran d\u00eda de tu peque. \u00bfY cu\u00e1l es la mejor tem\u00e1tica para un cumplea\u00f1os con mago? \u00a1La tem\u00e1tica de Harry Potter!<\/b><\/p>\n<p style=\"text-align: justify;\"><span style=\"font-weight: 400;\">En gran parte, la que causar\u00e1 mayor impacto cuando los ni\u00f1os entren al espacio es la decoraci\u00f3n, por eso llenaremos el espacio de columnas de globos, de colores vivos y colores pastel, de peluches tem\u00e1ticos, mesas de comidas repletas de objetos decorativos y comestibles, tiendas tipi, carritos de comida con luces, cajitas que decoran pero que almacenan dulces, grandes letras al estilo Hollywood\u2026<\/span><\/p>\n<p style=\"text-align: justify;\"><span style=\"font-weight: 400;\">Si la fiesta de cumplea\u00f1os de tu hijo\/a cuenta con una tem\u00e1tica, nosotros nos encargamos de que las mesas, el photocall, los juegos, la animaci\u00f3n, etc. est\u00e9n decorados con esta tem\u00e1tica \u00a1Nos ocuparemos de que no falte ning\u00fan detalle!\u00a0<\/span><\/p>\n<p style=\"text-align: justify;\"><span style=\"font-weight: 400;\">Cabe destacar que <\/span><b>la cantidad de decoraci\u00f3n y los elementos variar\u00e1 en funci\u00f3n de lo que necesit\u00e9is, \u00a1Nos adaptamos a ti!<\/b><\/p>\n<figure id=\"attachment_39634\" aria-describedby=\"caption-attachment-39634\" style=\"width: 700px\" class=\"wp-caption aligncenter\"><img loading=\"lazy\" decoding=\"async\" class=\"size-full wp-image-39634\" src=\"https:\/\/perfectvenue.es\/wp-content\/uploads\/2023\/03\/A-magician-for-your-birthday-1.jpg\" alt=\"A magician for your birthday - Perfect Venue\" width=\"700\" height=\"1053\" srcset=\"https:\/\/perfectvenue.es\/wp-content\/uploads\/2023\/03\/A-magician-for-your-birthday-1.jpg 700w, https:\/\/perfectvenue.es\/wp-content\/uploads\/2023\/03\/A-magician-for-your-birthday-1-199x300.jpg 199w, https:\/\/perfectvenue.es\/wp-content\/uploads\/2023\/03\/A-magician-for-your-birthday-1-681x1024.jpg 681w, https:\/\/perfectvenue.es\/wp-content\/uploads\/2023\/03\/A-magician-for-your-birthday-1-450x677.jpg 450w, https:\/\/perfectvenue.es\/wp-content\/uploads\/2023\/03\/A-magician-for-your-birthday-1-532x800.jpg 532w, https:\/\/perfectvenue.es\/wp-content\/uploads\/2023\/03\/A-magician-for-your-birthday-1-600x903.jpg 600w\" sizes=\"auto, (max-width: 700px) 100vw, 700px\" \/><figcaption id=\"caption-attachment-39634\" class=\"wp-caption-text\">Photo via: Pinterest.com<\/figcaption><\/figure>\n<h2 style=\"text-align: justify;\">Tarta, pi\u00f1ata y dulces, incluidos en tu Perfect Plan<\/h2>\n<p style=\"text-align: justify;\"><span style=\"font-weight: 400;\">Una tarta tem\u00e1tica tambi\u00e9n es s\u00faper importante en cualquier fiesta, y lo mejor es que <\/span><b>nosotros conocemos las mejores pasteler\u00edas<\/b><span style=\"font-weight: 400;\"> para que en el cumplea\u00f1os de tu peque nadie se quede sin un trozo de tarta.<\/span><\/p>\n<p style=\"text-align: justify;\"><span style=\"font-weight: 400;\">Por eso, <\/span><b>conseguiremos por ti una tarta adaptada a vuestros gustos<\/b><span style=\"font-weight: 400;\">, con fondant, chocolates, nata, dibujos animados\u2026 y, sobretodo, las velas para que tu peque pida un deseo.<\/span><\/p>\n<p style=\"text-align: justify;\"><b>Tambi\u00e9n nos encargaremos de colocar dulces tem\u00e1ticos<\/b><span style=\"font-weight: 400;\">. Somos partidarios de contar con elementos comestibles que tambi\u00e9n decoren, como por ejemplo galletas, macarons, huevos k\u00ednder, lacasitos, gominolas, \u00a1una estaci\u00f3n de comida dulce fascinar\u00e1 a todos!<\/span><\/p>\n<p style=\"text-align: justify;\"><span style=\"font-weight: 400;\">La pi\u00f1ata tambi\u00e9n es algo que suele encantar a los ni\u00f1os, as\u00ed que<\/span><b>, si lo deseas, tambi\u00e9n podemos colocarla en tu m\u00e1gica fiesta de cumplea\u00f1os.<\/b><span style=\"font-weight: 400;\"> \u00a1Diversi\u00f3n asegurada!<\/span><\/p>\n<h2 style=\"text-align: justify;\">Facilidad de pago y de reserva<\/h2>\n<p style=\"text-align: justify;\"><span style=\"font-weight: 400;\">\u00a1S\u00ed! Y es que no es necesario pagar \u00edntegramente el importe de tu fiesta de cumplea\u00f1os al momento. Solamente tienes que <\/span><b>reservar haciendo un clic<\/b><span style=\"font-weight: 400;\"> y hacer la reserva solo con 50% de la cuant\u00eda y el resto darla en el d\u00eda del evento.<\/span><\/p>\n<p style=\"text-align: justify;\"><span style=\"font-weight: 400;\">\u00a1Comodidad para ti!<\/span><\/p>\n<p style=\"text-align: justify;\"><span style=\"font-weight: 400;\">\u00a0<\/span><\/p>\n<p style=\"text-align: justify;\"><span style=\"font-weight: 400;\">Los papis que os lanz\u00e1is a la aventura de organizar una fiesta con mago para vuestro peque\u00f1o o peque\u00f1a seguro que no quer\u00e9is que se os escape ning\u00fan detalle a la hora de organizarlo.<\/span><\/p>\n<p style=\"text-align: justify;\"><span style=\"font-weight: 400;\">Conocemos a diferentes magos para diferentes p\u00fablicos con espect\u00e1culos de distinta duraci\u00f3n, as\u00ed que no dudes en preguntarnos por el tipo de espect\u00e1culo que est\u00e1s buscando.<\/span><\/p>\n<p style=\"text-align: justify;\"><span style=\"font-weight: 400;\">En <\/span><b>Perfect Venue<\/b><span style=\"font-weight: 400;\"> nos encantan las fiestas infantiles y <\/span><b>haremos todo por vosotros<\/b><span style=\"font-weight: 400;\">. \u00a1No dej\u00e9is de contactarnos! Ya os estamos esperando para ponernos manos a la obra con los preparativos.<\/span><\/p>\n<p>Tel\u00e9fono \/ Whatsapp: +34 722 29 15 43<\/p>","protected":false},"excerpt":{"rendered":"<p style=\"text-align: justify;\"><span style=\"font-weight: 400;\">Te contamos c\u00f3mo es el Perfect Plan de contratar a un mago para tu cumplea\u00f1os y dejar a todos tus invitados hechizados.<\/span><\/p>\n","protected":false},"featured_media":30106,"comment_status":"closed","ping_status":"closed","template":"","meta":[],"class_list":["post-39630","product","type-product","status-publish","has-post-thumbnail","hentry","product_cat-luxury-birthday-planning","product_cat-perfect-plan","product_tag-magician-for-party","product_tag-magician-show-madrid","product_tag-mago-cumpleanos","product_tag-mago-fiesta-infantil","product_tag-mago-para-eventomagician-for-event","product_tag-show-com-magia","product_tag-6584","product_tag-6586","product_tag-6585"],"_links":{"self":[{"href":"https:\/\/perfectvenue.es\/es\/wp-json\/wp\/v2\/product\/39630","targetHints":{"allow":["GET"]}}],"collection":[{"href":"https:\/\/perfectvenue.es\/es\/wp-json\/wp\/v2\/product"}],"about":[{"href":"https:\/\/perfectvenue.es\/es\/wp-json\/wp\/v2\/types\/product"}],"replies":[{"embeddable":true,"href":"https:\/\/perfectvenue.es\/es\/wp-json\/wp\/v2\/comments?post=39630"}],"wp:featuredmedia":[{"embeddable":true,"href":"https:\/\/perfectvenue.es\/es\/wp-json\/wp\/v2\/media\/30106"}],"wp:attachment":[{"href":"https:\/\/perfectvenue.es\/es\/wp-json\/wp\/v2\/media?parent=39630"}],"curies":[{"name":"wp","href":"https:\/\/api.w.org\/{rel}","templated":true}]}}