{"id":39624,"date":"2023-03-24T15:00:06","date_gmt":"2023-03-24T12:00:06","guid":{"rendered":"https:\/\/perfectvenue.es\/?post_type=product&#038;p=39624"},"modified":"2026-02-16T22:23:29","modified_gmt":"2026-02-16T19:23:29","slug":"catering-for-birthday-parties-we-take-care-of-surprising-your-guests-palate","status":"publish","type":"product","link":"https:\/\/perfectvenue.es\/es\/product\/catering-for-birthday-parties-we-take-care-of-surprising-your-guests-palate\/","title":{"rendered":"Catering para fiestas de cumplea\u00f1os: nos encargamos de que sorprendas el paladar de tus invitados"},"content":{"rendered":"<p><\/p>\n<p style=\"text-align: justify;\"><span style=\"font-weight: 400;\">Si est\u00e1s d\u00e1ndole vueltas a c\u00f3mo llevar a cabo un catering para fiestas de cumplea\u00f1os\u2026 \u00a1Lo tenemos! <\/span><b>Nada como este Perfect Plan para sorprender a todos tus invitados a trav\u00e9s del paladar,<\/b><span style=\"font-weight: 400;\"> \u00a1el de ni\u00f1os y el de adultos!<\/span><\/p>\n<p style=\"text-align: justify;\"><span style=\"font-weight: 400;\">S\u00ed, para eso estamos nosotros aqu\u00ed, para hacerlo todo por vosotros y que teng\u00e1is una celebraci\u00f3n de lo m\u00e1s memorable sin tener que preocuparos de nada. <\/span><b>Nosotros nos adaptamos a la tem\u00e1tica del cumple, a vuestros gustos, al espacio que quer\u00e1is\u2026<\/b><span style=\"font-weight: 400;\"> Vosotros solo ten\u00e9is que relajaros.<\/span><\/p>\n<p style=\"text-align: justify;\"><b>En este art\u00edculo te contamos todo acerca de lo inclu\u00eddo en este plan<\/b><span style=\"font-weight: 400;\">: rica comida para los paladares m\u00e1s exigentes (los de los ni\u00f1os), decoraci\u00f3n de mesas, comida para los adultos, tarta, atenci\u00f3n en todo momento, \u00a1y mucho m\u00e1s!<\/span><\/p>\n<p style=\"text-align: justify;\"><span style=\"font-weight: 400;\">\u00a1Empezamos! \u00a1Es hora de celebrar un cumplea\u00f1os de lo m\u00e1s divertido mientras degust\u00e1is los mejores manjares!<\/span><\/p>\n<h2 style=\"text-align: justify;\">Lo primero: Llevamos tu catering a donde lo necesites<\/h2>\n<p style=\"text-align: justify;\"><span style=\"font-weight: 400;\">\u00a1No hay fronteras entre Comunidades Aut\u00f3nomas! Y es que nos desplazamos por todo el pa\u00eds. <\/span><b>No importa en la regi\u00f3n de Espa\u00f1a en la que tu hijo\/a vaya a soplar las velas, <\/b><span style=\"font-weight: 400;\">nosotros ponemos rumbo a servirte el mejor catering para fiestas de cumplea\u00f1os.<\/span><\/p>\n<p style=\"text-align: justify;\"><span style=\"font-weight: 400;\">Todo el equipo nos<\/span><b> trasladamos para trabajar en cualquier regi\u00f3n en la que nos necesites,<\/b><span style=\"font-weight: 400;\"> sea cual sea el lugar en el que quieras llevar a cabo tu cumplea\u00f1os: Mallorca, Barcelona, Madrid, Sevilla\u2026 \u00a1No existen los l\u00edmites!<\/span><\/p>\n<p style=\"text-align: justify;\"><span style=\"font-weight: 400;\">Si est\u00e1is pensando en celebrar vuestro cumple en casa, o en alg\u00fan espacio de vuestra urbanizaci\u00f3n, \u00a1nosotros nos encargamos! Y si lo vuestro es m\u00e1s una celebraci\u00f3n en un espacio como una granja o un zoo, \u00a1tambi\u00e9n nos encargamos nosotros!<\/span><\/p>\n<p style=\"text-align: justify;\"><span style=\"font-weight: 400;\">Si a\u00fan no tienes claro d\u00f3nde llevar a cabo tu catering para fiestas de cumplea\u00f1os, en Perfect Venue tienes espacios incre\u00edbles por toda Espa\u00f1a para que puedas celebrar tu cumplea\u00f1os con catering incluido y sorprendas no solo al paladar sino a todos los sentidos.<\/span><\/p>\n<h2 style=\"text-align: justify;\">La comida del catering, rica y variada<\/h2>\n<p style=\"text-align: justify;\"><span style=\"font-weight: 400;\">Para el cumplea\u00f1os de tu peque, puedes <\/span><b>personalizar el men\u00fa que m\u00e1s te guste<\/b><span style=\"font-weight: 400;\"> o contar con un men\u00fa degustaci\u00f3n con lo mejor de las especialidades del catering, algo que nos puede venir muy bien para tener gran variedad en la comida.<\/span><\/p>\n<p style=\"text-align: justify;\"><span style=\"font-weight: 400;\">Lo que s\u00ed que est\u00e1 claro es que <\/span><b>en el catering no solo vas a tener lo t\u00edpico que se sirve en cumplea\u00f1os infantiles<\/b><span style=\"font-weight: 400;\"> (burgers, pizzas o perritos calientes) sino que<\/span><b> tambi\u00e9n podr\u00e9is elegir entre opciones m\u00e1s saludables, si as\u00ed lo dese\u00e1is.<\/b><\/p>\n<p style=\"text-align: justify;\"><span style=\"font-weight: 400;\">Adem\u00e1s de la comida, tambi\u00e9n podemos encargarnos de servir dulces: galletas, macarons, huevos k\u00ednder, lacasitos, gominolas, \u00a1una estaci\u00f3n de comida dulce fascinar\u00e1 a todos!<\/span><\/p>\n<h2 style=\"text-align: justify;\">Un rinc\u00f3n para el placer adulto<\/h2>\n<p style=\"text-align: justify;\"><span style=\"font-weight: 400;\">\u00a1Has le\u00eddo bien! Si sois de esos padres que tambi\u00e9n quieren invitar a los padres de otros ni\u00f1os\u2026 \u00a1genial! Porque tambi\u00e9n <\/span><b>nos encargamos de preparar un rinc\u00f3n para que los adultos tambi\u00e9n pod\u00e1is degustar comida m\u00e1s que sabrosa.<\/b><\/p>\n<p style=\"text-align: justify;\"><span style=\"font-weight: 400;\">De una manera m\u00e1s informal, contad con que tendr\u00e9is canap\u00e9s y todo aquello que quer\u00e1is incluir, \u00a1solo ten\u00e9is que decirnos vuestros gustos!\u00a0<\/span><\/p>\n<h2 style=\"text-align: justify;\">No solo est\u00e1 inclu\u00edda la comida<\/h2>\n<p style=\"text-align: justify;\"><span style=\"font-weight: 400;\">S\u00ed, nosotros nos encargamos de conseguir la comida m\u00e1s sabrosa, m\u00e1s saludable y m\u00e1s apetecible y disponerla en tu evento, pero es que <\/span><b>tambi\u00e9n nos encargamos de mucho m\u00e1s para que tu cumple\u00f1os salga redondo.\u00a0<\/b><\/p>\n<p style=\"text-align: justify;\"><span style=\"font-weight: 400;\">\u00a1Sigue leyendo y descubre todo lo que te ofrecemos!<\/span><\/p>\n<h2 style=\"text-align: justify;\">Tarta y pi\u00f1ata\u2026 \u00a1Claro que s\u00ed!<\/h2>\n<p style=\"text-align: justify;\"><span style=\"font-weight: 400;\">\u00bfQu\u00e9 es un catering para fiestas de cumplea\u00f1os sin tarta? \u00a1Nada! Lo mejor es que <\/span><b>nosotros conocemos las mejores pasteler\u00edas<\/b><span style=\"font-weight: 400;\"> para que en el cumplea\u00f1os nadie se quede sin un trozo de tarta.<\/span><\/p>\n<p style=\"text-align: justify;\"><span style=\"font-weight: 400;\">Por eso, <\/span><b>conseguiremos por ti una tarta adaptada a vuestros gustos<\/b><span style=\"font-weight: 400;\">, con fondant, chocolates, nata, dibujos animados\u2026 y, sobre todo, las velas para pedir un deseo.<\/span><\/p>\n<p style=\"text-align: justify;\"><span style=\"font-weight: 400;\">La pi\u00f1ata tambi\u00e9n es algo que suele encantar a los ni\u00f1os, as\u00ed que<\/span><b>, si lo deseas, tambi\u00e9n podemos colocarla en tu catering para fiestas de cumplea\u00f1os<\/b><span style=\"font-weight: 400;\">, \u00a1Diversi\u00f3n asegurada!<\/span><\/p>\n<h2 style=\"text-align: justify;\">Decoraci\u00f3n de las mesas de tu catering para fiestas de cumplea\u00f1os<\/h2>\n<p style=\"text-align: justify;\"><b>La decoraci\u00f3n de la mesa es un imprescindible en cada fiesta. <\/b><span style=\"font-weight: 400;\">Por eso, decoraremos las mesas con la tem\u00e1tica de la fiesta de cumplea\u00f1os, adem\u00e1s conocemos a la perfecci\u00f3n todo sobre tendencias en decoraci\u00f3n de eventos.<\/span><\/p>\n<p style=\"text-align: justify;\"><b>Piezas de Lego a tama\u00f1o gigante, figuras de su personaje preferido, manteles estampados, globos de colores\u2026 <\/b><span style=\"font-weight: 400;\">Nos adaptamos a los gustos as\u00ed como a la edad del cumplea\u00f1ero.<\/span><\/p>\n<h2 style=\"text-align: justify;\">Una fot\u00f3grafa en tu catering para fiestas de cumplea\u00f1os<\/h2>\n<p style=\"text-align: justify;\"><span style=\"font-weight: 400;\">Nadie se va de un evento sin hacerse un mont\u00f3n de fotos para el recuerdo, y es que para la fiesta de cumplea\u00f1os, contratamos por ti a una fot\u00f3grafa profesional.<\/span><\/p>\n<p style=\"text-align: justify;\"><span style=\"font-weight: 400;\">Las fotos son todo un imprescindible en los eventos tanto infantiles como adultos, por eso <\/span><b>nada mejor que contar con un fot\u00f3grafo para que capte de la manera m\u00e1s profesional las sonrisas y las caras de los ni\u00f1os mientras degustan suculentos manjares.<\/b><\/p>\n<p style=\"text-align: justify;\"><span style=\"font-weight: 400;\">\u00a1Nada como las fotos para recordar uno de los d\u00edas m\u00e1s felices de su vida!<\/span><\/p>\n<h2 style=\"text-align: justify;\">Organizaci\u00f3n y coordinaci\u00f3n<\/h2>\n<p style=\"text-align: justify;\"><span style=\"font-weight: 400;\">S\u00ed, nos gusta que todo salga perfecto, por eso <\/span><b>estamos presentes el d\u00eda del cumplea\u00f1os, organizando todo con antelaci\u00f3n y coordinando todo el d\u00eda<\/b><span style=\"font-weight: 400;\"> para que tu catering para fiestas de cumplea\u00f1os salga espectacular.<\/span><\/p>\n<p style=\"text-align: justify;\"><span style=\"font-weight: 400;\">Tendr\u00e1s a una persona ah\u00ed de principio a fin para atender a los ni\u00f1os y a sus necesidades, para que los padres no os teng\u00e1is que preocupar de nada.<\/span><b> \u00a1Los profesionales hacemos todo por ti y estamos pendientes de cada detalle!<\/b><\/p>\n<h2 style=\"text-align: justify;\">El precio, a consultar<\/h2>\n<p style=\"text-align: justify;\"><b>El precio del catering para fiestas de cumplea\u00f1os depende de diferentes factores <\/b><span style=\"font-weight: 400;\">como, por ejemplo, la ubicaci\u00f3n del cumple, el n\u00famero de invitados que tengas, la fecha en la que se vaya a preparar y los elementos con los que exactamente necesit\u00e9is contar.<\/span><\/p>\n<p style=\"text-align: justify;\"><span style=\"font-weight: 400;\">Por eso, te recomendamos que nos contactes para poderte dar un presupuesto personalizado.<\/span><\/p>\n<p style=\"text-align: justify;\"><span style=\"font-weight: 400;\">Los papis que os lanz\u00e1is a la aventura de organizar un catering para fiestas de cumplea\u00f1os seguro que no quer\u00e9is que se os escape ning\u00fan detalle a la hora de organizarlo.<\/span><\/p>\n<p style=\"text-align: justify;\"><span style=\"font-weight: 400;\">Por eso, como en <\/span><b>Perfect Venue<\/b><span style=\"font-weight: 400;\"> nos encantan las fiestas infantiles, <\/span><b>haremos todo por vosotros<\/b><span style=\"font-weight: 400;\">. \u00a1No dud\u00e9is en contactarnos! Ya os estamos esperando para ponernos manos a la obra con los preparativos.<\/span><\/p>\n<p><\/p>","protected":false},"excerpt":{"rendered":"<p style=\"text-align: justify;\"><span style=\"font-weight: 400;\">As\u00ed es el Perfect Plan de contar con un catering para fiestas de cumplea\u00f1os en el d\u00eda m\u00e1s especial del a\u00f1o.<\/span><\/p>\n","protected":false},"featured_media":39464,"comment_status":"closed","ping_status":"closed","template":"","meta":[],"class_list":["post-39624","product","type-product","status-publish","has-post-thumbnail","hentry","product_cat-luxury-birthday-planning","product_tag-catering-madrid"],"_links":{"self":[{"href":"https:\/\/perfectvenue.es\/es\/wp-json\/wp\/v2\/product\/39624","targetHints":{"allow":["GET"]}}],"collection":[{"href":"https:\/\/perfectvenue.es\/es\/wp-json\/wp\/v2\/product"}],"about":[{"href":"https:\/\/perfectvenue.es\/es\/wp-json\/wp\/v2\/types\/product"}],"replies":[{"embeddable":true,"href":"https:\/\/perfectvenue.es\/es\/wp-json\/wp\/v2\/comments?post=39624"}],"wp:featuredmedia":[{"embeddable":true,"href":"https:\/\/perfectvenue.es\/es\/wp-json\/wp\/v2\/media\/39464"}],"wp:attachment":[{"href":"https:\/\/perfectvenue.es\/es\/wp-json\/wp\/v2\/media?parent=39624"}],"curies":[{"name":"wp","href":"https:\/\/api.w.org\/{rel}","templated":true}]}}