{"id":39519,"date":"2023-03-20T17:00:10","date_gmt":"2023-03-20T14:00:10","guid":{"rendered":"https:\/\/perfectvenue.es\/?post_type=product&#038;p=39519"},"modified":"2025-09-18T17:11:27","modified_gmt":"2025-09-18T14:11:27","slug":"una-pedida-de-mano-con-un-chef-en-casa-sorprende-a-tu-chica-desde-la-comodidad-del-hogar","status":"publish","type":"product","link":"https:\/\/perfectvenue.es\/es\/product\/una-pedida-de-mano-con-un-chef-en-casa-sorprende-a-tu-chica-desde-la-comodidad-del-hogar\/","title":{"rendered":"Una pedida de mano con un chef en casa, \u00a1sorprende a tu chica desde la comodidad del hogar!"},"content":{"rendered":"<p><\/p>\n<p style=\"text-align: justify\"><span style=\"font-weight: 400\">Si lo tuyo no es cocinar, pero s\u00ed comer, y quieres disfrutar de una pedida de mano en la comodidad del hogar, sin duda <\/span><b>lo tuyo es realizar una pedida de mano con un chef en casa.<\/b><\/p>\n<p style=\"text-align: justify\"><span style=\"font-weight: 400\">Adem\u00e1s, conocemos a chefs por toda <\/span><b>Espa\u00f1a, pa\u00eds que ha visto nacer a los mejores cocineros de todo el mundo.<\/b><\/p>\n<p style=\"text-align: justify\"><span style=\"font-weight: 400\">S\u00ed, si no quieres hacer la pedida de mano fuera de casa y la quieres sorprender\u2026 nada como esta opci\u00f3n, en la que <\/span><b>nuestros profesionales lo hacen todo<\/b><span style=\"font-weight: 400\">. Pero, \u00bfqu\u00e9 es todo?<\/span><\/p>\n<p style=\"text-align: justify\"><span style=\"font-weight: 400\">Pues sigue leyendo, porque a continuaci\u00f3n te contamos de todo lo que nos encargamos para que tengas una pedida de mano con un chef en casa de lo m\u00e1s exitosa. \u00a1No podra decirte que no!\u00a0<\/span><\/p>\n<p style=\"text-align: justify\"><span style=\"font-weight: 400\">\u00a1Atento todo el mundo!<\/span><\/p>\n<figure id=\"attachment_38420\" aria-describedby=\"caption-attachment-38420\" style=\"width: 700px\" class=\"wp-caption aligncenter\"><img loading=\"lazy\" decoding=\"async\" class=\"size-full wp-image-38420\" src=\"https:\/\/perfectvenue.es\/wp-content\/uploads\/2022\/12\/Gastronomic-wedding-proposal-1.jpg\" alt=\"Marriage proposal Madrid - Perfect Venue\" width=\"700\" height=\"472\" srcset=\"https:\/\/perfectvenue.es\/wp-content\/uploads\/2022\/12\/Gastronomic-wedding-proposal-1.jpg 700w, https:\/\/perfectvenue.es\/wp-content\/uploads\/2022\/12\/Gastronomic-wedding-proposal-1-300x202.jpg 300w, https:\/\/perfectvenue.es\/wp-content\/uploads\/2022\/12\/Gastronomic-wedding-proposal-1-450x303.jpg 450w, https:\/\/perfectvenue.es\/wp-content\/uploads\/2022\/12\/Gastronomic-wedding-proposal-1-600x405.jpg 600w\" sizes=\"auto, (max-width: 700px) 100vw, 700px\" \/><figcaption id=\"caption-attachment-38420\" class=\"wp-caption-text\">Photo via: <a href=\"https:\/\/perfectvenue.es\/product\/gastronomic-wedding-proposal-madrid\/\">Relais &amp; Ch\u00e2teaux Heritage Madrid Hotel<\/a><\/figcaption><\/figure>\n<h2 style=\"text-align: justify\">Convertimos tu casa en un restaurante<\/h2>\n<p style=\"text-align: justify\"><span style=\"font-weight: 400\">No hay nada m\u00e1s exclusivo que contar con un chef privado y ver como tu hogar se llena de un equipo profesional como si de un restaurante se tratase.<\/span><\/p>\n<p style=\"text-align: justify\"><span style=\"font-weight: 400\">El chef llegar\u00e1 con bastante tiempo de antelaci\u00f3n para desarrollar el men\u00fa que hay\u00e1is dise\u00f1ado juntos. Este y su equipo <\/span><b>se encargar\u00e1n de comprar todos los productos necesarios para su elaboraci\u00f3n, adem\u00e1s se ocupar\u00e1n del servicio de mesa<\/b><span style=\"font-weight: 400\">, explicando los detalles de cada plato para que pod\u00e1is disfrutar de una experiencia \u00fanica en la comodidad de tu casa.<\/span><\/p>\n<p style=\"text-align: justify\"><span style=\"font-weight: 400\">Y lo mejor es que antes de marcharse, el chef y su equipo <\/span><b>dejar\u00e1n la cocina impecable<\/b><span style=\"font-weight: 400\">, as\u00ed como los utensilios y vajilla utilizados.<\/span><\/p>\n<p style=\"text-align: justify\"><span style=\"font-weight: 400\">Un servicio discreto y profesional, para garantizar que disfrut\u00e1is de vuestra compa\u00f1\u00eda sin preocuparos de nada. \u00a1Disfruta de una sobremesa sin prisas, sabiendo que el chef se ha encargado de todo!<\/span><\/p>\n<p style=\"text-align: justify\"><span style=\"font-weight: 400\">Cabe destacar que realizar <\/span><b>esta pedida de mano es v\u00e1lida en cualquier espacio con cocina<\/b><span style=\"font-weight: 400\">, y es que aunque no sea vuestra casa y teng\u00e1is una villa alquilada, tambi\u00e9n podemos prepararlo todo.<\/span><\/p>\n<h2 style=\"text-align: justify\">Tu pedida de mano con un chef en casa, en cualquier parte de Espa\u00f1a<\/h2>\n<p style=\"text-align: justify\"><span style=\"font-weight: 400\">\u00a1No hay fronteras entre Comunidades Aut\u00f3nomas! Y es que hay infinidad de chefs en todo el pa\u00eds.<\/span><\/p>\n<p style=\"text-align: justify\"><span style=\"font-weight: 400\">Estos, junto a nosotros, nos<\/span><b> trasladamos para trabajar en cualquier regi\u00f3n en la que les necesites<\/b><span style=\"font-weight: 400\"> sea cual sea el lugar en el que tengas tu casa: la Comunidad Valenciana, Madrid, Andaluc\u00eda, el Pa\u00eds Vasco\u2026 \u00a1No hay l\u00edmites!<\/span><\/p>\n<p style=\"text-align: justify\"><span style=\"font-weight: 400\">Cabe destacar que los men\u00fas se hacen conjuntamente con el cliente y que estos elaboran platos de todos los tipos teniendo siempre en consideraci\u00f3n posibles alergias y preferencias.<\/span><\/p>\n<h2 style=\"text-align: justify\">Te llevamos a un chef especializado en la gastronom\u00eda que quieras<\/h2>\n<p style=\"text-align: justify\"><span style=\"font-weight: 400\">Hacer una pedida de mano con un chef en casa <\/span><b>har\u00e1 que viajes gastron\u00f3micamente sin salir de casa<\/b><span style=\"font-weight: 400\">, ya que los chefs que hay por toda la geograf\u00eda espa\u00f1ola est\u00e1n especializados en todo tipo de gastronom\u00edas.<\/span><\/p>\n<p style=\"text-align: justify\"><span style=\"font-weight: 400\">As\u00ed pues, no dejar\u00e1s de sorprender a tu pareja con ricos platos de la gastronom\u00eda que quieras: <\/span><b>japonesa, tailandesa, estadounidense, mexicana, china, italiana, francesa\u2026<\/b><\/p>\n<p style=\"text-align: justify\"><span style=\"font-weight: 400\">\u00a1El chef privado os trasladar\u00e1 mediante aromas y sabores!<\/span><\/p>\n<figure id=\"attachment_37915\" aria-describedby=\"caption-attachment-37915\" style=\"width: 700px\" class=\"wp-caption aligncenter\"><img loading=\"lazy\" decoding=\"async\" class=\"size-full wp-image-37915\" src=\"https:\/\/perfectvenue.es\/wp-content\/uploads\/2022\/11\/dinner-sea-views-marriage-proposal-mallorca-33.jpg\" alt=\"Marriage proposal Mallorca\" width=\"700\" height=\"467\" srcset=\"https:\/\/perfectvenue.es\/wp-content\/uploads\/2022\/11\/dinner-sea-views-marriage-proposal-mallorca-33.jpg?v=1667824187 700w, https:\/\/perfectvenue.es\/wp-content\/uploads\/2022\/11\/dinner-sea-views-marriage-proposal-mallorca-33-300x200.jpg?v=1667824187 300w, https:\/\/perfectvenue.es\/wp-content\/uploads\/2022\/11\/dinner-sea-views-marriage-proposal-mallorca-33-450x300.jpg?v=1667824187 450w, https:\/\/perfectvenue.es\/wp-content\/uploads\/2022\/11\/dinner-sea-views-marriage-proposal-mallorca-33-600x400.jpg?v=1667824187 600w\" sizes=\"auto, (max-width: 700px) 100vw, 700px\" \/><figcaption id=\"caption-attachment-37915\" class=\"wp-caption-text\">Photo via <a href=\"https:\/\/nataliaortizevents.com\">Weddings and Events by Natalia Ortiz<\/a><\/figcaption><\/figure>\n<h2 style=\"text-align: justify\">Decoramos toda la casa mientras te llevas a la novia<\/h2>\n<p style=\"text-align: justify\"><span style=\"font-weight: 400\">S\u00ed, nuestro m\u00e1gico equipo de decoradores ir\u00e1 a tu casa para transformar el lugar en un para\u00edso. Reorganizar\u00e1n el espacio, decorar\u00e1n todo\u2026 \u00a1sin duda te sorprender\u00e1n!\u00a0<\/span><\/p>\n<p style=\"text-align: justify\"><span style=\"font-weight: 400\">Lo mejor es que la decoraci\u00f3n siempre es a tu gusto, por lo que <\/span><b>podemos decorar tu casa <\/b><b>con flores naturales, con velas, con p\u00e9talos de rosas, con un estilo navide\u00f1o\u2026 <\/b><span style=\"font-weight: 400\">Siempre dependiendo de lo que t\u00fa quieras y de tu presupuesto.<\/span><\/p>\n<p style=\"text-align: justify\"><span style=\"font-weight: 400\">\u00a1T\u00fa solo enc\u00e1rgate de llevarte a la novia a dar un paseo! Para que no vea nada y luego se lleve la sorpresa.<\/span><\/p>\n<h2 style=\"text-align: justify\">Todo preparado para vuestra llegada<\/h2>\n<p style=\"text-align: justify\"><span style=\"font-weight: 400\">S\u00ed, <\/span><b>cuando llegu\u00e9is a casa ya tendr\u00e9is todo decorado, el chef cocinando, el fot\u00f3grafo disparando los flashes, la m\u00fasica sonando\u2026<\/b><\/p>\n<p style=\"text-align: justify\"><span style=\"font-weight: 400\">Solo os tendr\u00e9is que sentar a brindar con el vino o el champ\u00e1n que habremos preparado, \u00a1Y a cenar antes de la gran pregunta!<\/span><\/p>\n<h2 style=\"text-align: justify\">Fot\u00f3grafo y vide\u00f3grafo para el momento<\/h2>\n<p style=\"text-align: justify\"><span style=\"font-weight: 400\">Para recordar los momentos vividos en tu pedida de mano con un chef en casa, recomendamos siempre contratar el servicio de una <\/span><b>fot\u00f3grafa y de un vide\u00f3grafo profesional<\/b><span style=\"font-weight: 400\"> para luego poder rememorar una y otra vez tu celebraci\u00f3n por todo lo alto.<\/span><\/p>\n<p style=\"text-align: justify\"><span style=\"font-weight: 400\">\u00a1No puedes decir que no a tener un reportaje de uno de los grandes momentos de tu vida!<\/span><\/p>\n<p style=\"text-align: justify\"><span style=\"font-weight: 400\">Adem\u00e1s, si lo dese\u00e1is, adem\u00e1s de la imagen, nosotros tambi\u00e9n <\/span><b>podemos hacernos cargo de la iluminaci\u00f3n y el sonido, de la animaci\u00f3n\u2026<\/b><\/p>\n<figure id=\"attachment_37429\" aria-describedby=\"caption-attachment-37429\" style=\"width: 700px\" class=\"wp-caption aligncenter\"><img loading=\"lazy\" decoding=\"async\" class=\"size-full wp-image-37429\" src=\"https:\/\/perfectvenue.es\/wp-content\/uploads\/2022\/09\/Showcooking-trend.jpg\" alt=\"Wedding trends - Perfect Venue\" width=\"700\" height=\"887\" srcset=\"https:\/\/perfectvenue.es\/wp-content\/uploads\/2022\/09\/Showcooking-trend.jpg 700w, https:\/\/perfectvenue.es\/wp-content\/uploads\/2022\/09\/Showcooking-trend-237x300.jpg 237w, https:\/\/perfectvenue.es\/wp-content\/uploads\/2022\/09\/Showcooking-trend-450x570.jpg 450w, https:\/\/perfectvenue.es\/wp-content\/uploads\/2022\/09\/Showcooking-trend-631x800.jpg 631w, https:\/\/perfectvenue.es\/wp-content\/uploads\/2022\/09\/Showcooking-trend-600x760.jpg 600w\" sizes=\"auto, (max-width: 700px) 100vw, 700px\" \/><figcaption id=\"caption-attachment-37429\" class=\"wp-caption-text\">Photo via: Pinterest.com<\/figcaption><\/figure>\n<h2 style=\"text-align: justify\">M\u00fasica en directo<\/h2>\n<p style=\"text-align: justify\"><span style=\"font-weight: 400\">\u00bfQu\u00e9 es un momento especial sin m\u00fasica? \u00a1Nada! Por eso, el viol\u00edn, la guitarra, el saxofonista o el instrumento que m\u00e1s os guste a vosotros puede estar <\/span><b>en directo para encargarse de amenizar la velada<\/b><span style=\"font-weight: 400\">.<\/span><\/p>\n<p style=\"text-align: justify\"><span style=\"font-weight: 400\">Y es que, como todos sabemos, no hay nada mejor que la m\u00fasica para avivar las emociones y hacer de los momentos algo \u00fanico, memorable y significativo, \u00a1y m\u00e1s si es la m\u00fasica que vosotros eleg\u00eds! Seguro que ten\u00e9is una canci\u00f3n favorita\u2026<\/span><\/p>\n<p style=\"text-align: justify\"><span style=\"font-weight: 400\">Si no tienes claro que canciones quieres que suenen, nosotros te damos unas cuantas ideas: <\/span><b><a href=\"https:\/\/perfectvenue.es\/2023\/02\/15\/this-is-the-top-of-the-40-best-songs-for-a-marriage-proposal\/\">Este es el top de las mejores 40 canciones para una pedida de mano<\/a>.<\/b><\/p>\n<h2 style=\"text-align: justify\">Organizaci\u00f3n y coordinaci\u00f3n<\/h2>\n<p style=\"text-align: justify\"><span style=\"font-weight: 400\">S\u00ed, nos gusta que todo salga perfecto, por eso <\/span><b>formamos parte de vuestra pedida de mano con un chef en casa organizando todo con antelaci\u00f3n y coordinando todo el d\u00eda<\/b><span style=\"font-weight: 400\">.<\/span><\/p>\n<p style=\"text-align: justify\"><span style=\"font-weight: 400\">Conseguiremos poner todo a punto para que la decoraci\u00f3n sea como imagin\u00e1is, que los vinos queden geniales con los platos servidos, que la fot\u00f3grafa no se deje nada por captar\u2026 \u00a1<\/span><b>Estamos pendientes de cada detalle<\/b><span style=\"font-weight: 400\">!<\/span><\/p>\n<p style=\"text-align: justify\"><span style=\"font-weight: 400\">Prepararemos todo a vuestra medida, solo ten\u00e9is que pedirnos todo aquello que sea imprescindible para vuestro d\u00eda, \u00a1y <\/span><b>vuestros deseos se har\u00e1n \u00f3rdenes<\/b><span style=\"font-weight: 400\">!<\/span><\/p>\n<h2 style=\"text-align: justify\">Los precios, a consultar<\/h2>\n<p style=\"text-align: justify\"><b>El precio de una pedida de mano con un chef en casa siempre depender\u00e1 de diferentes factores<\/b><span style=\"font-weight: 400\"> como, por ejemplo, la ubicaci\u00f3n del espacio, la fecha en la que se vaya a preparar y los elementos con los que exactamente necesit\u00e9is contar: comida, transporte, animaci\u00f3n\u2026<\/span><\/p>\n<p style=\"text-align: justify\"><span style=\"font-weight: 400\">Esta experiencia har\u00e1 que te olvides del estr\u00e9s de dise\u00f1ar un men\u00fa, ir a comprarlo, cocinarlo, servirlo, limpiar todo despu\u00e9s, decorar el espacio y de hacerlo todo sin que la novia sospeche. \u00a1Muy dif\u00edcil!<\/span><\/p>\n<figure id=\"attachment_17640\" aria-describedby=\"caption-attachment-17640\" style=\"width: 700px\" class=\"wp-caption aligncenter\"><img loading=\"lazy\" decoding=\"async\" class=\"wp-image-17640\" src=\"https:\/\/perfectvenue.es\/wp-content\/uploads\/2018\/04\/villa-son-doblons-10.jpg\" alt=\"Villa Son Doblons\" width=\"700\" height=\"467\" srcset=\"https:\/\/perfectvenue.es\/wp-content\/uploads\/2018\/04\/villa-son-doblons-10.jpg?v=1626108535 850w, https:\/\/perfectvenue.es\/wp-content\/uploads\/2018\/04\/villa-son-doblons-10-600x400.jpg?v=1626108535 600w, https:\/\/perfectvenue.es\/wp-content\/uploads\/2018\/04\/villa-son-doblons-10-300x200.jpg?v=1626108535 300w, https:\/\/perfectvenue.es\/wp-content\/uploads\/2018\/04\/villa-son-doblons-10-768x512.jpg?v=1626108535 768w, https:\/\/perfectvenue.es\/wp-content\/uploads\/2018\/04\/villa-son-doblons-10-450x300.jpg?v=1626108535 450w\" sizes=\"auto, (max-width: 700px) 100vw, 700px\" \/><figcaption id=\"caption-attachment-17640\" class=\"wp-caption-text\">Villa Son Doblons<\/figcaption><\/figure>\n<p style=\"text-align: justify\">\n<p style=\"text-align: justify\"><span style=\"font-weight: 400\">Nosotros estamos a vuestra disposici\u00f3n para escuchar vuestras ilusiones y deseos y tratar de ofreceros vuestro plan m\u00e1s perfecto para que todos vuestros sue\u00f1os se hagan realidad.\u00a0<\/span><\/p>\n<p style=\"text-align: justify\"><span style=\"font-weight: 400\">\u00a1Cont\u00e1ctanos en <\/span><b>Perfect Venue<\/b><span style=\"font-weight: 400\"> para que nos pongamos en marcha con tu pedida de mano con un chef en casa!<\/span><\/p>\n<p style=\"text-align: justify\">\n<span style=\"font-weight: 400\">Y si una pedida de mano con un chef en casa no te termina de convencer, no te pierdas estas otras ideas: una <\/span><a href=\"https:\/\/perfectvenue.es\/product\/marriage-proposal-in-a-private-castle-is-the-perfect-plan-you-need-to-surprise-your-partner\/\"><b>pedida de mano en un castillo privado<\/b><\/a><span style=\"font-weight: 400\">, una <\/span><a href=\"https:\/\/perfectvenue.es\/product\/an-original-marriage-proposal-dont-miss-out-on-the-perfect-plan-to-live-a-marriage-proposal-with-an-aerial-show\/\"><b>pedida de mano con show en el aire<\/b><\/a><span style=\"font-weight: 400\">, una <\/span><a href=\"https:\/\/perfectvenue.es\/product\/propose-to-her-among-the-barrels-with-this-perfect-plan-an-engagement-in-a-winery-with-a-wine-degustation\/\"><b>pedida de mano en unas bodegas con cata de vinos<\/b><\/a><span style=\"font-weight: 400\">, una <\/span><a href=\"https:\/\/perfectvenue.es\/product\/wedding-proposal-with-flashmob-included-ask-her-down-to-the-rhythm-of-the-music-with-this-perfect-plan\/\"><b>pedida de mano con flashmob<\/b><\/a><span style=\"font-weight: 400\"> o una <\/span><b><a href=\"https:\/\/perfectvenue.es\/product\/pedida-mano-una-cena-romantica-frente-al-mar-mallorca\/\">pedida de mano en Mallorca<\/a>.<\/b><\/p>\n<p><\/p>","protected":false},"excerpt":{"rendered":"<p style=\"text-align: justify\"><span style=\"font-weight: 400\">Una pedida de mano con un chef en casa es la opci\u00f3n ideal para sorprender a tu chica desde la comodidad del hogar.<\/span><\/p>\n","protected":false},"featured_media":51193,"comment_status":"closed","ping_status":"closed","template":"","meta":[],"class_list":["post-39519","product","type-product","status-publish","has-post-thumbnail","hentry","product_cat-marriage-proposal-packages","product_cat-perfect-plan","product_tag-chef-privado-espana","product_tag-marriage-proposal-ideas","product_tag-marriage-proposal-spain","product_tag-pedida-de-mano-con-chef","product_tag-pedida-de-mano-ideas","product_tag-pedida-de-mano-original","product_tag-private-chef-spain","product_tag-6551","product_tag-6552","product_tag-5126"],"_links":{"self":[{"href":"https:\/\/perfectvenue.es\/es\/wp-json\/wp\/v2\/product\/39519","targetHints":{"allow":["GET"]}}],"collection":[{"href":"https:\/\/perfectvenue.es\/es\/wp-json\/wp\/v2\/product"}],"about":[{"href":"https:\/\/perfectvenue.es\/es\/wp-json\/wp\/v2\/types\/product"}],"replies":[{"embeddable":true,"href":"https:\/\/perfectvenue.es\/es\/wp-json\/wp\/v2\/comments?post=39519"}],"wp:featuredmedia":[{"embeddable":true,"href":"https:\/\/perfectvenue.es\/es\/wp-json\/wp\/v2\/media\/51193"}],"wp:attachment":[{"href":"https:\/\/perfectvenue.es\/es\/wp-json\/wp\/v2\/media?parent=39519"}],"curies":[{"name":"wp","href":"https:\/\/api.w.org\/{rel}","templated":true}]}}