{"id":39138,"date":"2023-02-27T18:45:26","date_gmt":"2023-02-27T15:45:26","guid":{"rendered":"https:\/\/perfectvenue.es\/?post_type=product&#038;p=39138"},"modified":"2025-07-21T15:41:00","modified_gmt":"2025-07-21T12:41:00","slug":"marriage-proposal-in-a-private-castle-is-the-perfect-plan-you-need-to-surprise-your-partner","status":"publish","type":"product","link":"https:\/\/perfectvenue.es\/es\/product\/marriage-proposal-in-a-private-castle-is-the-perfect-plan-you-need-to-surprise-your-partner\/","title":{"rendered":"Hacer tu pedida de mano en un castillo privado es el Perfect Plan que necesitas para sorprender a tu pareja"},"content":{"rendered":"<p><\/p>\n<p style=\"text-align: justify;\"><span style=\"font-weight: 400;\">Toda princesa se merece un castillo de cuento, por lo que una pedida de mano en un castillo privado es algo con lo que sin duda, no podr\u00e1s fallar.\u00a0<\/span><\/p>\n<p style=\"text-align: justify;\"><span style=\"font-weight: 400;\">Si vais a venir de vacaciones a Espa\u00f1a, aprovecha el magn\u00edfico viaje para pedir la mano a tu pareja en <\/span><b>cualquiera de los castillos tan rom\u00e1nticos con los que cuenta nuestro pa\u00eds. <\/b><span style=\"font-weight: 400;\">Nosotros nos desplazamos junto a los mejores profesionales para ponerlo todo a punto para que hinques rodilla en una fortaleza. \u00a1Nos encargamos de todo!<\/span><\/p>\n<p style=\"text-align: justify;\"><span style=\"font-weight: 400;\">En este art\u00edculo te contamos todo acerca de este Perfect Plan para que teng\u00e1is una pedida de mano para recordar toda la vida, \u00a1tan sencillo solo <\/span><b>reservar con un solo clic<\/b><span style=\"font-weight: 400;\">!\u00a0<\/span><\/p>\n<p style=\"text-align: justify;\"><span style=\"font-weight: 400;\">Ya mismo te contamos de todo lo que nos encargamos para que tengas <\/span><b>una pedida de mano en un castillo privado de lo m\u00e1s exitosa<\/b><span style=\"font-weight: 400;\">. \u00a1Se quedar\u00e1 prendada! <\/span><\/p>\n<figure id=\"attachment_24622\" aria-describedby=\"caption-attachment-24622\" style=\"width: 700px\" class=\"wp-caption aligncenter\"><img loading=\"lazy\" decoding=\"async\" class=\"wp-image-24622\" src=\"https:\/\/perfectvenue.es\/wp-content\/uploads\/2020\/01\/castillo-peralada-venue-22.jpg\" alt=\"Castillo Peralada - Perfect Venue\" width=\"700\" height=\"463\" srcset=\"https:\/\/perfectvenue.es\/wp-content\/uploads\/2020\/01\/castillo-peralada-venue-22.jpg?v=1626105211 850w, https:\/\/perfectvenue.es\/wp-content\/uploads\/2020\/01\/castillo-peralada-venue-22-300x198.jpg?v=1626105211 300w, https:\/\/perfectvenue.es\/wp-content\/uploads\/2020\/01\/castillo-peralada-venue-22-768x508.jpg?v=1626105211 768w, https:\/\/perfectvenue.es\/wp-content\/uploads\/2020\/01\/castillo-peralada-venue-22-450x298.jpg?v=1626105211 450w, https:\/\/perfectvenue.es\/wp-content\/uploads\/2020\/01\/castillo-peralada-venue-22-600x397.jpg?v=1626105211 600w\" sizes=\"auto, (max-width: 700px) 100vw, 700px\" \/><figcaption id=\"caption-attachment-24622\" class=\"wp-caption-text\"><a href=\"https:\/\/perfectvenue.es\/listings\/castell-peralada\/\">Peralada Castle<\/a><\/figcaption><\/figure>\n<h3 style=\"text-align: justify;\">Espa\u00f1a, pa\u00eds de castillos<\/h3>\n<p style=\"text-align: justify;\"><span style=\"font-weight: 400;\">En tu pedida de mano en un castillo privado podr\u00e1s elegir entre la infinidad de castillos con los que cuenta nuestro pa\u00eds.\u00a0<\/span><\/p>\n<p style=\"text-align: justify;\"><span style=\"font-weight: 400;\">Desde castillos circulares, templarios, o a pie de playa. Lo mejor es que todos parecen sacados de cuento, de postal, o escenario de una pel\u00edcula.<\/span><\/p>\n<p style=\"text-align: justify;\"><span style=\"font-weight: 400;\">No te pierdas el Perfect Plan de esta <a href=\"https:\/\/perfectvenue.es\/product\/marriage-proposal-in-castle-buen-amor\/\"><strong>pedida de mano de ensue\u00f1o durante el atardecer en el Castillo del Buen Amor<\/strong><\/a>, en Salamanca. Es uno de nuestros castillos favoritos, \u00a1por algo ser\u00e1!<\/span><\/p>\n<h3 style=\"text-align: justify;\">Espacios de cuento para el \u201cs\u00ed quiero\u201d<\/h3>\n<p style=\"text-align: justify;\"><span style=\"font-weight: 400;\">Vuestra pedida de mano se merece unos espacios tan \u00fanicos como los que tienen los castillos, y lo mejor es que ten\u00e9is a vuestra disposici\u00f3n todos los espacios de la fortaleza que elij\u00e1is.<\/span><\/p>\n<p style=\"text-align: justify;\"><span style=\"font-weight: 400;\">En el patio, con vistas al castillo, en la terraza, en la biblioteca, en el patio de armas, en los jardines repletos de naturaleza, \u00a1para que elijas donde quieres hincar rodilla!<\/span><\/p>\n<p style=\"text-align: justify;\"><span style=\"font-weight: 400;\">La idea m\u00e1s aut\u00e9ntica que nosotros os proponemos es llevar a cabo la <\/span><b>rom\u00e1ntica pedida de mano con vistas al castillo,<\/b><span style=\"font-weight: 400;\"> que se convierte en un espacio de cuento con la ca\u00edda del sol. \u00a1Nos encantan las pedidas de mano al atardecer!<\/span><\/p>\n<figure id=\"attachment_37635\" aria-describedby=\"caption-attachment-37635\" style=\"width: 700px\" class=\"wp-caption aligncenter\"><img loading=\"lazy\" decoding=\"async\" class=\"size-full wp-image-37635\" src=\"https:\/\/perfectvenue.es\/wp-content\/uploads\/2022\/10\/Renewal-of-vows-of-an-American-couple-in-Spain-15.jpeg\" alt=\"Event in Castle - Perfect Venue\" width=\"700\" height=\"1050\" srcset=\"https:\/\/perfectvenue.es\/wp-content\/uploads\/2022\/10\/Renewal-of-vows-of-an-American-couple-in-Spain-15.jpeg 700w, https:\/\/perfectvenue.es\/wp-content\/uploads\/2022\/10\/Renewal-of-vows-of-an-American-couple-in-Spain-15-200x300.jpeg 200w, https:\/\/perfectvenue.es\/wp-content\/uploads\/2022\/10\/Renewal-of-vows-of-an-American-couple-in-Spain-15-683x1024.jpeg 683w, https:\/\/perfectvenue.es\/wp-content\/uploads\/2022\/10\/Renewal-of-vows-of-an-American-couple-in-Spain-15-450x675.jpeg 450w, https:\/\/perfectvenue.es\/wp-content\/uploads\/2022\/10\/Renewal-of-vows-of-an-American-couple-in-Spain-15-533x800.jpeg 533w, https:\/\/perfectvenue.es\/wp-content\/uploads\/2022\/10\/Renewal-of-vows-of-an-American-couple-in-Spain-15-600x900.jpeg 600w\" sizes=\"auto, (max-width: 700px) 100vw, 700px\" \/><figcaption id=\"caption-attachment-37635\" class=\"wp-caption-text\"><a href=\"https:\/\/perfectvenue.es\/listings\/castillo-buen-amor\/\">Castillo del Buen Amor<\/a>. Photo via: <a href=\"https:\/\/nataliaortizevents.com\">Weddings and Events by Natalia Ortiz<\/a><\/figcaption><\/figure>\n<h3 style=\"text-align: justify;\">La decoraci\u00f3n, presente en la escena<\/h3>\n<p style=\"text-align: justify;\"><span style=\"font-weight: 400;\">La decoraci\u00f3n es un a\u00f1adido que siempre ayuda a disfrutar del momento y a recordarlo para toda la vida, por eso no podemos dejar de un lado el romanticismo y usar elementos decorativos en tu pedida de mano en un castillo privado <\/span><b>como p\u00e9talos de rosa para formar un coraz\u00f3n, globos rojos, cojines y mantas de picnic, jarrones con flores, letras en gigante, pizarras, cuadros&#8230;<\/b><span style=\"font-weight: 400;\"> \u00a1y hasta puedes proponer tu propia decoraci\u00f3n!<\/span><\/p>\n<p style=\"text-align: justify;\"><span style=\"font-weight: 400;\">S\u00ed, si tu chica es una entusiasta del teatro, el circo, la pintura, la escultura o el baile, nos encargamos de decorar el espacio del castillo elegido acorde a sus pasiones. \u00a1M\u00e1s memorable a\u00fan!<\/span><\/p>\n<h3 style=\"text-align: justify;\">Un chef cocinando solo para vosotros<\/h3>\n<p style=\"text-align: justify;\"><span style=\"font-weight: 400;\">No hay nada m\u00e1s exclusivo que contar con un chef privado, desarrollara men\u00fa suculento para sorprenderos y degustar sabores exquisitos, explicando los detalles de cada plato para que pod\u00e1is disfrutar de una experiencia \u00fanica<\/span><\/p>\n<p style=\"text-align: justify;\"><span style=\"font-weight: 400;\">\u00a1Disfruta de una sobremesa sin prisas, sabiendo que el chef esta creando unos platos \u00fanicos para una pedida de mano en un castillo privado!<\/span><\/p>\n<p style=\"text-align: justify;\"><span style=\"font-weight: 400;\">Adem\u00e1s, podr\u00e1s sorprender a tu pareja con ricos platos de la gastronom\u00eda que quieras: <\/span><b>japonesa, tailandesa, estadounidense, mexicana, china, italiana, francesa\u2026 solo tienes que comunicarnos que especialidad quieres para el gran momento.\u00a0<\/b><\/p>\n<h3 style=\"text-align: justify;\">Fuegos artificiales para la gran pregunta<\/h3>\n<p style=\"text-align: justify;\"><span style=\"font-weight: 400;\">Cuando ya hay\u00e1is cenado es momento de hacer la gran pregunta, y si el espacio lo permite podemos preparar un <\/span><b>castillo de fuegos artificiales para hacer del momento de la pedida algo a\u00fan m\u00e1s \u00fanico y memorable.<\/b><\/p>\n<p style=\"text-align: justify;\"><span style=\"font-weight: 400;\">Al tener que ser el espect\u00e1culo al aire libre, puedes elegir cenar con vistas al castillo o en alguna terraza, para que los fuegos artificiales salgan sin tener que moveros del lugar. Si, por el contrario, eliges cenar en el interior de la fortaleza, cuando termine la velada\u2026 toca dar un paseo por los exteriores.<\/span><\/p>\n<p style=\"text-align: justify;\"><span style=\"font-weight: 400;\">\u00a1<\/span><b>Imagina su cara cuando de repente un coraz\u00f3n rojo gigante estalle en el cielo<\/b><span style=\"font-weight: 400;\">! En ese justo momento te arrodillar\u00e1s y la dejar\u00e1s sin aliento.\u00a0<\/span><\/p>\n<figure id=\"attachment_37708\" aria-describedby=\"caption-attachment-37708\" style=\"width: 700px\" class=\"wp-caption aligncenter\"><img loading=\"lazy\" decoding=\"async\" class=\"size-full wp-image-37708\" src=\"https:\/\/perfectvenue.es\/wp-content\/uploads\/2022\/10\/The-marriage-proposal-in-Alicante-in-the-Castle-of-Santa-Barbara-10.jpeg\" alt=\"Proposal in Alicante - Perfect Venue\" width=\"700\" height=\"980\" srcset=\"https:\/\/perfectvenue.es\/wp-content\/uploads\/2022\/10\/The-marriage-proposal-in-Alicante-in-the-Castle-of-Santa-Barbara-10.jpeg 700w, https:\/\/perfectvenue.es\/wp-content\/uploads\/2022\/10\/The-marriage-proposal-in-Alicante-in-the-Castle-of-Santa-Barbara-10-214x300.jpeg 214w, https:\/\/perfectvenue.es\/wp-content\/uploads\/2022\/10\/The-marriage-proposal-in-Alicante-in-the-Castle-of-Santa-Barbara-10-450x630.jpeg 450w, https:\/\/perfectvenue.es\/wp-content\/uploads\/2022\/10\/The-marriage-proposal-in-Alicante-in-the-Castle-of-Santa-Barbara-10-571x800.jpeg 571w, https:\/\/perfectvenue.es\/wp-content\/uploads\/2022\/10\/The-marriage-proposal-in-Alicante-in-the-Castle-of-Santa-Barbara-10-600x840.jpeg 600w\" sizes=\"auto, (max-width: 700px) 100vw, 700px\" \/><figcaption id=\"caption-attachment-37708\" class=\"wp-caption-text\">Photo via: <a href=\"https:\/\/nataliaortizevents.com\">Weddings and Events by Natalia Ortiz<\/a><\/figcaption><\/figure>\n<h3 style=\"text-align: justify;\">Un detalle floral para la novia<\/h3>\n<p style=\"text-align: justify;\"><span style=\"font-weight: 400;\">Regalar un ramo de flores a la novia aporta al momento mucho m\u00e1s romanticismo y magia, por eso nosotros nos encargamos de conseguir las flores m\u00e1s frescas para que se lo regales a la novia durante vuestra <\/span><b>pedida de mano en un castillo privado<\/b><span style=\"font-weight: 400;\">.<\/span><\/p>\n<p style=\"text-align: justify;\"><span style=\"font-weight: 400;\">Configuraremos un ramo repleto de <\/span><b>margaritas, rosas, lavanda, hojas de eucalipto, girasoles, lirios, tulipanes\u2026<\/b><span style=\"font-weight: 400;\"> \u00a1todo lo que imagines! Pero, si son las favoritas de la novia mejor que mejor. \u00a1Para que se las entregues cuando terminen los fuegos artificiales y le hayas puesto el anillo!<\/span><\/p>\n<h3 style=\"text-align: justify;\">Fot\u00f3grafo y videografo para captar el momento<\/h3>\n<p style=\"text-align: justify;\"><span style=\"font-weight: 400;\">Es de suma importancia que para el momento de la pedida de mano est\u00e9n presentes un fot\u00f3grafo y un vide\u00f3grafo, ya que es un momento que merece la pena recordar toda la vida.<\/span><\/p>\n<p style=\"text-align: justify;\"><span style=\"font-weight: 400;\">Por ello, considera contar con una<\/span><b> fot\u00f3grafa profesional encargada de plasmar cada momento con su objetivo, as\u00ed como de un videografo responsable de filmar cada escena <\/b><span style=\"font-weight: 400;\">para contar con un v\u00eddeo \u00fanico para que nunca olvid\u00e9is c\u00f3mo fue ese gran momento.<\/span><\/p>\n<p style=\"text-align: justify;\"><span style=\"font-family: inherit; font-size: 16px;\"><span style=\"font-weight: 400;\">Podr\u00e9is tener fotos por los diferentes lugares del castillo, ya que este ofrece muchas opciones de espacios: <\/span><b>se\u00f1oriales salones, artesonados decorados con escudos, bibliotecas, claustros, piscinas, jardines, terrazas de lo m\u00e1s rom\u00e1nticas<\/b><span style=\"font-weight: 400;\">. \u00a1Todo depende del castillo elegido! <\/span> <\/span><\/p>\n<figure id=\"attachment_33680\" aria-describedby=\"caption-attachment-33680\" style=\"width: 700px\" class=\"wp-caption aligncenter\"><img loading=\"lazy\" decoding=\"async\" class=\"size-full wp-image-33680\" src=\"https:\/\/perfectvenue.es\/wp-content\/uploads\/2010\/02\/1.png\" alt=\"\" width=\"700\" height=\"464\" srcset=\"https:\/\/perfectvenue.es\/wp-content\/uploads\/2010\/02\/1.png?v=1644845249 700w, https:\/\/perfectvenue.es\/wp-content\/uploads\/2010\/02\/1-300x199.png?v=1644845249 300w, https:\/\/perfectvenue.es\/wp-content\/uploads\/2010\/02\/1-450x298.png?v=1644845249 450w, https:\/\/perfectvenue.es\/wp-content\/uploads\/2010\/02\/1-600x398.png?v=1644845249 600w\" sizes=\"auto, (max-width: 700px) 100vw, 700px\" \/><figcaption id=\"caption-attachment-33680\" class=\"wp-caption-text\"><a href=\"https:\/\/perfectvenue.es\/listings\/castillo-batres\/\">Castillo Batres<\/a><\/figcaption><\/figure>\n<h3 style=\"text-align: justify;\">M\u00fasica en directo<\/h3>\n<p style=\"text-align: justify;\"><span style=\"font-weight: 400;\">\u00bfQu\u00e9 es un momento especial sin m\u00fasica? \u00a1Nada! Por eso, el viol\u00edn, la guitarra, el saxofonista o el instrumento que m\u00e1s os guste a vosotros puede estar <\/span><b>en directo para encargarse de amenizar la velada<\/b><span style=\"font-weight: 400;\">.<\/span><\/p>\n<p style=\"text-align: justify;\"><span style=\"font-weight: 400;\">Y es que, como todos sabemos, no hay nada mejor que la m\u00fasica para avivar las emociones y hacer de los momentos algo \u00fanico, memorable y significativo, \u00a1y m\u00e1s si es la m\u00fasica que vosotros eleg\u00eds! Seguro que ten\u00e9is una canci\u00f3n favorita\u2026<\/span><\/p>\n<p style=\"text-align: justify;\"><span style=\"font-weight: 400;\">Si no tienes claro que canciones quieres que suenen, nosotros te damos unas cuantas ideas: <\/span><b><a href=\"https:\/\/perfectvenue.es\/2023\/02\/15\/this-is-the-top-of-the-40-best-songs-for-a-marriage-proposal\/\">Este es el top de las mejores 40 canciones para una pedida de mano<\/a>.<\/b><\/p>\n<h3 style=\"text-align: justify;\">Organizaci\u00f3n y coordinaci\u00f3n<\/h3>\n<p style=\"text-align: justify;\"><span style=\"font-weight: 400;\">S\u00ed, nos gusta que todo salga perfecto, por eso <\/span><b>formamos parte de vuestra pedida de mano en un castillo privado organizando todo con antelaci\u00f3n y coordinando todo el d\u00eda<\/b><span style=\"font-weight: 400;\">.<\/span><\/p>\n<p style=\"text-align: justify;\"><span style=\"font-weight: 400;\">Conseguiremos poner todo a punto para que la decoraci\u00f3n sea como imagin\u00e1is, que los fuegos artificiales estallen en el momento perfecto, que la fot\u00f3grafa no se deje nada por captar\u2026 \u00a1<\/span><b>Estamos pendientes de cada detalle<\/b><span style=\"font-weight: 400;\">!<\/span><\/p>\n<p style=\"text-align: justify;\"><span style=\"font-weight: 400;\">Prepararemos todo a vuestra medida, solo ten\u00e9is que pedirnos todo aquello que sea imprescindible para vuestro d\u00eda, \u00a1y <\/span><b>vuestros deseos se har\u00e1n \u00f3rdenes<\/b><span style=\"font-weight: 400;\">!<\/span><\/p>\n<h3 style=\"text-align: justify;\">Los precios, a consultar<\/h3>\n<p style=\"text-align: justify;\"><b>El precio de una pedida de mano en un castillo privado, depende de diferentes factores <\/b><span style=\"font-weight: 400;\">como, por ejemplo, la ubicaci\u00f3n del castillo, la fecha en la que se vaya a preparar y los elementos con los que exactamente necesit\u00e9is contar: comida, transporte, animaci\u00f3n\u2026<\/span><\/p>\n<p style=\"text-align: justify;\"><span style=\"font-weight: 400;\">Con antelaci\u00f3n podemos informarte de que <\/span><b>el precio de alquilar el castillo para usarlo vosotros solos son m\u00ednimo 5.000 euros, ya que es una mansi\u00f3n enorme sin nada de hu\u00e9spedes.<\/b><span style=\"font-weight: 400;\"> \u00a1Solo para vosotros solos!<\/span><\/p>\n<figure id=\"attachment_32265\" aria-describedby=\"caption-attachment-32265\" style=\"width: 700px\" class=\"wp-caption aligncenter\"><img loading=\"lazy\" decoding=\"async\" class=\"size-full wp-image-32265\" src=\"https:\/\/perfectvenue.es\/wp-content\/uploads\/2021\/07\/marriage-proposal-alicante-9.jpg\" alt=\"\" width=\"700\" height=\"467\" srcset=\"https:\/\/perfectvenue.es\/wp-content\/uploads\/2021\/07\/marriage-proposal-alicante-9.jpg 700w, https:\/\/perfectvenue.es\/wp-content\/uploads\/2021\/07\/marriage-proposal-alicante-9-300x200.jpg 300w, https:\/\/perfectvenue.es\/wp-content\/uploads\/2021\/07\/marriage-proposal-alicante-9-450x300.jpg 450w, https:\/\/perfectvenue.es\/wp-content\/uploads\/2021\/07\/marriage-proposal-alicante-9-600x400.jpg 600w\" sizes=\"auto, (max-width: 700px) 100vw, 700px\" \/><figcaption id=\"caption-attachment-32265\" class=\"wp-caption-text\">Photos via: <a href=\"https:\/\/nataliaortizevents.com\">Weddings and Events by Natalia Ortiz<\/a><\/figcaption><\/figure>\n<p style=\"text-align: justify;\"><span style=\"font-weight: 400;\">Esta experiencia har\u00e1 que te olvides del estr\u00e9s de organizar todo y de hacerlo todo sin que la novia sospeche. \u00a1Muy dif\u00edcil!<\/span><\/p>\n<p>&nbsp;<\/p>\n<p style=\"text-align: justify;\"><span style=\"font-weight: 400;\">Nosotros estamos a vuestra disposici\u00f3n para escuchar vuestras ilusiones y deseos y tratar de ofreceros vuestro plan m\u00e1s perfecto para que todos vuestros sue\u00f1os se hagan realidad.\u00a0<\/span><\/p>\n<p style=\"text-align: justify;\"><span style=\"font-weight: 400;\">\u00a1Cont\u00e1ctanos en <\/span><b>Perfect Venue<\/b><span style=\"font-weight: 400;\"> para que nos pongamos en marcha con tu pedida de mano en un castillo privado!<\/span><\/p>\n<p>Tel\u00e9fono \/ Whatsapp: +34 722 29 15 43<\/p>\n<p style=\"text-align: justify;\"><span style=\"font-weight: 400;\">Y si esta pedida de mano en un castillo privado no te termina de convencer, no te pierdas estas otras ideas de pedidas de mano originales: <\/span><a href=\"https:\/\/perfectvenue.es\/es\/product\/una-pedida-de-mano-con-un-chef-en-casa-sorprende-a-tu-chica-desde-la-comodidad-del-hogar\/\"><b>una pedida de mano con un chef privado en casa<\/b><\/a><span style=\"font-weight: 400;\">, una <\/span><a href=\"https:\/\/perfectvenue.es\/product\/an-original-marriage-proposal-dont-miss-out-on-the-perfect-plan-to-live-a-marriage-proposal-with-an-aerial-show\/\"><b>pedida de mano con show en el aire<\/b><\/a><span style=\"font-weight: 400;\">, una <\/span><a href=\"https:\/\/perfectvenue.es\/product\/propose-to-her-among-the-barrels-with-this-perfect-plan-an-engagement-in-a-winery-with-a-wine-degustation\/\"><b>pedida de mano en unas bodegas con cata de vinos<\/b><\/a><span style=\"font-weight: 400;\">, una <\/span><a href=\"https:\/\/perfectvenue.es\/product\/wedding-proposal-with-flashmob-included-ask-her-down-to-the-rhythm-of-the-music-with-this-perfect-plan\/\"><b>pedida de mano con flashmob<\/b><\/a><span style=\"font-weight: 400;\"> o una <\/span><b><a href=\"https:\/\/perfectvenue.es\/2022\/12\/05\/a-romantic-proposal-with-mallorca-as-a-backdrop\/\">pedida de mano en Mallorca<\/a>.<\/b><\/p>\n<p><\/p>","protected":false},"excerpt":{"rendered":"<p style=\"text-align: justify;\"><span style=\"font-weight: 400;\">Si quieres sorprender a tu pareja el d\u00eda de la gran pregunta, lo que necesitas es prepararle una pedida de mano en un castillo privado.<\/span><\/p>\n","protected":false},"featured_media":32265,"comment_status":"closed","ping_status":"closed","template":"","meta":[],"class_list":["post-39138","product","type-product","status-publish","has-post-thumbnail","hentry","product_cat-marriage-proposal-packages","product_cat-perfect-plan","product_tag-marriage-proposal-castle","product_tag-marriage-proposal-ideas","product_tag-marriage-proposal-spain","product_tag-pedida-de-mano-castillo","product_tag-pedida-de-mano-espana","product_tag-pedida-de-mano-ideas","product_tag-6473","product_tag-6472","product_tag-6438"],"_links":{"self":[{"href":"https:\/\/perfectvenue.es\/es\/wp-json\/wp\/v2\/product\/39138","targetHints":{"allow":["GET"]}}],"collection":[{"href":"https:\/\/perfectvenue.es\/es\/wp-json\/wp\/v2\/product"}],"about":[{"href":"https:\/\/perfectvenue.es\/es\/wp-json\/wp\/v2\/types\/product"}],"replies":[{"embeddable":true,"href":"https:\/\/perfectvenue.es\/es\/wp-json\/wp\/v2\/comments?post=39138"}],"wp:featuredmedia":[{"embeddable":true,"href":"https:\/\/perfectvenue.es\/es\/wp-json\/wp\/v2\/media\/32265"}],"wp:attachment":[{"href":"https:\/\/perfectvenue.es\/es\/wp-json\/wp\/v2\/media?parent=39138"}],"curies":[{"name":"wp","href":"https:\/\/api.w.org\/{rel}","templated":true}]}}