{"id":39027,"date":"2023-02-17T13:00:37","date_gmt":"2023-02-17T10:00:37","guid":{"rendered":"http:\/\/perfectvenue.es\/?post_type=product&#038;p=39027"},"modified":"2026-02-17T11:45:38","modified_gmt":"2026-02-17T08:45:38","slug":"propose-to-her-among-the-barrels-with-this-perfect-plan-an-engagement-in-a-winery-with-a-wine-degustation","status":"publish","type":"product","link":"https:\/\/perfectvenue.es\/es\/product\/propose-to-her-among-the-barrels-with-this-perfect-plan-an-engagement-in-a-winery-with-a-wine-degustation\/","title":{"rendered":"P\u00eddeselo entre barricas con este Perfect Plan: Una pedida de mano en una bodega con cata de vinos"},"content":{"rendered":"<p><\/p>\n<p style=\"text-align: justify;\"><span style=\"font-weight: 400;\">Si est\u00e1s d\u00e1ndole vueltas a c\u00f3mo declararte a tu chica, y a su vez sois amantes del vino\u2026 \u00a1Lo tenemos! Nada como una <\/span><b>pedida de mano en una bodega<\/b><span style=\"font-weight: 400;\"> que hasta pod\u00e9is cerrarla para vosotros dos solos.\u00a0<\/span><\/p>\n<p style=\"text-align: justify;\"><span style=\"font-weight: 400;\">S\u00ed, esta pedida no es para todos los p\u00fablicos, \u00a1solo <\/span><b>para los buenos amantes del vino que saben apreciar aromas, texturas y sabores<\/b><span style=\"font-weight: 400;\">! As\u00ed que, si este es vuestro caso y ven\u00eds a Espa\u00f1a de vacaciones\u2026 \u00a1Es el momento de hincar rodilla!<\/span><\/p>\n<p style=\"text-align: justify;\"><span style=\"font-weight: 400;\">En Espa\u00f1a, s\u00ed, porque es<\/span><b> tierra de vinos<\/b><span style=\"font-weight: 400;\"> y porque hay infinidad de bodegas la mar de preciosas y lujosas que conforman un escenario \u00fanico para que hagas la pregunta m\u00e1s importante de tu vida.<\/span><\/p>\n<p style=\"text-align: justify;\"><span style=\"font-weight: 400;\">\u00a1P\u00eddele que se case contigo mientras degust\u00e1is los mejores vinos con la puesta de sol y un hermoso vi\u00f1edo como escenario!<\/span><\/p>\n<h3 style=\"text-align: justify;\">Tu pedida de mano en una bodega, en cualquier parte de Espa\u00f1a<\/h3>\n<p style=\"text-align: justify;\"><span style=\"font-weight: 400;\">\u00a1No hay fronteras entre Comunidades Aut\u00f3nomas! Y es que nos desplazamos por todo el pa\u00eds. <\/span><span style=\"font-weight: 400;\">No importa en la regi\u00f3n de Espa\u00f1a en la que quieras llevar a cabo tu declaraci\u00f3n de amor, ya que contamos con bodegas \u00fanicas por todo el pa\u00eds.<\/span><\/p>\n<p style=\"text-align: justify;\"><span style=\"font-weight: 400;\">Todo el equipo nos<\/span><b> trasladamos para trabajar en cualquier regi\u00f3n en la que nos necesites,<\/b><span style=\"font-weight: 400;\"> sea cual sea el lugar en el que quieras llevar a cabo tu pedida de mano en una bodega: La Rioja, Castilla La Mancha, Extremadura, la Comunidad Valenciana, Madrid, Andaluc\u00eda\u2026 \u00a1No existen los l\u00edmites!<\/span><\/p>\n<h3 style=\"text-align: justify;\">Cerramos la bodega para vosotros<\/h3>\n<p style=\"text-align: justify;\"><span style=\"font-weight: 400;\">S\u00ed, has le\u00eddo bien, en este Perfect Plan tienes inclu\u00edda<\/span><b> una bodega cerrada solo para vosotros dos, para poder hacer la cata privada y que te arrodilles en la m\u00e1s absoluta privacidad<\/b><span style=\"font-weight: 400;\">. \u00a1Exclusividad y lujo!<\/span><\/p>\n<p style=\"text-align: justify;\"><span style=\"font-weight: 400;\">Sin embargo, tambi\u00e9n tienes la opci\u00f3n de no cerrar la bodega y as\u00ed poder hacer tu pedida de mano algo m\u00e1s econ\u00f3mica.\u00a0<\/span><\/p>\n<h3 style=\"text-align: justify;\">Espacios \u00fanicos para el tu declaraci\u00f3n<\/h3>\n<p style=\"text-align: justify;\"><span style=\"font-weight: 400;\">Vuestra pedida de mano se merece unos espacios tan \u00fanicos como los que tienen las bodegas, y lo mejor es que<\/span><b> ten\u00e9is a vuestra disposici\u00f3n todos los espacios de la bodega <\/b><span style=\"font-weight: 400;\">que elij\u00e1is ya que, como te hemos comentado anteriormente, puedes cerrar la bodega solo para usarla vosotros.\u00a0<\/span><\/p>\n<p style=\"text-align: justify;\"><b>En la sala de barricas, entre vi\u00f1edos\u2026 Hay hasta bodegas con biblioteca y museo.<\/b><span style=\"font-weight: 400;\"> \u00a1Para que elijas donde quieres hincar rodilla!<\/span><\/p>\n<p style=\"text-align: justify;\"><span style=\"font-weight: 400;\">La idea m\u00e1s aut\u00e9ntica que nosotros os proponemos es llevar a cabo la <\/span><b>rom\u00e1ntica pedida de mano en los vi\u00f1edos y con la bodega de fondo,<\/b><span style=\"font-weight: 400;\"> lo cual es un espacio de cuento con la ca\u00edda del sol. \u00a1Nos encantan las pedidas de mano al atardecer!<\/span><\/p>\n<p style=\"text-align: justify;\"><span style=\"font-weight: 400;\">\u00bfY que tal si a tu pedida de mano le sumas un <\/span><b>espect\u00e1culo a\u00e9reo<\/b><span style=\"font-weight: 400;\">?<\/span><\/p>\n<h3 style=\"text-align: justify;\">Visita la bodega de manera original<\/h3>\n<p style=\"text-align: justify;\"><span style=\"font-weight: 400;\">S\u00ed, y es que dependiendo de la bodega que elijas para declararte, tu pareja y t\u00fa podr\u00e9is visitarla<\/span><b> a caballo, dando un hermoso paseo a pie, en jeep o segway.<\/b><span style=\"font-weight: 400;\"> \u00a1Para abrir apetito antes de unos buenos vinos!<\/span><\/p>\n<h3 style=\"text-align: justify;\">\u00a1Una cata de vino no puede faltar!<\/h3>\n<p style=\"text-align: justify;\"><span style=\"font-weight: 400;\">Rodeados de barricas donde maduran los caldos, en salas con vistas a vi\u00f1edos o en el exterior, a la ribera de un r\u00edo o junto a los vi\u00f1edos de donde provienen, <\/span><b>una cata de vino es una experiencia imprescindible en tu pedida de mano en una bodega.<\/b><\/p>\n<p style=\"text-align: justify;\"><span style=\"font-weight: 400;\">Si tu chica y t\u00fa sois amantes del vino, esta es la mejor pedida de mano que puedes realizar.\u00a0<\/span><\/p>\n<h3 style=\"text-align: justify;\">Tras la cata de vino, un men\u00fa degustaci\u00f3n<\/h3>\n<p style=\"text-align: justify;\"><span style=\"font-weight: 400;\">Si te gusta la idea de comer despu\u00e9s del \u201cs\u00ed quiero\u201d y de la cata de vinos, en Espa\u00f1a contamos con diferentes bodegas en las que poder <\/span><b>terminar por todo lo alto con un men\u00fa degustaci\u00f3n.\u00a0<\/b><\/p>\n<p style=\"text-align: justify;\"><span style=\"font-weight: 400;\">\u00bfY qu\u00e9 hay mejor para acompa\u00f1ar el vino? Pues <\/span><b>nada como jam\u00f3n, lomo, queso, ternera, cordero, pasta\u2026<\/b><\/p>\n<p style=\"text-align: justify;\"><span style=\"font-weight: 400;\">Un plan perfecto para que a tu pedida de mano en una bodega no le falte detalle: vino, comida sabrosa, aprendizaje de enolog\u00eda, ruta por la bodega, y un anillo espectacular.<\/span><\/p>\n<p style=\"text-align: justify;\"><span style=\"font-weight: 400;\">\u00a1Tu pareja quedar\u00e1 encantada y tu petici\u00f3n de mano no podr\u00e1 ser m\u00e1s memorable!<\/span><\/p>\n<h3 style=\"text-align: justify;\">La decoraci\u00f3n, presente en la escena<\/h3>\n<p style=\"text-align: justify;\"><span style=\"font-weight: 400;\">La decoraci\u00f3n es un a\u00f1adido que siempre ayuda a disfrutar del momento y a recordarlo para toda la vida, por eso no podemos dejar de un lado el romanticismo y usar elementos decorativos en tu pedida de mano en una bodega.<\/span><\/p>\n<p style=\"text-align: justify;\"><span style=\"font-weight: 400;\">\u00bfPor ejemplo? <\/span><b>P\u00e9talos de rosa para formar un coraz\u00f3n, globos rojos, flores naturales, letras en gigante, pizarras, cuadros&#8230;<\/b><span style=\"font-weight: 400;\">\u00a0<\/span><\/p>\n<p style=\"text-align: justify;\"><span style=\"font-weight: 400;\">Si lo deseas, puedes hasta proponer tu propia decoraci\u00f3n.<\/span><\/p>\n<h3 style=\"text-align: justify;\">Un regalo en forma de flores para la novia<\/h3>\n<p style=\"text-align: justify;\"><span style=\"font-weight: 400;\">Regalar un ramo de flores a la novia aporta al momento mucho m\u00e1s romanticismo y magia, por eso nosotros nos encargamos de conseguir las flores m\u00e1s frescas para que se lo regales a la novia durante vuestra <\/span><b>pedida de mano en una bodega<\/b><span style=\"font-weight: 400;\">.<\/span><\/p>\n<p style=\"text-align: justify;\"><span style=\"font-weight: 400;\">Configuraremos un ramo repleto de <\/span><b>margaritas, rosas, lavanda, hojas de eucalipto, girasoles, lirios, tulipanes\u2026<\/b><span style=\"font-weight: 400;\"> \u00a1todo lo que imagines! Pero, si son las favoritas de la novia mejor que mejor. \u00a1Para que se las entregues cuando termin\u00e9is vuestra cata de vino y ya le hayas puesto el anillo!<\/span><\/p>\n<h3 style=\"text-align: justify;\">Fot\u00f3grafo y videografo para captar el momento<\/h3>\n<p style=\"text-align: justify;\"><span style=\"font-weight: 400;\">Es de suma importancia que para el momento de la pedida de mano est\u00e9n presentes un fot\u00f3grafo y un vide\u00f3grafo, ya que es un momento que merece la pena recordar toda la vida.<\/span><\/p>\n<p style=\"text-align: justify;\"><span style=\"font-weight: 400;\">Por ello, considera contar con una<\/span><b> fot\u00f3grafa profesional encargada de plasmar cada momento con su objetivo, as\u00ed como de un videografo responsable de filmar cada escena <\/b><span style=\"font-weight: 400;\">para contar con un v\u00eddeo \u00fanico para que nunca olvid\u00e9is c\u00f3mo fue ese gran momento.<\/span><\/p>\n<p style=\"text-align: justify;\"><span style=\"font-weight: 400;\">Podr\u00e9is tener fotos por los diferentes lugares de la bodega, ya que esta ofrece muchas opciones de espacios: sala de botellas, vi\u00f1edos, sala de barricas, biblioteca, preciosos salones, museo\u2026 \u00a1Todo depende de la bodega elegida!\u00a0<\/span><\/p>\n<h3 style=\"text-align: justify;\">M\u00fasica en directo<\/h3>\n<p style=\"text-align: justify;\"><span style=\"font-weight: 400;\">\u00bfQu\u00e9 es un momento especial sin m\u00fasica? \u00a1Nada! Por eso, el viol\u00edn, la guitarra, el saxofonista o el instrumento que m\u00e1s os guste a vosotros puede estar <\/span><b>en directo para encargarse de amenizar la velada<\/b><span style=\"font-weight: 400;\">.<\/span><\/p>\n<p style=\"text-align: justify;\"><span style=\"font-weight: 400;\">Y es que, como todos sabemos, no hay nada mejor que la m\u00fasica para avivar las emociones y hacer de los momentos algo \u00fanico, memorable y significativo, \u00a1y m\u00e1s si es la m\u00fasica que vosotros eleg\u00eds! Seguro que ten\u00e9is una canci\u00f3n favorita\u2026<\/span><\/p>\n<p style=\"text-align: justify;\"><span style=\"font-weight: 400;\">Si no tienes claro que canciones quieres que suenen, nosotros te damos unas cuantas ideas: <\/span><b><a href=\"http:\/\/perfectvenue.es\/2023\/02\/15\/this-is-the-top-of-the-40-best-songs-for-a-marriage-proposal\/\">Este es el top de las mejores 40 canciones para una pedida de mano<\/a>.<\/b><\/p>\n<h3 style=\"text-align: justify;\">Duerme en la bodega<\/h3>\n<p style=\"text-align: justify;\"><span style=\"font-weight: 400;\">Tras vivir uno de los d\u00edas m\u00e1s importantes de tu vida, es momento de descansar, \u00bfy qu\u00e9 mejor que hacerlo en una de las habitaciones de las que disponen muchas bodegas y as\u00ed crear recuerdos que permanecer\u00e1n toda la vida en tu memoria? Y es que <\/span><b>hay muchas bodegas-hotel.<\/b><\/p>\n<p style=\"text-align: justify;\"><span style=\"font-weight: 400;\">Es una opci\u00f3n genial para que despu\u00e9s de un d\u00eda repleto de emociones no teng\u00e1is que regresar a casa. \u00a1<\/span><b>Dormir el d\u00eda de tu pedida de mano en una bodega no tiene precio<\/b><span style=\"font-weight: 400;\">! Un extra que, sin duda, merece la pena.<\/span><\/p>\n<h3 style=\"text-align: justify;\">Organizaci\u00f3n y coordinaci\u00f3n<\/h3>\n<p style=\"text-align: justify;\"><span style=\"font-weight: 400;\">S\u00ed, nos gusta que todo salga perfecto, por eso <\/span><b>formamos parte de vuestra pedida de mano en una bodega, organizando todo con antelaci\u00f3n y coordinando todo el d\u00eda<\/b><span style=\"font-weight: 400;\">.<\/span><\/p>\n<p style=\"text-align: justify;\"><span style=\"font-weight: 400;\">Conseguiremos poner todo a punto para que la decoraci\u00f3n sea como imagin\u00e1is, que el vino se descorche en el momento perfecto, que la fot\u00f3grafa no se deje nada por captar\u2026 \u00a1<\/span><b>Estamos pendientes de cada detalle<\/b><span style=\"font-weight: 400;\">!<\/span><\/p>\n<p style=\"text-align: justify;\"><span style=\"font-weight: 400;\">Prepararemos todo a vuestra medida, solo ten\u00e9is que pedirnos todo aquello que sea imprescindible para vuestro d\u00eda, \u00a1y <\/span><b>vuestros deseos se har\u00e1n \u00f3rdenes<\/b><span style=\"font-weight: 400;\">!<\/span><\/p>\n<h3 style=\"text-align: justify;\">Los precios, a consultar<\/h3>\n<p style=\"text-align: justify;\"><b>El precio de una pedida de mano en una bodega, depende de diferentes factores <\/b><span style=\"font-weight: 400;\">como, por ejemplo, la ubicaci\u00f3n de esta, la fecha en la que se vaya a preparar y los elementos con los que exactamente necesit\u00e9is contar: comida, transporte, show a\u00e9reo, ramo de flores, alojamiento\u2026<\/span><\/p>\n<p style=\"text-align: justify;\"><span style=\"font-weight: 400;\">Esta experiencia har\u00e1 que te olvides del estr\u00e9s de organizar todo y de hacerlo todo sin que la novia sospeche. \u00a1Muy dif\u00edcil!<\/span><\/p>\n<p>&nbsp;<\/p>\n<p style=\"text-align: justify;\"><span style=\"font-weight: 400;\">Nosotros estamos a vuestra disposici\u00f3n para escuchar vuestras ilusiones y deseos y tratar de ofreceros vuestro plan m\u00e1s perfecto para que todos vuestros sue\u00f1os se hagan realidad.\u00a0<\/span><\/p>\n<p style=\"text-align: justify;\"><span style=\"font-weight: 400;\">\u00a1Cont\u00e1ctanos en <\/span><b>Perfect Venue<\/b><span style=\"font-weight: 400;\"> para que nos pongamos en marcha con tu pedida de mano en una bodega!<\/span><\/p>\n<p>Tel\u00e9fono \/ Whatsapp: +34 722 29 15 43<\/p>\n<p style=\"text-align: justify;\"><span style=\"font-weight: 400;\">Y si esta pedida de mano en en una bodega no te termina de convencer, no te pierdas estas otras ideas de pedidas de mano originales: <\/span><a href=\"https:\/\/perfectvenue.es\/es\/product\/una-pedida-de-mano-con-un-chef-en-casa-sorprende-a-tu-chica-desde-la-comodidad-del-hogar\/\"><b>una pedida de mano con un chef privado en casa<\/b><\/a><span style=\"font-weight: 400;\">, una <\/span><a href=\"http:\/\/perfectvenue.es\/product\/an-original-marriage-proposal-dont-miss-out-on-the-perfect-plan-to-live-a-marriage-proposal-with-an-aerial-show\/\"><b>pedida de mano con show en el aire<\/b><\/a><span style=\"font-weight: 400;\">, una<\/span><a href=\"http:\/\/perfectvenue.es\/product\/marriage-proposal-in-a-private-castle-is-the-perfect-plan-you-need-to-surprise-your-partner\/\"><b> pedida de mano en un castillo privado<\/b><\/a><span style=\"font-weight: 400;\">, una <\/span><a href=\"http:\/\/perfectvenue.es\/product\/wedding-proposal-with-flashmob-included-ask-her-down-to-the-rhythm-of-the-music-with-this-perfect-plan\/\"><b>pedida de mano con flashmob<\/b><\/a><span style=\"font-weight: 400;\"> o una <\/span><b><a href=\"http:\/\/perfectvenue.es\/product\/pack-pedida-mano-la-playa-mallorca\/\">pedida de mano en Mallorca<\/a>.<\/b><\/p>\n<p style=\"font-weight: 400; text-align: justify;\">\n<p><\/p>","protected":false},"excerpt":{"rendered":"<p style=\"text-align: justify;\"><span style=\"font-weight: 400;\">Una pedida de mano en una bodega es perfecta para aquellas parejas amantes del vino y la enolog\u00eda. <\/span><\/p>\n","protected":false},"featured_media":37644,"comment_status":"closed","ping_status":"closed","template":"","meta":[],"class_list":["post-39027","product","type-product","status-publish","has-post-thumbnail","hentry","product_cat-marriage-proposal-packages","product_tag-marriage-proposal-ideas","product_tag-marriage-proposal-winery","product_tag-original-marriage-proposal","product_tag-pedida-de-mano-bodega","product_tag-pedida-de-mano-ideas","product_tag-pedida-de-mano-original","product_tag-6439","product_tag-6437","product_tag-6438"],"_links":{"self":[{"href":"https:\/\/perfectvenue.es\/es\/wp-json\/wp\/v2\/product\/39027","targetHints":{"allow":["GET"]}}],"collection":[{"href":"https:\/\/perfectvenue.es\/es\/wp-json\/wp\/v2\/product"}],"about":[{"href":"https:\/\/perfectvenue.es\/es\/wp-json\/wp\/v2\/types\/product"}],"replies":[{"embeddable":true,"href":"https:\/\/perfectvenue.es\/es\/wp-json\/wp\/v2\/comments?post=39027"}],"wp:featuredmedia":[{"embeddable":true,"href":"https:\/\/perfectvenue.es\/es\/wp-json\/wp\/v2\/media\/37644"}],"wp:attachment":[{"href":"https:\/\/perfectvenue.es\/es\/wp-json\/wp\/v2\/media?parent=39027"}],"curies":[{"name":"wp","href":"https:\/\/api.w.org\/{rel}","templated":true}]}}