{"id":38952,"date":"2024-11-22T13:55:05","date_gmt":"2024-11-22T10:55:05","guid":{"rendered":"http:\/\/perfectvenue.es\/?post_type=product&#038;p=38952"},"modified":"2026-04-24T14:12:09","modified_gmt":"2026-04-24T11:12:09","slug":"the-perfect-plan-to-experience-a-birthday-party-with-a-paper-show-included-fun-guaranteed","status":"publish","type":"product","link":"https:\/\/perfectvenue.es\/es\/product\/the-perfect-plan-to-experience-a-birthday-party-with-a-paper-show-included-fun-guaranteed\/","title":{"rendered":"El Perfect Plan de vivir una fiesta de cumplea\u00f1os con show de papel incluido, \u00a1Diversi\u00f3n asegurada!"},"content":{"rendered":"<p><\/p>\n<p style=\"text-align: justify;\"><span style=\"font-weight: 400;\">Una <\/span><b>fiesta de cumplea\u00f1os con show de papel<\/b><span style=\"font-weight: 400;\"> es la fiesta que necesitas si lo que quieres es que tanto adultos como ni\u00f1os se lo pasen en grande en la celebraci\u00f3n de tu peque.\u00a0<\/span><\/p>\n<p style=\"text-align: justify;\"><span style=\"font-weight: 400;\">Adem\u00e1s, \u00bfsab\u00edas que este espect\u00e1culo moderno, luminoso y muy espectacular se est\u00e1 volviendo cada vez m\u00e1s popular en los eventos? S\u00ed, y <\/span><b>el \u00e9xito de la feria del papel radica en el gran juego que dan los papeles en tiras.<\/b><\/p>\n<p style=\"text-align: justify;\"><span style=\"font-weight: 400;\">Este tipo de show es <\/span><b>adecuado para una fiesta de cualquier tipo<\/b><span style=\"font-weight: 400;\">, pero su gran triunfo es en los cumple\u00f1os, ya que supone toda una diversi\u00f3n ver como miles de papeles vuelan por el aire y poder saltar, nadar en ellos y revolcarte.\u00a0<\/span><\/p>\n<p style=\"text-align: justify;\"><span style=\"font-weight: 400;\">\u00a1Y lo mejor es que <\/span><b>se puede llevar a cabo en casi cualquier espacio que quieras<\/b><span style=\"font-weight: 400;\">!<\/span><\/p>\n<p style=\"text-align: justify;\"><span style=\"font-weight: 400;\">Atento\/a porque aqu\u00ed <\/span><b>te contamos todo lo que te incluye el Perfect Plan de celebrar una fiesta de cumplea\u00f1os con show de papel.\u00a0 \u00a1Y adem\u00e1s te despejamos todas las dudas acerca de este show.\u00a0<\/b><\/p>\n<p style=\"text-align: justify;\"><span style=\"font-weight: 400;\">\u00bfPreparados? \u00a1Pues comenzamos!<\/span><\/p>\n<h3 style=\"text-align: justify;\">\u00bfQu\u00e9 es un show de papel?<\/h3>\n<p style=\"text-align: justify;\"><span style=\"font-weight: 400;\">Es una divertida <\/span><b>actuaci\u00f3n en la que una enorme cantidad de papel en tiras y de colores sobrevuela por todo el espacio.<\/b><span style=\"font-weight: 400;\"> \u00bfY c\u00f3mo? Pues <\/span><b>con m\u00e1quinas tipo ca\u00f1\u00f3n que sacan el papel <\/b><span style=\"font-weight: 400;\">llenando la habitaci\u00f3n como si fuese una escopeta de confeti.<\/span><\/p>\n<p style=\"text-align: justify;\"><span style=\"font-weight: 400;\">Al son de la m\u00fasica, <\/span><b>los ni\u00f1os juegan sin parar como si de nieve se tratase, lanz\u00e1ndose los papeles, bailando en una ventisca de tiras de papelillos de colores, saltando y revolc\u00e1ndose entre ellos.<\/b><\/p>\n<p style=\"text-align: justify;\"><span style=\"font-weight: 400;\">La peculiaridad de este show de papel es que es totalmente interactivo, ya que en \u00e9l <\/span><b>participan animadores profesionales<\/b><span style=\"font-weight: 400;\">. Estos no solo muestran una actuaci\u00f3n espectacular, sino que tambi\u00e9n interact\u00faan activamente con los ni\u00f1os.\u00a0<\/span><\/p>\n<p style=\"text-align: justify;\"><span style=\"font-weight: 400;\">Dependiendo de cu\u00e1ntos invitados haya, se cuenta con una, dos, tres o hasta cuatro m\u00e1quinas lanza-papeles.<\/span><\/p>\n<figure id=\"attachment_38956\" aria-describedby=\"caption-attachment-38956\" style=\"width: 700px\" class=\"wp-caption aligncenter\"><img loading=\"lazy\" decoding=\"async\" class=\"size-full wp-image-38956\" src=\"http:\/\/perfectvenue.es\/wp-content\/uploads\/2023\/02\/birthday-party-with-a-paper-show-3.jpg\" alt=\"Children party Madrid - Perfect Venue\" width=\"700\" height=\"467\" srcset=\"https:\/\/perfectvenue.es\/wp-content\/uploads\/2023\/02\/birthday-party-with-a-paper-show-3.jpg 700w, https:\/\/perfectvenue.es\/wp-content\/uploads\/2023\/02\/birthday-party-with-a-paper-show-3-300x200.jpg 300w, https:\/\/perfectvenue.es\/wp-content\/uploads\/2023\/02\/birthday-party-with-a-paper-show-3-450x300.jpg 450w, https:\/\/perfectvenue.es\/wp-content\/uploads\/2023\/02\/birthday-party-with-a-paper-show-3-600x400.jpg 600w\" sizes=\"auto, (max-width: 700px) 100vw, 700px\" \/><figcaption id=\"caption-attachment-38956\" class=\"wp-caption-text\">Photo via: Pinterest.com<\/figcaption><\/figure>\n<h3 style=\"text-align: justify;\">\u00bfQu\u00e9 tipo de papel se utiliza en el show de papel?<\/h3>\n<p style=\"text-align: justify;\"><span style=\"font-weight: 400;\">Se utiliza un papel especial perfecto para ser manipulado. <\/span><b>No se trata de un papel grueso, adem\u00e1s no ara\u00f1a, ni hace da\u00f1o, ni corta ni nada. Adem\u00e1s de ser muy finitos.<\/b><\/p>\n<p style=\"text-align: justify;\"><span style=\"font-weight: 400;\">Esto es as\u00ed ya que los papeles van a estar en constante contacto con los ni\u00f1os y no van a parar de tocarlos y lanzarlos y jugar con ellos, por lo que <\/span><b>el papel ha de ser seguro para los peques.<\/b><\/p>\n<h3 style=\"text-align: justify;\">\u00bfDe qu\u00e9 color puede ser el papel del show de papel?<\/h3>\n<p style=\"text-align: justify;\"><span style=\"font-weight: 400;\">Del color que tu prefieras: <\/span><b>blanco, multicolor, metalizado, o de un color concreto que el peque de la casa ame.<\/b><\/p>\n<p style=\"text-align: justify;\"><span style=\"font-weight: 400;\">Destacar que el color <\/span><b>dorado o plateado<\/b><span style=\"font-weight: 400;\"> es una de las opciones m\u00e1s exclusivas y glamurosas para un espect\u00e1culo de papel. \u00a1Tendr\u00e1s una fiesta de cumplea\u00f1os con show de papel de lo m\u00e1s VIP!<\/span><\/p>\n<h3 style=\"text-align: justify;\">\u00bfD\u00f3nde se realiza el show de papel?<\/h3>\n<p style=\"text-align: justify;\"><span style=\"font-weight: 400;\">\u00a1En cualquier sitio! S\u00ed, ya sea <\/span><b>en un espacio interior, exterior, e incluso en casa.<\/b><span style=\"font-weight: 400;\"> (Siempre y cuando tengas bastante espacio para ello y para que los ni\u00f1os puedan correr por todos lados)<\/span><\/p>\n<p style=\"text-align: justify;\"><span style=\"font-weight: 400;\">Si no es el caso, podemos organizar tu fiesta de cumplea\u00f1os con show de papel <\/span><b>en una de las ubicaciones geniales para fiestas que nosotros conocemos: discoteca, restaurante, casa de campo\u2026\u00a0<\/b><\/p>\n<p style=\"text-align: justify;\"><span style=\"font-weight: 400;\">\u00a1Cu\u00e9ntanos cual es tu espacio preferido para la celebraci\u00f3n de tu peque! <\/span><\/p>\n<figure id=\"attachment_38955\" aria-describedby=\"caption-attachment-38955\" style=\"width: 700px\" class=\"wp-caption aligncenter\"><img loading=\"lazy\" decoding=\"async\" class=\"size-full wp-image-38955\" src=\"http:\/\/perfectvenue.es\/wp-content\/uploads\/2023\/02\/birthday-party-with-a-paper-show-2.jpg\" alt=\"Children party Madrid - Perfect Venue\" width=\"700\" height=\"466\" srcset=\"https:\/\/perfectvenue.es\/wp-content\/uploads\/2023\/02\/birthday-party-with-a-paper-show-2.jpg 700w, https:\/\/perfectvenue.es\/wp-content\/uploads\/2023\/02\/birthday-party-with-a-paper-show-2-300x200.jpg 300w, https:\/\/perfectvenue.es\/wp-content\/uploads\/2023\/02\/birthday-party-with-a-paper-show-2-450x300.jpg 450w, https:\/\/perfectvenue.es\/wp-content\/uploads\/2023\/02\/birthday-party-with-a-paper-show-2-600x399.jpg 600w\" sizes=\"auto, (max-width: 700px) 100vw, 700px\" \/><figcaption id=\"caption-attachment-38955\" class=\"wp-caption-text\">Photo via: Pinterest.com<\/figcaption><\/figure>\n<h3 style=\"text-align: justify;\">\u00bfEl show de papel es solo para ni\u00f1os?<\/h3>\n<p style=\"text-align: justify;\"><span style=\"font-weight: 400;\">Normalmente, el show de papel se utiliza mucho en fiestas para ni\u00f1os, pero no es solo para el p\u00fablico m\u00e1s joven sino que <\/span><b>tambi\u00e9n se utiliza en bodas o en otro tipo de eventos para adultos.<\/b><\/p>\n<p style=\"text-align: justify;\"><span style=\"font-weight: 400;\">Y es que, cuando se trata de lanzar fuegos artificiales de papel, tirar montones de papeles, nadar en un mar de papel y sumergirse de cabeza en una ventisca de papel\u2026\u00a0 <\/span><b>\u00a1no hay edad!<\/b><\/p>\n<p style=\"text-align: justify;\"><span style=\"font-weight: 400;\">Sabemos que cuando los adultos ven a los ni\u00f1os pasarlo tan bien\u2026 \u00a1acaban uni\u00e9ndose a ellos!\u00a0<\/span><\/p>\n<h3 style=\"text-align: justify;\">\u00bfC\u00f3mo se limpia despu\u00e9s?<\/h3>\n<p style=\"text-align: justify;\"><span style=\"font-weight: 400;\">\u00a1Que no cunda el p\u00e1nico! S\u00ed, ya sabemos que una fiesta de esta \u00edndole implica que todo se llene de papelillos, as\u00ed que si tu idea es celebrar la fiesta de cumplea\u00f1os con show de papel en tu casa, no te preocupes. \u00a1Dejanoslo a nosotros!<\/span><\/p>\n<p style=\"text-align: justify;\"><span style=\"font-weight: 400;\">Y es que dentro de este Perfect Plan, tienes <\/span><b>inclu\u00eddo el servicio de limpieza<\/b><span style=\"font-weight: 400;\"> para que, despu\u00e9s nuestro equipo acuda a tu casa a dejarlo todo tan impoluto como lo ten\u00edas. \u00a1Todo bajo control!<\/span><\/p>\n<h3 style=\"text-align: justify;\">La organizaci\u00f3n, siempre perfecta<\/h3>\n<p style=\"text-align: justify;\"><span style=\"font-weight: 400;\">S\u00ed, nosotros nos encargamos de conseguir el mejor papel, de los ca\u00f1ones lanza-papeles, de los animadores que van a realizar este tipo de show, y de que luego tu casa se quede tan limpia como estaba antes, pero es que <\/span><b>tambi\u00e9n nos encargamos de mucho m\u00e1s para que tu Perfect Plan salga redondo.\u00a0<\/b><\/p>\n<p style=\"text-align: justify;\"><span style=\"font-weight: 400;\">\u00a1Sigue leyendo y descubre todo lo que te ofrecemos!<\/span><\/p>\n<h3 style=\"text-align: justify;\">Una fot\u00f3grafa para la fiesta de cumplea\u00f1os con show de papel<\/h3>\n<p style=\"text-align: justify;\"><span style=\"font-weight: 400;\">Nadie se va de un evento sin hacerse un mont\u00f3n de fotos para el recuerdo, y es que para la fiesta de cumplea\u00f1os con show de papel, contratamos por ti a una fot\u00f3grafa profesional.<\/span><\/p>\n<p style=\"text-align: justify;\"><span style=\"font-weight: 400;\">Las fotos son todo un imprescindible en los eventos tanto infantiles como adultos, por eso <\/span><b>nada mejor que contar con un fot\u00f3grafo para que capte de la manera m\u00e1s profesional las sonrisas y la emoci\u00f3n de los ni\u00f1os lanz\u00e1ndose sin parar un mont\u00f3n de papel.<\/b><\/p>\n<p style=\"text-align: justify;\"><span style=\"font-weight: 400;\">\u00a1Nada como las fotos para recordar uno de los d\u00edas m\u00e1s felices de su vida!<\/span><\/p>\n<figure id=\"attachment_38954\" aria-describedby=\"caption-attachment-38954\" style=\"width: 700px\" class=\"wp-caption aligncenter\"><img loading=\"lazy\" decoding=\"async\" class=\"size-full wp-image-38954\" src=\"http:\/\/perfectvenue.es\/wp-content\/uploads\/2023\/02\/birthday-party-with-a-paper-show-1.jpg\" alt=\"Children party Madrid - Perfect Venue\" width=\"700\" height=\"466\" srcset=\"https:\/\/perfectvenue.es\/wp-content\/uploads\/2023\/02\/birthday-party-with-a-paper-show-1.jpg 700w, https:\/\/perfectvenue.es\/wp-content\/uploads\/2023\/02\/birthday-party-with-a-paper-show-1-300x200.jpg 300w, https:\/\/perfectvenue.es\/wp-content\/uploads\/2023\/02\/birthday-party-with-a-paper-show-1-450x300.jpg 450w, https:\/\/perfectvenue.es\/wp-content\/uploads\/2023\/02\/birthday-party-with-a-paper-show-1-600x399.jpg 600w\" sizes=\"auto, (max-width: 700px) 100vw, 700px\" \/><figcaption id=\"caption-attachment-38954\" class=\"wp-caption-text\">Photo via: Pinterest.com<\/figcaption><\/figure>\n<h3 style=\"text-align: justify;\">Decoraci\u00f3n incluida para una experiencia al completo<\/h3>\n<p style=\"text-align: justify;\"><span style=\"font-weight: 400;\">La decoraci\u00f3n es un a\u00f1adido que siempre ayuda a disfrutar del momento y a recordarlo para toda la vida, por eso no podemos dejar de un lado una <\/span><b>decoraci\u00f3n que vaya acorde con la tem\u00e1tica del gran d\u00eda de tu peque.<\/b><\/p>\n<p style=\"text-align: justify;\"><span style=\"font-weight: 400;\">En gran parte, la que causar\u00e1 mayor impacto cuando los ni\u00f1os entren al espacio es la decoraci\u00f3n, por eso llenaremos el espacio de <\/span><b>columnas de globos, de colores vivos y colores pastel, de peluches tem\u00e1ticos, mesas de comidas repletas de objetos decorativos y comestibles, tiendas tipi, carritos de comida con luces, cajitas que decoran pero que almacenan dulces, grandes letras al estilo Hollywood\u2026<\/b><\/p>\n<p style=\"text-align: justify;\"><span style=\"font-weight: 400;\">Si la fiesta de cumplea\u00f1os con show de papel de tu hijo\/a cuenta con una tem\u00e1tica, nosotros nos encargamos de que las mesas, el photocall, los juegos, la animaci\u00f3n, etc. est\u00e9n decorados con esta tem\u00e1tica \u00a1Nos ocuparemos de que no falte ning\u00fan detalle!<\/span><\/p>\n<p style=\"text-align: justify;\"><span style=\"font-weight: 400;\">Cabe destacar que <\/span><b>la cantidad de decoraci\u00f3n y los elementos variar\u00e1 en funci\u00f3n de lo que necesit\u00e9is<\/b><span style=\"font-weight: 400;\">, \u00a1Nos adaptamos a ti!<\/span><\/p>\n<h3 style=\"text-align: justify;\">Tarta, pi\u00f1ata y dulces, incluidos en tu Perfect Plan<\/h3>\n<p style=\"text-align: justify;\"><span style=\"font-weight: 400;\">Una tarta tem\u00e1tica tambi\u00e9n es s\u00faper importante en cualquier fiesta, y lo mejor es que <\/span><b>nosotros conocemos las mejores pasteler\u00edas<\/b><span style=\"font-weight: 400;\"> para que en el cumplea\u00f1os de tu peque nadie se quede sin un trozo de tarta.<\/span><\/p>\n<p style=\"text-align: justify;\"><span style=\"font-weight: 400;\">Por eso, <\/span><b>conseguiremos por ti una tarta adaptada a vuestros gustos<\/b><span style=\"font-weight: 400;\">, con fondant, chocolates, nata, dibujos animados\u2026 y, sobretodo, las velas para que tu peque pida un deseo.<\/span><\/p>\n<p style=\"text-align: justify;\"><b>Tambi\u00e9n nos encargaremos de colocar dulces tem\u00e1ticos<\/b><span style=\"font-weight: 400;\">. Somos partidarios de contar con elementos comestibles que tambi\u00e9n decoren, como por ejemplo galletas, macarons, huevos k\u00ednder, lacasitos, gominolas, \u00a1una estaci\u00f3n de comida dulce fascinar\u00e1 a todos!<\/span><\/p>\n<p style=\"text-align: justify;\"><span style=\"font-weight: 400;\">La pi\u00f1ata tambi\u00e9n es algo que suele encantar a los ni\u00f1os, as\u00ed que<\/span><b>, si lo deseas, tambi\u00e9n podemos colocarla en tu fiesta de cumplea\u00f1os con show de papel<\/b><span style=\"font-weight: 400;\">, \u00a1Diversi\u00f3n asegurada!<\/span><\/p>\n<h3 style=\"text-align: justify;\">Facilidad de pago y de reserva<\/h3>\n<p style=\"text-align: justify;\"><span style=\"font-weight: 400;\">\u00a1S\u00ed! Y es que no es necesario pagar \u00edntegramente el importe de tu fiesta de cumplea\u00f1os con show de papel al momento. Solamente tienes que <\/span><b>reservar haciendo un clic<\/b><span style=\"font-weight: 400;\"> y hacer la reserva solo con 50% de la cuant\u00eda y el resto darla en el d\u00eda del evento.<\/span><\/p>\n<p style=\"text-align: justify;\"><span style=\"font-weight: 400;\">\u00a1Comodidad para ti!<\/span><span style=\"font-weight: 400;\">\u00a0<\/span><\/p>\n<p style=\"text-align: justify;\"><span style=\"font-weight: 400;\">Los papis que os lanz\u00e1is a la aventura de organizar una fiesta de cumplea\u00f1os con show de papel para vuestro peque\u00f1o o peque\u00f1a seguro que no quer\u00e9is que se os escape ning\u00fan detalle a la hora de organizarlo.<\/span><\/p>\n<p style=\"text-align: justify;\"><span style=\"font-weight: 400;\">Por eso, como en <\/span><b>Perfect Venue<\/b><span style=\"font-weight: 400;\"> nos encantan las fiestas infantiles, <\/span><b>haremos todo por vosotros<\/b><span style=\"font-weight: 400;\">. \u00a1No dud\u00e9is en contactarnos! Ya os estamos esperando para ponernos manos a la obra con los preparativos.<\/span><\/p>\n<p><\/p>","protected":false},"excerpt":{"rendered":"<p style=\"text-align: justify;\"><span style=\"font-weight: 400;\">Te contamos c\u00f3mo es el Perfect Plan de vivir una fiesta de cumplea\u00f1os con show de papel incluido.\u00a0 <\/span><\/p>\n","protected":false},"featured_media":38954,"comment_status":"closed","ping_status":"closed","template":"","meta":[],"class_list":["post-38952","product","type-product","status-publish","has-post-thumbnail","hentry","product_cat-luxury-birthday-planning","product_cat-perfect-plan","product_tag-birthday-paper-show","product_tag-children-party-ideas","product_tag-cumpleanos-show-papel","product_tag-ideal-kid-birthday","product_tag-6399","product_tag-6398"],"_links":{"self":[{"href":"https:\/\/perfectvenue.es\/es\/wp-json\/wp\/v2\/product\/38952","targetHints":{"allow":["GET"]}}],"collection":[{"href":"https:\/\/perfectvenue.es\/es\/wp-json\/wp\/v2\/product"}],"about":[{"href":"https:\/\/perfectvenue.es\/es\/wp-json\/wp\/v2\/types\/product"}],"replies":[{"embeddable":true,"href":"https:\/\/perfectvenue.es\/es\/wp-json\/wp\/v2\/comments?post=38952"}],"wp:featuredmedia":[{"embeddable":true,"href":"https:\/\/perfectvenue.es\/es\/wp-json\/wp\/v2\/media\/38954"}],"wp:attachment":[{"href":"https:\/\/perfectvenue.es\/es\/wp-json\/wp\/v2\/media?parent=38952"}],"curies":[{"name":"wp","href":"https:\/\/api.w.org\/{rel}","templated":true}]}}