{"id":38861,"date":"2023-01-26T20:52:45","date_gmt":"2023-01-26T17:52:45","guid":{"rendered":"http:\/\/perfectvenue.es\/?post_type=product&#038;p=38861"},"modified":"2025-07-21T15:30:35","modified_gmt":"2025-07-21T12:30:35","slug":"wedding-proposal-with-flashmob-included-ask-her-down-to-the-rhythm-of-the-music-with-this-perfect-plan","status":"publish","type":"product","link":"https:\/\/perfectvenue.es\/es\/product\/wedding-proposal-with-flashmob-included-ask-her-down-to-the-rhythm-of-the-music-with-this-perfect-plan\/","title":{"rendered":"Una pedida de mano con flashmob inclu\u00eddo, \u00a1P\u00eddeselo al ritmo de la m\u00fasica con este Perfect Plan!"},"content":{"rendered":"<p><\/p>\n<p style=\"text-align: justify;\"><span style=\"font-weight: 400;\">\u00bfTu chica es amante de la m\u00fasica, el baile y la canci\u00f3n? Pues p\u00eddele que se case contigo con <\/span><b>una pedida de mano con flashmob<\/b><span style=\"font-weight: 400;\">, \u00a1se quedar\u00e1 alucinando!<\/span><\/p>\n<p style=\"text-align: justify;\"><span style=\"font-weight: 400;\">Imagina ir paseando por Madrid, y que de repente todo el mundo empiece a cantar y a bailar, \u00bfCon que cara se quedar\u00eda tu chica? Sin duda, una pedida de mano de lo m\u00e1s <\/span><b>original<\/b> <b>e<\/b> <b>inolvidable<\/b><span style=\"font-weight: 400;\">.<\/span><\/p>\n<p style=\"text-align: justify;\"><span style=\"font-weight: 400;\">Y es que si vais a venir de vacaciones a Espa\u00f1a, aprovecha el magn\u00edfico viaje para <\/span><b>pedir la mano a tu pareja<\/b><span style=\"font-weight: 400;\">. Nosotros <\/span><b>nos desplazamos a cualquier parte del pa\u00eds<\/b><span style=\"font-weight: 400;\"> con los mejores profesionales para ponerlo todo a punto para que hinques de una manera espectacular.\u00a0<\/span><\/p>\n<p style=\"text-align: justify;\"><span style=\"font-weight: 400;\">Y en este art\u00edculo te contamos todo acerca de este Perfect Plan para que teng\u00e1is una pedida de mano con flashmob como si de una pel\u00edcula se tratara, \u00a1tan sencillo solo <\/span><b>reservar con un solo clic<\/b><span style=\"font-weight: 400;\">!\u00a0<\/span><\/p>\n<p style=\"text-align: justify;\"><span style=\"font-weight: 400;\">Sigue leyendo para descubrir de todo lo que nos encargamos para que tengas <\/span><b>una pedida de mano de lo m\u00e1s exitosa<\/b><span style=\"font-weight: 400;\">.\u00a0<\/span><\/p>\n<h3 style=\"text-align: justify;\">Tu pedida de mano con flashmob, donde t\u00fa elijas<\/h3>\n<p style=\"text-align: justify;\"><span style=\"font-weight: 400;\">Si hay un sitio predilecto para una pedida de mano con flashmob, para nosotros es Madrid, por su gran cantidad de espacios amplios donde muchos actores implicados pueden hacer su coreograf\u00eda: El Templo de Debod, el Parque del Retiro, la Plaza Mayor, el Palacio Real\u2026 las opciones son infinitas.\u00a0<\/span><\/p>\n<p style=\"text-align: justify;\"><span style=\"font-weight: 400;\">Pero tranquilo, porque tambi\u00e9n nos trasladamos a\u00a0 cualquier parte de Espa\u00f1a <\/span><b>para trabajar en cualquier regi\u00f3n en la que<\/b><span style=\"font-weight: 400;\"> vayas a pasar tus vacaciones: Baleares, Canarias, Andaluc\u00eda, Valencia\u2026 \u00a1No hay l\u00edmites para nosotros!<\/span><\/p>\n<figure id=\"attachment_37566\" aria-describedby=\"caption-attachment-37566\" style=\"width: 700px\" class=\"wp-caption aligncenter\"><img loading=\"lazy\" decoding=\"async\" class=\"size-full wp-image-37566\" src=\"http:\/\/perfectvenue.es\/wp-content\/uploads\/2022\/10\/The-marriage-proposal-in-Madrid-of-a-couple-from-the-Philippines-6.jpg\" alt=\"Proposal Madrid - Perfect Venue\" width=\"700\" height=\"467\" srcset=\"https:\/\/perfectvenue.es\/wp-content\/uploads\/2022\/10\/The-marriage-proposal-in-Madrid-of-a-couple-from-the-Philippines-6.jpg 700w, https:\/\/perfectvenue.es\/wp-content\/uploads\/2022\/10\/The-marriage-proposal-in-Madrid-of-a-couple-from-the-Philippines-6-300x200.jpg 300w, https:\/\/perfectvenue.es\/wp-content\/uploads\/2022\/10\/The-marriage-proposal-in-Madrid-of-a-couple-from-the-Philippines-6-450x300.jpg 450w, https:\/\/perfectvenue.es\/wp-content\/uploads\/2022\/10\/The-marriage-proposal-in-Madrid-of-a-couple-from-the-Philippines-6-600x400.jpg 600w\" sizes=\"auto, (max-width: 700px) 100vw, 700px\" \/><figcaption id=\"caption-attachment-37566\" class=\"wp-caption-text\">Photo by <a href=\"https:\/\/vendors.perfectvenue.es\/listings\/tanya-vasiluk\/\">Tanya Vasiluk<\/a>. Photo via: <a href=\"https:\/\/nataliaortizevents.com\">Weddings and Events by Natalia Ortiz<\/a><\/figcaption><\/figure>\n<h3 style=\"text-align: justify;\">Una comida antes del gran momento<\/h3>\n<p style=\"text-align: justify;\"><span style=\"font-weight: 400;\">\u00bfQu\u00e9 es una celebraci\u00f3n sin comida? \u00a1Nada! Por eso antes de la gran coreograf\u00eda y la pregunta que cambiar\u00e1 vuestras vidas toca sentarse a <\/span><b>disfrutar de un suculento men\u00fa, ya sea en un restaurante, en un hotel, en una terraza o en un rooftop.\u00a0<\/b><\/p>\n<p style=\"text-align: justify;\"><span style=\"font-weight: 400;\">Comenzar\u00e1s a sorprender a tu chica desde el momento en el que empiecen a llegar platos, comience a degustar sabores exquisitos y un chef vaya explicando los detalles de cada creaci\u00f3n.<\/span><\/p>\n<p style=\"text-align: justify;\"><span style=\"font-weight: 400;\">\u00a1Disfruta de una sobremesa sin prisas, sabiendo que el chef esta creando unos platos \u00fanicos para antes de hincar rodilla!<\/span><\/p>\n<p style=\"text-align: justify;\"><span style=\"font-weight: 400;\">Adem\u00e1s, podr\u00e1s sorprender a tu pareja con ricos platos de la gastronom\u00eda que quieras: <\/span><b>japonesa, tailandesa, estadounidense, mexicana, china, italiana, francesa\u2026 <\/b><span style=\"font-weight: 400;\">solo tienes que comunicarnos que especialidad quieres para el gran momento y nosotros nos encargamos del resto.<\/span><\/p>\n<h3 style=\"text-align: justify;\">Tras llenar est\u00f3magos\u2026 \u00a1es el turno del flashmob!<\/h3>\n<p style=\"text-align: justify;\"><span style=\"font-weight: 400;\">Cuando ya hay\u00e1is comido es <\/span><b>momento de levantarse de la mesa para dar un paseo por la ciudad. <\/b><span style=\"font-weight: 400;\">Ser\u00e1 en ese momento en el que la novia, sin esperarlo, comience a escuchar su canci\u00f3n favorita. (S\u00ed, tendr\u00e1s que chivarse cuales son sus temas favoritos).<\/span><\/p>\n<p style=\"text-align: justify;\"><span style=\"font-weight: 400;\">En ese instante,<\/span><b> un mont\u00f3n de personas de la calle comenzar\u00e1n a bailar, a dar saltos y a cantar como en un aut\u00e9ntico musical. <\/b><span style=\"font-weight: 400;\">\u00a1No sabr\u00e1 nada de lo que est\u00e1 pasando!<\/span><\/p>\n<p style=\"text-align: justify;\"><span style=\"font-weight: 400;\">Y entonces\u2026 \u00a1Es el turno del novio! Mediante un gran salto, o poni\u00e9ndose tambi\u00e9n a bailar, <\/span><b>toca sacar el anillo y pedirle la mano a la novia<\/b><span style=\"font-weight: 400;\">. Sin duda, no podr\u00e1 decirte que no.\u00a0<\/span><\/p>\n<p style=\"text-align: justify;\"><span style=\"font-weight: 400;\">\u00bfQu\u00e9 tal te parece la idea de implicar a amigos y\/o familiares en la actuaci\u00f3n junto con los bailarines profesionales? \u00a1Nos encanta!<\/span><\/p>\n<h3 style=\"text-align: justify;\">Tras el \u201cs\u00ed quiero\u201d, entrega un ramo de flores<\/h3>\n<p style=\"text-align: justify;\"><span style=\"font-weight: 400;\">Regalar un ramo de flores a la novia aporta al momento mucho m\u00e1s romanticismo y magia, por eso nosotros nos encargamos de conseguir las flores m\u00e1s frescas para que se lo regales a la novia durante vuestra <\/span><b>pedida de mano con flashmob inclu\u00eddo<\/b><span style=\"font-weight: 400;\">.<\/span><\/p>\n<p style=\"text-align: justify;\"><span style=\"font-weight: 400;\">Configuraremos un ramo repleto de <\/span><b>margaritas, rosas, lavanda, hojas de eucalipto, girasoles, lirios, tulipanes\u2026<\/b><span style=\"font-weight: 400;\"> \u00a1todo lo que imagines! Pero, si son las favoritas de la novia mejor que mejor. \u00a1Para que se las entregues cuando termine la actuaci\u00f3n y le hayas puesto el anillo!<\/span><\/p>\n<figure id=\"attachment_34454\" aria-describedby=\"caption-attachment-34454\" style=\"width: 683px\" class=\"wp-caption aligncenter\"><img loading=\"lazy\" decoding=\"async\" class=\"size-large wp-image-34454\" src=\"http:\/\/perfectvenue.es\/wp-content\/uploads\/2022\/05\/A-proposal-at-Retiro-Park-involving-an-Italian-couple-with-a-baby-on-board-7-683x1024.jpg\" alt=\"\" width=\"683\" height=\"1024\" srcset=\"https:\/\/perfectvenue.es\/wp-content\/uploads\/2022\/05\/A-proposal-at-Retiro-Park-involving-an-Italian-couple-with-a-baby-on-board-7-683x1024.jpg?v=1652366206 683w, https:\/\/perfectvenue.es\/wp-content\/uploads\/2022\/05\/A-proposal-at-Retiro-Park-involving-an-Italian-couple-with-a-baby-on-board-7-200x300.jpg?v=1652366206 200w, https:\/\/perfectvenue.es\/wp-content\/uploads\/2022\/05\/A-proposal-at-Retiro-Park-involving-an-Italian-couple-with-a-baby-on-board-7-450x674.jpg?v=1652366206 450w, https:\/\/perfectvenue.es\/wp-content\/uploads\/2022\/05\/A-proposal-at-Retiro-Park-involving-an-Italian-couple-with-a-baby-on-board-7-534x800.jpg?v=1652366206 534w, https:\/\/perfectvenue.es\/wp-content\/uploads\/2022\/05\/A-proposal-at-Retiro-Park-involving-an-Italian-couple-with-a-baby-on-board-7-600x899.jpg?v=1652366206 600w, https:\/\/perfectvenue.es\/wp-content\/uploads\/2022\/05\/A-proposal-at-Retiro-Park-involving-an-Italian-couple-with-a-baby-on-board-7.jpg?v=1652366206 700w\" sizes=\"auto, (max-width: 683px) 100vw, 683px\" \/><figcaption id=\"caption-attachment-34454\" class=\"wp-caption-text\">Photo via: <a href=\"https:\/\/nataliaortizevents.com\">Weddings and Events by Natalia Ortiz<\/a><\/figcaption><\/figure>\n<h3 style=\"text-align: justify;\">Fot\u00f3grafo y vide\u00f3grafo para el momento<\/h3>\n<p style=\"text-align: justify;\"><span style=\"font-weight: 400;\">\u00a1No puedes no tener un reportaje de este momento tan incre\u00edble! Por ello, para recordar los momentos vividos en tu pedida de mano con flashmob, recomendamos siempre contratar el servicio de una <\/span><b>fot\u00f3grafa y de un vide\u00f3grafo profesional<\/b><span style=\"font-weight: 400;\"> para luego poder rememorar una y otra vez.<\/span><\/p>\n<h3 style=\"text-align: justify;\">Organizaci\u00f3n y coordinaci\u00f3n<\/h3>\n<p style=\"text-align: justify;\"><span style=\"font-weight: 400;\">S\u00ed, nos gusta que todo salga perfecto, por eso <\/span><b>formamos parte de vuestra pedida de mano con flashmob organizando todo con antelaci\u00f3n y coordinando todo el d\u00eda<\/b><span style=\"font-weight: 400;\">.<\/span><\/p>\n<p style=\"text-align: justify;\"><span style=\"font-weight: 400;\">Conseguiremos poner todo a punto para que la decoraci\u00f3n sea como imagin\u00e1is, que la canci\u00f3n suene en el momento perfecto, que la fot\u00f3grafa no se deje nada por captar\u2026 \u00a1<\/span><b>Estamos pendientes de cada detalle<\/b><span style=\"font-weight: 400;\">!<\/span><\/p>\n<p style=\"text-align: justify;\"><span style=\"font-weight: 400;\">Prepararemos todo a vuestra medida, solo ten\u00e9is que pedirnos todo aquello que sea imprescindible para vuestro d\u00eda, \u00a1y <\/span><b>vuestros deseos se har\u00e1n \u00f3rdenes<\/b><span style=\"font-weight: 400;\">!<\/span><\/p>\n<h3 style=\"text-align: justify;\">Los precios, a consultar<\/h3>\n<p style=\"text-align: justify;\"><b>El precio de una pedida de mano con flashmob depende de diferentes factores <\/b><span style=\"font-weight: 400;\">como, por ejemplo, la ubicaci\u00f3n de donde se vaya a celebrar, la fecha en la que se vaya a preparar, la cantidad de actores implicados y los elementos con los que exactamente necesit\u00e9is contar: comida, transporte, ramo de flores\u2026<\/span><\/p>\n<p style=\"text-align: justify;\"><span style=\"font-weight: 400;\">Esta experiencia har\u00e1 que te olvides del estr\u00e9s de organizar todo y de hacerlo todo sin que la novia sospeche. \u00a1Muy dif\u00edcil!<\/span><\/p>\n<p style=\"text-align: justify;\"><span style=\"font-weight: 400;\">Nosotros estamos a vuestra disposici\u00f3n para escuchar vuestras ilusiones y deseos y tratar de ofreceros vuestro plan m\u00e1s perfecto para que todos vuestros sue\u00f1os se hagan realidad.\u00a0<\/span><\/p>\n<p style=\"text-align: justify;\"><span style=\"font-weight: 400;\">\u00a1Cont\u00e1ctanos en <\/span><b>Perfect Venue<\/b><span style=\"font-weight: 400;\"> para que nos pongamos en marcha con tu pedida de mano original con show en el aire!<\/span><\/p>\n<p>Tel\u00e9fono \/ Whatsapp: +34 722 29 15 43<\/p>\n<p style=\"text-align: justify;\"><span style=\"font-weight: 400;\">Y si esta pedida de mano con flashmob no te termina de convencer, no te pierdas estas otras ideas de pedidas de mano originales: <\/span><a href=\"https:\/\/perfectvenue.es\/es\/product\/una-pedida-de-mano-con-un-chef-en-casa-sorprende-a-tu-chica-desde-la-comodidad-del-hogar\/\"><b>una pedida de mano con un chef privado en casa<\/b><\/a><span style=\"font-weight: 400;\">, una <\/span><a href=\"http:\/\/perfectvenue.es\/product\/marriage-proposal-in-a-private-castle-is-the-perfect-plan-you-need-to-surprise-your-partner\/\"><b>pedida de mano en un castillo privado<\/b><\/a><span style=\"font-weight: 400;\">, una <\/span><a href=\"http:\/\/perfectvenue.es\/product\/propose-to-her-among-the-barrels-with-this-perfect-plan-an-engagement-in-a-winery-with-a-wine-degustation\/\"><b>pedida de mano en unas bodegas con cata de vinos<\/b><\/a><span style=\"font-weight: 400;\">, una <\/span><a href=\"http:\/\/perfectvenue.es\/product\/an-original-marriage-proposal-dont-miss-out-on-the-perfect-plan-to-live-a-marriage-proposal-with-an-aerial-show\/\"><b>pedida de mano con show en el aire<\/b><\/a><span style=\"font-weight: 400;\"> o una <\/span><b><a href=\"http:\/\/perfectvenue.es\/2022\/12\/05\/a-romantic-proposal-with-mallorca-as-a-backdrop\/\">pedida de mano en Mallorca<\/a>.<\/b><\/p>\n<p><\/p>","protected":false},"excerpt":{"rendered":"<p style=\"text-align: justify;\"><span style=\"font-weight: 400;\">Si quieres una pedida de mano original y muy marchosa, lo que te recomendamos es una pedida de mano con flashmob inclu\u00eddo.<\/span><\/p>\n","protected":false},"featured_media":37566,"comment_status":"closed","ping_status":"closed","template":"","meta":[],"class_list":["post-38861","product","type-product","status-publish","has-post-thumbnail","hentry","product_cat-marriage-proposal-packages","product_cat-perfect-plan","product_tag-ideas-marriage-proposal","product_tag-ideas-pedida-de-mano","product_tag-original-wedding-proposal","product_tag-pedida-de-mano-madrid","product_tag-pedida-de-mano-original","product_tag-6372","product_tag-5429","product_tag-6367"],"_links":{"self":[{"href":"https:\/\/perfectvenue.es\/es\/wp-json\/wp\/v2\/product\/38861","targetHints":{"allow":["GET"]}}],"collection":[{"href":"https:\/\/perfectvenue.es\/es\/wp-json\/wp\/v2\/product"}],"about":[{"href":"https:\/\/perfectvenue.es\/es\/wp-json\/wp\/v2\/types\/product"}],"replies":[{"embeddable":true,"href":"https:\/\/perfectvenue.es\/es\/wp-json\/wp\/v2\/comments?post=38861"}],"wp:featuredmedia":[{"embeddable":true,"href":"https:\/\/perfectvenue.es\/es\/wp-json\/wp\/v2\/media\/37566"}],"wp:attachment":[{"href":"https:\/\/perfectvenue.es\/es\/wp-json\/wp\/v2\/media?parent=38861"}],"curies":[{"name":"wp","href":"https:\/\/api.w.org\/{rel}","templated":true}]}}