{"id":38419,"date":"2022-12-14T15:46:22","date_gmt":"2022-12-14T12:46:22","guid":{"rendered":"https:\/\/perfectvenue.es\/?post_type=product&#038;p=38419"},"modified":"2024-11-21T18:28:57","modified_gmt":"2024-11-21T15:28:57","slug":"gastronomic-wedding-proposal-madrid","status":"publish","type":"product","link":"https:\/\/perfectvenue.es\/es\/product\/gastronomic-wedding-proposal-madrid\/","title":{"rendered":"Pedida de mano gastron\u00f3mica, Madrid"},"content":{"rendered":"<p>&nbsp;<\/p>\n<p style=\"text-align: justify;\"><span style=\"font-weight: 400;\">Madrid es nuestra ciudad favorita para organizar una pedida de mano. Es una ciudad moderna que tiene su cultura y su propio encanto. Aqu\u00ed est\u00e1n numerosos edificios emblem\u00e1ticos de los siglos XV y XVIII, Palacio Real, museos famosos en todo el mundo (Museo del Prado, Museo Reina Sof\u00eda, Museo Nacional de Artes Decorativas y etc.) catedrales majestuosas, sol c\u00e1lido y gente amable.<\/span><\/p>\n<p style=\"text-align: justify;\"><span style=\"font-weight: 400;\">Adem\u00e1s, Madrid es un lugar donde se puede encontrar una gran variedad de delicias gastron\u00f3micas. Est\u00e1 ciudad cuenta con 3100 restaurantes aproximadamente, 23 restaurantes con estrellas Michelin, 81 restaurantes que han recibido por lo menos un Sol de la Gu\u00eda Repsol. Aqu\u00ed puede encontrar restaurantes de todas las cocinas del mundo, para todos los bolsillos, con dise\u00f1os y conceptos atractivos, y para todos los gustos. \u00bfPor qu\u00e9 no pedir la mano a la persona m\u00e1s especial en el restaurante durante una cena gastron\u00f3mica? \u00a1Y nosotros organizamos todo lo necesario para este d\u00eda\u00a0 tan rom\u00e1ntico y emocionante!<\/span><\/p>\n<p style=\"text-align: justify;\"><span style=\"font-weight: 400;\">Pero, \u00bfpor d\u00f3nde empezar? \u00bfC\u00f3mo elegir el restaurante? No te preocupes, los profesionales ya pensaron en todo. Lo organizamos en el centro de la capital espa\u00f1ola en uno de los mejores restaurantes con un dise\u00f1o elegante, en una sala amplia y luminosa que se puede adaptar a las necesidades del cliente. Todos los men\u00fas est\u00e1n elaborados por nuestro Chef Ejecutivo Mario Sandoval (2* Michelin). El cliente solo tiene que elegir uno de los men\u00fas y disfrutar el momento en un para\u00edso gastron\u00f3mico. \u00a1Tu pareja nunca se olvidar\u00e1 de ese d\u00eda!<\/span><\/p>\n<p style=\"text-align: justify;\"><span style=\"font-weight: 400;\">\u00bfQuieres celebrar la pedida de mano con tus familiares y esas personas m\u00e1s cercanas? \u00a1Ser\u00eda muy buena opci\u00f3n pedirle la mano justo cuando est\u00e1is cenando y despu\u00e9s hacer juntos el brindis y celebrarlo en compa\u00f1\u00eda de una forma deliciosa y divertida!<\/span><\/p>\n<h3 style=\"text-align: justify;\"><span style=\"font-weight: 400;\">Pedida de mano gastron\u00f3mica en Madrid incluye:<\/span><\/h3>\n<ul style=\"text-align: justify;\">\n<li style=\"font-weight: 400;\"><span style=\"font-weight: 400;\">Alquiler del espacio<\/span><\/li>\n<li style=\"font-weight: 400;\"><span style=\"font-weight: 400;\">Organizaci\u00f3n de pedida de mano<\/span><\/li>\n<li style=\"font-weight: 400;\"><span style=\"font-weight: 400;\">Fot\u00f3grafo<\/span><\/li>\n<li style=\"font-weight: 400;\"><span style=\"font-weight: 400;\">Decoraci\u00f3n de mesa<\/span><\/li>\n<li style=\"font-weight: 400;\"><span style=\"font-weight: 400;\">Men\u00fa. S\u00f3lo se puede elegir 1 men\u00fa para todos los comensales, al mismo tiempo, optar por una misma opci\u00f3n (es decir, el mismo entrante, plato principal y postre para todos). Es posible elegir un pescado y una carne del mismo men\u00fa.<\/span><\/li>\n<\/ul>\n<p><strong>Precio a consultar<\/strong><\/p>\n<h3 style=\"text-align: justify;\"><span style=\"font-weight: 400;\">Se puede a\u00f1adir:<\/span><\/h3>\n<ul style=\"text-align: justify;\">\n<li style=\"font-weight: 400;\"><span style=\"font-weight: 400;\">Ramo de flores. Precio a consultar<\/span><\/li>\n<li style=\"font-weight: 400;\"><span style=\"font-weight: 400;\">M\u00fasica en directo (guitarra o viol\u00edn). Precio a consultar<\/span><\/li>\n<li style=\"font-weight: 400;\"><span style=\"font-weight: 400;\">V\u00eddeo. Precio a consultar<\/span><\/li>\n<li style=\"font-weight: 400;\"><span style=\"font-weight: 400;\">Transporte. Precio a consultar<\/span><\/li>\n<\/ul>\n<p style=\"text-align: justify;\"><span style=\"font-weight: 400;\">\u00a1Configurarlo como t\u00fa quieras!<\/span><\/p>\n<h3 style=\"text-align: justify;\"><span style=\"font-weight: 400;\">Facilidad de pago<\/span><\/h3>\n<p style=\"text-align: justify;\"><span style=\"font-weight: 400;\">\u00a1S\u00ed! Y es que no es necesario pagar \u00edntegramente el importe de la experiencia. Simplemente es necesario <\/span><b>reservar con un dep\u00f3sito<\/b><span style=\"font-weight: 400;\"> y el resto darla en el d\u00eda del evento.<\/span><\/p>\n<p style=\"text-align: justify;\"><span style=\"font-weight: 400;\">\u00a1Comodidad para ti!<\/span><\/p>\n<p style=\"text-align: justify;\"><span style=\"font-weight: 400;\">*El dep\u00f3sito no se devuelve si se cancela el evento.<\/span><\/p>\n<p><\/p>","protected":false},"excerpt":{"rendered":"<p style=\"text-align: justify;\"><span style=\"font-weight: 400;\"> \u00bfPor qu\u00e9 no pedir la mano a la persona m\u00e1s especial en el restaurante durante una cena gastron\u00f3mica? \u00a1Y nosotros organizamos todo lo necesario para este d\u00eda\u00a0 tan rom\u00e1ntico y emocionante!<\/span><\/p>\n","protected":false},"featured_media":38421,"comment_status":"closed","ping_status":"closed","template":"","meta":[],"class_list":["post-38419","product","type-product","status-publish","has-post-thumbnail","hentry","product_cat-marriage-proposal-packages","product_cat-perfect-plan","product_tag-marriage-proposal-ideas","product_tag-marriage-proposal-restaurant","product_tag-pedida-de-mano-gastronomica","product_tag-pedida-de-mano-madrid","product_tag-wedding-proposal-madrid","product_tag-6095","product_tag-6123","product_tag-6161"],"_links":{"self":[{"href":"https:\/\/perfectvenue.es\/es\/wp-json\/wp\/v2\/product\/38419","targetHints":{"allow":["GET"]}}],"collection":[{"href":"https:\/\/perfectvenue.es\/es\/wp-json\/wp\/v2\/product"}],"about":[{"href":"https:\/\/perfectvenue.es\/es\/wp-json\/wp\/v2\/types\/product"}],"replies":[{"embeddable":true,"href":"https:\/\/perfectvenue.es\/es\/wp-json\/wp\/v2\/comments?post=38419"}],"wp:featuredmedia":[{"embeddable":true,"href":"https:\/\/perfectvenue.es\/es\/wp-json\/wp\/v2\/media\/38421"}],"wp:attachment":[{"href":"https:\/\/perfectvenue.es\/es\/wp-json\/wp\/v2\/media?parent=38419"}],"curies":[{"name":"wp","href":"https:\/\/api.w.org\/{rel}","templated":true}]}}