{"id":38378,"date":"2022-12-12T12:00:52","date_gmt":"2022-12-12T09:00:52","guid":{"rendered":"https:\/\/perfectvenue.es\/?post_type=product&#038;p=38378"},"modified":"2024-04-11T15:39:58","modified_gmt":"2024-04-11T12:39:58","slug":"if-you-want-a-birthday-with-sea-views-in-an-exclusive-place-this-is-the-perfect-plan-for-you","status":"publish","type":"product","link":"https:\/\/perfectvenue.es\/es\/product\/if-you-want-a-birthday-with-sea-views-in-an-exclusive-place-this-is-the-perfect-plan-for-you\/","title":{"rendered":"Si quieres un cumplea\u00f1os con vistas al mar en un lugar exclusivo, este es tu Perfect Plan"},"content":{"rendered":"<p><\/p>\n<p style=\"text-align: justify\"><span style=\"font-weight: 400\">Si quieres celebrar un cumplea\u00f1os de lo m\u00e1s especial y rom\u00e1ntico est\u00e1s de enhorabuena, porque en este art\u00edculo te proponemos unas opciones para que disfrutes de un <\/span><b>cumplea\u00f1os con vistas al mar<\/b><span style=\"font-weight: 400\"> con tu pareja o con quien t\u00fa quieras en <\/span><b>uno de los mejores lugares de Espa\u00f1a: Mallorca.<\/b><\/p>\n<p style=\"text-align: justify\"><span style=\"font-weight: 400\">Y es que <\/span><b>el sol, la arena, el mar, el buen tiempo y el atardecer convierten Mallorca en el mejor lugar para soplar las velas<\/b><span style=\"font-weight: 400\">. Aunque, te recomendamos que, si la celebraci\u00f3n es en verano, se realice con el atardecer de fondo, con la ca\u00edda del sol, ya que es cuando menos calor hace en la zona. \u00a1El mejor momento para brindar!<\/span><\/p>\n<p style=\"text-align: justify\"><span style=\"font-weight: 400\">As\u00ed que, no te hacemos esperar m\u00e1s, a continuaci\u00f3n, te contamos cu\u00e1les son las mejores opciones para celebrar un cumplea\u00f1os con vistas al mar en las paradis\u00edacas aguas de Mallorca.<\/span><\/p>\n<p style=\"text-align: justify\"><span style=\"font-weight: 400\">\u00a1Comenzamos!<\/span><\/p>\n<figure id=\"attachment_34600\" aria-describedby=\"caption-attachment-34600\" style=\"width: 700px\" class=\"wp-caption aligncenter\"><img loading=\"lazy\" decoding=\"async\" class=\"size-full wp-image-34600\" src=\"https:\/\/perfectvenue.es\/wp-content\/uploads\/2022\/05\/Anna-and-Vinnicius\u2019-Proposal-in-Mallorca-between-rocks-and-crystal-waters-13.jpg\" alt=\"\" width=\"700\" height=\"467\" srcset=\"https:\/\/perfectvenue.es\/wp-content\/uploads\/2022\/05\/Anna-and-Vinnicius\u2019-Proposal-in-Mallorca-between-rocks-and-crystal-waters-13.jpg 700w, https:\/\/perfectvenue.es\/wp-content\/uploads\/2022\/05\/Anna-and-Vinnicius\u2019-Proposal-in-Mallorca-between-rocks-and-crystal-waters-13-300x200.jpg 300w, https:\/\/perfectvenue.es\/wp-content\/uploads\/2022\/05\/Anna-and-Vinnicius\u2019-Proposal-in-Mallorca-between-rocks-and-crystal-waters-13-450x300.jpg 450w, https:\/\/perfectvenue.es\/wp-content\/uploads\/2022\/05\/Anna-and-Vinnicius\u2019-Proposal-in-Mallorca-between-rocks-and-crystal-waters-13-600x400.jpg 600w\" sizes=\"auto, (max-width: 700px) 100vw, 700px\" \/><figcaption id=\"caption-attachment-34600\" class=\"wp-caption-text\">Photo via: <a href=\"https:\/\/nataliaortizevents.com\">Weddings and Events by Natalia Ortiz<\/a><\/figcaption><\/figure>\n<h3 style=\"text-align: justify\">1. Cena rom\u00e1ntica frente al Mediterr\u00e1neo para dos<\/h3>\n<p style=\"text-align: justify\"><span style=\"font-weight: 400\">El ic\u00f3nico hotel Hospes Maricel &amp; Spa ha creado <\/span><b>una experiencia gastron\u00f3mica exclusiva e \u00edntima<\/b><span style=\"font-weight: 400\"> para vivir un cumplea\u00f1os con vistas al mar en Mallorca.<\/span><\/p>\n<p style=\"text-align: justify\"><span style=\"font-weight: 400\">Podr\u00e1s disponer de una mesa \u00fanica para ti frente al Mar Mediterr\u00e1neo donde disfrutar de suculentos manjares junto a tu pareja en <\/span><b>una cena de 5 tiempos con maridaje de vino.<\/b><\/p>\n<p style=\"text-align: justify\"><span style=\"font-weight: 400\">La velada comenzar\u00e1 con un delicioso <\/span><b>sashimi de pescado blanco con ensalada de wakame<\/b><span style=\"font-weight: 400\"> y una copa de Brothers Lurton Savignon Blanc &#8211; DO Wheel.<\/span><\/p>\n<p style=\"text-align: justify\"><span style=\"font-weight: 400\">Para continuar, una deliciosa <\/span><b>langosta con salsa bearnesa y esp\u00e1rragos trigueros<\/b><span style=\"font-weight: 400\"> acompa\u00f1ada de una copa de Chablis Cuv\u00e9e la Sereine 2012 &#8211; AOP Chablis<\/span><\/p>\n<p style=\"text-align: justify\"><span style=\"font-weight: 400\">Y para finalizar, un <\/span><b>chateau briand con trufa<\/b><span style=\"font-weight: 400\"> y salsa de vino de Dominio de Atauta. Eso s\u00ed, no acabar\u00e1s tu cena sin degustar unas <\/span><b>delicias de la reposter\u00eda balear.<\/b><\/p>\n<p style=\"text-align: justify\"><span style=\"font-weight: 400\">\u00a1El plan m\u00e1s rom\u00e1ntico de toda Mallorca te espera!<\/span><\/p>\n<h3 style=\"text-align: justify\">2. Una cena con una panor\u00e1mica \u00fanica sobre la &#8220;Costa des Pins&#8221;<\/h3>\n<p style=\"text-align: justify\"><span style=\"font-weight: 400\">La cocina mediterr\u00e1nea de Port Verd del Mar es un mundo variado para los paladares m\u00e1s exigentes, y lo <\/span><b>mejor es que la terraza del lugar, se cierra para ti y tus 15 invitados para que pod\u00e1is celebrar en la intimidad un cumplea\u00f1os con vistas al mar.<\/b><\/p>\n<p style=\"text-align: justify\"><span style=\"font-weight: 400\">Los platos son sencillos a la par que creativos, y son aut\u00e9nticamente mediterr\u00e1neos y a la vez internacionales en todas sus facetas.<\/span><\/p>\n<p style=\"text-align: justify\"><span style=\"font-weight: 400\">Podr\u00e9is degustar sopa de pescado mallorqu\u00edn, carpaccio de Black Angus de Nueva Zelanda, Tagliatelle con langostinos tigre negros fritos, jam\u00f3n ib\u00e9rico a la pizarra, bogavante, pato pay\u00e9s mallorqu\u00edn, gazpachos, tarta alsaciana, tarta de almendras\u2026 \u00a1y un sinf\u00edn de cosas m\u00e1s!<\/span><\/p>\n<p style=\"text-align: justify\"><span style=\"font-weight: 400\">Y todo <\/span><b>en una impresionante vista panor\u00e1mica sobre la Costa des Pins<\/b><span style=\"font-weight: 400\"> que har\u00e1 que su cumplea\u00f1os sea de lo m\u00e1s especial e inolvidable. \u00a1Es una ocasi\u00f3n perfecta para <\/span><b>celebrar tu d\u00eda al m\u00e1s puro estilo balear<\/b><span style=\"font-weight: 400\">!<\/span><\/p>\n<figure id=\"attachment_38224\" aria-describedby=\"caption-attachment-38224\" style=\"width: 700px\" class=\"wp-caption aligncenter\"><img loading=\"lazy\" decoding=\"async\" class=\"size-full wp-image-38224\" src=\"https:\/\/perfectvenue.es\/wp-content\/uploads\/2022\/10\/Port-Verd-del-Mar.jpg\" alt=\"Port Verd del Mar\" width=\"700\" height=\"395\" srcset=\"https:\/\/perfectvenue.es\/wp-content\/uploads\/2022\/10\/Port-Verd-del-Mar.jpg?v=1669645827 700w, https:\/\/perfectvenue.es\/wp-content\/uploads\/2022\/10\/Port-Verd-del-Mar-300x169.jpg?v=1669645827 300w, https:\/\/perfectvenue.es\/wp-content\/uploads\/2022\/10\/Port-Verd-del-Mar-450x254.jpg?v=1669645827 450w, https:\/\/perfectvenue.es\/wp-content\/uploads\/2022\/10\/Port-Verd-del-Mar-600x339.jpg?v=1669645827 600w\" sizes=\"auto, (max-width: 700px) 100vw, 700px\" \/><figcaption id=\"caption-attachment-38224\" class=\"wp-caption-text\">Port Verd del Mar<\/figcaption><\/figure>\n<h3 style=\"text-align: justify\">3. Cena privada bajo la luz de la luna<\/h3>\n<p style=\"text-align: justify\"><span style=\"font-weight: 400\">Cap Rocat es mucho m\u00e1s que una cena de cumplea\u00f1os, y es que en la celebraci\u00f3n de tu d\u00eda podr\u00e1s disfrutar del Mirador y de La Terraza Panor\u00e1mica, en la parte superior de la fortaleza, donde se ofrecen <\/span><b>unas maravillosas vistas de la puesta de sol sobre la bah\u00eda de Palma.<\/b><\/p>\n<p style=\"text-align: justify\"><span style=\"font-weight: 400\">En tu cumplea\u00f1os con vistas al mar en este lugar, podr\u00e1s degustar <\/span><b>un men\u00fa especialmente pensado para la ocasi\u00f3n con su toque personal y una selecci\u00f3n de vinos<\/b> <b>para acompa\u00f1arlo<\/b><span style=\"font-weight: 400\">. Una carne o un pescado asado en la parrilla de le\u00f1a, un arroz o una caldereta.<\/span><\/p>\n<p style=\"text-align: justify\"><span style=\"font-weight: 400\">Tras la cena, El Antiguo Polvor\u00edn se convierte en un lugar m\u00e1gico lleno de <\/span><b>m\u00fasica, risas, baile y fiesta.<\/b><span style=\"font-weight: 400\"> Un lugar donde la noche se alarga hasta confundirse con el amanecer, donde sentarse a esperar la salida del sol mientras apuras la \u00faltima copa de cava.<\/span><\/p>\n<h2 style=\"text-align: justify\">\u00a1D\u00e9jalo todo en nuestras manos!<\/h2>\n<p style=\"text-align: justify\"><span style=\"font-weight: 400\">Sea cual sea la opci\u00f3n que elijas para celebrar tu cumplea\u00f1os con vistas al mar, <\/span><b>nosotros nos encargarnos de todo:<\/b><\/p>\n<h3 style=\"text-align: justify\">Decoraci\u00f3n en tu cumplea\u00f1os con vistas al mar<\/h3>\n<p style=\"text-align: justify\"><span style=\"font-weight: 400\">La decoraci\u00f3n es un a\u00f1adido que siempre ayuda a disfrutar del momento y a recordarlo para toda la vida, por eso no podemos dejar de un lado la decoraci\u00f3n en el d\u00eda de tu cumplea\u00f1os.<\/span><\/p>\n<p style=\"text-align: justify\"><span style=\"font-weight: 400\">Para tu cumplea\u00f1os con vistas al mar contamos con una propuesta decorativa la mar de exclusiva, \u00a1lo tenemos todo pensado! Eso s\u00ed, luego <\/span><b>el cumplea\u00f1ero siempre puede personalizar la decoraci\u00f3n a su gusto<\/b><span style=\"font-weight: 400\">: quitando, a\u00f1adiendo o cambiando lo que sea, porque lo m\u00e1s importante es que la decoraci\u00f3n est\u00e9 a gusto de cada persona.<\/span><\/p>\n<figure id=\"attachment_29710\" aria-describedby=\"caption-attachment-29710\" style=\"width: 700px\" class=\"wp-caption aligncenter\"><img loading=\"lazy\" decoding=\"async\" class=\"size-full wp-image-29710\" src=\"https:\/\/perfectvenue.es\/wp-content\/uploads\/2020\/12\/Cap-Rocat-Mallorca-Perfect-Venue-11.jpg\" alt=\"Cap Rocat Majorca\" width=\"700\" height=\"467\" srcset=\"https:\/\/perfectvenue.es\/wp-content\/uploads\/2020\/12\/Cap-Rocat-Mallorca-Perfect-Venue-11.jpg?v=1626102890 700w, https:\/\/perfectvenue.es\/wp-content\/uploads\/2020\/12\/Cap-Rocat-Mallorca-Perfect-Venue-11-300x200.jpg?v=1626102890 300w, https:\/\/perfectvenue.es\/wp-content\/uploads\/2020\/12\/Cap-Rocat-Mallorca-Perfect-Venue-11-450x300.jpg?v=1626102890 450w, https:\/\/perfectvenue.es\/wp-content\/uploads\/2020\/12\/Cap-Rocat-Mallorca-Perfect-Venue-11-600x400.jpg?v=1626102890 600w\" sizes=\"auto, (max-width: 700px) 100vw, 700px\" \/><figcaption id=\"caption-attachment-29710\" class=\"wp-caption-text\"><a href=\"https:\/\/perfectvenue.es\/listings\/cap-rocat\/\">Cap Rocat<\/a><\/figcaption><\/figure>\n<h3 style=\"text-align: justify\">Fot\u00f3grafo y video<\/h3>\n<p style=\"text-align: justify\"><span style=\"font-weight: 400\">Para recordar los momentos vividos en tu cumplea\u00f1os, realizar\u00e1s una sesi\u00f3n de fotos con unas vistas incre\u00edbles, ya que <\/span><b>Mallorca ofrece panor\u00e1micas de ensue\u00f1o: aguas cristalinas, rocas, atardeceres, arena fina\u2026<\/b><\/p>\n<p style=\"text-align: justify\"><span style=\"font-weight: 400\">Por eso, podr\u00e1s disponer de una fot\u00f3grafa y de un vide\u00f3grafo profesional para luego poder rememorar una y otra vez tu celebraci\u00f3n por todo lo alto.<\/span><\/p>\n<p style=\"text-align: justify\"><span style=\"font-weight: 400\">Adem\u00e1s, si lo dese\u00e1is, adem\u00e1s de la imagen, nosotros <\/span><b>tambi\u00e9n podemos hacernos cargo de la iluminaci\u00f3n y el sonido de tu celebraci\u00f3n, del transporte\u2026 \u00a1de todo!<\/b><\/p>\n<h3 style=\"text-align: justify\">La noche, tambi\u00e9n con vistas al mar<\/h3>\n<p style=\"text-align: justify\"><span style=\"font-weight: 400\">Tras vivir tu d\u00eda m\u00e1s importante del a\u00f1o, es momento de descansar, \u00bfy qu\u00e9 mejor que hacerlo en una de las habitaciones con vistas de las que disponen muchos hoteles de Mallorca y as\u00ed crear recuerdos que permanecer\u00e1n toda la vida en tu memoria? Y es que <\/span><b>hay muchos hoteles exclusivos en los que despertar viendo el amanecer sobre el mar.<\/b><\/p>\n<p style=\"text-align: justify\"><span style=\"font-weight: 400\">Es una opci\u00f3n genial para que despu\u00e9s de un d\u00eda repleto de emociones no teng\u00e1is que regresar a casa. \u00a1<\/span><b>Despertar despu\u00e9s del d\u00eda de tu cumplea\u00f1os con vistas al mar no tiene precio<\/b><span style=\"font-weight: 400\">!<\/span><\/p>\n<h3 style=\"text-align: justify\">Organizaci\u00f3n y coordinaci\u00f3n<\/h3>\n<p style=\"text-align: justify\"><span style=\"font-weight: 400\">S\u00ed, nos gusta que todo salga a pedir de boca, por eso <\/span><b>podemos formar parte de vuestra celebraci\u00f3n organizando todo con antelaci\u00f3n y coordinando todo el d\u00eda del cumplea\u00f1os<\/b><span style=\"font-weight: 400\">.<\/span><\/p>\n<p style=\"text-align: justify\"><span style=\"font-weight: 400\">Conseguiremos poner todo a punto para que la decoraci\u00f3n sea como imagin\u00e1is, que la fot\u00f3grafa no se deje nada por captar\u2026 \u00a1<\/span><b>Estamos pendientes de cada detalle<\/b><span style=\"font-weight: 400\">!<\/span><\/p>\n<p style=\"text-align: justify\"><span style=\"font-weight: 400\">Prepararemos todo a vuestra medida, solo ten\u00e9is que pedirnos todo aquello que sea imprescindible para vuestro d\u00eda, \u00a1y <\/span><b>vuestros deseos se har\u00e1n \u00f3rdenes<\/b><span style=\"font-weight: 400\">!<\/span><\/p>\n<figure id=\"attachment_36693\" aria-describedby=\"caption-attachment-36693\" style=\"width: 700px\" class=\"wp-caption aligncenter\"><img loading=\"lazy\" decoding=\"async\" class=\"size-full wp-image-36693\" src=\"https:\/\/perfectvenue.es\/wp-content\/uploads\/2022\/08\/yate-marriage-proposal-mallorca.jpg\" alt=\"\" width=\"700\" height=\"466\" srcset=\"https:\/\/perfectvenue.es\/wp-content\/uploads\/2022\/08\/yate-marriage-proposal-mallorca.jpg?v=1660667356 700w, https:\/\/perfectvenue.es\/wp-content\/uploads\/2022\/08\/yate-marriage-proposal-mallorca-300x200.jpg?v=1660667356 300w, https:\/\/perfectvenue.es\/wp-content\/uploads\/2022\/08\/yate-marriage-proposal-mallorca-450x300.jpg?v=1660667356 450w, https:\/\/perfectvenue.es\/wp-content\/uploads\/2022\/08\/yate-marriage-proposal-mallorca-600x399.jpg?v=1660667356 600w\" sizes=\"auto, (max-width: 700px) 100vw, 700px\" \/><figcaption id=\"caption-attachment-36693\" class=\"wp-caption-text\">Photographer: Quattro Studio<\/figcaption><\/figure>\n<h3 style=\"text-align: justify\">Los precios, a consultar<\/h3>\n<p style=\"text-align: justify\"><b>El precio de celebrar tu cumplea\u00f1os con vistas al mar por todo lo alto siempre depender\u00e1 de diferentes factores<\/b><span style=\"font-weight: 400\"> como, por ejemplo, el n\u00famero de invitados que asistan a tu celebraci\u00f3n, la fecha en la que lleves a cabo tu evento y los elementos con los que exactamente necesit\u00e9is contar: decoraci\u00f3n, transporte, animaci\u00f3n\u2026<\/span><\/p>\n<p style=\"text-align: justify\"><span style=\"font-weight: 400\">\u00a0<\/span><\/p>\n<p style=\"text-align: justify\"><span style=\"font-family: inherit;font-size: 16px\"><span style=\"font-weight: 400\">Recuerda que organizar una fiesta de cumplea\u00f1os m\u00edtica requiere de planeaci\u00f3n y bastante tiempo de anticipaci\u00f3n. Por ello, cont\u00e1ctanos en <\/span><b>Perfect Venue <\/b><span style=\"font-weight: 400\">para tener el cumplea\u00f1os m\u00e1s \u00fanico y exclusivo de todo tu c\u00edrculo social.<\/span>.<\/span><\/p>\n<p><\/p>","protected":false},"excerpt":{"rendered":"<p style=\"text-align: justify\"><span style=\"font-weight: 400\">Si quieres celebrar un cumplea\u00f1os con vistas al mar en un lugar exclusivo, te contamos todo acerca de este Perfect Plan.<\/span><\/p>\n","protected":false},"featured_media":34600,"comment_status":"closed","ping_status":"closed","template":"","meta":[],"class_list":["post-38378","product","type-product","status-publish","has-post-thumbnail","hentry","product_cat-luxury-birthday-planning","product_cat-perfect-plan","product_tag-birthday-party-mallora","product_tag-birthday-party-sea","product_tag-cumpleanos-mallorca","product_tag-cumpleanos-mar","product_tag-6142","product_tag-6143"],"_links":{"self":[{"href":"https:\/\/perfectvenue.es\/es\/wp-json\/wp\/v2\/product\/38378","targetHints":{"allow":["GET"]}}],"collection":[{"href":"https:\/\/perfectvenue.es\/es\/wp-json\/wp\/v2\/product"}],"about":[{"href":"https:\/\/perfectvenue.es\/es\/wp-json\/wp\/v2\/types\/product"}],"replies":[{"embeddable":true,"href":"https:\/\/perfectvenue.es\/es\/wp-json\/wp\/v2\/comments?post=38378"}],"wp:featuredmedia":[{"embeddable":true,"href":"https:\/\/perfectvenue.es\/es\/wp-json\/wp\/v2\/media\/34600"}],"wp:attachment":[{"href":"https:\/\/perfectvenue.es\/es\/wp-json\/wp\/v2\/media?parent=38378"}],"curies":[{"name":"wp","href":"https:\/\/api.w.org\/{rel}","templated":true}]}}