{"id":38366,"date":"2024-07-09T12:00:15","date_gmt":"2024-07-09T09:00:15","guid":{"rendered":"https:\/\/perfectvenue.es\/?post_type=product&#038;p=38366"},"modified":"2025-07-21T14:58:49","modified_gmt":"2025-07-21T11:58:49","slug":"wedding-elopement-in-a-secret-swimming-pool-gran-canaria","status":"publish","type":"product","link":"https:\/\/perfectvenue.es\/es\/product\/wedding-elopement-in-a-secret-swimming-pool-gran-canaria\/","title":{"rendered":"Boda elopement en una piscina secreta, Gran Canaria"},"content":{"rendered":"<p><\/p>\n<p style=\"text-align: justify;\"><span style=\"font-weight: 400;\">Un plan extraordinatio para una pareja que quiere escaparse de una celebracion tradicional del d\u00eda de su boda\u2026 Un viaje a la isla magica con los paisajes increibles, en un lugar intimo al lado de la piscina secreta donde puedes decir a tu pareja: \u201c\u00a1S\u00ed, quiero!\u201d en Gran Canaria es tu Perfect Plan!<\/span><\/p>\n<p style=\"text-align: justify;\"><span style=\"font-weight: 400;\">Seguro que conoces a pocas parejas que se atrevan a celebrar su boda de esta manera\u2026 pues a ra\u00edz de la pandemia, cada vez son m\u00e1s las parejas que optan por celebrar una boda elopement. Una nueva versi\u00f3n de <\/span><b>celebrar tu boda de manera relajada y vivir esta experiencia \u00fanica de la manera m\u00e1s \u00edntima.<\/b><\/p>\n<p style=\"text-align: justify;\"><span style=\"font-weight: 400;\">Por ello, en este art\u00edculo os contamos todo acerca de este Perfect Plan para que teng\u00e1is una boda para vosotros dos solos, \u00a1tan sencillo solo <\/span><b>reservar con un solo clic<\/b><span style=\"font-weight: 400;\">!<\/span><\/p>\n<p style=\"text-align: justify;\"><span style=\"font-weight: 400;\">\u00a1Sigue leyendo para saber todo lo incluido en vuestra boda elopement en la isla Gran Canaria!<\/span><\/p>\n<figure id=\"attachment_21362\" aria-describedby=\"caption-attachment-21362\" style=\"width: 700px\" class=\"wp-caption aligncenter\"><img loading=\"lazy\" decoding=\"async\" class=\"wp-image-21362\" src=\"https:\/\/perfectvenue.es\/wp-content\/uploads\/2019\/04\/wedding-gran-canaria-37.jpg\" alt=\"wedding Gran Canaria\" width=\"700\" height=\"467\" srcset=\"https:\/\/perfectvenue.es\/wp-content\/uploads\/2019\/04\/wedding-gran-canaria-37.jpg?v=1626106893 850w, https:\/\/perfectvenue.es\/wp-content\/uploads\/2019\/04\/wedding-gran-canaria-37-300x200.jpg?v=1626106893 300w, https:\/\/perfectvenue.es\/wp-content\/uploads\/2019\/04\/wedding-gran-canaria-37-768x512.jpg?v=1626106893 768w, https:\/\/perfectvenue.es\/wp-content\/uploads\/2019\/04\/wedding-gran-canaria-37-450x300.jpg?v=1626106893 450w, https:\/\/perfectvenue.es\/wp-content\/uploads\/2019\/04\/wedding-gran-canaria-37-600x400.jpg?v=1626106893 600w\" sizes=\"auto, (max-width: 700px) 100vw, 700px\" \/><figcaption id=\"caption-attachment-21362\" class=\"wp-caption-text\">Photo via: <a href=\"https:\/\/nataliaortizevents.com\">Weddings and Events by Natalia Ortiz<\/a><\/figcaption><\/figure>\n<h3 style=\"text-align: justify;\"><span style=\"font-weight: 400;\">Elopement en la isla Gran Canaria<\/span><\/h3>\n<p style=\"text-align: justify;\"><span style=\"font-weight: 400;\">Gran Canaria es una isla que pertenece al grupo de las Islas Canarias. Gran Canaria cuenta con muchas diversidades de flora y fauna y con una gran variedad de zonas geogr\u00e1ficas y clim\u00e1ticas que ha sido bautizada como el \u201c<\/span><b>continente en miniatura<\/b><span style=\"font-weight: 400;\">\u201c. Tambi\u00e9n es famosa por sus playas de arena volc\u00e1nica blanca y negra. Es uno de los mejores sitios de Espa\u00f1a para <\/span><b>organizar tu boda elopement al lado del mar.<\/b><span style=\"font-weight: 400;\"> Tambien en la isla est\u00e1n ubicados muchos hoteles modernos con todos servicios necesarios donde podeis alojaros con toda comodidad despues de un d\u00eda lleno de emociones.<\/span><\/p>\n<h3 style=\"text-align: justify;\"><span style=\"font-weight: 400;\">Decoraci\u00f3n de ceremonia elopement a vuestro gusto<\/span><\/h3>\n<p style=\"text-align: justify;\"><span style=\"font-weight: 400;\">La decoraci\u00f3n es un a\u00f1adido que siempre ayuda a disfrutar del momento y a recordarlo para toda la vida, por eso no podemos dejar de un lado el romanticismo en vuestro gran d\u00eda.<\/span><\/p>\n<p style=\"text-align: justify;\"><span style=\"font-weight: 400;\">En tu <\/span><b>boda elopement en Gran Canaria<\/b><span style=\"font-weight: 400;\"> contamos con una propuesta decorativa la mar de rom\u00e1ntica, \u00a1lo tenemos todo pensado! Eso s\u00ed, luego <\/span><b>los novios pod\u00e9is personalizar la decoraci\u00f3n a vuestro gusto<\/b><span style=\"font-weight: 400;\">: quitando, a\u00f1adiendo o cambiando lo que sea, porque lo m\u00e1s importante es que la decoraci\u00f3n est\u00e9 a vuestro gusto.<\/span><\/p>\n<h3 style=\"text-align: justify;\"><span style=\"font-weight: 400;\">Una ceremonia con preciosas vistas<\/span><\/h3>\n<p style=\"text-align: justify;\"><span style=\"font-weight: 400;\">Vuestra ceremonia se merece un lugar tan \u00fanico como son los paisajes de esta preciosa isla: las monta\u00f1as, palmeras, valles verdes, cactus, arenas negras de playas, elegantes piscinas, el mar, los colores brillantes de la puesta de sol&#8230;<\/span><\/p>\n<p style=\"text-align: justify;\"><span style=\"font-weight: 400;\">Y todo eso en uno de los mejores hoteles de la isla donde os proponemos celebrar <\/span><b>una ceremonia rom\u00e1ntica con vistas de paisajes naturales de la isla, las Maspalomas, monta\u00f1as, <\/b><span style=\"font-weight: 400;\">y todo eso al lado de<\/span><b> una piscina secreta <\/b><span style=\"font-weight: 400;\">que os invita a disfrutar su ambiente \u00edntimo y rom\u00e1ntico.\u00a0 <\/span><\/p>\n<figure id=\"attachment_21357\" aria-describedby=\"caption-attachment-21357\" style=\"width: 700px\" class=\"wp-caption aligncenter\"><img loading=\"lazy\" decoding=\"async\" class=\"wp-image-21357\" src=\"https:\/\/perfectvenue.es\/wp-content\/uploads\/2019\/03\/wedding-gran-canaria-54.jpg\" alt=\"wedding Gran Canaria\" width=\"700\" height=\"467\" srcset=\"https:\/\/perfectvenue.es\/wp-content\/uploads\/2019\/03\/wedding-gran-canaria-54.jpg?v=1626106896 850w, https:\/\/perfectvenue.es\/wp-content\/uploads\/2019\/03\/wedding-gran-canaria-54-300x200.jpg?v=1626106896 300w, https:\/\/perfectvenue.es\/wp-content\/uploads\/2019\/03\/wedding-gran-canaria-54-768x512.jpg?v=1626106896 768w, https:\/\/perfectvenue.es\/wp-content\/uploads\/2019\/03\/wedding-gran-canaria-54-450x300.jpg?v=1626106896 450w, https:\/\/perfectvenue.es\/wp-content\/uploads\/2019\/03\/wedding-gran-canaria-54-600x400.jpg?v=1626106896 600w\" sizes=\"auto, (max-width: 700px) 100vw, 700px\" \/><figcaption id=\"caption-attachment-21357\" class=\"wp-caption-text\">Photo via: <a href=\"https:\/\/nataliaortizevents.com\">Weddings and Events by Natalia Ortiz<\/a><\/figcaption><\/figure>\n<h3 style=\"text-align: justify;\"><span style=\"font-weight: 400;\">Tambi\u00e9n tendr\u00e1s tu maestro de ceremonia<\/span><\/h3>\n<p style=\"text-align: justify;\"><span style=\"font-weight: 400;\">Al ser la boda civil no nos olvidamos de contar en esta experiencia con un profesional que dirija vuestro enlace.<\/span><\/p>\n<p style=\"text-align: justify;\"><span style=\"font-weight: 400;\">Este aportar\u00e1 toques de humor y simpat\u00eda caso de ser necesario y que los novios as\u00ed lo deseen que den frescura a la ceremonia.<\/span><\/p>\n<p style=\"text-align: justify;\"><span style=\"font-weight: 400;\">\u00a1Y lo mejor es que depende de donde se\u00e1is, tendr\u00e9is un maestro de ceremonia acorde a vuestro idioma! <\/span><b>Tenemos maestros de ceremonias que hablan ingl\u00e9s, franc\u00e9s, alem\u00e1n, espa\u00f1ol, ruso\u2026<\/b><\/p>\n<h3 style=\"text-align: justify;\"><span style=\"font-weight: 400;\">Despu\u00e9s de ceremonia, un mini coctel<\/span><\/h3>\n<p style=\"text-align: justify;\"><span style=\"font-weight: 400;\">En ninguna boda puede faltar ese momento previo a la cena en el que se brinda y se celebra que la pareja ya por fin est\u00e1 casada. Un momento de lo m\u00e1s refrescante que no puede faltar para amenizar tu <\/span><b>boda elopement en Gran Canaria.<\/b><\/p>\n<p style=\"text-align: justify;\"><span style=\"font-weight: 400;\">\u00a1Y es que a todos nos encantan los c\u00f3cteles! Por su sabor y sus colores, son todo un \u00e9xito entre los paladares.<\/span><\/p>\n<p style=\"text-align: justify;\"><span style=\"font-weight: 400;\">Por ello, con este fant\u00e1stico plan <\/span><b>tendr\u00e9is los c\u00f3cteles m\u00e1s ex\u00f3ticos y suntuosos<\/b><span style=\"font-weight: 400;\"> para abrir boca antes de la cena \u00edntima.<\/span><\/p>\n<h3 style=\"text-align: justify;\"><span style=\"font-weight: 400;\">Una sesi\u00f3n magica en gran Canaria\u00a0<\/span><\/h3>\n<p style=\"text-align: justify;\"><span style=\"font-weight: 400;\">Para recordar los momentos vivido, realizar\u00e1s una sesi\u00f3n de fotos por los diferentes lugares de la isla. Y los profesionales van a grabar cada momento m\u00e1s\u00a0 importante de este d\u00eda para que luego podras revivirlo otra vez.\u00a0<\/span><\/p>\n<p style=\"text-align: justify;\"><span style=\"font-weight: 400;\">Adem\u00e1s es vuestra oportunidad unica para hacer una fotosesion juntos al lado de todos los paisajes maravillosos que ofrece esta isla m\u00e1gica, Gran Canaria. \u00a1Por algo lo llaman \u201c<\/span><b>continente en miniatura<\/b><span style=\"font-weight: 400;\">\u201c!<\/span><\/p>\n<figure id=\"attachment_21110\" aria-describedby=\"caption-attachment-21110\" style=\"width: 700px\" class=\"wp-caption aligncenter\"><img loading=\"lazy\" decoding=\"async\" class=\"wp-image-21110\" src=\"https:\/\/perfectvenue.es\/wp-content\/uploads\/2019\/04\/Salobre-Hotel-Resort-Gran-Canaria-15.jpg\" alt=\"Salobre hotel Resort Gran Canaria\" width=\"700\" height=\"467\" srcset=\"https:\/\/perfectvenue.es\/wp-content\/uploads\/2019\/04\/Salobre-Hotel-Resort-Gran-Canaria-15.jpg?v=1626107019 850w, https:\/\/perfectvenue.es\/wp-content\/uploads\/2019\/04\/Salobre-Hotel-Resort-Gran-Canaria-15-300x200.jpg?v=1626107019 300w, https:\/\/perfectvenue.es\/wp-content\/uploads\/2019\/04\/Salobre-Hotel-Resort-Gran-Canaria-15-768x512.jpg?v=1626107019 768w, https:\/\/perfectvenue.es\/wp-content\/uploads\/2019\/04\/Salobre-Hotel-Resort-Gran-Canaria-15-450x300.jpg?v=1626107019 450w, https:\/\/perfectvenue.es\/wp-content\/uploads\/2019\/04\/Salobre-Hotel-Resort-Gran-Canaria-15-600x400.jpg?v=1626107019 600w\" sizes=\"auto, (max-width: 700px) 100vw, 700px\" \/><figcaption id=\"caption-attachment-21110\" class=\"wp-caption-text\">Photo via <a href=\"https:\/\/nataliaortizevents.com\">Weddings and Events by Natalia Ortiz<\/a><\/figcaption><\/figure>\n<h3 style=\"text-align: justify;\"><span style=\"font-weight: 400;\">Pack Boda elopement en Gran Canaria en una piscina secreta incluye:<\/span><\/h3>\n<ul style=\"text-align: justify;\">\n<li style=\"font-weight: 400;\"><span style=\"font-weight: 400;\">Alquiler del espacio<\/span><\/li>\n<li style=\"font-weight: 400;\"><span style=\"font-weight: 400;\">Decoracion para ceremonia<\/span><\/li>\n<li style=\"font-weight: 400;\"><span style=\"font-weight: 400;\">Fot\u00f3grafo<\/span><\/li>\n<li style=\"font-weight: 400;\"><span style=\"font-weight: 400;\">Cena para dos personas<\/span><\/li>\n<li style=\"font-weight: 400;\"><span style=\"font-weight: 400;\">Organizaci\u00f3n del d\u00eda de la boda y coordinaci\u00f3n<\/span><\/li>\n<\/ul>\n<p><strong>Precio a consultar<\/strong><\/p>\n<p style=\"text-align: justify;\"><span style=\"font-weight: 400;\">En <\/span><b>Perfect Venue<\/b><span style=\"font-weight: 400;\"> tenemos tu Perfect Plan, as\u00ed que, si quieres vivir la experiencia de celebrar tu <\/span><b>boda elopement en la isla Gran Canaria<\/b><span style=\"font-weight: 400;\">, y organizamos todo esto por ti.<\/span><\/p>\n<p style=\"text-align: justify;\"><span style=\"font-weight: 400;\">T\u00fa solo tienes que reservar con un solo clic, despu\u00e9s encargarte de disfrutar.<\/span><\/p>\n<p style=\"text-align: justify;\"><span style=\"font-weight: 400;\">\u00a1Te esperamos!<\/span><\/p>\n<p><\/p>","protected":false},"excerpt":{"rendered":"<p style=\"text-align: justify;\"><span style=\"font-weight: 400;\">Una boda elopement en una isla m\u00e1gica al lado del mar\u2026 \u00a1Aqu\u00ed te contamos todos los detalles sobre tu\u00a0 Perfect Plan para tu d\u00eda especial! <strong>Precio a consultar.<\/strong><\/span><\/p>\n","protected":false},"featured_media":21354,"comment_status":"closed","ping_status":"closed","template":"","meta":[],"class_list":["post-38366","product","type-product","status-publish","has-post-thumbnail","hentry","product_cat-elopement-planner","product_cat-perfect-plan","product_tag-boda-elopement-gran-canaria","product_tag-boda-en-isla","product_tag-elopement-canary-islands","product_tag-elopement-gran-canaria","product_tag-6139","product_tag-6138"],"_links":{"self":[{"href":"https:\/\/perfectvenue.es\/es\/wp-json\/wp\/v2\/product\/38366","targetHints":{"allow":["GET"]}}],"collection":[{"href":"https:\/\/perfectvenue.es\/es\/wp-json\/wp\/v2\/product"}],"about":[{"href":"https:\/\/perfectvenue.es\/es\/wp-json\/wp\/v2\/types\/product"}],"replies":[{"embeddable":true,"href":"https:\/\/perfectvenue.es\/es\/wp-json\/wp\/v2\/comments?post=38366"}],"wp:featuredmedia":[{"embeddable":true,"href":"https:\/\/perfectvenue.es\/es\/wp-json\/wp\/v2\/media\/21354"}],"wp:attachment":[{"href":"https:\/\/perfectvenue.es\/es\/wp-json\/wp\/v2\/media?parent=38366"}],"curies":[{"name":"wp","href":"https:\/\/api.w.org\/{rel}","templated":true}]}}