{"id":38330,"date":"2022-12-08T12:00:05","date_gmt":"2022-12-08T09:00:05","guid":{"rendered":"http:\/\/perfectvenue.es\/?post_type=product&#038;p=38330"},"modified":"2026-03-27T11:05:25","modified_gmt":"2026-03-27T08:05:25","slug":"marriage-proposal-in-a-secret-warehouse-in-the-center-of-madrid","status":"publish","type":"product","link":"https:\/\/perfectvenue.es\/es\/product\/marriage-proposal-in-a-secret-warehouse-in-the-center-of-madrid\/","title":{"rendered":"Pedida de mano en una Bodega en el centro de Madrid"},"content":{"rendered":"<p><\/p>\n<p style=\"text-align: justify;\"><span style=\"font-weight: 400;\">Sin duda, Madrid es uno de los mejores sitios para pedir mano a tu persona especial. No lo dudes, te ayudaremos a encontrar el mejor lugar para que tu <\/span><b>pedida de mano en Madrid<\/b><span style=\"font-weight: 400;\"> sea inolvidable. La capital espa\u00f1ola cuenta con numerosos locales, restaurantes con conceptos e interiores \u00fanicos. Sin embargo, es la gastronom\u00eda la que causa la mayor impresi\u00f3n al visitante.\u00a0<\/span><span style=\"font-weight: 400;\">\u00a0<\/span><\/p>\n<p style=\"text-align: justify;\"><span style=\"font-weight: 400;\">Espa\u00f1a es famosa en todo el mundo por sus variadas tradiciones culinarias. Y, por supuesto, todos sabemos de la exquisita calidad de los vinos espa\u00f1oles. As\u00ed que, \u00bfpor qu\u00e9 no dar un hermoso paseo por el centro de Madrid y luego ir a una de las <\/span><b>bodegas secretas de capital?<\/b><\/p>\n<p style=\"text-align: justify;\"><span style=\"font-weight: 400;\">La bodega est\u00e1 ubicada a s\u00f3lo 5 minutos del Museo del Prado, Museo Reina Sof\u00eda, Museo Thyssen-Bornemisza, Estaci\u00f3n de Atocha y el Caixa Forum. En su interior encontrar\u00e1 una arquitectura \u00fanica, un ambiente rom\u00e1ntico e incluso cuevas aut\u00e9nticas del siglo XVII. Goce juntos de una <\/span><b>magn\u00edfica oferta gastron\u00f3mica<\/b><span style=\"font-weight: 400;\"> y de cultura mediterr\u00e1nea.<\/span><\/p>\n<p style=\"text-align: justify;\"><span style=\"font-weight: 400;\">Nos encargamos de todos los detalles, de que su mesa est\u00e9 reservada a tiempo y de que todo lo que necesite est\u00e9 preparado para su llegada y el momento en que se haga la gran pregunta&#8230;\u00a0<\/span><span style=\"font-weight: 400;\">\u00a0<\/span><\/p>\n<h2 style=\"text-align: justify;\">Pack pedida de mano en una Bodega en el centro de Madrid incluye:<\/h2>\n<ul style=\"text-align: justify;\">\n<li><span style=\"font-weight: 400;\"> \u00a0 \u00a0 <\/span><span style=\"font-weight: 400;\">Cena en una de las cuevas de la bodega para 2 personas, a las 20:30h (hasta las 22:15h) o a las 22:30h (hasta las 00:45h)<\/span><\/li>\n<li><span style=\"font-weight: 400;\"> \u00a0 \u00a0 <\/span><span style=\"font-weight: 400;\">Fot\u00f3grafo<\/span><\/li>\n<li><span style=\"font-weight: 400;\"> \u00a0 \u00a0 <\/span><span style=\"font-weight: 400;\">Ramo de flores<\/span><\/li>\n<li><span style=\"font-weight: 400;\"> \u00a0 \u00a0 <\/span><span style=\"font-weight: 400;\">Decoraci\u00f3n con p\u00e9talos de rosa<\/span><\/li>\n<li><span style=\"font-weight: 400;\"> \u00a0 \u00a0 <\/span><span style=\"font-weight: 400;\">Planificaci\u00f3n de la pedida de mano y coordinaci\u00f3n del d\u00eda<\/span><\/li>\n<\/ul>\n<p style=\"text-align: justify;\"><span style=\"font-weight: 400;\">Precio total: 650\u20ac<\/span><\/p>\n<h3 style=\"text-align: justify;\">Se puede a\u00f1adir:<span style=\"font-weight: 400;\">\u00a0<\/span><\/h3>\n<ul style=\"text-align: justify;\">\n<li><span style=\"font-weight: 400;\"> \u00a0 \u00a0 <\/span><span style=\"font-weight: 400;\">Video desde 250\u20ac<\/span><\/li>\n<li><span style=\"font-weight: 400;\"> \u00a0 \u00a0 <\/span><span style=\"font-weight: 400;\">Transporte. Precio a consultar<\/span><\/li>\n<\/ul>\n<p style=\"text-align: justify;\"><span style=\"font-weight: 400;\">\u00a1Configuralo como t\u00fa quieras!<\/span><\/p>\n<h3 style=\"text-align: justify;\">Facilidad de pago<\/h3>\n<p style=\"text-align: justify;\"><span style=\"font-weight: 400;\">\u00a1S\u00ed! Y es que no es necesario pagar \u00edntegramente el importe de la experiencia. Simplemente es necesario <\/span><b>reservar con un dep\u00f3sito<\/b><span style=\"font-weight: 400;\"> y el resto darla en el d\u00eda del evento.<\/span><\/p>\n<p style=\"text-align: justify;\"><span style=\"font-weight: 400;\">\u00a1Comodidad para ti!<\/span><\/p>\n<p style=\"text-align: justify;\"><span style=\"font-weight: 400;\">*El dep\u00f3sito no se devuelve si se cancela el evento.<\/span><\/p>\n<p><\/p>","protected":false},"excerpt":{"rendered":"<p style=\"text-align: justify;\"><span style=\"font-weight: 400;\">Pedida de mano es un paso muy importante en la vida de todas parejas. Si est\u00e1s buscando una idea original, \u00bfpor qu\u00e9 no hacerlo en una de las bodegas secretas de Madrid? Dep\u00f3sito 480\u20ac y el resto lo puedes pagar en efectivo el d\u00eda de la pedida.<\/span><\/p>\n","protected":false},"featured_media":38354,"comment_status":"closed","ping_status":"closed","template":"","meta":[],"class_list":["post-38330","product","type-product","status-publish","has-post-thumbnail","hentry","product_cat-marriage-proposal-packages","product_tag-marriage-proposal-madrid","product_tag-original-proposal-spain","product_tag-pedida-de-mano-bodega","product_tag-pedida-de-mano-madrid","product_tag-6123","product_tag-5429"],"_links":{"self":[{"href":"https:\/\/perfectvenue.es\/es\/wp-json\/wp\/v2\/product\/38330","targetHints":{"allow":["GET"]}}],"collection":[{"href":"https:\/\/perfectvenue.es\/es\/wp-json\/wp\/v2\/product"}],"about":[{"href":"https:\/\/perfectvenue.es\/es\/wp-json\/wp\/v2\/types\/product"}],"replies":[{"embeddable":true,"href":"https:\/\/perfectvenue.es\/es\/wp-json\/wp\/v2\/comments?post=38330"}],"wp:featuredmedia":[{"embeddable":true,"href":"https:\/\/perfectvenue.es\/es\/wp-json\/wp\/v2\/media\/38354"}],"wp:attachment":[{"href":"https:\/\/perfectvenue.es\/es\/wp-json\/wp\/v2\/media?parent=38330"}],"curies":[{"name":"wp","href":"https:\/\/api.w.org\/{rel}","templated":true}]}}