{"id":38314,"date":"2026-03-03T12:10:00","date_gmt":"2026-03-03T09:10:00","guid":{"rendered":"https:\/\/perfectvenue.es\/?post_type=product&#038;p=38314"},"modified":"2026-03-03T14:37:10","modified_gmt":"2026-03-03T11:37:10","slug":"birthday-party-with-childrens-entertainment-in-madrid-live-the-experience","status":"publish","type":"product","link":"https:\/\/perfectvenue.es\/es\/product\/birthday-party-with-childrens-entertainment-in-madrid-live-the-experience\/","title":{"rendered":"Fiesta infantil en Madrid con animaci\u00f3n: vive la experiencia"},"content":{"rendered":"<p><\/p>\n<p style=\"text-align: justify;\"><span style=\"font-weight: 400;\">Si est\u00e1is de paso por Madrid y durante vuestra estancia coincide el cumplea\u00f1os de vuestro hijo\/a o con un evento especial para vuestro peque\u00f1o\/a, as\u00ed como si viv\u00eds en la capital del pa\u00eds, nada mejor que <\/span><b>vivir la experiencia de celebrar una fiesta repleta de animaci\u00f3n infantil en Madrid<\/b><span style=\"font-weight: 400;\">, \u00a1y organizamos todo por vosotros!<\/span><\/p>\n<p style=\"text-align: justify;\"><span style=\"font-weight: 400;\">Lo mejor es que el gran protagonista disfrutar\u00e1 de <\/span><b>una fiesta nada convencional<\/b><span style=\"font-weight: 400;\">, \u00a1la recordar\u00e1 de por vida! S\u00ed, entre juegos, cabezudos, disfraces, con su tem\u00e1tica favorita, en un sitio especial\u2026<\/span><\/p>\n<p style=\"text-align: justify;\"><span style=\"font-weight: 400;\">Si la idea te est\u00e1 gustando\u2026 \u00a1Es momento de <\/span><b>saber todo lo que incluye esta experiencia<\/b><span style=\"font-weight: 400;\"> para la persona m\u00e1s importante de tu vida! Porque nos encanta organizar fiestas infantiles y hacer felices a los papis y a los m\u00e1s peques.<\/span><\/p>\n<p style=\"text-align: justify;\"><span style=\"font-weight: 400;\">\u00a1No te hacemos esperar m\u00e1s!<\/span><\/p>\n<h3 style=\"text-align: justify;\">Buscamos por ti el mejor espacio de Madrid<\/h3>\n<p style=\"text-align: justify;\"><span style=\"font-weight: 400;\">\u00bfConoces ya <\/span><b>los mejores espacios para fiestas infantiles en Madrid<\/b><span style=\"font-weight: 400;\">? Y es que el espacio es un factor clave a considerar para que el evento sea la mar de exitoso y todo el mundo lo recuerde, por eso daremos con el mejor espacio para la fiesta de tu hijo, \u00a1y es que <\/span><b>conocemos los lugares m\u00e1s originales de Madrid para organizar el cumplea\u00f1os tan deseado de tu peque<\/b><span style=\"font-weight: 400;\">!<\/span><\/p>\n<p style=\"text-align: justify;\"><span style=\"font-weight: 400;\">Hablaremos contigo para conocer si tu hijo es m\u00e1s de <\/span><b>aventura y adrenalina, de parques acu\u00e1ticos, de atracciones, del mundo marino, si le encanta la tem\u00e1tica del terror, dar saltos sin parar\u2026 <\/b><span style=\"font-weight: 400;\">\u00a1Tenemos fichados los mejores espacios en Madrid para que tu hijo tenga un cumplea\u00f1os con <\/span><b>animaci\u00f3n infantil en Madrid<\/b><span style=\"font-weight: 400;\"> de ensue\u00f1o!<\/span><\/p>\n<h3 style=\"text-align: justify;\">Animaci\u00f3n infantil en Madrid y\/o cabezudos<\/h3>\n<p style=\"text-align: justify;\"><span style=\"font-weight: 400;\">Independientemente del espacio en el que se celebre el cumplea\u00f1os, podemos adaptar la animaci\u00f3n a este, ya que dentro de esta experiencia incluimos la diversi\u00f3n para los m\u00e1s peques, como: <\/span><b>juegos, bailes, coreograf\u00edas, globoflexia, pintacaras<\/b><span style=\"font-weight: 400;\">, etc. \u00a1Todo dependiendo del tiempo que quer\u00e1is contratar a un animador!<\/span><\/p>\n<p style=\"text-align: justify;\"><span style=\"font-weight: 400;\">Generalmente solemos contar con <\/span><b>un animador por cada 12 ni\u00f1os<\/b><span style=\"font-weight: 400;\">, es decir, si hay 24 ni\u00f1os habr\u00e1 dos animadores en tu fiesta.<\/span><\/p>\n<p style=\"text-align: justify;\"><span style=\"font-weight: 400;\">Destacar que se podr\u00eda reservar como m\u00ednimo una hora, pero pueden estar las horas que necesit\u00e9is. Adem\u00e1s, <\/span><b>si contrat\u00e1is m\u00e1s de 2 horas, aparte de lo mencionado anteriormente, tambi\u00e9n pod\u00e9is contratar aparte otro tipo de animaci\u00f3n<\/b> <b>como magos o cabezudos.<\/b><\/p>\n<p style=\"text-align: justify;\"><span style=\"font-weight: 400;\">Los cabezudos vestidos de los personajes favoritos de tu hijo son la animaci\u00f3n preferida de los m\u00e1s peque\u00f1os, y es que si ven a un animador cabezudo disfrazado de su personaje animado favorito en el d\u00eda de la celebraci\u00f3n de su fiesta tem\u00e1tica\u2026 \u00a1se quedar\u00e1n alucinados!<\/span><\/p>\n<p style=\"text-align: justify;\"><span style=\"font-weight: 400;\">Pero es muy importante que teng\u00e1is en cuenta que, como el cabezudo es un peluche gigante, no se puede mover muy bien ni bailar con facilidad, as\u00ed como tampoco jugar con ni\u00f1os, ya que es demasiado enorme y no puede saltar mucho con los ni\u00f1os. <\/span><b>El cabezudo es solo para mimos, abrazos y fotos con los peque\u00f1os.<\/b><\/p>\n<p style=\"text-align: justify;\"><span style=\"font-weight: 400;\">Por esto, lo que <\/span><b>recomendamos siempre es contar con una animadora<\/b><span style=\"font-weight: 400;\"> vestida de la tem\u00e1tica que se encargue de realizarles a los ni\u00f1os todos los juegos, ya que esta es la encargada de correr por el lugar, saltar y bailar con los m\u00e1s peque\u00f1os.<\/span><\/p>\n<p style=\"text-align: justify;\"><span style=\"font-weight: 400;\">Puedes contratar los servicios por separado o todos juntos, <\/span><b>puedes personalizarlo todo como t\u00fa quieras<\/b><span style=\"font-weight: 400;\">, tanto el animador, como el cabezudo, como ambas cosas.<\/span><\/p>\n<p style=\"text-align: justify;\"><span style=\"font-weight: 400;\">Eso s\u00ed, nuestro consejo como organizadores de fiestas infantiles, es que contrates el <\/span><b>d\u00fao de cabezudo + animadora<\/b><span style=\"font-weight: 400;\"> que es igual a doble diversi\u00f3n.<\/span><\/p>\n<h3 style=\"text-align: justify;\">Cumplea\u00f1os tem\u00e1tico en Madrid<\/h3>\n<p style=\"text-align: justify;\"><span style=\"font-weight: 400;\">Seguro que tu hijo tiene un personaje favorito, \u00a1todos lo tienen! Por lo que <\/span><b>algo que le pille por sorpresa ser\u00e1 llegar a su cumplea\u00f1os y encontrarse con todo repleto de su serie, pel\u00edcula o dibujos animados preferidos.<\/b><\/p>\n<p style=\"text-align: justify;\"><span style=\"font-weight: 400;\">\u00a1Hacer unas divertidas y originales fiestas infantiles tem\u00e1ticas es nuestra pasi\u00f3n!<\/span><\/p>\n<p style=\"text-align: justify;\"><span style=\"font-weight: 400;\">A la hora de preparar celebraciones para los ni\u00f1os existen infinidad de tem\u00e1ticas que har\u00e1n que el peque nunca olvide su gran d\u00eda, as\u00ed que si tus hijos tienen un personaje favorito considera crear un <\/span><a href=\"https:\/\/perfectvenue.es\/2022\/04\/11\/this-is-how-to-organise-a-luli-pampin-themed-birthday-party\/\"><b>cumplea\u00f1os tem\u00e1tico de Luli Pamp\u00edn<\/b><\/a> <span style=\"font-weight: 400;\">si tanto le gusta cantar y bailar, un <\/span><a href=\"https:\/\/perfectvenue.es\/2022\/05\/20\/30-fun-ideas-for-a-minion-themed-birthday-2\/\"><b>cumplea\u00f1os tem\u00e1tico de los Minions<\/b><\/a><span style=\"font-weight: 400;\">, \u00a1estas criaturas divierten a todos los p\u00fablicos!, un <\/span><a href=\"https:\/\/perfectvenue.es\/2022\/04\/19\/this-is-how-to-celebrate-the-best-tik-tok-themed-birthday-party\/\"><b>cumplea\u00f1os tem\u00e1tico de Tik Tok<\/b><\/a><span style=\"font-weight: 400;\">, \u00a1sabemos que tu peque se pasa horas en esta red social!, un <\/span><a href=\"https:\/\/perfectvenue.es\/2022\/01\/26\/experience-a-robin-hood-themed-kids-party\/\"><b>cumplea\u00f1os tem\u00e1tico de Robin Hood<\/b><\/a><span style=\"font-weight: 400;\"> si tu hijo\/a es muy aventurero, un <\/span><a href=\"https:\/\/perfectvenue.es\/2022\/06\/25\/celebrate-a-birthday-with-a-thundermans-theme-we-will-give-you-loads-of-ideas\/\"><b>cumplea\u00f1os tem\u00e1tico de los Thunderman<\/b><\/a><span style=\"font-weight: 400;\"> si su pasi\u00f3n son los superh\u00e9roes, un <\/span><a href=\"https:\/\/perfectvenue.es\/2022\/03\/11\/asi-cumpleanos-tematico-los-peculiares-personajes-my-little-pony\/\"><b>cumplea\u00f1os tem\u00e1tico de My Little Pony<\/b><\/a><span style=\"font-weight: 400;\"> si le encantan estos animales de fantas\u00eda, un <\/span><a href=\"https:\/\/perfectvenue.es\/2021\/03\/09\/asi-es-como-celebrar-el-cumpleanos-de-tu-hijo-inspirado-en-misha-y-masha\/\"><b>cumplea\u00f1os tem\u00e1tico de Misha y Masha<\/b><\/a><span style=\"font-weight: 400;\"> si es fan de estos dibujos o un <\/span><a href=\"https:\/\/perfectvenue.es\/2022\/01\/15\/heres-how-to-celebrate-a-birthday-inspired-by-alice-in-wonderland\/\"><b>cumplea\u00f1os tem\u00e1tico de Alicia en el pa\u00eds de las maravillas<\/b><\/a><span style=\"font-weight: 400;\"> si le encantan la pel\u00edcula y el libro de Lewis Carroll.<\/span><\/p>\n<h3 style=\"text-align: justify;\">Tarta, pi\u00f1ata y dulces, incluidos en tu Perfect Plan<\/h3>\n<p style=\"text-align: justify;\"><span style=\"font-weight: 400;\">Una tarta tem\u00e1tica tambi\u00e9n es s\u00faper importante en cualquier fiesta, y lo mejor es que <\/span><b>en Madrid conocemos las mejores pasteler\u00edas<\/b><span style=\"font-weight: 400;\"> para que en el cumplea\u00f1os de tu peque nadie se quede sin un trozo de tarta.<\/span><\/p>\n<p style=\"text-align: justify;\"><span style=\"font-weight: 400;\">Por eso, <\/span><b>conseguiremos por ti una tarta adaptada a vuestros gustos<\/b><span style=\"font-weight: 400;\">, con fondant, chocolates, nata, dibujos animados\u2026 y, sobretodo, las velas para que tu peque pida un deseo.<\/span><\/p>\n<p style=\"text-align: justify;\"><b>Tambi\u00e9n nos encargaremos de colocar dulces tem\u00e1ticos<\/b><span style=\"font-weight: 400;\">. Somos partidarios de contar con elementos comestibles que tambi\u00e9n decoren, como por ejemplo galletas, macarons, huevos k\u00ednder, lacasitos, gominolas, \u00a1una estaci\u00f3n de comida dulce fascinar\u00e1 a todos!<\/span><\/p>\n<p style=\"text-align: justify;\"><span style=\"font-weight: 400;\">La pi\u00f1ata tambi\u00e9n es algo que suele encantar a los ni\u00f1os, as\u00ed que<\/span><b>, si lo deseas, tambi\u00e9n podemos colocar en la fiesta infantil una pi\u00f1ata de la tem\u00e1tica del cumplea\u00f1os<\/b><span style=\"font-weight: 400;\">, \u00a1Diversi\u00f3n asegurada!<\/span><\/p>\n<h3 style=\"text-align: justify;\">Decoraci\u00f3n incluida para una experiencia al completo<\/h3>\n<p style=\"text-align: justify;\"><span style=\"font-weight: 400;\">La decoraci\u00f3n es un a\u00f1adido que siempre ayuda a disfrutar del momento y a recordarlo para toda la vida, por eso no podemos dejar de un lado una <\/span><b>decoraci\u00f3n que vaya acorde con la tem\u00e1tica del gran d\u00eda de tu peque.<\/b><\/p>\n<p style=\"text-align: justify;\"><span style=\"font-weight: 400;\">En gran parte, la que causar\u00e1 mayor impacto cuando los ni\u00f1os entren al espacio es la decoraci\u00f3n, por eso llenaremos el espacio de <\/span><b>columnas de globos, de colores vivos y colores pastel, de peluches tem\u00e1ticos, mesas de comidas repletas de objetos decorativos y comestibles, tiendas tipi, carritos de comida con luces, cajitas que decoran pero que almacenan dulces, grandes letras al estilo Hollywood\u2026<\/b><\/p>\n<p style=\"text-align: justify;\"><span style=\"font-weight: 400;\">Si el cumplea\u00f1os infantil de tu hijo\/a es de una tem\u00e1tica, nosotros nos encargamos de que las mesas, el photocall, los juegos, la animaci\u00f3n, etc. est\u00e9n decorados con esta tem\u00e1tica \u00a1Nos ocuparemos de que no falte ning\u00fan detalle!<\/span><\/p>\n<p style=\"text-align: justify;\"><span style=\"font-weight: 400;\">Cabe destacar que <\/span><b>la cantidad de decoraci\u00f3n y los elementos variar\u00e1 en funci\u00f3n de lo que necesit\u00e9is<\/b><span style=\"font-weight: 400;\">, \u00a1Nos adaptamos a ti!<\/span><\/p>\n<h3 style=\"text-align: justify;\">Una fot\u00f3grafa profesional para tu fiesta infantil en Madrid<\/h3>\n<p style=\"text-align: justify;\"><span style=\"font-weight: 400;\">Nadie se va de un evento sin tomarse un mont\u00f3n de fotos para el recuerdo, pues durante su cumplea\u00f1os con <\/span><b>animaci\u00f3n infantil en Madrid<\/b><span style=\"font-weight: 400;\">, contratamos por ti a una fot\u00f3grafa profesional.<\/span><\/p>\n<p style=\"text-align: justify;\"><span style=\"font-weight: 400;\">Las fotos son todo un imprescindible en los eventos, no solo en las celebraciones de los adultos, tambi\u00e9n en el mundo infantil, por eso <\/span><b>nada mejor que poner a tu disposici\u00f3n un fot\u00f3grafo para que capte de la manera m\u00e1s profesional las sonrisas y las poses de los ni\u00f1os<\/b><span style=\"font-weight: 400;\">.<\/span><\/p>\n<p style=\"text-align: justify;\"><span style=\"font-weight: 400;\">Podemos preparar un <\/span><b>rinc\u00f3n con photocall repleto de su tem\u00e1tica preferida, lleno de objetos para posar, globos, y una c\u00e1mara instant\u00e1nea para que los peques se vayan a casa con las fotos con sus amigos.<\/b><span style=\"font-weight: 400;\"> \u00a1M\u00e1s de uno querr\u00e1 colgarlas en su habitaci\u00f3n!<\/span><\/p>\n<p style=\"text-align: justify;\"><span style=\"font-weight: 400;\">\u00a1Nada como las fotos para recordar uno de los d\u00edas m\u00e1s felices de su vida!<\/span><\/p>\n<h3 style=\"text-align: justify;\">Facilidad de pago y de reserva<\/h3>\n<p style=\"text-align: justify;\"><span style=\"font-weight: 400;\">\u00a1S\u00ed! Y es que no es necesario pagar \u00edntegramente el importe de la experiencia. Solamente tienes que <\/span><b>reservar haciendo un clic<\/b><span style=\"font-weight: 400;\"> y hacer la reserva solo con 50% de la cuant\u00eda y el resto darla en el d\u00eda del evento.<\/span><\/p>\n<p style=\"text-align: justify;\"><span style=\"font-weight: 400;\">\u00a1Comodidad para ti!<\/span><\/p>\n<p style=\"text-align: justify;\"><span style=\"font-weight: 400;\">\u00a0<\/span><span style=\"font-weight: 400;\">Los papis que os lanz\u00e1is a la aventura de organizar un cumplea\u00f1os con <\/span><b>animaci\u00f3n infantil en Madrid<\/b><span style=\"font-weight: 400;\"> para vuestro peque\u00f1o o peque\u00f1a seguro que no quer\u00e9is que se os escape ning\u00fan detalle a la hora de organizarlo.<\/span><\/p>\n<p style=\"text-align: justify;\"><span style=\"font-weight: 400;\">Por eso, como En <\/span><b>Perfect Venue<\/b><span style=\"font-weight: 400;\"> nos encantan las fiestas infantiles, <\/span><b>haremos todo por vosotros<\/b><span style=\"font-weight: 400;\">: una decoraci\u00f3n inolvidable, la tem\u00e1tica bien cuidada, animaci\u00f3n para que los peques se lo pasen en grande, \u00a1y que un fot\u00f3grafo capte todo para el recuerdo!<\/span><\/p>\n<p style=\"text-align: justify;\"><span style=\"font-weight: 400;\">\u00a1No dud\u00e9is en contactarnos! Ya os estamos esperando para ponernos manos a la obra con los preparativos.<\/span><\/p>\n<p style=\"text-align: justify;\">Tel\u00e9fono \/ Whatsapp: +34 722 29 15 43<\/p>\n<p><\/p>","protected":false},"excerpt":{"rendered":"<p style=\"text-align: justify;\"><span style=\"font-weight: 400;\">Fiesta de cumplea\u00f1os con animaci\u00f3n infantil en Madrid: vive la experiencia. Los profesionales de Perfect Venue te ayudan con todos los detalles. <strong>Precio a consultar.<\/strong><\/span><\/p>\n","protected":false},"featured_media":43701,"comment_status":"closed","ping_status":"closed","template":"","meta":[],"class_list":["post-38314","product","type-product","status-publish","has-post-thumbnail","hentry","product_cat-luxury-birthday-planning","product_tag-fiesta-infantil-en-madrid","product_tag-fiesta-infantil-en-madrid-2026","product_tag-fiesta-infantil-en-madrid-con-animacion"],"_links":{"self":[{"href":"https:\/\/perfectvenue.es\/es\/wp-json\/wp\/v2\/product\/38314","targetHints":{"allow":["GET"]}}],"collection":[{"href":"https:\/\/perfectvenue.es\/es\/wp-json\/wp\/v2\/product"}],"about":[{"href":"https:\/\/perfectvenue.es\/es\/wp-json\/wp\/v2\/types\/product"}],"replies":[{"embeddable":true,"href":"https:\/\/perfectvenue.es\/es\/wp-json\/wp\/v2\/comments?post=38314"}],"wp:featuredmedia":[{"embeddable":true,"href":"https:\/\/perfectvenue.es\/es\/wp-json\/wp\/v2\/media\/43701"}],"wp:attachment":[{"href":"https:\/\/perfectvenue.es\/es\/wp-json\/wp\/v2\/media?parent=38314"}],"curies":[{"name":"wp","href":"https:\/\/api.w.org\/{rel}","templated":true}]}}