{"id":38274,"date":"2026-03-09T10:32:40","date_gmt":"2026-03-09T07:32:40","guid":{"rendered":"http:\/\/perfectvenue.es\/?post_type=product&#038;p=38274"},"modified":"2026-03-09T12:13:34","modified_gmt":"2026-03-09T09:13:34","slug":"proposal-with-a-picnic-in-gran-canaria","status":"publish","type":"product","link":"https:\/\/perfectvenue.es\/es\/product\/proposal-with-a-picnic-in-gran-canaria\/","title":{"rendered":"Pedida de mano con un picnic en Gran Canaria"},"content":{"rendered":"<p><\/p>\n<p style=\"text-align: justify;\">\u00bfQui\u00e9n no ha so\u00f1ado con que le pidan matrimonio de rodillas? \u00a1Una tradici\u00f3n rom\u00e1ntica que a todos les gustar\u00eda tener, especialmente si la propuesta se realiza en Gran Canaria! Por eso, no esperes m\u00e1s y haz tu pedida de mano con picnic en Gran Canaria.<\/p>\n<p style=\"text-align: justify;\">La isla forma parte del archipi\u00e9lago canario. Gran Canaria cuenta con una flora y fauna tan diversa, as\u00ed como con una amplia variedad de zonas geogr\u00e1ficas y clim\u00e1ticas, que ha sido bautizada como el \u00abcontinente en miniatura\u00bb. Tambi\u00e9n es famosa por sus playas de arena volc\u00e1nica blanca y negra. Es uno de los mejores lugares de Espa\u00f1a para organizar una propuesta de matrimonio m\u00e1gica e inolvidable. Si planeas un viaje con tu pareja a una de las islas m\u00e1s hermosas del mundo, aprovecha la oportunidad para tener la propuesta de matrimonio que toda persona especial merece.<\/p>\n<h3 style=\"text-align: justify;\">La pedida de mano con picnic en Gran Canaria incluye:<\/h3>\n<ul>\n<li style=\"text-align: justify;\">Decoraci\u00f3n cl\u00e1sica<\/li>\n<li style=\"text-align: justify;\">Mesa de madera artesanal de dise\u00f1o especial<\/li>\n<li style=\"text-align: justify;\">Alfombras<\/li>\n<li style=\"text-align: justify;\">Bebidas a elegir<\/li>\n<li style=\"text-align: justify;\">Men\u00fa de picnic<\/li>\n<li style=\"text-align: justify;\">Organizaci\u00f3n de la propuesta de matrimonio<\/li>\n<li style=\"text-align: justify;\">Fot\u00f3grafo<\/li>\n<\/ul>\n<p>Y lo mejor es que te ofrecemos un men\u00fa ligero, saludable y sabroso, elaborado con productos locales y, en muchos casos, org\u00e1nicos. Tambi\u00e9n existe la opci\u00f3n de adaptar el men\u00fa a cualquier alergia o tipo de dieta.<\/p>\n<p style=\"text-align: justify;\"><strong>Precio: desde 950 \u20ac + IVA<\/strong><\/p>\n<h3 style=\"text-align: justify;\">\u00a1Nos aseguramos de que todo salga perfecto!<\/h3>\n<p style=\"text-align: justify;\">A veces nuestros planes dependen del tiempo, pero nuestro equipo tambi\u00e9n nos ayuda a encontrar el lugar perfecto para una propuesta de matrimonio m\u00e1gica. Consultamos atentamente el pron\u00f3stico del tiempo 1 o 2 d\u00edas antes del evento para elegir la mejor opci\u00f3n para vuestro d\u00eda. Es fundamental tener un plan B y pod\u00e9is confiar en los profesionales, que se encargan de cada detalle.<\/p>\n<p style=\"text-align: justify;\">Para nuestro picnic, elegimos un men\u00fa de aperitivos: embutidos, panes variados, ensalada, vino y gazpacho. S\u00faper fresco y mediterr\u00e1neo. Tambi\u00e9n inclu\u00eda cojines, una bolsa de basura, servilletas, platos, cubiertos de bamb\u00fa y vasos.<\/p>\n<h3 style=\"text-align: justify;\">Puedes a\u00f1adir:<\/h3>\n<ul>\n<li style=\"text-align: justify;\">Ramo de flores. Precio a consultar<\/li>\n<li style=\"text-align: justify;\">M\u00fasica en directo (guitarra o viol\u00edn). Precio a consultar<\/li>\n<li style=\"text-align: justify;\">Transporte. Precio a consultar<\/li>\n<li style=\"text-align: justify;\">\u00a1Config\u00faralo a tu gusto!<\/li>\n<\/ul>\n<h3 style=\"text-align: justify;\">Pago f\u00e1cil<\/h3>\n<p style=\"text-align: justify;\">S\u00ed, no es necesario pagar el importe total de la experiencia. Solo tienes que reservar con un dep\u00f3sito, realizar el segundo pago 2 d\u00edas antes de la propuesta y abonar el resto (200 \u20ac) el d\u00eda del evento.<\/p>\n<p style=\"text-align: justify;\">\u00a1Para tu comodidad!<\/p>\n<p style=\"text-align: justify;\">*El dep\u00f3sito no es reembolsable si el evento se cancela.<\/p>\n<p><\/p>","protected":false},"excerpt":{"rendered":"<p style=\"text-align: justify;\">Muchas parejas sue\u00f1an con una m\u00e1gica propuesta de matrimonio junto al mar en un paisaje natural incre\u00edble, y Gran Canaria es, sin duda, el mejor lugar para hacerlo. <strong>El precio de la opci\u00f3n de decoraci\u00f3n 2 va desde 950 \u20ac + IVA. El dep\u00f3sito para reservar el d\u00eda es de 500 \u20ac.<\/strong><\/p>\n","protected":false},"featured_media":40535,"comment_status":"closed","ping_status":"closed","template":"","meta":[],"class_list":["post-38274","product","type-product","status-publish","has-post-thumbnail","hentry","product_cat-marriage-proposal-packages","product_tag-marriage-proposal-gran-canaria","product_tag-marriage-proposal-ideas","product_tag-pedida-de-mano-espana","product_tag-pedida-de-mano-gran-canaria","product_tag-pedida-de-mano-inspiracion","product_tag-6095","product_tag-6092"],"_links":{"self":[{"href":"https:\/\/perfectvenue.es\/es\/wp-json\/wp\/v2\/product\/38274","targetHints":{"allow":["GET"]}}],"collection":[{"href":"https:\/\/perfectvenue.es\/es\/wp-json\/wp\/v2\/product"}],"about":[{"href":"https:\/\/perfectvenue.es\/es\/wp-json\/wp\/v2\/types\/product"}],"replies":[{"embeddable":true,"href":"https:\/\/perfectvenue.es\/es\/wp-json\/wp\/v2\/comments?post=38274"}],"wp:featuredmedia":[{"embeddable":true,"href":"https:\/\/perfectvenue.es\/es\/wp-json\/wp\/v2\/media\/40535"}],"wp:attachment":[{"href":"https:\/\/perfectvenue.es\/es\/wp-json\/wp\/v2\/media?parent=38274"}],"curies":[{"name":"wp","href":"https:\/\/api.w.org\/{rel}","templated":true}]}}