{"id":38211,"date":"2026-02-16T19:30:01","date_gmt":"2026-02-16T16:30:01","guid":{"rendered":"http:\/\/perfectvenue.es\/?post_type=product&#038;p=38211"},"modified":"2026-02-16T22:49:19","modified_gmt":"2026-02-16T19:49:19","slug":"the-perfect-plan-to-celebrate-your-birthday-in-a-castle-in-style","status":"publish","type":"product","link":"https:\/\/perfectvenue.es\/es\/product\/the-perfect-plan-to-celebrate-your-birthday-in-a-castle-in-style\/","title":{"rendered":"El \u201cPerfect Plan\u201d de celebrar tu cumplea\u00f1os en un castillo\u2026 \u00a1por todo lo alto!"},"content":{"rendered":"<p><\/p>\n<p style=\"text-align: justify;\"><span style=\"font-weight: 400;\">Si hay lugares llenos de encanto, magia y misticismo, esos son los castillos. Y es que\u2026 \u00bfqu\u00e9 hay m\u00e1s exclusivo que celebrar tu <b>cumplea\u00f1os en un castillo por todo lo alto<\/b> entre espacios llenos de historia y leyendas?<\/span><\/p>\n<p style=\"text-align: justify;\"><span style=\"font-weight: 400;\">\u00a1Soplar las velas en un castillo hist\u00f3rico no es cualquier cosa! Y no importa si celebras tus 25 o tus 65 a\u00f1os, <\/span><b>cumplirlos en un castillo es para todas las edades<\/b><span style=\"font-weight: 400;\">, \u00a1y nosotros sabemos bien c\u00f3mo organizarlo! <\/span><b>Decoraci\u00f3n, m\u00fasica, catering\u2026 lo tenemos todo para dejar a todos tus invitados boquiabiertos.<\/b><\/p>\n<p style=\"text-align: justify;\"><span style=\"font-weight: 400;\">\u00bfSab\u00edas que hay <\/span><b>castillos repletos de lujo y exclusividad por todo el pa\u00eds<\/b><span style=\"font-weight: 400;\">? Como lo lees, y los conocemos todos para que celebres tu gran d\u00eda con las personas que elijas. As\u00ed que, toma papel y boli, porque a continuaci\u00f3n te dictamos nuestros castillos favoritos para que celebres tu d\u00eda m\u00e1s especial del a\u00f1o.<\/span><\/p>\n<p style=\"text-align: justify;\"><span style=\"font-weight: 400;\">\u00a1Empezamos!<\/span><\/p>\n<h3 style=\"text-align: justify;\"><a href=\"http:\/\/perfectvenue.es\/listings\/santa-florentina-castle\/\">El castillo de Santa Florentina<\/a>, en Barcelona<\/h3>\n<p style=\"text-align: justify;\"><span style=\"font-weight: 400;\">Esta antigua fortaleza se encuentra en Canet de Mar, en Barcelona, y se encuentra llena de piezas de m\u00e1rmol, preciosos techos de maderas talladas, piezas de cer\u00e1mica y espectaculares vidrieras y esculturas.<\/span><\/p>\n<p style=\"text-align: justify;\"><span style=\"font-weight: 400;\">\u00a1Es un castillo de pel\u00edcula! Y es que <\/span><b>en el castillo de Santa Florentina tuvieron lugar diferentes escenas de la famosa serie de Juegos de Tronos<\/b><span style=\"font-weight: 400;\">, \u00a1ser\u00e1s la envidia de los m\u00e1s fan\u00e1ticos!<\/span><\/p>\n<p style=\"text-align: justify;\"><span style=\"font-weight: 400;\">Adem\u00e1s, el castillo alberga preciosos muebles antiguos y piezas de arte, una preciosa bodega, un porche, un patio interior y la llamada habitaci\u00f3n del rey, \u00a1exclusividad y lujo por doquier!<\/span><\/p>\n<h3 style=\"text-align: justify;\">El castillo de Santa Catalina, en M\u00e1laga<\/h3>\n<p style=\"text-align: justify;\"><span style=\"font-weight: 400;\">El Castillo de Santa Catalina es un majestuoso e imponente edificio que adem\u00e1s est\u00e1 declarado Bien de Inter\u00e9s Cultural y es <\/span><b>uno de los lugares m\u00e1s emblem\u00e1ticos de la Costa del Sol.<\/b><\/p>\n<p style=\"text-align: justify;\"><span style=\"font-weight: 400;\">Este ocupa una superficie de m\u00e1s de 3.500 metros cuadrados que se encuentran repletos de rincones con encanto y espacios perfectos para celebrar tu cumplea\u00f1os en un castillo a rebosar de invitados.<\/span><\/p>\n<p style=\"text-align: justify;\"><span style=\"font-weight: 400;\">Lo mejor es que <\/span><b>cuenta con vistas al mar y despu\u00e9s de la celebraci\u00f3n puedes dormir en una de las estancias del castillo<\/b><span style=\"font-weight: 400;\">, \u00a1por algo es el hotel 5 estrellas m\u00e1s exclusivo de M\u00e1laga!<\/span><\/p>\n<h3 style=\"text-align: justify;\"><a href=\"http:\/\/perfectvenue.es\/listings\/castillo-batres\/\">El castillo de Batres<\/a>, en Madrid<\/h3>\n<p style=\"text-align: justify;\"><span style=\"font-weight: 400;\">A 35 minutos de Madrid se encuentra el castillo de Batres, un espacio \u00fanico para celebrar un cumplea\u00f1os en un castillo por todo lo alto, donde <\/span><b>la historia y la alta cocina de 4 empresas gastron\u00f3micas se funden<\/b><span style=\"font-weight: 400;\"> para crear experiencias con una inigualable puesta en escena.<\/span><\/p>\n<p style=\"text-align: justify;\"><span style=\"font-weight: 400;\">Est\u00e1 rodeado de una frondosa arboleda y jardines en los cuales disfrutar de <\/span><b>soplar las velas de la tarta en el patio principal del Castillo, y un almuerzo o cena que os haga volver a aquella \u00e9poca del Renacimiento<\/b><span style=\"font-weight: 400;\">, siempre con las comodidades y los servicios m\u00e1s actuales.<\/span><\/p>\n<p style=\"text-align: justify;\"><span style=\"font-weight: 400;\">Dispone de un claustro, cuatro salones, zona de baile y diversos rincones ideales para crear diferentes ambientes, adem\u00e1s de zona de aparcamiento. \u00a1Lujo y glamour para tu d\u00eda!<\/span><\/p>\n<h3><a href=\"http:\/\/perfectvenue.es\/listings\/castell-peralada\/\">El castillo de Peralada<\/a>, en Girona<\/h3>\n<p style=\"text-align: justify;\"><span style=\"font-weight: 400;\">Este castillo lo conforma un conjunto art\u00edstico que fue construido en el siglo XIV, conjunto que desde 1979 alberga un casino, jardines preciosos, biblioteca, etc.<\/span><\/p>\n<p style=\"text-align: justify;\"><span style=\"font-weight: 400;\">Tanto si lo que quer\u00e9is es celebrar un cumplea\u00f1os al aire libre durante todo un d\u00eda, como celebrar un cumplea\u00f1os durante un fin de semana completo, este castillo lo tiene todo. \u00bfSab\u00edas que cada a\u00f1o, desde 1987, es <\/span><b>escenario del Festival Internacional de M\u00fasica Castell de Peralada<\/b><span style=\"font-weight: 400;\">?<\/span><\/p>\n<p style=\"text-align: justify;\"><span style=\"font-weight: 400;\">Como lo lees, <\/span><b>si tu d\u00eda m\u00e1s especial del a\u00f1o cae en los meses de julio y agosto, aprovecha este evento que tiene lugar en el castillo para bailar hasta el amanecer<\/b><span style=\"font-weight: 400;\">. \u00a1Cumplea\u00f1os y festival, 2&#215;1!<\/span><\/p>\n<h3 style=\"text-align: justify;\">Tu cumplea\u00f1os, en el castillo con el que sue\u00f1es<\/h3>\n<p style=\"text-align: justify;\"><span style=\"font-weight: 400;\">S\u00ed, y es que desde Perfect Venue conocemos un sinf\u00edn de castillos por todo el pa\u00eds que son el sue\u00f1o de cualquier cumplea\u00f1ero.<\/span><\/p>\n<p style=\"text-align: justify;\"><b>El Castillo del Buen Amor, el Castell de Tous, el Castell de Tossa del Mar, el Castillo de Almod\u00f3var del R\u00edo, el Castell de Bellver en Palma de Mallorca<\/b><span style=\"font-weight: 400;\">\u2026 podemos hacer realidad tu sue\u00f1o de celebrar tu cumplea\u00f1os por todo lo alto en el castillo con el que siempre has so\u00f1ado.<\/span><\/p>\n<h3 style=\"text-align: justify;\">Duerme en los aposentos<\/h3>\n<p style=\"text-align: justify;\"><span style=\"font-weight: 400;\">Tras vivir tu d\u00eda m\u00e1s importante del a\u00f1o, es momento de retirarse a tus aposentos y <\/span><b>dormir en una de las suites medievales de las que disponen muchos castillos<\/b><span style=\"font-weight: 400;\"> y as\u00ed crear recuerdos que permanecer\u00e1n toda la vida en tu memoria.<\/span><\/p>\n<p style=\"text-align: justify;\"><span style=\"font-weight: 400;\">\u00a1<\/span><b>Dormir el d\u00eda de tu cumplea\u00f1os en un castillo no tiene precio<\/b><span style=\"font-weight: 400;\">!<\/span><\/p>\n<h2 style=\"text-align: justify;\">D\u00e9jalo todo en nuestras manos<\/h2>\n<h3 style=\"text-align: justify;\">Decoraci\u00f3n incluida, y a vuestro gusto<\/h3>\n<p style=\"text-align: justify;\"><span style=\"font-weight: 400;\">La decoraci\u00f3n es un a\u00f1adido que siempre ayuda a disfrutar del momento y a recordarlo para toda la vida, por eso no podemos dejar de un lado la decoraci\u00f3n en el d\u00eda de tu cumplea\u00f1os.<\/span><\/p>\n<p style=\"text-align: justify;\"><span style=\"font-weight: 400;\">Para tu cumplea\u00f1os en un castillo contamos con una propuesta decorativa la mar de exclusiva, \u00a1lo tenemos todo pensado! Eso s\u00ed, luego <\/span><b>el cumplea\u00f1ero siempre puede personalizar la decoraci\u00f3n a su gusto<\/b><span style=\"font-weight: 400;\">: quitando, a\u00f1adiendo o cambiando lo que sea, porque lo m\u00e1s importante es que la decoraci\u00f3n est\u00e9 a gusto de cada persona.<\/span><\/p>\n<h3 style=\"text-align: justify;\">Fotos y videos por los rincones del castillo<\/h3>\n<p style=\"text-align: justify;\"><span style=\"font-weight: 400;\">Para recordar los momentos vividos en tu cumplea\u00f1os, realizar\u00e1s una sesi\u00f3n de fotos por los diferentes lugares del castillo elegido, ya que estos ofrecen muchas opciones de espacios: salones con chimeneas, escudos, claustros, bibliotecas, terrazas\u2026<\/span><\/p>\n<p style=\"text-align: justify;\"><span style=\"font-weight: 400;\">Por eso, podr\u00e1s disponer de <\/span><b>una fot\u00f3grafa y de un vide\u00f3grafo profesional<\/b><span style=\"font-weight: 400;\"> para luego poder rememorar una y otra vez tu celebraci\u00f3n por todo lo alto.<\/span><\/p>\n<p style=\"text-align: justify;\"><b>Adem\u00e1s, si lo dese\u00e1is, nosotros tambi\u00e9n podemos hacernos cargo de la iluminaci\u00f3n y el sonido, de la animaci\u00f3n, del transporte\u2026<\/b><\/p>\n<p style=\"text-align: justify;\"><span style=\"font-weight: 400;\">Y, por supuesto, \u00bfc\u00f3mo nos \u00edbamos a olvidar del catering? Un cumplea\u00f1os no es un cumplea\u00f1os sin <\/span><b>ricos platos para degustar y bebidas sabrosas para refrescar<\/b><span style=\"font-weight: 400;\">.<\/span><\/p>\n<p style=\"text-align: justify;\"><span style=\"font-weight: 400;\">\u00a1Preparamos todo a vuestra medida, solo ten\u00e9is que pedirnos todo aquello que sea imprescindible para vuestro d\u00eda!<\/span><\/p>\n<h3 style=\"text-align: justify;\">Los precios, a consultar<\/h3>\n<p style=\"text-align: justify;\"><b>El precio de<\/b> <b>celebrar tu cumplea\u00f1os en un castillo por todo lo alto siempre depender\u00e1 de diferentes factores<\/b><span style=\"font-weight: 400;\"> como, por ejemplo, el n\u00famero de invitados que asistan a tu celebraci\u00f3n, la fecha en la que lleves a cabo tu evento y los elementos con los que exactamente necesit\u00e9is contar: comida, transporte, animaci\u00f3n\u2026<\/span><\/p>\n<p style=\"text-align: justify;\"><span style=\"font-weight: 400;\">\u00a0<\/span><\/p>\n<p style=\"text-align: justify;\"><span style=\"font-weight: 400;\">Recuerda que organizar una fiesta de cumplea\u00f1os m\u00edtica requiere de planeaci\u00f3n y bastante tiempo de anticipaci\u00f3n. Por ello, cont\u00e1ctanos en <\/span><b>Perfect Venue para tener el cumplea\u00f1os m\u00e1s \u00fanico y exclusivo de todo tu c\u00edrculo social.<\/b><\/p>\n<p><\/p>","protected":false},"excerpt":{"rendered":"<p style=\"text-align: justify;\">Celebre su cumplea\u00f1os por todo lo alto en uno de los castillos de Espa\u00f1a. Conocemos muchos castillos en todo el pa\u00eds que son perfectos para un d\u00eda as\u00ed. Te contamos m\u00e1s sobre este servicio en nuestro art\u00edculo.<\/p>\n","protected":false},"featured_media":15901,"comment_status":"closed","ping_status":"closed","template":"","meta":[],"class_list":["post-38211","product","type-product","status-publish","has-post-thumbnail","hentry","product_cat-luxury-birthday-planning","product_tag-birthday-in-castle","product_tag-cumpleanos-castillo","product_tag-fiesta-original-cumpleanos","product_tag-original-birthday-party","product_tag-6065","product_tag-6055"],"_links":{"self":[{"href":"https:\/\/perfectvenue.es\/es\/wp-json\/wp\/v2\/product\/38211","targetHints":{"allow":["GET"]}}],"collection":[{"href":"https:\/\/perfectvenue.es\/es\/wp-json\/wp\/v2\/product"}],"about":[{"href":"https:\/\/perfectvenue.es\/es\/wp-json\/wp\/v2\/types\/product"}],"replies":[{"embeddable":true,"href":"https:\/\/perfectvenue.es\/es\/wp-json\/wp\/v2\/comments?post=38211"}],"wp:featuredmedia":[{"embeddable":true,"href":"https:\/\/perfectvenue.es\/es\/wp-json\/wp\/v2\/media\/15901"}],"wp:attachment":[{"href":"https:\/\/perfectvenue.es\/es\/wp-json\/wp\/v2\/media?parent=38211"}],"curies":[{"name":"wp","href":"https:\/\/api.w.org\/{rel}","templated":true}]}}