{"id":38185,"date":"2022-11-24T12:30:03","date_gmt":"2022-11-24T09:30:03","guid":{"rendered":"http:\/\/perfectvenue.es\/?post_type=product&#038;p=38185"},"modified":"2026-02-17T12:25:18","modified_gmt":"2026-02-17T09:25:18","slug":"celebrate-your-birthday-in-a-winery-a-perfect-plan-to-blow-out-the-candles-among-wine-barrels-and-iberian-cured-meats","status":"publish","type":"product","link":"https:\/\/perfectvenue.es\/es\/product\/celebrate-your-birthday-in-a-winery-a-perfect-plan-to-blow-out-the-candles-among-wine-barrels-and-iberian-cured-meats\/","title":{"rendered":"Celebrar tu cumplea\u00f1os en una bodega: un Perfect Plan para soplar las velas entre barricas de vino e ib\u00e9ricos"},"content":{"rendered":"<p><\/p>\n<p style=\"text-align: justify;\"><span style=\"font-weight: 400;\">Si hay lugares la mar de exclusivos para celebrar cumplea\u00f1os, esos son las bodegas. Y es que\u2026 \u00bfqu\u00e9 hay m\u00e1s original y glamuroso que <\/span><b>celebrar tu cumplea\u00f1os en una bodega por todo lo alto<\/b><span style=\"font-weight: 400;\"> entre barricas, ib\u00e9ricos, quesos y degustaciones?<\/span><\/p>\n<p style=\"text-align: justify;\"><span style=\"font-weight: 400;\">\u00a1Soplar las velas en una bodega no es cualquier cosa! Y no importa si celebras tus 25 o tus 65 a\u00f1os, celebrarlos en este sitio es para casi todas las edades, \u00a1y nosotros sabemos bien c\u00f3mo organizarlo! <\/span><b>Decoraci\u00f3n, catas de vino, catering\u2026 lo tenemos todo para dejar a todos tus invitados boquiabiertos.<\/b><\/p>\n<p style=\"text-align: justify;\"><span style=\"font-weight: 400;\">\u00bfSab\u00edas que hay bodegas repletas de lujo y exclusividad por todo el pa\u00eds? Como lo lees, y nosotros conocemos un sinf\u00edn de ellas para que puedas elegir la que m\u00e1s te gusta y en el lugar que prefieras. \u00a1Hasta <\/span><b>cerramos la bodega solo para vosotros solos<\/b><span style=\"font-weight: 400;\">!<\/span><\/p>\n<p style=\"text-align: justify;\"><span style=\"font-weight: 400;\">As\u00ed que, toma papel y boli, porque a continuaci\u00f3n te contamos todo acerca de este \u201cPerfect Plan\u201d <\/span><b>para que celebres con vino tu d\u00eda m\u00e1s especial del a\u00f1o.<\/b><\/p>\n<p style=\"text-align: justify;\"><span style=\"font-weight: 400;\">\u00a1Empezamos!<\/span><\/p>\n<h2 style=\"text-align: justify;\">Exclusivas bodegas por todo el pa\u00eds<\/h2>\n<p style=\"text-align: justify;\"><span style=\"font-weight: 400;\">S\u00ed, Espa\u00f1a est\u00e1 repleta de bodegas que ofrecen la posibilidad de visitar las instalaciones de la bodega, degustar unos vinos para celebrar tu gran d\u00eda y hasta dormir en ellas, y es que nuestro pa\u00eds es <\/span><b>uno de los pa\u00edses con m\u00e1s vi\u00f1edos del mundo<\/b><span style=\"font-weight: 400;\"> y uno de los mayores productores de vino.\u00a0 \u00a1<\/span><b>Existen m\u00e1s de 4.000 bodegas repartidas por todo el pa\u00eds<\/b><span style=\"font-weight: 400;\">!<\/span><\/p>\n<p style=\"text-align: justify;\"><span style=\"font-weight: 400;\">Adem\u00e1s, muchas bodegas ofrecen la posibilidad de <\/span><b>comer dentro de las propias instalaciones<\/b><span style=\"font-weight: 400;\">, ofrecen <\/span><b>espacios con vistas al vi\u00f1edo<\/b><span style=\"font-weight: 400;\">, otras tienen los <\/span><b>salones ubicados en cuevas<\/b><span style=\"font-weight: 400;\">, y algunas cuentan con vistas a la sala de barricas.<\/span><\/p>\n<p style=\"text-align: justify;\"><span style=\"font-weight: 400;\">Podr\u00e1s, junto con tus invitados, <\/span><b>dar paseos por los vi\u00f1edos<\/b><span style=\"font-weight: 400;\"> como, por ejemplo, a caballo y tendr\u00e1s la oportunidad de conocer en tu cumplea\u00f1os lugares con una gran tradici\u00f3n vitivin\u00edcola como La Rioja, Valladolid, Pontevedra, Navarra, Ciudad Real o C\u00e1diz.<\/span><\/p>\n<p style=\"text-align: justify;\"><span style=\"font-weight: 400;\">\u00a1Celebrar un cumplea\u00f1os descubriendo nuevos aromas y sabores en cualquier bodega de Espa\u00f1a es todo un lujo!<\/span><\/p>\n<h2 style=\"text-align: justify;\">Decoraci\u00f3n para tu cumplea\u00f1os en una bodega<\/h2>\n<p style=\"text-align: justify;\"><span style=\"font-weight: 400;\">La decoraci\u00f3n es un a\u00f1adido que siempre ayuda a disfrutar del momento y a recordarlo para toda la vida, por eso no podemos dejar de un lado la decoraci\u00f3n en el d\u00eda de tu cumplea\u00f1os.<\/span><\/p>\n<p style=\"text-align: justify;\"><span style=\"font-weight: 400;\">Para tu cumplea\u00f1os en una bodega contamos con una propuesta decorativa la mar de exclusiva, \u00a1lo tenemos todo pensado! Eso s\u00ed, luego <\/span><b>el cumplea\u00f1ero siempre puede personalizar la decoraci\u00f3n a su gusto<\/b><span style=\"font-weight: 400;\">: quitando, a\u00f1adiendo o cambiando lo que sea, porque lo m\u00e1s importante es que la decoraci\u00f3n est\u00e9 a gusto de cada persona.<\/span><\/p>\n<h2 style=\"text-align: justify;\">\u00a1Una cata de vino no puede faltar!<\/h2>\n<p style=\"text-align: justify;\"><span style=\"font-weight: 400;\">Rodeados de barricas donde maduran los caldos, en salas con vistas a vi\u00f1edos o en el exterior, a la ribera de un r\u00edo o junto a los vi\u00f1edos de donde provienen, <\/span><b>una cata de vino es una experiencia imprescindible en tu cumplea\u00f1os en una bodega.<\/b><\/p>\n<p style=\"text-align: justify;\"><span style=\"font-weight: 400;\">Ayudados por la informaci\u00f3n, conocimiento y pasi\u00f3n de las personas que explican cada vino, <\/span><b>aprender\u00e9is acerca de los tipos de uva, tiempo de fermentaci\u00f3n, color, olor y, claro est\u00e1, sabor.<\/b><\/p>\n<p style=\"text-align: justify;\"><span style=\"font-weight: 400;\">Si eres amante del vino, este es tu mejor plan para realizar en tu gran d\u00eda. \u00a1Tus invitados alucinar\u00e1n! Y es que seguro que pocos de ellos han tenido la ocasi\u00f3n de asistir a un cumplea\u00f1os en una bodega.<\/span><\/p>\n<h2 style=\"text-align: justify;\">Los vinos, acompa\u00f1ados siempre de sabrosa comida<\/h2>\n<p style=\"text-align: justify;\"><span style=\"font-weight: 400;\">\u00bfC\u00f3mo nos iba a estar la comida presente en tu d\u00eda? Un cumplea\u00f1os en una bodega no es un cumplea\u00f1os si no tienes ricos platos para degustar junto a unos sabrosos caldos.<\/span><\/p>\n<p style=\"text-align: justify;\"><span style=\"font-weight: 400;\">\u00bfY qu\u00e9 hay mejor para acompa\u00f1ar el vino? Pues <\/span><b>nada como ib\u00e9ricos como jam\u00f3n, lomo, queso\u2026<\/b><\/p>\n<p style=\"text-align: justify;\"><span style=\"font-weight: 400;\">Por ejemplo, los quesos grasos empatan de miedo con los vinos tintos m\u00e1s astringentes. Los quesos de pasta blanda funcionan con un tinto joven o con un blanco, mientras que algunos quesos potentes como el Cabrales o el Gruy\u00e8re funcionan mejor con espumosos.<\/span><\/p>\n<p style=\"text-align: justify;\"><span style=\"font-weight: 400;\">Y\u2026 \u00bfAlguien concibe un chulet\u00f3n o un estofado sin una copa de tinto al lado? Y es que los vinos tintos ligeros y los muy viejos se aconsejan para las carnes j\u00f3venes, como ternera, cordero lechal, aves o caza de pluma, etc.<\/span><\/p>\n<p style=\"text-align: justify;\"><span style=\"font-weight: 400;\">\u00a1Nosotros <\/span><b>nos encargamos de que marides con \u00e9xito tus vinos<\/b><span style=\"font-weight: 400;\">!<\/span><\/p>\n<h2 style=\"text-align: justify;\">Duerme en la bodega<\/h2>\n<p style=\"text-align: justify;\"><span style=\"font-weight: 400;\">Tras vivir tu d\u00eda m\u00e1s importante del a\u00f1o, es momento de descansar, \u00bfy qu\u00e9 mejor que hacerlo en una de las habitaciones de las que disponen muchas bodegas y as\u00ed crear recuerdos que permanecer\u00e1n toda la vida en tu memoria? Y es que <\/span><b>hay muchas bodegas-hotel que disponen de alojamiento.<\/b><\/p>\n<p style=\"text-align: justify;\"><span style=\"font-weight: 400;\">Es una opci\u00f3n genial para que despu\u00e9s de un d\u00eda repleto de emociones no teng\u00e1is que regresar a casa. \u00a1<\/span><b>Dormir el d\u00eda de tu cumplea\u00f1os en una bodega no tiene precio<\/b><span style=\"font-weight: 400;\">!<\/span><\/p>\n<h2 style=\"text-align: justify;\">Fot\u00f3grafo y video<\/h2>\n<p style=\"text-align: justify;\"><span style=\"font-weight: 400;\">Para recordar los momentos vividos en tu cumplea\u00f1os, <\/span><b>realizar\u00e1s una sesi\u00f3n de fotos por los diferentes lugares de la bodega<\/b><span style=\"font-weight: 400;\">, ya que estos ofrecen muchas opciones de espacios: <\/span><b>en la sala de barricas, en los vi\u00f1edos\u2026 Hay hasta bodegas con biblioteca y museo.<\/b><\/p>\n<p style=\"text-align: justify;\"><span style=\"font-weight: 400;\">Por eso, <\/span><b>podr\u00e1s disponer de una fot\u00f3grafa y de un vide\u00f3grafo profesional<\/b><span style=\"font-weight: 400;\"> para luego poder rememorar una y otra vez tu celebraci\u00f3n por todo lo alto.<\/span><\/p>\n<p style=\"text-align: justify;\"><span style=\"font-weight: 400;\">Adem\u00e1s, si lo dese\u00e1is, adem\u00e1s de la imagen, nosotros tambi\u00e9n <\/span><b>podemos hacernos cargo de la iluminaci\u00f3n y el sonido, de la animaci\u00f3n, del transporte\u2026<\/b><\/p>\n<h2 style=\"text-align: justify;\">Organizaci\u00f3n y coordinaci\u00f3n<\/h2>\n<p style=\"text-align: justify;\"><span style=\"font-weight: 400;\">S\u00ed, nos gusta que todo salga a pedir de boca, por eso <\/span><b>podemos formar parte de vuestra celebraci\u00f3n organizando todo con antelaci\u00f3n y coordinando todo el d\u00eda del cumplea\u00f1os<\/b><span style=\"font-weight: 400;\">.<\/span><\/p>\n<p style=\"text-align: justify;\"><span style=\"font-weight: 400;\">Conseguiremos poner todo a punto para que la decoraci\u00f3n sea como imagin\u00e1is, que los vinos queden geniales con los platos servidos, que la fot\u00f3grafa no se deje nada por captar\u2026 \u00a1<\/span><b>Estamos pendientes de cada detalle<\/b><span style=\"font-weight: 400;\">!<\/span><\/p>\n<p style=\"text-align: justify;\"><span style=\"font-weight: 400;\">Prepararemos todo a vuestra medida, solo ten\u00e9is que pedirnos todo aquello que sea imprescindible para vuestro d\u00eda, \u00a1y <\/span><b>vuestros deseos se har\u00e1n \u00f3rdenes<\/b><span style=\"font-weight: 400;\">!<\/span><\/p>\n<h2 style=\"text-align: justify;\">Los precios, a consultar<\/h2>\n<p style=\"text-align: justify;\"><b>El precio de celebrar tu cumplea\u00f1os en una bodega por todo lo alto siempre depender\u00e1 de diferentes factores<\/b><span style=\"font-weight: 400;\"> como, por ejemplo, el n\u00famero de invitados que asistan a tu celebraci\u00f3n, la fecha en la que lleves a cabo tu evento y los elementos con los que exactamente necesit\u00e9is contar: comida, transporte, animaci\u00f3n\u2026<\/span><\/p>\n<p style=\"text-align: justify;\"><span style=\"font-weight: 400;\">\u00a0<\/span><\/p>\n<p style=\"text-align: justify;\"><span style=\"font-weight: 400;\">Recuerda que organizar una fiesta de cumplea\u00f1os m\u00edtica requiere de planeaci\u00f3n y bastante tiempo de anticipaci\u00f3n. Por ello, cont\u00e1ctanos en <\/span><b>Perfect Venue<\/b><span style=\"font-weight: 400;\"> para tener el cumplea\u00f1os m\u00e1s \u00fanico y exclusivo de todo tu c\u00edrculo social.<\/span><\/p>\n<p><\/p>","protected":false},"excerpt":{"rendered":"<p style=\"text-align: justify;\">Celebrar tu cumplea\u00f1os en una bodega es tu mejor plan para soplar las velas entre barricas de vino e ib\u00e9ricos.<\/p>\n","protected":false},"featured_media":35650,"comment_status":"closed","ping_status":"closed","template":"","meta":[],"class_list":["post-38185","product","type-product","status-publish","has-post-thumbnail","hentry","product_cat-luxury-birthday-planning","product_tag-birthday-wine-cellar","product_tag-cumpleanos-en-bodega","product_tag-ideas-originales-para-fiesta","product_tag-original-birthday-party","product_tag-6054","product_tag-6055"],"jetpack_sharing_enabled":true,"_links":{"self":[{"href":"https:\/\/perfectvenue.es\/es\/wp-json\/wp\/v2\/product\/38185","targetHints":{"allow":["GET"]}}],"collection":[{"href":"https:\/\/perfectvenue.es\/es\/wp-json\/wp\/v2\/product"}],"about":[{"href":"https:\/\/perfectvenue.es\/es\/wp-json\/wp\/v2\/types\/product"}],"replies":[{"embeddable":true,"href":"https:\/\/perfectvenue.es\/es\/wp-json\/wp\/v2\/comments?post=38185"}],"wp:featuredmedia":[{"embeddable":true,"href":"https:\/\/perfectvenue.es\/es\/wp-json\/wp\/v2\/media\/35650"}],"wp:attachment":[{"href":"https:\/\/perfectvenue.es\/es\/wp-json\/wp\/v2\/media?parent=38185"}],"curies":[{"name":"wp","href":"https:\/\/api.w.org\/{rel}","templated":true}]}}