{"id":38167,"date":"2022-11-22T15:00:35","date_gmt":"2022-11-22T12:00:35","guid":{"rendered":"https:\/\/perfectvenue.es\/?post_type=product&#038;p=38167"},"modified":"2022-11-21T18:52:53","modified_gmt":"2022-11-21T15:52:53","slug":"gift-cards-the-new-way-of-giving-surprise-experiences-for-every-occasion","status":"publish","type":"product","link":"https:\/\/perfectvenue.es\/es\/product\/gift-cards-the-new-way-of-giving-surprise-experiences-for-every-occasion\/","title":{"rendered":"<b>Tarjetas regalo:<\/b> la nueva manera de sorprender regalando experiencias para cada ocasi\u00f3n"},"content":{"rendered":"<p><\/p>\n<p style=\"text-align: justify\"><span style=\"font-weight: 400\">Si no te da tiempo a elegir cu\u00e1l es la mejor experiencia para regalar a esa persona tan importante en esta fecha tan especial que se aproxima, o dudas entre m\u00e1s de una opci\u00f3n, siempre puedes regalar <\/span><b>la \u00faltima novedad en obsequios: las tarjetas regalo<\/b><span style=\"font-weight: 400\">.<\/span><\/p>\n<p style=\"text-align: justify\"><span style=\"font-weight: 400\">\u00a1As\u00ed sabes seguro que acertar\u00e1s! Porque esa persona podr\u00e1 elegir la experiencia que m\u00e1s vaya con ella en base al valor monetario de la tarjeta regalo.<\/span><\/p>\n<p style=\"text-align: justify\"><span style=\"font-weight: 400\">Y es que, estamos sobresaturados de objetos materiales que nos han regalado y que hemos acumulado en cajones y armarios, por eso <\/span><b>cada vez son m\u00e1s importantes las vivencias reales y las experiencias que se recuerdan siempre.<\/b><\/p>\n<p style=\"text-align: justify\"><span style=\"font-weight: 400\">Por eso, a continuaci\u00f3n, te presentamos las<\/span><b> mejores experiencias que podr\u00e1 canjear tu persona especial con su tarjeta regalo seg\u00fan cual sea el motivo de la celebraci\u00f3n<\/b><span style=\"font-weight: 400\">: San Valent\u00edn, el D\u00eda del Padre o de la Madre, Navidad o un cumplea\u00f1os.<\/span><\/p>\n<p style=\"text-align: justify\"><span style=\"font-weight: 400\">\u00a1Coge papel y boli para apuntar todas estas ideas porque empezamos ya!<\/span><\/p>\n<h2 style=\"text-align: justify\">Pero primero, \u00bfqu\u00e9 son y para qu\u00e9 sirven las tarjetas de regalo?<\/h2>\n<p style=\"text-align: justify\"><span style=\"font-weight: 400\">Las tarjetas regalo son un tipo de <\/span><b>tarjeta que cuentan con una cuant\u00eda de dinero que el comprador ha elegido para que el que la reciba pueda canjearla<\/b><span style=\"font-weight: 400\"> por la experiencia que m\u00e1s prefiera.<\/span><\/p>\n<p style=\"text-align: justify\"><span style=\"font-weight: 400\">El que realiza el regalo se olvida de la indecisi\u00f3n que provoca elegir una experiencia y de perder el tiempo pensando en si acertar\u00e1 o no, por eso las tarjetas regalo son <\/span><b>la \u00faltima novedad en regalos.<\/b><\/p>\n<p style=\"text-align: justify\"><span style=\"font-weight: 400\">Lo mejor es que estas tarjetas <\/span><b>no caducan<\/b><span style=\"font-weight: 400\">, por lo que pueden canjearse en cualquier momento, \u00a1y <\/span><b>en Perfect Venue tenemos cientos de actividades<\/b><span style=\"font-weight: 400\"> entre las que elegir <\/span><b>para todos los gustos y para todo tipo de ocasi\u00f3n<\/b><span style=\"font-weight: 400\">!<\/span><\/p>\n<p style=\"text-align: justify\"><span style=\"font-weight: 400\">Sigue leyendo, y descubre de qu\u00e9 hablamos.<\/span><\/p>\n<figure id=\"attachment_27868\" aria-describedby=\"caption-attachment-27868\" style=\"width: 700px\" class=\"wp-caption aligncenter\"><img loading=\"lazy\" decoding=\"async\" class=\"size-full wp-image-27868\" src=\"https:\/\/perfectvenue.es\/wp-content\/uploads\/2020\/09\/luxury-villa-altea-32.jpg\" alt=\"\" width=\"700\" height=\"466\" srcset=\"https:\/\/perfectvenue.es\/wp-content\/uploads\/2020\/09\/luxury-villa-altea-32.jpg?v=1626103757 700w, https:\/\/perfectvenue.es\/wp-content\/uploads\/2020\/09\/luxury-villa-altea-32-300x200.jpg?v=1626103757 300w, https:\/\/perfectvenue.es\/wp-content\/uploads\/2020\/09\/luxury-villa-altea-32-450x300.jpg?v=1626103757 450w, https:\/\/perfectvenue.es\/wp-content\/uploads\/2020\/09\/luxury-villa-altea-32-600x399.jpg?v=1626103757 600w\" sizes=\"auto, (max-width: 700px) 100vw, 700px\" \/><figcaption id=\"caption-attachment-27868\" class=\"wp-caption-text\"><a href=\"https:\/\/perfectvenue.es\/listings\/luxury-villa-altea-hills-ramblas\/\">Villa Altea<\/a><\/figcaption><\/figure>\n<h2 style=\"text-align: justify\">Opciones de tarjetas de regalo si se acerca San Valent\u00edn:<\/h2>\n<p style=\"text-align: justify\"><span style=\"font-weight: 400\">\u00a1<\/span><b>El 14 de febrero est\u00e1 a la vista<\/b><span style=\"font-weight: 400\">! As\u00ed que deja atr\u00e1s las cajas de bombones, los ramos de flores, los \u00e1lbumes de fotos, etc. y abre paso a una escapada rom\u00e1ntica, a cenas exclusivas, a paseos bajo la luz de las estrellas\u2026<\/span><\/p>\n<p style=\"text-align: justify\"><span style=\"font-weight: 400\">\u00bfQui\u00e9n no quiere un San Valent\u00edn diferente? Eso s\u00ed, sin que falten <\/span><b>vivencias rom\u00e1nticas para pasar tiempo a solas con tu pareja.<\/b><\/p>\n<p style=\"text-align: justify\"><span style=\"font-weight: 400\">Tu pareja podr\u00e1 elegir cualquier experiencia rom\u00e1ntica para vivir junto a ti, una ocasi\u00f3n perfecta para afianzar vuestra relaci\u00f3n, sumar momentos juntos, crear nuevos recuerdos, etc.<\/span><\/p>\n<p style=\"text-align: justify\"><span style=\"font-weight: 400\">\u00a1Que nadie se libre del d\u00eda de los enamorados!<\/span><\/p>\n<ul>\n<li style=\"text-align: justify\"><a href=\"https:\/\/perfectvenue.es\/2021\/10\/26\/nuestra-escapada-de-fin-de-semana-en-la-torre-del-visco\/\"><b>Romanticismo bajo la luna y la luz de las estrellas en La Torre del Visco\u00a0<\/b><\/a><b><\/b><\/li>\n<li style=\"text-align: justify\"><b>Visita a la playa de Benijo, una sesi\u00f3n de fotos rom\u00e1ntica y dos noches de hotel<\/b><br \/>\n<b><\/b><\/li>\n<li style=\"text-align: justify\"><a href=\"https:\/\/perfectvenue.es\/product\/cumpleanos-inolvidable-pareja\/\"><b>Escapada rom\u00e1ntica para dormir en los aposentos del castillo del Buen Amor\u00a0<\/b><\/a><b><\/b><\/li>\n<li style=\"text-align: justify\"><a href=\"https:\/\/perfectvenue.es\/listings\/romantic-experience-hotel-cotton-house\/\"><b>Experiencia rom\u00e1ntica en el Hotel Cotton House<\/b><\/a><b><\/b><\/li>\n<li style=\"text-align: justify\"><a href=\"https:\/\/perfectvenue.es\/listings\/picnic-barcelona\/\"><b>Picnic rom\u00e1ntico en Barcelona\u00a0<\/b><\/a><b><\/b><\/li>\n<li style=\"text-align: justify\"><a href=\"https:\/\/perfectvenue.es\/product\/looking-for-a-unique-experience-for-you-and-your-children-then-sleep-in-a-cabin\/\"><b>Regala una noche durmiendo en los \u00e1rboles, una ruta y una sesi\u00f3n de fotos<\/b><\/a><b><\/b><\/li>\n<li style=\"text-align: justify\"><a href=\"https:\/\/perfectvenue.es\/listings\/boat-trip\/\"><b>Viaje en barco por el r\u00edo Tajo con sesi\u00f3n de fotos\u00a0<\/b><\/a><b><\/b><\/li>\n<li style=\"text-align: justify\"><b>Puesta de sol rom\u00e1ntica sobre un velero en La Manga del Mar Menor con picnic y sesi\u00f3n de fotos<\/b><\/li>\n<\/ul>\n<figure id=\"attachment_14753\" aria-describedby=\"caption-attachment-14753\" style=\"width: 700px\" class=\"wp-caption aligncenter\"><img loading=\"lazy\" decoding=\"async\" class=\"wp-image-14753\" src=\"https:\/\/perfectvenue.es\/wp-content\/uploads\/2017\/10\/PV-Torre-Visco155.jpg\" alt=\"\" width=\"700\" height=\"350\" srcset=\"https:\/\/perfectvenue.es\/wp-content\/uploads\/2017\/10\/PV-Torre-Visco155.jpg?v=1626110334 1600w, https:\/\/perfectvenue.es\/wp-content\/uploads\/2017\/10\/PV-Torre-Visco155-600x300.jpg?v=1626110334 600w, https:\/\/perfectvenue.es\/wp-content\/uploads\/2017\/10\/PV-Torre-Visco155-300x150.jpg?v=1626110334 300w, https:\/\/perfectvenue.es\/wp-content\/uploads\/2017\/10\/PV-Torre-Visco155-768x384.jpg?v=1626110334 768w, https:\/\/perfectvenue.es\/wp-content\/uploads\/2017\/10\/PV-Torre-Visco155-1024x512.jpg?v=1626110334 1024w, https:\/\/perfectvenue.es\/wp-content\/uploads\/2017\/10\/PV-Torre-Visco155-450x225.jpg?v=1626110334 450w\" sizes=\"auto, (max-width: 700px) 100vw, 700px\" \/><figcaption id=\"caption-attachment-14753\" class=\"wp-caption-text\"><a href=\"https:\/\/perfectvenue.es\/listings\/torre-visco\/\">Torre Visco<\/a><\/figcaption><\/figure>\n<h2 style=\"text-align: justify\">Opciones de tarjetas de regalo si el d\u00eda del padre o de la madre est\u00e1 cerca:<\/h2>\n<p style=\"text-align: justify\"><span style=\"font-weight: 400\">Ya sabemos que las prisas no son buenas para elegir regalos, y menos si el regalo que debemos elegir es para una persona tan importante como nuestro padre o nuestra madre.<\/span><\/p>\n<p style=\"text-align: justify\"><span style=\"font-weight: 400\">As\u00ed que, si el D\u00eda del Padre o de la Madre est\u00e1 a la vuelta de la esquina, seguro que quieres <\/span><b>sorprender a esos padres que se merecen todo lo mejor d\u00e1ndoles un d\u00eda redondo<\/b><span style=\"font-weight: 400\">, \u00a1pues con una de las tarjetas regalo les har\u00e1s los padres m\u00e1s felices del mundo!<\/span><\/p>\n<p style=\"text-align: justify\"><span style=\"font-weight: 400\">\u00bfPor qu\u00e9? Porque <\/span><b>podr\u00e1n escoger por ellos mismos la experiencia que m\u00e1s les apetezca vivir<\/b><span style=\"font-weight: 400\">, ya sabes que en ocasiones los padres pueden ser algo exigentes, \u00a1as\u00ed <\/span><b>acertar\u00e1s sin duda y no olvidar\u00e1n jam\u00e1s tu regalo<\/b><span style=\"font-weight: 400\">!<\/span><\/p>\n<ul>\n<li style=\"text-align: justify\"><b>Sesi\u00f3n de spa y vinoterapia en el Hotel Caudalie Marqu\u00e9s de Riscal<\/b><br \/>\n<b><\/b><\/li>\n<li style=\"text-align: justify\"><span style=\"font-weight: 400\">\u00a0<\/span><b>Visita a la bodega Eguren Ugarte y vive tradiciones vascas<\/b><br \/>\n<b><\/b><\/li>\n<li style=\"text-align: justify\"><b>Men\u00fa degustaci\u00f3n de 6 platos con Maridaje en Amapola y una noche de hotel<\/b><br \/>\n<b><\/b><\/li>\n<li style=\"text-align: justify\"><a href=\"https:\/\/perfectvenue.es\/listings\/flamenco-show-corral-moreria\/\"><b>Espect\u00e1culo de flamenco en el Corral de la Morer\u00eda Flamenco<\/b><\/a><b><\/b><\/li>\n<li style=\"text-align: justify\"><a href=\"https:\/\/perfectvenue.es\/listings\/visiting-vivanco-winery\/\"><b>Cursos de cata de vino en la bodega Vivanco\u00a0<\/b><\/a><b><\/b><\/li>\n<li style=\"text-align: justify\"><a href=\"https:\/\/perfectvenue.es\/listings\/wine-tasting-cheese-jamon\/\"><b>Degustaci\u00f3n de vinos, queso y jam\u00f3n\u00a0<\/b><\/a><b><\/b><\/li>\n<li style=\"text-align: justify\"><a href=\"https:\/\/perfectvenue.es\/listings\/romantic-experience-hotel-cotton-house\/\"><b>Confecci\u00f3n de camisa a medida en el Hotel Cotton House<\/b><\/a><\/li>\n<li style=\"text-align: justify\"><b><a href=\"https:\/\/perfectvenue.es\/listings\/balloon-flight-in-segovia\/\">Vuelo en globo por\u00a0Segovia<\/a>, <a href=\"https:\/\/perfectvenue.es\/listings\/balloon-flight-in-mallorca\/\">Majorca,<\/a><a href=\"https:\/\/perfectvenue.es\/listings\/balloon-flight-in-toledo\/\"> o Toledo<\/a><\/b><\/li>\n<\/ul>\n<figure id=\"attachment_37918\" aria-describedby=\"caption-attachment-37918\" style=\"width: 700px\" class=\"wp-caption aligncenter\"><img loading=\"lazy\" decoding=\"async\" class=\"size-full wp-image-37918\" src=\"https:\/\/perfectvenue.es\/wp-content\/uploads\/2022\/11\/dinner-sea-views-marriage-proposal-mallorca-22.jpg\" alt=\"Marriage proposal Mallorca Romantic Dinner in front of the sea\" width=\"700\" height=\"467\" srcset=\"https:\/\/perfectvenue.es\/wp-content\/uploads\/2022\/11\/dinner-sea-views-marriage-proposal-mallorca-22.jpg?v=1667824234 700w, https:\/\/perfectvenue.es\/wp-content\/uploads\/2022\/11\/dinner-sea-views-marriage-proposal-mallorca-22-300x200.jpg?v=1667824234 300w, https:\/\/perfectvenue.es\/wp-content\/uploads\/2022\/11\/dinner-sea-views-marriage-proposal-mallorca-22-450x300.jpg?v=1667824234 450w, https:\/\/perfectvenue.es\/wp-content\/uploads\/2022\/11\/dinner-sea-views-marriage-proposal-mallorca-22-600x400.jpg?v=1667824234 600w\" sizes=\"auto, (max-width: 700px) 100vw, 700px\" \/><figcaption id=\"caption-attachment-37918\" class=\"wp-caption-text\">Photo via <a href=\"https:\/\/nataliaortizevents.com\/\">Weddings and Events by Natalia Ortiz<\/a><\/figcaption><\/figure>\n<h2 style=\"text-align: justify\">Opciones de tarjetas de regalo si tienes un cumplea\u00f1os a la vista:<\/h2>\n<p style=\"text-align: justify\"><span style=\"font-weight: 400\">\u00bfCu\u00e1nta <\/span><b>cantidad de amigos y familiares que son importantes para ti cumplen a\u00f1os cada a\u00f1o<\/b><span style=\"font-weight: 400\">? \u00a1Much\u00edsimos! Y el problema es que se nos empiezan a acabar las ideas\u2026<\/span><\/p>\n<p style=\"text-align: justify\"><span style=\"font-weight: 400\">\u00bfC\u00f3mo podemos <\/span><b>sorprender a los cumplea\u00f1eros este a\u00f1o<\/b><span style=\"font-weight: 400\">? \u00a1Muy sencillo! Con una tarjeta regalo para que puedan elegir una experiencia original que jam\u00e1s olvidar\u00e1n.<\/span><\/p>\n<p style=\"text-align: justify\"><span style=\"font-weight: 400\">Regalando esta opci\u00f3n te alejar\u00e1s de los t\u00f3picos y tu regalo destacar\u00e1 por encima del resto, \u00a1porque <\/span><b>los cumplea\u00f1os son para tener un d\u00eda cargado de emociones<\/b><span style=\"font-weight: 400\">! Y para emociones\u2026 \u00a1las actividades que tenemos en Perfect Venue!<\/span><\/p>\n<ul>\n<li style=\"text-align: justify\"><a href=\"https:\/\/perfectvenue.es\/listings\/yacht-rental-in-ibiza\/\"><b>Alquiler de barco en Ibiza<\/b><\/a><b><\/b><\/li>\n<li style=\"text-align: justify\"><a href=\"https:\/\/perfectvenue.es\/listings\/paragliding\/\"><b>Experiencia de vuelo en parapente a diferentes alturas con video\u00a0<\/b><\/a><b><\/b><\/li>\n<li style=\"text-align: justify\"><a href=\"https:\/\/perfectvenue.es\/listings\/aircraft-flight\/\"><b>Vuelo en avioneta por Toledo\u00a0<\/b><\/a><b><\/b><\/li>\n<li style=\"text-align: justify\"><a href=\"https:\/\/perfectvenue.es\/listings\/personal-shopper-in-barcelona\/\"><b>Personal Shopper en Barcelona, Valencia o Madrid<\/b><\/a><br \/>\n<b><\/b><\/li>\n<li style=\"text-align: justify\"><b>Rafting en Catalu\u00f1a<\/b><br \/>\n<b><\/b><\/li>\n<li style=\"text-align: justify\"><a href=\"https:\/\/perfectvenue.es\/listings\/cooking-paella\/\"><b>Aprende a cocinar una paella\u00a0<\/b><\/a><b><\/b><\/li>\n<li style=\"text-align: justify\"><a href=\"https:\/\/perfectvenue.es\/product\/la-magia-de-volver-a-otra-epoca\/\"><b>Conducir un exclusivo Lamborghini con una sesi\u00f3n de fotos\u00a0<\/b><\/a><b><\/b><\/li>\n<li style=\"text-align: justify\"><b>Escapada de una noche, vuelo en avioneta, conducir un Ferrari y sesi\u00f3n de fotos<\/b><\/li>\n<\/ul>\n<figure id=\"attachment_30432\" aria-describedby=\"caption-attachment-30432\" style=\"width: 700px\" class=\"wp-caption aligncenter\"><img loading=\"lazy\" decoding=\"async\" class=\"size-full wp-image-30432\" src=\"https:\/\/perfectvenue.es\/wp-content\/uploads\/2021\/02\/HotelSantosNixePalace-PerfectVenue-13.jpg\" alt=\"\" width=\"700\" height=\"467\" srcset=\"https:\/\/perfectvenue.es\/wp-content\/uploads\/2021\/02\/HotelSantosNixePalace-PerfectVenue-13.jpg?v=1626102520 700w, https:\/\/perfectvenue.es\/wp-content\/uploads\/2021\/02\/HotelSantosNixePalace-PerfectVenue-13-300x200.jpg?v=1626102520 300w, https:\/\/perfectvenue.es\/wp-content\/uploads\/2021\/02\/HotelSantosNixePalace-PerfectVenue-13-450x300.jpg?v=1626102520 450w, https:\/\/perfectvenue.es\/wp-content\/uploads\/2021\/02\/HotelSantosNixePalace-PerfectVenue-13-600x400.jpg?v=1626102520 600w\" sizes=\"auto, (max-width: 700px) 100vw, 700px\" \/><figcaption id=\"caption-attachment-30432\" class=\"wp-caption-text\"><a href=\"https:\/\/perfectvenue.es\/listings\/santos-nixe-palace-hotel\/\">Hotel Santos Nixe Palace<\/a><\/figcaption><\/figure>\n<h2 style=\"text-align: justify\">Opciones de tarjetas de regalo si vas de boda:<\/h2>\n<p style=\"text-align: justify\"><span style=\"font-weight: 400\">Elegir el regalo para una boda puede resultar un tanto dif\u00edcil, y es que las parejas ya est\u00e1n acostumbradas a obsequios materiales o a cuant\u00edas de dinero, por eso <\/span><b>queremos salirnos de lo establecido y dejarles con la boca abierta al darles nuestro regalo.<\/b><\/p>\n<p style=\"text-align: justify\"><span style=\"font-weight: 400\">\u00a1Para eso est\u00e1n las tarjetas regalo! Para <\/span><b>decirles a esos novios cu\u00e1nto los quieres haciendo que vivan una experiencia \u00fanica y memorable<\/b><span style=\"font-weight: 400\">, que se aleje de lo material y de lo convencional.<\/span><\/p>\n<p style=\"text-align: justify\"><span style=\"font-weight: 400\">Una noche durmiendo en \u00e1rboles, vestirse de medievales, realizar una traves\u00eda en barco, o hacer un descenso en kayak, son regalos que perdurar\u00e1n en la memoria de los novios toda la vida.<\/span><\/p>\n<p style=\"text-align: justify\"><span style=\"font-weight: 400\">\u00a1As\u00ed que sorpr\u00e9ndeles con alguna de las <\/span><b>experiencias Perfect Venue para disfrutar en pareja<\/b><span style=\"font-weight: 400\">!<\/span><\/p>\n<ul>\n<li style=\"text-align: justify\"><a href=\"https:\/\/perfectvenue.es\/product\/looking-for-a-unique-experience-for-you-and-your-children-then-sleep-in-a-cabin\/\"><b>Regala una noche durmiendo en los \u00e1rboles, una ruta y una sesi\u00f3n de fotos\u00a0<\/b><\/a><b><\/b><\/li>\n<li style=\"text-align: justify\"><b>Sesi\u00f3n de spa y vinoterapia en el Hotel Caudalie Marqu\u00e9s de Riscal<\/b><br \/>\n<b><\/b><\/li>\n<li style=\"text-align: justify\"><b>Escapada rom\u00e1ntica de una noche con cena en el Castillo de Arteaga<\/b><br \/>\n<b><\/b><\/li>\n<li style=\"text-align: justify\"><b>Alojamiento en el Hotel Picos de Europa, ruta y sesi\u00f3n de fotos<\/b><br \/>\n<b><\/b><\/li>\n<li style=\"text-align: justify\"><a href=\"https:\/\/perfectvenue.es\/listings\/sailing-in-barcelona\/\"><b>Navegar en barco en Barcelona\u00a0<\/b><\/a><b><\/b><\/li>\n<li style=\"text-align: justify\"><b>Escapada medieval de una noche en el castillo del Buen Amor, con alquiler de trajes medievales, sesi\u00f3n de fotos y cena rom\u00e1ntica<\/b><br \/>\n<b><\/b><\/li>\n<li style=\"text-align: justify\"><b>Alojamiento en una casa rural gallega con ruta de senderismo<\/b><br \/>\n<b><\/b><\/li>\n<li style=\"text-align: justify\"><b>Escapada a una casa rural con actividades en plena naturaleza como senderismo, rutas en bicicleta, a caballo o kayak<\/b><\/li>\n<\/ul>\n<figure id=\"attachment_37643\" aria-describedby=\"caption-attachment-37643\" style=\"width: 700px\" class=\"wp-caption aligncenter\"><img loading=\"lazy\" decoding=\"async\" class=\"size-full wp-image-37643\" src=\"https:\/\/perfectvenue.es\/wp-content\/uploads\/2022\/10\/Renewal-of-vows-of-an-American-couple-in-Spain-7.jpeg\" alt=\"Event in Castle - Perfect Venue\" width=\"700\" height=\"467\" srcset=\"https:\/\/perfectvenue.es\/wp-content\/uploads\/2022\/10\/Renewal-of-vows-of-an-American-couple-in-Spain-7.jpeg 700w, https:\/\/perfectvenue.es\/wp-content\/uploads\/2022\/10\/Renewal-of-vows-of-an-American-couple-in-Spain-7-300x200.jpeg 300w, https:\/\/perfectvenue.es\/wp-content\/uploads\/2022\/10\/Renewal-of-vows-of-an-American-couple-in-Spain-7-450x300.jpeg 450w, https:\/\/perfectvenue.es\/wp-content\/uploads\/2022\/10\/Renewal-of-vows-of-an-American-couple-in-Spain-7-600x400.jpeg 600w\" sizes=\"auto, (max-width: 700px) 100vw, 700px\" \/><figcaption id=\"caption-attachment-37643\" class=\"wp-caption-text\"><a href=\"https:\/\/perfectvenue.es\/listings\/castillo-buen-amor\/\">Castillo del Buen Amor.<\/a> Photo via: <a href=\"https:\/\/nataliaortizevents.com\/\">Weddings and Events by Natalia Ortiz<\/a><\/figcaption><\/figure>\n<h2 style=\"text-align: justify\">Opciones de tarjetas de regalo si quieres hacer un regalo de Navidad:<\/h2>\n<p style=\"text-align: justify\"><span style=\"font-weight: 400\">\u00bfCu\u00e1l es la mejor \u00e9poca del a\u00f1o para recibir regalos? \u00a1Exacto, la Navidad! Si esta \u00e9poca est\u00e1 cerca es momento de ultimar detalles, \u00a1no dejes todo para el final!<\/span><\/p>\n<p style=\"text-align: justify\"><span style=\"font-weight: 400\">Este a\u00f1o, si no sabes qu\u00e9 regalar en Navidad a esa persona especial, te lo ponemos f\u00e1cil con tu regalo navide\u00f1o: \u00a1<\/span><b>te toca colocar debajo del \u00e1rbol una tarjeta regalo<\/b><span style=\"font-weight: 400\">!<\/span><\/p>\n<p style=\"text-align: justify\"><span style=\"font-weight: 400\">Con ello ir\u00e1s m\u00e1s all\u00e1 de la t\u00edpica colonia, de los calcetines, de la novela del momento o de corbatas o bisuter\u00edas, \u00a1porque todos est\u00e1n cansados de recibir siempre lo mismo! As\u00ed que, <\/span><b>regala momentos de felicidad.<\/b><\/p>\n<p style=\"text-align: justify\"><span style=\"font-weight: 400\">\u00a1El nuevo a\u00f1o empezar\u00e1 por todo lo alto!<\/span><\/p>\n<ul>\n<li style=\"text-align: justify\"><a href=\"https:\/\/perfectvenue.es\/listings\/malaga-historical-center\/\"><b>Visita al centro hist\u00f3rico de M\u00e1laga\u00a0<\/b><\/a><b><\/b><\/li>\n<li style=\"text-align: justify\"><b>Ad\u00e9ntrate en el mundo del aceite de oliva<\/b><\/li>\n<li><b>Visitar la playa \u00absecreta\u00bb de Gulpiyuri, sesi\u00f3n de fotos, spa y noche de hotel<\/b><\/li>\n<li style=\"text-align: justify\"><a href=\"https:\/\/perfectvenue.es\/listings\/paragliding\/\"><b>Vuelo en Parapente en Orga\u00f1a\u00a0<\/b><\/a><b><\/b><\/li>\n<li style=\"text-align: justify\"><b>Escapada de dos noches con visita a Las Cuevas del Soplao en un entorno m\u00e1gico y una sesi\u00f3n de fotos<\/b><br \/>\n<b><\/b><\/li>\n<li style=\"text-align: justify\"><a href=\"https:\/\/perfectvenue.es\/listings\/monastery-of-montserrat-and-vineyards\/\"><b>Visita a Montserrat y sus vi\u00f1edos\u00a0<\/b><\/a><b><\/b><\/li>\n<li style=\"text-align: justify\"><a href=\"https:\/\/perfectvenue.es\/listings\/codorniu-winery\/\"><b>Visita a los vi\u00f1edos de Codorni\u00fa\u00a0<\/b><\/a><b><\/b><\/li>\n<li style=\"text-align: justify\"><a href=\"https:\/\/perfectvenue.es\/product\/looking-for-a-unique-experience-for-you-and-your-children-then-sleep-in-a-cabin\/\"><b>Escapada para dormir en una caba\u00f1a con ruta en kayak y una sesi\u00f3n de fotos\u00a0<\/b><\/a><\/li>\n<\/ul>\n<figure id=\"attachment_28039\" aria-describedby=\"caption-attachment-28039\" style=\"width: 700px\" class=\"wp-caption aligncenter\"><img loading=\"lazy\" decoding=\"async\" class=\"size-full wp-image-28039\" src=\"https:\/\/perfectvenue.es\/wp-content\/uploads\/2020\/10\/playa_de_Gulpiyuri.jpg\" alt=\"\u00bfBuscando las mejores playas de Espa\u00f1a para celebrar tu boda? \u00a1Pues aqu\u00ed las tienes!\" width=\"700\" height=\"457\" srcset=\"https:\/\/perfectvenue.es\/wp-content\/uploads\/2020\/10\/playa_de_Gulpiyuri.jpg?v=1626103665 700w, https:\/\/perfectvenue.es\/wp-content\/uploads\/2020\/10\/playa_de_Gulpiyuri-300x196.jpg?v=1626103665 300w, https:\/\/perfectvenue.es\/wp-content\/uploads\/2020\/10\/playa_de_Gulpiyuri-450x294.jpg?v=1626103665 450w, https:\/\/perfectvenue.es\/wp-content\/uploads\/2020\/10\/playa_de_Gulpiyuri-600x392.jpg?v=1626103665 600w\" sizes=\"auto, (max-width: 700px) 100vw, 700px\" \/><figcaption id=\"caption-attachment-28039\" class=\"wp-caption-text\">Playa de Gulpiyuri<\/figcaption><\/figure>\n<h2 style=\"text-align: justify\">\u00bfQu\u00e9 tarjeta de regalo elijo seg\u00fan mi presupuesto?<\/h2>\n<p style=\"text-align: justify\"><span style=\"font-weight: 400\">Pues <\/span><b>dependiendo de tu presupuesto, tienes varias opciones entre las que elegir<\/b><span style=\"font-weight: 400\">, concretamente tres tarjetas de regalo:<\/span><\/p>\n<ul>\n<li><span style=\"font-weight: 400\">Hasta 250\u20ac<\/span><\/li>\n<li><span style=\"font-weight: 400\">De 250 a 600\u20ac<\/span><\/li>\n<li><span style=\"font-weight: 400\">M\u00e1s de 600\u20ac<\/span><\/li>\n<\/ul>\n<p style=\"text-align: justify\"><span style=\"font-weight: 400\">Como t\u00fa compras la tarjeta de regalo, <\/span><b>t\u00fa decides cu\u00e1nto te quieres gastar<\/b><span style=\"font-weight: 400\">, \u00a1este es <\/span><b>un regalo que pueden hacer todos los bolsillos<\/b><span style=\"font-weight: 400\">!<\/span><\/p>\n<p>&nbsp;<\/p>\n<p style=\"text-align: justify\"><span style=\"font-weight: 400\">\u00a1Seguro que ya tienes decidida la tarjeta regalo que entregar\u00e1s a cada persona en cada fecha especial para que puedan elegir la experiencia que m\u00e1s va con ellos.<\/span><\/p>\n<p style=\"text-align: justify\"><span style=\"font-weight: 400\">\u00bfEs tu novia la afortunada? Entonces tampoco puedes perderte estas <\/span><a href=\"https:\/\/perfectvenue.es\/2022\/09\/02\/what-is-a-nice-birthday-present-for-my-girlfriend-a-unique-experience-in-any-autonomous-community-in-spain\/\"><b>ideas de regalos para tu novia<\/b><\/a><span style=\"font-weight: 400\"> o <\/span><b>para mujeres seg\u00fan su edad.<\/b><\/p>\n<p style=\"text-align: justify\"><span style=\"font-weight: 400\">Recuerda vivir las <\/span><b>experiencias siempre de la mano de Perfect Venue<\/b><span style=\"font-weight: 400\">, solo acude aqu\u00ed y hazte con una de nuestras tarjetas, \u00a1nuestro equipo se encargar\u00e1 de aconsejarte sobre cuales son las mejores actividades!<\/span><\/p>\n<p style=\"text-align: justify\"><span style=\"font-weight: 400\">Sabes que acertar\u00e1s, y nosotros tambi\u00e9n.<\/span><\/p>\n<p><\/p>","protected":false},"excerpt":{"rendered":"<p style=\"text-align: justify\">La \u00faltima novedad en obsequios son las tarjetas regalo, por si no te da tiempo a elegir cu\u00e1l es la mejor experiencia para regalar a esa persona tan especial.<\/p>\n","protected":false},"featured_media":37710,"comment_status":"closed","ping_status":"closed","template":"","meta":[],"class_list":["post-38167","product","type-product","status-publish","has-post-thumbnail","hentry","product_cat-perfect-plan","product_tag-experience-gift-cards","product_tag-original-gift-ideas","product_tag-regalar-experiencas","product_tag-regalos-originales","product_tag-tarjeta-de-regalo","product_tag-travelling-gift-cards","product_tag-6036","product_tag-6035","product_tag-6034"],"_links":{"self":[{"href":"https:\/\/perfectvenue.es\/es\/wp-json\/wp\/v2\/product\/38167","targetHints":{"allow":["GET"]}}],"collection":[{"href":"https:\/\/perfectvenue.es\/es\/wp-json\/wp\/v2\/product"}],"about":[{"href":"https:\/\/perfectvenue.es\/es\/wp-json\/wp\/v2\/types\/product"}],"replies":[{"embeddable":true,"href":"https:\/\/perfectvenue.es\/es\/wp-json\/wp\/v2\/comments?post=38167"}],"wp:featuredmedia":[{"embeddable":true,"href":"https:\/\/perfectvenue.es\/es\/wp-json\/wp\/v2\/media\/37710"}],"wp:attachment":[{"href":"https:\/\/perfectvenue.es\/es\/wp-json\/wp\/v2\/media?parent=38167"}],"curies":[{"name":"wp","href":"https:\/\/api.w.org\/{rel}","templated":true}]}}