{"id":38124,"date":"2024-07-16T13:13:34","date_gmt":"2024-07-16T10:13:34","guid":{"rendered":"https:\/\/perfectvenue.es\/?post_type=product&#038;p=38124"},"modified":"2026-02-17T12:18:50","modified_gmt":"2026-02-17T09:18:50","slug":"your-birthday-on-board-and-in-style-this-is-how-to-celebrate-a-birthday-on-a-luxury-yacht","status":"publish","type":"product","link":"https:\/\/perfectvenue.es\/es\/product\/your-birthday-on-board-and-in-style-this-is-how-to-celebrate-a-birthday-on-a-luxury-yacht\/","title":{"rendered":"Tu cumplea\u00f1os a bordo y por todo lo alto: As\u00ed es como celebrar un cumplea\u00f1os en un yate de lujo"},"content":{"rendered":"<p><\/p>\n<p style=\"text-align: justify;\"><span style=\"font-weight: 400;\">Una de nuestras opciones favoritas a la hora de celebrar un cumplea\u00f1os por todo lo alto es <\/span><b>celebrar un cumplea\u00f1os en un yate de lujo<\/b><span style=\"font-weight: 400;\">. \u00a1Y es que es la mar de original y exclusivo!<\/span><\/p>\n<p style=\"text-align: justify;\"><span style=\"font-weight: 400;\">Lo mejor es que puedes celebrar tu cumplea\u00f1os por todo lo alto en un yate en numerosas partes del pa\u00eds. Como lo lees, <\/span><b>podemos organizar tu cumplea\u00f1os en un yate en cualquier parte de Espa\u00f1a con costa<\/b><span style=\"font-weight: 400;\">. \u00bfQu\u00e9 destino elegir\u00edas para navegar en tu gran d\u00eda?<\/span><\/p>\n<p style=\"text-align: justify;\"><span style=\"font-weight: 400;\">En tu cumplea\u00f1os a bordo podr\u00e1s disfrutar de una gastronom\u00eda exquisita, una tarta, un fot\u00f3grafo profesional, un DJ que anime a todos, un servicio ejemplar, diversos destinos, un alojamiento de primera clase y mucho m\u00e1s. \u00a1Y <\/span><b>nosotros lo organizamos todo por ti<\/b><span style=\"font-weight: 400;\">!<\/span><\/p>\n<p style=\"text-align: justify;\"><span style=\"font-weight: 400;\">As\u00ed que, si quieres celebrar el cumplea\u00f1os en un yate, pero no sabes c\u00f3mo planificarlo para que todo quede perfecto y a tiempo para la gran fecha\u2026 \u00a1que no cunda el p\u00e1nico!<\/span><\/p>\n<p style=\"text-align: justify;\"><span style=\"font-weight: 400;\">Sigue leyendo para conocerlo todo acerca de <\/span><b>este \u201cPerfect Plan\u201d que tenemos preparado para ti.<\/b><\/p>\n<h3 style=\"text-align: justify;\">Soplar las velas a bordo, el sue\u00f1o de cualquiera<\/h3>\n<p style=\"text-align: justify;\"><span style=\"font-weight: 400;\">Puedes <\/span><b>soplar las velas mientras disfrutas de unas incre\u00edbles vistas, mientras tomas fotos de pel\u00edcula, te das un ba\u00f1o en aguas cristalinas, bebes ricos cocteles y degustas platos gourmet, tomas el sol y bailas en la cubierta<\/b><span style=\"font-weight: 400;\">. \u00bfQui\u00e9n no iba a querer celebrar su d\u00eda de esta manera?<\/span><\/p>\n<p style=\"text-align: justify;\"><span style=\"font-weight: 400;\">Adem\u00e1s, momentos como el atardecer ofrecen una experiencia de lo m\u00e1s inolvidable, as\u00ed que si, no hay nada m\u00e1s exclusivo que alquilar un barco para celebrar un cumplea\u00f1os.<\/span><\/p>\n<p style=\"text-align: justify;\"><span style=\"font-weight: 400;\">\u00a1Y es de lo m\u00e1s divertido!<\/span><\/p>\n<h3 style=\"text-align: justify;\">Tu cumplea\u00f1os en un yate, en cualquier parte de Espa\u00f1a<\/h3>\n<p style=\"text-align: justify;\"><span style=\"font-weight: 400;\">Con m\u00e1s de 12.000 kil\u00f3metros de costa, Espa\u00f1a es uno de los pa\u00edses preferidos por los amantes del mar para alquilar un yate y disfrutar de una celebraci\u00f3n a bordo con todas las comodidades y lujos posibles.<\/span><\/p>\n<p style=\"text-align: justify;\"><span style=\"font-weight: 400;\">Destinos como <\/span><b>las Islas Baleares, las Islas Canarias, la Costa Brava, la Costa Blanca o la Costa del Sol son algunos de los destinos m\u00e1s demandados<\/b><span style=\"font-weight: 400;\"> para el alquiler de yates en este pa\u00eds.<\/span><\/p>\n<p style=\"text-align: justify;\"><span style=\"font-weight: 400;\">Canarias, por ejemplo, es un destino con el que siempre acertar\u00e1s ya que la temperatura es buen\u00edsima todo el a\u00f1o. Por ello, <\/span><b>no importa si tu cumple es en diciembre, en Canarias puedes cumplir a\u00f1os en bikini sobre un yate en cualquier mes<\/b><span style=\"font-weight: 400;\">.<\/span><\/p>\n<p style=\"text-align: justify;\"><span style=\"font-weight: 400;\">As\u00ed que s\u00ed, podemos organizar tu cumplea\u00f1os en un yate en el lugar que quieras: <\/span><b>Catalu\u00f1a, Baleares, Canarias, Valencia, Andaluc\u00eda\u2026 \u00a1hasta en el norte de Espa\u00f1a!<\/b><span style=\"font-weight: 400;\"> \u00bfCon qu\u00e9 destino te quedas?<\/span><\/p>\n<h3 style=\"text-align: justify;\">Alquilamos el yate por ti<\/h3>\n<p style=\"text-align: justify;\"><span style=\"font-weight: 400;\">Si dese\u00e1is celebrar tu cumple en un yate, <\/span><b>nosotros alquilamos por ti el que tu prefieras<\/b><span style=\"font-weight: 400;\">. \u00a1Nos encargamos de todo!<\/span><\/p>\n<p style=\"text-align: justify;\"><span style=\"font-weight: 400;\">T\u00fa solo tienes que elegir el lugar y las fechas en las que deseas navegar con tu yate y contarnos con qu\u00e9 tipo de yate sue\u00f1as, el n\u00famero de invitados que tendr\u00e1s, tu presupuesto, etc. y nosotros llevamos a cabo toda la organizaci\u00f3n para que tengas un cumplea\u00f1os por todo lo alto.<\/span><\/p>\n<p style=\"text-align: justify;\"><span style=\"font-weight: 400;\">Despu\u00e9s, solo tienes que decirnos qu\u00e9 elementos son imprescindibles para ti en tu d\u00eda y hacemos el resto tambi\u00e9n por ti.<\/span><\/p>\n<h3 style=\"text-align: justify;\">Decoramos tu embarcaci\u00f3n<\/h3>\n<p style=\"text-align: justify;\"><span style=\"font-weight: 400;\">Puedes tener tu yate perfectamente decorado para la ocasi\u00f3n, y es que no se cumplen a\u00f1os todos los d\u00edas.<\/span><\/p>\n<p style=\"text-align: justify;\"><span style=\"font-weight: 400;\">Como bien sabes, la decoraci\u00f3n es un a\u00f1adido que siempre ayuda a disfrutar del momento y a recordarlo para toda la vida, por eso no podemos dejar de un lado la decoraci\u00f3n en tu d\u00eda m\u00e1s especial del a\u00f1o.<\/span><\/p>\n<p style=\"text-align: justify;\"><span style=\"font-weight: 400;\">Para tu cumplea\u00f1os en un yate <\/span><b>contamos<\/b> <b>con una propuesta decorativa la mar de exclusiva<\/b><span style=\"font-weight: 400;\">, \u00a1lo tenemos todo pensado! <\/span><b>Guirnaldas, globos, iluminaci\u00f3n\u2026\u00a0\u00a0\u00a0<\/b><\/p>\n<p style=\"text-align: justify;\"><span style=\"font-weight: 400;\">Eso s\u00ed, luego <\/span><b>el cumplea\u00f1ero siempre puede personalizar la decoraci\u00f3n a su gusto<\/b><span style=\"font-weight: 400;\">: quitando, a\u00f1adiendo o cambiando lo que sea, porque lo m\u00e1s importante es que la decoraci\u00f3n est\u00e9 a gusto de cada persona.<\/span><\/p>\n<h3 style=\"text-align: justify;\">Navegando con un catering de rechupete<\/h3>\n<p style=\"text-align: justify;\"><span style=\"font-weight: 400;\">\u00bfC\u00f3mo nos \u00edbamos a olvidar del catering? Un cumplea\u00f1os no es un cumplea\u00f1os sin <\/span><b>ricos platos para degustar y bebidas sabrosas para refrescar<\/b><span style=\"font-weight: 400;\">.<\/span><\/p>\n<p style=\"text-align: justify;\"><span style=\"font-weight: 400;\">Por ello, pod\u00e9is contratar el servicio de catering para comer mientras naveg\u00e1is, \u00a1tenemos diferentes propuestas! Puede ser <\/span><b>algo m\u00e1s sencillo o m\u00e1s suculento con platos m\u00e1s elaborados.<\/b><\/p>\n<p style=\"text-align: justify;\"><span style=\"font-weight: 400;\">\u00a1T\u00fa eliges qu\u00e9 bocados llevarte a la boca en tu cumplea\u00f1os!<\/span><\/p>\n<h3 style=\"text-align: justify;\">Sue\u00f1o profundo en alta mar<\/h3>\n<p style=\"text-align: justify;\"><span style=\"font-weight: 400;\">Tras vivir tu d\u00eda m\u00e1s importante del a\u00f1o, es momento de retirarse a tu camarote y <\/span><b>dormir en una de las habitaciones de las que disponen muchos yates<\/b><span style=\"font-weight: 400;\"> y as\u00ed crear recuerdos que permanecer\u00e1n toda la vida en tu memoria.<\/span><\/p>\n<p style=\"text-align: justify;\"><span style=\"font-weight: 400;\">\u00a1<\/span><b>Dormir el d\u00eda de tu cumplea\u00f1os a bordo de un yate no tiene precio<\/b><span style=\"font-weight: 400;\">!<\/span><\/p>\n<h3 style=\"text-align: justify;\">M\u00fasica y dj para bailar a ritmo de las olas<\/h3>\n<p style=\"text-align: justify;\"><span style=\"font-weight: 400;\">Como ya sabes, la m\u00fasica nos acompa\u00f1a a lo largo de nuestra vida y est\u00e1 presente en los momentos m\u00e1s importantes, es por ello que un cumplea\u00f1os sin m\u00fasica no es del todo un cumplea\u00f1os. \u00a1Y es que bailando es como celebramos!<\/span><\/p>\n<p style=\"text-align: justify;\"><span style=\"font-weight: 400;\">Adem\u00e1s, a todos nos gusta cantar, y m\u00e1s cuando llevamos una copa en la mano y estamos en plena celebraci\u00f3n de la vida.<\/span><\/p>\n<p style=\"text-align: justify;\"><span style=\"font-weight: 400;\">Por eso, <\/span><b>puedes contratar el servicio de un DJ para animar la fiesta en el yate y que los m\u00e1s cantarines y bailarines se diviertan sin parar<\/b><span style=\"font-weight: 400;\">. \u00a1Las risas y la diversi\u00f3n est\u00e1 asegurada!<\/span><\/p>\n<h3 style=\"text-align: justify;\">Un trozo de tarta a bordo<\/h3>\n<p style=\"text-align: justify;\"><span style=\"font-weight: 400;\">Una tarta tambi\u00e9n es s\u00faper importante en cualquier fiesta, y lo mejor es que <\/span><b>conocemos las mejores pasteler\u00edas y reposteros del pa\u00eds<\/b><span style=\"font-weight: 400;\"> para que celebres donde celebres tu cumplea\u00f1os, nadie se quede sin un trozo de tarta.<\/span><\/p>\n<p style=\"text-align: justify;\"><span style=\"font-weight: 400;\">Si lo deseas, <\/span><b>podemos conseguir por ti una tarta adaptada a tus gustos<\/b><span style=\"font-weight: 400;\">, con fondant, chocolates, nata\u2026 y, sobretodo, con velas. \u00a1Para que pidas un deseo!<\/span><\/p>\n<h3 style=\"text-align: justify;\">Fot\u00f3grafo y video para rememorar tu d\u00eda<\/h3>\n<p style=\"text-align: justify;\"><span style=\"font-weight: 400;\">Para recordar los momentos vividos en tu cumplea\u00f1os, <\/span><b>nada como una sesi\u00f3n de fotos a bordo del yate:<\/b><span style=\"font-weight: 400;\"> brindando, d\u00e1ndote un chapuz\u00f3n, tomando el sol, soplando las velas\u2026 \u00bfy qu\u00e9 tal una <\/span><b>fotograf\u00eda a vista de p\u00e1jaro mientras todos bail\u00e1is en la cubierta<\/b><span style=\"font-weight: 400;\">?<\/span><\/p>\n<p style=\"text-align: justify;\"><span style=\"font-weight: 400;\">Por eso, podr\u00e1s disponer de <\/span><b>una fot\u00f3grafa y de un vide\u00f3grafo profesional<\/b><span style=\"font-weight: 400;\"> para luego poder rememorar una y otra vez tu celebraci\u00f3n por todo lo alto.<\/span><\/p>\n<h3 style=\"text-align: justify;\">Los precios, a consultar<\/h3>\n<p style=\"text-align: justify;\"><b>El precio de<\/b> <b>celebrar tu cumplea\u00f1os en un yate por todo lo alto siempre depender\u00e1 de diferentes factores<\/b><span style=\"font-weight: 400;\"> como, por ejemplo, el n\u00famero de invitados que asistan a tu celebraci\u00f3n, la fecha en la que lleves a cabo tu evento y los elementos con los que exactamente necesit\u00e9is contar: comida, DJ, tarta\u2026<\/span><\/p>\n<p style=\"text-align: justify;\"><span style=\"font-weight: 400;\">\u00a0<\/span><\/p>\n<p style=\"text-align: justify;\"><span style=\"font-weight: 400;\">Ya sabes, no lo dudes y \u2026 <\/span><b>\u00a1Celebra tu cumplea\u00f1os por todo lo alto! Estas son las 11 opciones m\u00e1s lujosas para cumplir a\u00f1os.<\/b><\/p>\n<p style=\"text-align: justify;\"><span style=\"font-weight: 400;\">Recuerda que organizar una fiesta de cumplea\u00f1os m\u00edtica requiere de planeaci\u00f3n y bastante tiempo de anticipaci\u00f3n. Por ello, cont\u00e1ctanos en <\/span><b>Perfect Plan<\/b> <b>para tener el cumplea\u00f1os m\u00e1s \u00fanico y exclusivo de todo tu c\u00edrculo social.<\/b><\/p>\n<p><\/p>","protected":false},"excerpt":{"rendered":"<p style=\"text-align: justify;\"><span style=\"font-weight: 400;\">Tu cumplea\u00f1os a bordo y por todo lo alto: As\u00ed es como celebrar un cumplea\u00f1os en un yate de lujo.<\/span><\/p>\n","protected":false},"featured_media":47053,"comment_status":"closed","ping_status":"closed","template":"","meta":[],"class_list":["post-38124","product","type-product","status-publish","has-post-thumbnail","hentry","product_cat-luxury-birthday-planning","product_cat-perfect-plan","product_tag-birthday-on-yacht","product_tag-cumpleanos-en-yate","product_tag-luxury-yacht-spain","product_tag-yate-de-lujo","product_tag-6001","product_tag-6002"],"_links":{"self":[{"href":"https:\/\/perfectvenue.es\/es\/wp-json\/wp\/v2\/product\/38124","targetHints":{"allow":["GET"]}}],"collection":[{"href":"https:\/\/perfectvenue.es\/es\/wp-json\/wp\/v2\/product"}],"about":[{"href":"https:\/\/perfectvenue.es\/es\/wp-json\/wp\/v2\/types\/product"}],"replies":[{"embeddable":true,"href":"https:\/\/perfectvenue.es\/es\/wp-json\/wp\/v2\/comments?post=38124"}],"wp:featuredmedia":[{"embeddable":true,"href":"https:\/\/perfectvenue.es\/es\/wp-json\/wp\/v2\/media\/47053"}],"wp:attachment":[{"href":"https:\/\/perfectvenue.es\/es\/wp-json\/wp\/v2\/media?parent=38124"}],"curies":[{"name":"wp","href":"https:\/\/api.w.org\/{rel}","templated":true}]}}