{"id":37914,"date":"2026-03-10T10:01:24","date_gmt":"2026-03-10T07:01:24","guid":{"rendered":"http:\/\/perfectvenue.es\/?post_type=product&#038;p=37914"},"modified":"2026-03-10T12:34:17","modified_gmt":"2026-03-10T09:34:17","slug":"pedida-mano-en-mallorca-hotel","status":"publish","type":"product","link":"https:\/\/perfectvenue.es\/es\/product\/pedida-mano-en-mallorca-hotel\/","title":{"rendered":"Pedida de mano en Mallorca en el hotel Hospes Maricel"},"content":{"rendered":"<p><\/p>\n<p style=\"text-align: justify;\"><span style=\"font-weight: 400;\">Entre las mejores ideas para pedir matrimonio, una comida destaca entre las m\u00e1s elegidas, ya que puede ser una propuesta \u00edntima, casual o apote\u00f3sica, seg\u00fan el tono que quieras darle a ese momento. Para una pedida de mano en Mallorca, no puedes dejar de considerar una cena privada con vistas al mar y un servicio de atenci\u00f3n personalizada en el Hotel Hospes Maricel &amp; Spa, uno de nuestros favoritos de Mallorca.<\/span><\/p>\n<p style=\"text-align: justify;\"><span style=\"font-weight: 400;\">Os proponemos una exclusiva e \u00edntima experiencia gastron\u00f3mica en Mallorca. Una mesa \u00fanica para vosotros frente al mar Mediterr\u00e1neo donde disfrutar de suculentos manjares. El restaurante est\u00e1 en el ic\u00f3nico hotel Hospes Maricel &amp; Spa. Con aperitivos de chef y champ\u00e1n, cada detalle est\u00e1 pensado para hacer de vuestra pedida de mano en Mallorca un momento inolvidable.<\/span><\/p>\n<p style=\"text-align: justify;\"><span style=\"font-weight: 400;\">La pedida de mano en Mallorca en este entorno combina lujo, privacidad y belleza natural, creando el escenario perfecto para hacer la gran pregunta. No hay mejor manera de celebrar este momento tan especial que en uno de los lugares m\u00e1s encantadores de la isla.<\/span><\/p>\n<h3 style=\"text-align: justify;\"><span style=\"font-weight: 400;\">Lo que incluye tu pedida de mano en Mallorca:<\/span><\/h3>\n<ul style=\"text-align: justify;\">\n<li><b><span style=\"font-weight: 400;\">Aperitivo del Chef<\/span><\/b><\/li>\n<li><span style=\"font-weight: 400;\">Copa De Champagne<\/span><\/li>\n<li><span style=\"font-weight: 400;\">Sashimi de Gallo San Pedro con ensalada de wakame \/ Hnos. Lurton Savignon Blanc \u2013 D.O. Rueda<\/span><\/li>\n<li><span style=\"font-weight: 400;\">Bogavante con salsa bearnesa y esp\u00e1rragos verde \/ Chablis Cuv\u00e9e la Sereine 2012 \u2013 A.O.P Chablis<\/span><\/li>\n<li><span style=\"font-weight: 400;\">Chate\u00e2u briand con trufa y jugo de oporto Dominio de Atauta. Tinta Fina \u2013 D.O. Ribera del Duero<\/span><\/li>\n<li><span style=\"font-weight: 400;\">Peque\u00f1a reposter\u00eda balear<\/span><\/li>\n<li><span style=\"font-weight: 400;\">Organizaci\u00f3n<\/span><\/li>\n<li><span style=\"font-weight: 400;\">Fot\u00f3grafo<\/span><\/li>\n<li><span style=\"font-weight: 400;\">Decoraci\u00f3n con p\u00e9talos de rosas<\/span><\/li>\n<\/ul>\n<p style=\"text-align: justify;\"><span style=\"font-weight: 400;\"><strong>Precio: desde 1.020 \u20ac + IVA<\/strong><\/span><\/p>\n<h3 style=\"text-align: justify;\"><span style=\"font-weight: 400;\">Se puede a\u00f1adir:<\/span><\/h3>\n<ul style=\"text-align: justify;\">\n<li>Cena privada con vista al mar y un<br \/>\nservidor personal \u00abLa Cena del Capit\u00e1n\u00bb (desde 525\u20ac)<\/li>\n<li>V\u00eddeo (desde 290\u20ac)<\/li>\n<li>Ramo de flores (desde 60\u20ac)<\/li>\n<li>M\u00fasica en directo (desde 250\u20ac)<\/li>\n<li>Decoraci\u00f3n extra (desde 200\u20ac)<\/li>\n<li style=\"font-weight: 400;\"><span style=\"font-weight: 400;\">\u00a1Configuralo como t\u00fa quieras!<\/span><\/li>\n<\/ul>\n<h3 style=\"text-align: justify;\"><span style=\"font-weight: 400;\">M\u00e9todo de pago<\/span><\/h3>\n<p style=\"text-align: justify;\"><span style=\"font-weight: 400;\">En este caso, para garantizar que tu pedida de mano en Mallorca sea una experiencia perfecta e inolvidable, se requiere el pago \u00edntegro por adelantado. Esta medida asegura que todos los preparativos y detalles est\u00e9n completamente cubiertos y organizados sin contratiempos, permiti\u00e9ndote centrarte en lo que realmente importa: ese momento m\u00e1gico.<\/span><\/p>\n<p style=\"text-align: justify;\"><span style=\"font-weight: 400;\">*Las tarifas no son reembolsables si el evento se cancela por cualquier motivo.<\/span><\/p>\n<p><\/p>","protected":false},"excerpt":{"rendered":"<p style=\"text-align: justify;\"><span style=\"font-weight: 400;\">Para una pedida de mano en Mallorca, una cena privada con vistas al mar en el Hotel Hospes Maricel &amp; Spa ofrece una experiencia \u00edntima y lujosa, ideal para un momento inolvidable. <strong>Precio: desde 1.020 \u20ac + IVA. Se requiere pago por adelantado.<\/strong><\/span><\/p>\n","protected":false},"featured_media":37915,"comment_status":"closed","ping_status":"closed","template":"","meta":[],"class_list":["post-37914","product","type-product","status-publish","has-post-thumbnail","hentry","product_cat-marriage-proposal-packages","product_tag-pedida-de-mano-en-una-cena-romantica-frente-al-mar","product_tag-romantic-dinner-proposal-in-front-of-the-sea"],"_links":{"self":[{"href":"https:\/\/perfectvenue.es\/es\/wp-json\/wp\/v2\/product\/37914","targetHints":{"allow":["GET"]}}],"collection":[{"href":"https:\/\/perfectvenue.es\/es\/wp-json\/wp\/v2\/product"}],"about":[{"href":"https:\/\/perfectvenue.es\/es\/wp-json\/wp\/v2\/types\/product"}],"replies":[{"embeddable":true,"href":"https:\/\/perfectvenue.es\/es\/wp-json\/wp\/v2\/comments?post=37914"}],"wp:featuredmedia":[{"embeddable":true,"href":"https:\/\/perfectvenue.es\/es\/wp-json\/wp\/v2\/media\/37915"}],"wp:attachment":[{"href":"https:\/\/perfectvenue.es\/es\/wp-json\/wp\/v2\/media?parent=37914"}],"curies":[{"name":"wp","href":"https:\/\/api.w.org\/{rel}","templated":true}]}}