{"id":36691,"date":"2024-08-16T19:31:37","date_gmt":"2024-08-16T16:31:37","guid":{"rendered":"https:\/\/perfectvenue.es\/?post_type=product&#038;p=36691"},"modified":"2024-11-21T18:33:58","modified_gmt":"2024-11-21T15:33:58","slug":"pedida-mano-yate-mallorca","status":"publish","type":"product","link":"https:\/\/perfectvenue.es\/es\/product\/pedida-mano-yate-mallorca\/","title":{"rendered":"Pedida de mano en un yate en Mallorca"},"content":{"rendered":"<p><\/p>\n<p style=\"text-align: justify;\"><span style=\"font-weight: 400;\">Si lo tuyo es el agua, pero no un simple barco, puedes ir m\u00e1s all\u00e1 y <\/span><b>montarte junto a tu pareja a bordo de un yate por las aguas turquesas de Mallorca mientras disfrut\u00e1is de una excelente m\u00fasica y una copa de vino<\/b><span style=\"font-weight: 400;\">, \u00a1es el mejor momento para formular la gran pregunta!<\/span><\/p>\n<p style=\"text-align: justify;\"><span style=\"font-weight: 400;\">Adem\u00e1s, puedes contar con servicios adicionales como m\u00fasica en directo a bordo, comida deliciosa y una decoraci\u00f3n de lo m\u00e1s rom\u00e1ntica.<\/span><\/p>\n<p style=\"text-align: justify;\"><span style=\"font-weight: 400;\">\u00a1Nadie puede decir que no!<\/span><\/p>\n<h3>Pack Pedida de mano en un yate en Mallorca incluye:<\/h3>\n<ul>\n<li>Alquiler yate<\/li>\n<li>Organizacion<\/li>\n<li>Fot\u00f3grafo<\/li>\n<li><span style=\"color: inherit; font-family: inherit;\">Decoraci\u00f3n con petalos de rosas<\/span><\/li>\n<\/ul>\n<p style=\"text-align: justify;\"><b>Precio: 2.350\u20ac<\/b><\/p>\n<h3>Se puede a\u00f1adir:<\/h3>\n<ul>\n<li>Ramo de flores. Precio a consultar<\/li>\n<li style=\"text-align: justify;\"><span style=\"color: inherit; font-family: inherit;\">M\u00fasica en directo (guitarra o viol\u00edn). Precio a consultar<\/span><\/li>\n<li style=\"text-align: justify;\"><span style=\"color: inherit; font-family: inherit;\">Video. Precio a consultar<\/span><\/li>\n<li style=\"text-align: justify;\"><span style=\"color: inherit; font-family: inherit;\">Picnic (fruta, cava y decoraci\u00f3n). Precio a consultar<\/span><\/li>\n<\/ul>\n<p style=\"text-align: justify;\"><span style=\"font-weight: 400; color: inherit; font-family: inherit;\">\u00a1Configuralo como t\u00fa quieras!<\/span><\/p>\n<h3 style=\"text-align: justify;\">Facilidad de pago<\/h3>\n<p style=\"text-align: justify;\"><span style=\"font-weight: 400;\">\u00a1S\u00ed! Y es que no es necesario pagar \u00edntegramente el importe de la experiencia. Simplemente es necesario <\/span><b>reservar con 550\u20ac de la cuant\u00eda<\/b><span style=\"font-weight: 400;\"> y el resto darla en el d\u00eda del evento.<\/span><\/p>\n<p style=\"text-align: justify;\"><span style=\"font-weight: 400;\">\u00a1Comodidad para ti!<\/span><\/p>\n<p>*El deposito no se devuelve si se cancela el evento.<\/p>","protected":false},"excerpt":{"rendered":"<p><span style=\"font-weight: 400;\">Por eso, si vais a venir de vacaciones a Espa\u00f1a, aprovecha el magn\u00edfico viaje para pedir la mano a tu pareja.<\/span><\/p>\n","protected":false},"featured_media":36692,"comment_status":"closed","ping_status":"closed","template":"","meta":[],"class_list":["post-36691","product","type-product","status-publish","has-post-thumbnail","hentry","product_cat-perfect-plan","product_tag-pedida-de-mano-en-un-yate-en-mallorca"],"_links":{"self":[{"href":"https:\/\/perfectvenue.es\/es\/wp-json\/wp\/v2\/product\/36691","targetHints":{"allow":["GET"]}}],"collection":[{"href":"https:\/\/perfectvenue.es\/es\/wp-json\/wp\/v2\/product"}],"about":[{"href":"https:\/\/perfectvenue.es\/es\/wp-json\/wp\/v2\/types\/product"}],"replies":[{"embeddable":true,"href":"https:\/\/perfectvenue.es\/es\/wp-json\/wp\/v2\/comments?post=36691"}],"wp:featuredmedia":[{"embeddable":true,"href":"https:\/\/perfectvenue.es\/es\/wp-json\/wp\/v2\/media\/36692"}],"wp:attachment":[{"href":"https:\/\/perfectvenue.es\/es\/wp-json\/wp\/v2\/media?parent=36691"}],"curies":[{"name":"wp","href":"https:\/\/api.w.org\/{rel}","templated":true}]}}