{"id":36689,"date":"2022-08-16T18:49:15","date_gmt":"2022-08-16T15:49:15","guid":{"rendered":"http:\/\/perfectvenue.es\/?post_type=product&#038;p=36689"},"modified":"2024-08-20T13:19:51","modified_gmt":"2024-08-20T10:19:51","slug":"pedida-de-mano-en-mallorca","status":"publish","type":"product","link":"https:\/\/perfectvenue.es\/es\/product\/pedida-de-mano-en-mallorca\/","title":{"rendered":"Pedida de mano en Mallorca en la playa y a orillas del mar"},"content":{"rendered":"<p><\/p>\n<p style=\"text-align: justify;\"><span style=\"font-weight: 400;\">Una pedida de mano en Mallorca es una experiencia m\u00e1gica. Mallorca, con sus impresionantes playas, es el escenario perfecto para este momento tan especial. Las Islas Baleares son famosas por sus playas, y Mallorca destaca como el lugar ideal para una pedida de mano. Imag\u00ednate pidi\u00e9ndole que se case contigo entre p\u00e9talos de rosa y flores, con un fot\u00f3grafo que capture cada instante.<\/span><\/p>\n<p style=\"text-align: justify;\"><span style=\"font-weight: 400;\">Las playas de Mallorca ofrecen infinitas posibilidades para una pedida de mano. El sol, la arena, el mar, el buen tiempo y el atardecer hacen de Mallorca el lugar perfecto para hacerle a tu persona favorita la pregunta que cambiar\u00e1 vuestras vidas.<\/span><\/p>\n<p style=\"text-align: justify;\"><span style=\"font-weight: 400;\">Si la pedida de mano en Mallorca es en verano, te recomendamos realizarla muy temprano por la ma\u00f1ana o al atardecer, cuando el sol se est\u00e1 poniendo. Estos momentos del d\u00eda son ideales para evitar el calor y disfrutar del ambiente sereno de la isla.<\/span><\/p>\n<p style=\"text-align: justify;\"><span style=\"font-weight: 400;\">Recuerda que solo es posible contratar esta experiencia de octubre a mayo. La pedida de mano en Mallorca en una de sus playas ser\u00e1 un recuerdo imborrable, lleno de romance y belleza, en uno de los lugares m\u00e1s aclamados de Espa\u00f1a.<\/span><\/p>\n<h3 style=\"text-align: justify;\"><span style=\"font-weight: 400;\">Lo que incluye tu pedida de mano en Mallorca:<\/span><\/h3>\n<ul style=\"text-align: justify;\">\n<li><b><span style=\"font-weight: 400;\">Organizaci\u00f3n y planificaci\u00f3n de la pedida de mano<\/span><\/b><\/li>\n<li><span style=\"font-weight: 400;\">Fot\u00f3grafo<\/span><\/li>\n<li><span style=\"font-weight: 400;\">Decoraci\u00f3n con p\u00e9talos de rosa<\/span><\/li>\n<\/ul>\n<p style=\"text-align: justify;\"><b>Precio: 450\u20ac<\/b><\/p>\n<h3 style=\"text-align: justify;\">Se puede a\u00f1adir:<\/h3>\n<ul style=\"text-align: justify;\">\n<li style=\"font-weight: 400;\"><span style=\"font-weight: 400;\">Ramo de flores. Precio a consultar<\/span><\/li>\n<li>Grandes letras Marry Me<\/li>\n<li style=\"font-weight: 400;\"><span style=\"font-weight: 400;\">M\u00fasica en directo (guitarra o viol\u00edn). Precio a consultar<\/span><\/li>\n<li style=\"font-weight: 400;\"><span style=\"font-weight: 400;\">Video. Precio a consultar<\/span><\/li>\n<li style=\"font-weight: 400;\"><span style=\"font-weight: 400;\">Picnic (fruta, cava y decoraci\u00f3n). Precio a consultar<\/span><\/li>\n<li style=\"font-weight: 400;\"><span style=\"font-weight: 400;\">\u00a1Configuralo como t\u00fa quieras!<\/span><\/li>\n<\/ul>\n<h3 style=\"text-align: justify;\">Facilidad de pago<\/h3>\n<p style=\"text-align: justify;\"><span style=\"font-weight: 400;\">\u00a1S\u00ed! Y es que no es necesario pagar \u00edntegramente el importe de la experiencia. Simplemente es necesario reservar con un adelanto 200<\/span><b>\u20ac<\/b><span style=\"font-weight: 400;\"> y el resto darla en el d\u00eda del evento.<\/span><\/p>\n<p style=\"text-align: justify;\"><span style=\"font-weight: 400;\">\u00a1Comodidad para ti!<\/span><\/p>\n<p style=\"text-align: justify;\"><span style=\"font-weight: 400;\">*Las tarifas no son reembolsables si el evento se cancela por cualquier motivo.<\/span><\/p>\n<p><\/p>","protected":false},"excerpt":{"rendered":"<p><span style=\"font-weight: 400;\">La pedida de mano en Mallorca es una experiencia m\u00e1gica y rom\u00e1ntica, ideal en sus hermosas playas al amanecer o al atardecer, rodeados de flores y capturada por un fot\u00f3grafo. <strong>Precio: 450\u20ac. Para reservar es necesario hacer un adelanto de 200\u20ac.<\/strong><\/span><\/p>\n","protected":false},"featured_media":32207,"comment_status":"closed","ping_status":"closed","template":"","meta":[],"class_list":["post-36689","product","type-product","status-publish","has-post-thumbnail","hentry","product_cat-marriage-proposal-packages","product_tag-pedida-de-mano-playa-de-mallorca"],"jetpack_sharing_enabled":true,"_links":{"self":[{"href":"https:\/\/perfectvenue.es\/es\/wp-json\/wp\/v2\/product\/36689","targetHints":{"allow":["GET"]}}],"collection":[{"href":"https:\/\/perfectvenue.es\/es\/wp-json\/wp\/v2\/product"}],"about":[{"href":"https:\/\/perfectvenue.es\/es\/wp-json\/wp\/v2\/types\/product"}],"replies":[{"embeddable":true,"href":"https:\/\/perfectvenue.es\/es\/wp-json\/wp\/v2\/comments?post=36689"}],"wp:featuredmedia":[{"embeddable":true,"href":"https:\/\/perfectvenue.es\/es\/wp-json\/wp\/v2\/media\/32207"}],"wp:attachment":[{"href":"https:\/\/perfectvenue.es\/es\/wp-json\/wp\/v2\/media?parent=36689"}],"curies":[{"name":"wp","href":"https:\/\/api.w.org\/{rel}","templated":true}]}}