{"id":36371,"date":"2026-02-16T12:10:21","date_gmt":"2026-02-16T09:10:21","guid":{"rendered":"https:\/\/perfectvenue.es\/?post_type=product&#038;p=36371"},"modified":"2026-02-16T14:08:51","modified_gmt":"2026-02-16T11:08:51","slug":"unforgettable-marriage-proposal-experience-in-mallorca","status":"publish","type":"product","link":"https:\/\/perfectvenue.es\/es\/product\/unforgettable-marriage-proposal-experience-in-mallorca\/","title":{"rendered":"La inolvidable experiencia de vivir una pedida de mano en Mallorca"},"content":{"rendered":"<p><\/p>\n<p style=\"text-align: justify;\"><span style=\"font-weight: 400;\">Las pedidas de mano son de nuestras organizaciones favoritas, y m\u00e1s si se trata de una <\/span><b>pedida de mano en Mallorca<\/b><span style=\"font-weight: 400;\">, y es que nuestro objetivo es el de hacer realidad los sue\u00f1os de todas las parejas y que la novia se emocione de felicidad al ver a su chico arrodillarse.<\/span><\/p>\n<p style=\"text-align: justify;\"><span style=\"font-weight: 400;\">Por eso, si vais a venir de vacaciones a Espa\u00f1a, aprovecha el magn\u00edfico viaje para pedir la mano a tu pareja en <\/span><b>uno de los sitios preferidos por los novios para llevar a cabo la pedida de mano<\/b><span style=\"font-weight: 400;\">. Ya sea por sus aguas, su clima o su luz, Mallorca consigue desprender romanticismo por cada rinc\u00f3n.<\/span><\/p>\n<p style=\"text-align: justify;\"><span style=\"font-weight: 400;\">En este art\u00edculo te contamos todo acerca de este Perfect Plan para que teng\u00e1is una pedida de mano para recordar toda la vida, \u00a1tan sencillo solo <\/span><b>reservar con un solo clic<\/b><span style=\"font-weight: 400;\">!<\/span><\/p>\n<p style=\"text-align: justify;\"><span style=\"font-weight: 400;\">\u00a1Sigue leyendo para saber todo lo incluido en vuestra <\/span><b>pedida de mano en Mallorca<\/b><span style=\"font-weight: 400;\">!<\/span><\/p>\n<h3 style=\"text-align: justify;\"><a href=\"https:\/\/perfectvenue.es\/es\/product\/pack-pedida-mano-la-playa-mallorca\/\">Pedida de mano en la playa de Mallorca<\/a><\/h3>\n<p style=\"text-align: justify;\">Las playas de Mallorca son un lugar ideal para pedir matrimonio. All\u00ed podr\u00e1s hacer la gran pregunta en la arena durante una cena rom\u00e1ntica a la luz de las velas al atardecer, con m\u00fasica en vivo, entre p\u00e9talos de rosa\u2026<\/p>\n<p style=\"text-align: justify;\">Sol, arena, mar, buen tiempo y brillantes puestas de sol hacen de Mallorca el lugar ideal para preguntarle a tu pareja la pregunta que cambiar\u00e1 sus vidas.<\/p>\n<p style=\"text-align: justify;\">Si planeas pedir matrimonio en verano, te recomendamos que lo hagas muy temprano por la ma\u00f1ana o al atardecer, cuando hace menos calor en la zona.<\/p>\n<h3 style=\"text-align: justify;\"><a href=\"https:\/\/perfectvenue.es\/es\/product\/pack-pedida-mano-mallorca-picnic-vistas-al-mar\/\">Pedida de mano en Mallorca con picnic y vistas al mar<\/a><\/h3>\n<p style=\"text-align: justify;\">Si decides pedir matrimonio durante un picnic, aseg\u00farate de hacerlo lejos de lugares concurridos y ruidosos. As\u00ed tendr\u00e1s el ambiente ideal para este gran momento. Por eso, te recomendamos pedir la mano de tu pareja en una de las calas menos populares de Mallorca.<\/p>\n<p style=\"text-align: justify;\">Puedes elegir entre s\u00e1ndwiches con una amplia variedad de ingredientes, as\u00ed como uvas, fresas o chocolate, pero hay algo que no puede faltar esta noche: una botella de vino o champ\u00e1n para acompa\u00f1ar este gran momento con su cava. \u00bfQui\u00e9n puede resistirse?<\/p>\n<h3 style=\"text-align: justify;\"><a href=\"https:\/\/perfectvenue.es\/es\/product\/pedida-mano-yate-mallorca\/\">Pedida de mano en un yate en Mallorca<\/a><\/h3>\n<p style=\"text-align: justify;\">Si te apasiona el agua, pero no puedes simplemente ir en barco, puedes ir un paso m\u00e1s all\u00e1 y llevar a tu pareja a bordo de un yate en las aguas turquesas de Mallorca mientras disfrutas de buena m\u00fasica y vino: \u00a1el mejor momento para hacer tu gran pregunta!<\/p>\n<p style=\"text-align: justify;\">Tambi\u00e9n puedes contar con servicios adicionales como m\u00fasica en vivo a bordo, comida deliciosa y una decoraci\u00f3n rom\u00e1ntica.<\/p>\n<p style=\"text-align: justify;\">\u00a1Nadie puede decir que no!<\/p>\n<h3 style=\"text-align: justify;\">Pedida de mano en Mallorca con paseo en burro incluido<\/h3>\n<p style=\"text-align: justify;\"><span style=\"font-weight: 400;\">Seguro que nunca te hab\u00edas imaginado pedir la mano a lomos de un burro, \u00a1pues ahora tienes la oportunidad de hacerlo en Mallorca!<\/span><\/p>\n<p style=\"text-align: justify;\"><span style=\"font-weight: 400;\">La pareja ir\u00e9is mediante un paseo en burro a una casa de campo donde les estar\u00e1 esperando un <\/span><b>almuerzo campestre t\u00edpico mallorqu\u00edn y, por supuesto, una botella de Perrier-Jou\u00ebt Grand Champ\u00e1n Bruto.<\/b><\/p>\n<p style=\"text-align: justify;\"><b>La caba\u00f1a ofrece unas vistas espectaculare<\/b><span style=\"font-weight: 400;\">s para que puedas recibir el \u201cs\u00ed quiero\u201d en un entorno inigualable como son los paisajes de Mallorca.<\/span><\/p>\n<p style=\"text-align: justify;\"><span style=\"font-weight: 400;\">\u00a1Nos encanta esta pedida de mano tan original!<\/span><\/p>\n<h3 style=\"text-align: justify;\">Una pedida de mano en Mallorca en el Hotel Hospes Maricel<\/h3>\n<p style=\"text-align: justify;\"><span style=\"font-weight: 400;\">Un momento m\u00e1gico para no olvidar tampoco es una pedida de mano en el Hotel Hospes Maricel, en Palma, despu\u00e9s de <\/span><b>disfrutar del balneario y degustar una cena privada con vistas al mar y un mayordomo a vuestro servicio.<\/b><\/p>\n<p style=\"text-align: justify;\"><span style=\"font-weight: 400;\">Podr\u00e9is disfrutar de aperitivos del chef, copas de champ\u00e1n, vinos Denominaci\u00f3n de Origen, langostas, postres mallorquines\u2026<\/span><\/p>\n<p style=\"text-align: justify;\"><span style=\"font-weight: 400;\">\u00a1Una experiencia de lo m\u00e1s lujosa y exclusiva!<\/span><\/p>\n<h3 style=\"text-align: justify;\">Una pedida de mano en Mallorca en el Hotel Belmond<\/h3>\n<p style=\"text-align: justify;\"><span style=\"font-weight: 400;\">En un m\u00e1gico mirador ubicado en este hotel en De\u00eda, disfrutar\u00e9is de una cena en un espacio \u00edntimo y exclusivo con una <\/span><b>mesa decorada para dos con velas y arreglos florales<\/b><span style=\"font-weight: 400;\">.<\/span><\/p>\n<p style=\"text-align: justify;\"><span style=\"font-weight: 400;\">Degustar\u00e9is un rico aperitivo compuesto por Champagne Perrier-Jou\u00ebt Grand Brut y canap\u00e9s y de un men\u00fa de 4 platos cocinado por nuestro chef en vivo. Todo acompa\u00f1ado de maridaje de vino blanco, vino tinto y dulce, seleccionado por el Sumiller.<\/span><\/p>\n<p style=\"text-align: justify;\"><span style=\"font-weight: 400;\">Adem\u00e1s, tendr\u00e9is a un <\/span><b>guitarrista tocando durante la cena o, si lo prefer\u00eds, a un pianista<\/b><span style=\"font-weight: 400;\">.<\/span><\/p>\n<h3 style=\"text-align: justify;\">La decoraci\u00f3n, presente en la escena<\/h3>\n<p style=\"text-align: justify;\"><span style=\"font-weight: 400;\">La decoraci\u00f3n es un a\u00f1adido que siempre ayuda a disfrutar del momento y a recordarlo para toda la vida, por eso no podemos dejar de un lado el romanticismo y usar elementos decorativos como <\/span><b>p\u00e9talos de rosa para formar un coraz\u00f3n, globos rojos, cojines y mantas de picnic, jarrones con flores, letras en gigante, pizarras, cuadros<\/b><span style=\"font-weight: 400;\">&#8230; \u00a1y hasta puedes proponer tu propia decoraci\u00f3n!<\/span><\/p>\n<p style=\"text-align: justify;\"><span style=\"font-weight: 400;\">S\u00ed, si tu chica es una entusiasta del teatro, el circo, la pintura, la escultura o el baile, nos encargamos de decorar todo acorde a sus pasiones. \u00a1M\u00e1s memorable a\u00fan!<\/span><\/p>\n<p style=\"text-align: justify;\"><span style=\"font-weight: 400;\">\u00bfY qu\u00e9 tal <\/span><b>un picnic que forme parte de la decoraci\u00f3n<\/b><span style=\"font-weight: 400;\">? \u00a1S\u00ed! Adem\u00e1s de quedar como un detalle la mar de bonito luego podr\u00e9is aprovechar para <\/span><b>llenar<\/b> <b>vuestros est\u00f3magos con fruta, dulces y cava.\u00a0\u00a0<\/b><\/p>\n<h3 style=\"text-align: justify;\">Un detalle floral para la novia<\/h3>\n<p style=\"text-align: justify;\"><b>Regalar un ramo de flores a la novia aporta al momento mucho m\u00e1s romanticismo y magia<\/b><span style=\"font-weight: 400;\">, por eso nosotros nos encargamos de conseguir las flores m\u00e1s frescas para que se lo regales a la novia durante vuestra <\/span><b>pedida de mano en Mallorca<\/b><span style=\"font-weight: 400;\">.<\/span><\/p>\n<p style=\"text-align: justify;\"><span style=\"font-weight: 400;\">Configuraremos un ramo repleto de margaritas, rosas, lavanda, hojas de eucalipto, girasoles, lirios, tulipanes\u2026 \u00a1todo lo que imagines! Pero, si son las favoritas de la novia mejor que mejor.<\/span><\/p>\n<h3 style=\"text-align: justify;\">M\u00fasica, para avivar las emociones<\/h3>\n<p style=\"text-align: justify;\"><span style=\"font-weight: 400;\">\u00bfQu\u00e9 es un momento especial sin m\u00fasica? \u00a1Nada! Por eso, el viol\u00edn, la guitarra o el instrumento que m\u00e1s os guste a vosotros estar\u00e1 <\/span><b>en directo para encargarse de amenizar la velada<\/b><span style=\"font-weight: 400;\">.<\/span><\/p>\n<p style=\"text-align: justify;\"><span style=\"font-weight: 400;\">Y es que, como todos sabemos, no hay nada mejor que la m\u00fasica para avivar las emociones y hacer de los momentos algo \u00fanico, memorable y significativo, \u00a1y m\u00e1s si es la m\u00fasica que vosotros eleg\u00eds! Seguro que ten\u00e9is una canci\u00f3n favorita\u2026<\/span><\/p>\n<h3 style=\"text-align: justify;\">Fot\u00f3grafo y videografo para captar el momento<\/h3>\n<p style=\"text-align: justify;\"><span style=\"font-weight: 400;\">Es de suma importancia que para el momento de la pedida de mano est\u00e9n presentes un fot\u00f3grafo y un vide\u00f3grafo, ya que es <\/span><b>un momento que merece la pena recordar toda la vida.<\/b><\/p>\n<p style=\"text-align: justify;\"><span style=\"font-weight: 400;\">Por ello, cuenta con que durante esta experiencia tendr\u00e1s a <\/span><b>una fot\u00f3grafa profesional encargada de plasmar cada momento con su objetivo, as\u00ed como de un videografo responsable de filmar cada escena<\/b><span style=\"font-weight: 400;\"> para contar con un v\u00eddeo \u00fanico para que nunca olvid\u00e9is c\u00f3mo fue ese gran momento.<\/span><\/p>\n<h3 style=\"text-align: justify;\">Organizaci\u00f3n y coordinaci\u00f3n para el gran d\u00eda<\/h3>\n<p style=\"text-align: justify;\"><span style=\"font-weight: 400;\">\u00a1No queremos que falte ni un detalle! Nos encanta organizar pedidas de mano sorpresa que siempre acaban con un final feliz y, para ello, <\/span><b>la organizaci\u00f3n y la coordinaci\u00f3n durante el d\u00eda del evento es imprescindible para que todo salga perfecto.<\/b><\/p>\n<p style=\"text-align: justify;\"><b>Conseguiremos poner todo a punto<\/b><span style=\"font-weight: 400;\"> para que la decoraci\u00f3n est\u00e9 preparada, el violinista empiece a tocar y la fot\u00f3grafa comience a disparar el flash en el momento exacto.<\/span><\/p>\n<h3 style=\"text-align: justify;\">Precios de una pedida de mano en Mallorca<\/h3>\n<p style=\"text-align: justify;\"><span style=\"font-weight: 400;\">Como ya sabes, nos adaptamos a tus gustos y necesidades, as\u00ed como a tu presupuesto, a la hora de organizarte tu pedida de mano, por ello, a continuaci\u00f3n, te dejamos los precios de diferentes elementos que puede reservar para el m\u00e1gico momento:<\/span><\/p>\n<h3>Precio de la pedida de mano en Mallorca:<\/h3>\n<ul>\n<li>Fot\u00f3grafo<\/li>\n<li><span style=\"color: inherit; font-family: inherit;\">Decoraci\u00f3n<\/span><\/li>\n<li>Organizaci\u00f3n de la pedida<\/li>\n<\/ul>\n<p style=\"text-align: justify;\"><b>Precio: a consultar<\/b><\/p>\n<h3>Se puede a\u00f1adir:<\/h3>\n<ul>\n<li><b>Ramo de flores\u00a0<\/b><\/li>\n<li style=\"text-align: justify;\"><span style=\"font-weight: bold; color: inherit; font-family: inherit;\">M\u00fasica en directo (guitarra o viol\u00edn)\u00a0<\/span><\/li>\n<li style=\"text-align: justify;\"><span style=\"color: inherit; font-family: inherit; font-weight: bold;\">Video<\/span><\/li>\n<li style=\"text-align: justify;\"><span style=\"color: inherit; font-family: inherit; font-weight: bold;\">Picnic (fruta, cava y decoraci\u00f3n)\u00a0<\/span><\/li>\n<li style=\"text-align: justify;\"><span style=\"color: inherit; font-family: inherit; font-weight: bold;\">Pedida de mano con paseo en burro<\/span><\/li>\n<li style=\"text-align: justify;\"><span style=\"color: inherit; font-family: inherit; font-weight: bold;\">Pedida de mano en el Hotel Hospes Maricel<\/span><\/li>\n<li style=\"text-align: justify;\"><span style=\"color: inherit; font-family: inherit; font-weight: bold;\">Pedida de mano en el Hotel Belmond<\/span><\/li>\n<\/ul>\n<p style=\"text-align: justify;\"><span style=\"font-weight: 400; color: inherit; font-family: inherit;\">\u00a1Configuralo como t\u00fa quieras!<\/span><\/p>\n<h3 style=\"text-align: justify;\">Facilidad de pago<\/h3>\n<p style=\"text-align: justify;\"><span style=\"font-weight: 400;\">\u00a1S\u00ed! Y es que no es necesario pagar \u00edntegramente el importe de la experiencia. Simplemente es necesario <\/span><b>reservar con un adelanto<\/b><span style=\"font-weight: 400;\">\u00a0y el resto darla en el d\u00eda del evento.<\/span><\/p>\n<p style=\"text-align: justify;\"><span style=\"font-weight: 400;\">\u00a1Comodidad para ti!<\/span><\/p>\n<p>*Las tarifas no son reembolsables si el evento se cancela por cualquier motivo.<\/p>\n<h3 style=\"text-align: justify;\">Espa\u00f1a tiene infinidad de opciones<\/h3>\n<p style=\"text-align: justify;\"><span style=\"font-weight: 400;\">Si llevar a cabo una <\/span><b>pedida de mano en Mallorca<\/b><span style=\"font-weight: 400;\"> no te ha terminado de convencer, tenemos buenas noticias, y es que Madrid, la capital, est\u00e1 repleta de rincones m\u00e1gicos perfectos para hincar rodilla, como una <\/span><a href=\"https:\/\/perfectvenue.es\/product\/pedida-de-mano-en-el-parque-del-retiro-de-madrid\/\"><b>pedida de mano en el Parque del Retiro<\/b><\/a><span style=\"font-weight: 400;\">.<\/span><\/p>\n<p style=\"text-align: justify;\"><span style=\"font-weight: 400;\">Otra opci\u00f3n es una <\/span><a href=\"https:\/\/perfectvenue.es\/product\/marriage-proposal-in-castle-buen-amor\/\"><b>pedida de mano en el Castillo del Buen Amor<\/b><\/a><span style=\"font-weight: 400;\">, en Salamanca. \u00a1No podr\u00e1 olvidarse jam\u00e1s de ese momento!<\/span><\/p>\n<p style=\"text-align: justify;\"><span style=\"font-weight: 400;\">\u00a1Solo tienes que dar con tu lugar favorito!<\/span><span style=\"font-weight: 400;\">\u00a0<\/span><\/p>\n<p><span style=\"font-weight: 400;\">As\u00ed que, si quieres vivir la experiencia de volver a casa prometido con tu chica, en <\/span><b>Perfect Venue<\/b><span style=\"font-weight: 400;\"> organizamos todo esto por ti. T\u00fa solo tienes que reservar y despu\u00e9s encargarte de disfrutar, \u00a1y de que tu pareja no sospeche nada!<\/span><\/p>\n<p><span style=\"font-weight: 400;\">\u00a1Te esperamos! Porque no hay nada m\u00e1s maravilloso que pasar el resto de tu vida con esa persona que tan especial te hace sentir.<\/span><\/p>\n<p>Tel\u00e9fono \/ Whatsapp: +34 722 29 15 43<\/p>","protected":false},"excerpt":{"rendered":"<p style=\"text-align: justify;\"><span style=\"font-weight: 400;\">Te contamos c\u00f3mo organizamos por ti la experiencia de vivir una pedida de mano en Mallorca. <strong>Precio: a consultar.<\/strong><\/span><\/p>\n","protected":false},"featured_media":40314,"comment_status":"closed","ping_status":"closed","template":"","meta":[],"class_list":["post-36371","product","type-product","status-publish","has-post-thumbnail","hentry","product_cat-marriage-proposal-packages","product_tag-pedida-de-mano-ideas","product_tag-pedida-de-mano-mallorca","product_tag-5430"],"_links":{"self":[{"href":"https:\/\/perfectvenue.es\/es\/wp-json\/wp\/v2\/product\/36371","targetHints":{"allow":["GET"]}}],"collection":[{"href":"https:\/\/perfectvenue.es\/es\/wp-json\/wp\/v2\/product"}],"about":[{"href":"https:\/\/perfectvenue.es\/es\/wp-json\/wp\/v2\/types\/product"}],"replies":[{"embeddable":true,"href":"https:\/\/perfectvenue.es\/es\/wp-json\/wp\/v2\/comments?post=36371"}],"wp:featuredmedia":[{"embeddable":true,"href":"https:\/\/perfectvenue.es\/es\/wp-json\/wp\/v2\/media\/40314"}],"wp:attachment":[{"href":"https:\/\/perfectvenue.es\/es\/wp-json\/wp\/v2\/media?parent=36371"}],"curies":[{"name":"wp","href":"https:\/\/api.w.org\/{rel}","templated":true}]}}