{"id":36245,"date":"2026-02-16T12:51:15","date_gmt":"2026-02-16T09:51:15","guid":{"rendered":"https:\/\/perfectvenue.es\/?post_type=product&#038;p=36245"},"modified":"2026-02-16T16:58:08","modified_gmt":"2026-02-16T13:58:08","slug":"elopement-wedding-in-the-castillo-del-buen-amor-a-perfect-plan-to-get-married-in-privacy","status":"publish","type":"product","link":"https:\/\/perfectvenue.es\/es\/product\/elopement-wedding-in-the-castillo-del-buen-amor-a-perfect-plan-to-get-married-in-privacy\/","title":{"rendered":"Boda elopement en el Castillo del Buen Amor, un \u201cPerfect Plan\u201d para casarte en la intimidad"},"content":{"rendered":"<p><\/p>\n<p style=\"text-align: justify;\"><span style=\"font-weight: 400;\">Si sois de los novios que prefer\u00eds fugaros para casaros en solitario en lugar de hacerlo con muchos invitados, una <\/span><b>boda elopement en un castillo<\/b><span style=\"font-weight: 400;\"> seguro que es lo que est\u00e1is buscando, \u00a1la magia est\u00e1 garantizada!<\/span><\/p>\n<p style=\"text-align: justify;\"><span style=\"font-weight: 400;\">Seguro que conoces a pocas parejas que se atrevan a celebrar su boda de esta manera\u2026 pues a ra\u00edz de la pandemia, cada vez son m\u00e1s las parejas que optan por celebrar una boda elopement. Una nueva versi\u00f3n de <\/span><b>celebrar tu boda de manera relajada y vivir esta experiencia \u00fanica de la manera m\u00e1s \u00edntima.<\/b><\/p>\n<p style=\"text-align: justify;\"><span style=\"font-weight: 400;\">Por ello, en este art\u00edculo os contamos todo acerca de este Perfect Plan para que teng\u00e1is una boda para vosotros dos solos, \u00a1tan sencillo solo <\/span><b>reservar con un solo clic<\/b><span style=\"font-weight: 400;\">!<\/span><\/p>\n<p style=\"text-align: justify;\"><span style=\"font-weight: 400;\">\u00a1Sigue leyendo para saber todo lo incluido en vuestra boda elopement en el Castillo del Buen Amor!<\/span><\/p>\n<h3 style=\"text-align: justify;\">El Castillo del Buen Amor, un lugar privilegiado<\/h3>\n<p style=\"text-align: justify;\"><span style=\"font-weight: 400;\">Este castillo est\u00e1 ubicado en Salamanca, un entorno fabuloso que invita a pasear por su laberinto franc\u00e9s, tomar una copa de vino en la Torre del Homenaje, pasar una noche en una habitaci\u00f3n con terraza privada con techos abovedados y disfrutar de un ba\u00f1o relajante acompa\u00f1ado de flores y champ\u00e1n.<\/span><\/p>\n<p style=\"text-align: justify;\"><span style=\"font-weight: 400;\">En el exterior del castillo destaca su <\/span><b>paisaje lleno de jardines y vi\u00f1edos, con miles de \u00e1rboles, bodega propia, majestuosos torreones<\/b><span style=\"font-weight: 400;\">\u2026 \u00a1Un espacio id\u00edlico!<\/span><\/p>\n<h3 style=\"text-align: justify;\">Decoraci\u00f3n incluida, y a vuestro gusto<\/h3>\n<p style=\"text-align: justify;\"><span style=\"font-weight: 400;\">La decoraci\u00f3n es un a\u00f1adido que siempre ayuda a disfrutar del momento y a recordarlo para toda la vida, por eso no podemos dejar de un lado el romanticismo en vuestro gran d\u00eda.<\/span><\/p>\n<p style=\"text-align: justify;\"><span style=\"font-weight: 400;\">En tu <\/span><b>boda elopement en un castillo<\/b><span style=\"font-weight: 400;\"> contamos con una propuesta decorativa la mar de rom\u00e1ntica, \u00a1lo tenemos todo pensado! Eso s\u00ed, luego <\/span><b>los novios pod\u00e9is personalizar la decoraci\u00f3n a vuestro gusto<\/b><span style=\"font-weight: 400;\">: quitando, a\u00f1adiendo o cambiando lo que sea, porque lo m\u00e1s importante es que la decoraci\u00f3n est\u00e9 a vuestro gusto.<\/span><\/p>\n<h3 style=\"text-align: justify;\">Una ceremonia con preciosas vistas<\/h3>\n<p style=\"text-align: justify;\"><span style=\"font-weight: 400;\">Vuestra ceremonia se merece un lugar tan \u00fanico como son los exteriores de este precioso castillo, y lo mejor es que ten\u00e9is a vuestra disposici\u00f3n todos los espacios de este, as\u00ed como sus jardines, \u00a1para que elij\u00e1is donde quer\u00e9is daros el \u201cs\u00ed quiero\u201d.<\/span><\/p>\n<p style=\"text-align: justify;\"><span style=\"font-weight: 400;\">Cont\u00e1is con espacios como el Patio de Armas, el Paso de Guardia, los jardines tan bien cuidados repletos de verde\u2026<\/span><\/p>\n<p style=\"text-align: justify;\"><span style=\"font-weight: 400;\">La idea m\u00e1s aut\u00e9ntica que proponemos es celebrar <\/span><b>una ceremonia rom\u00e1ntica con vistas a la c\u00fapula y unas vistas incre\u00edbles del castillo, entorno en el que se encuentra un laberinto vegetal y vi\u00f1edos<\/b><span style=\"font-weight: 400;\">.<\/span><\/p>\n<h3 style=\"text-align: justify;\">Tambi\u00e9n tendr\u00e1s tu maestro de ceremonia<\/h3>\n<p style=\"text-align: justify;\"><span style=\"font-weight: 400;\">Al ser la boda civil no nos olvidamos de contar en esta experiencia con un profesional que dirija vuestro enlace.<\/span><\/p>\n<p style=\"text-align: justify;\"><span style=\"font-weight: 400;\">Este aportar\u00e1 toques de humor y simpat\u00eda caso de ser necesario y que los novios as\u00ed lo deseen que den frescura a la ceremonia.<\/span><\/p>\n<p style=\"text-align: justify;\"><span style=\"font-weight: 400;\">\u00a1Y lo mejor es que depende de donde se\u00e1is, tendr\u00e9is un maestro de ceremonia acorde a vuestro idioma! <\/span><b>Tenemos maestros de ceremonias que hablan ingl\u00e9s, franc\u00e9s, alem\u00e1n, espa\u00f1ol, ruso&#8230;<\/b><\/p>\n<h3 style=\"text-align: justify;\">Despu\u00e9s de ceremonia, un mini coctel<\/h3>\n<p style=\"text-align: justify;\"><span style=\"font-weight: 400;\">En ninguna boda puede faltar ese momento previo a la cena en el que se brinda y se celebra que la pareja ya por fin est\u00e1 casada. Un momento de lo m\u00e1s refrescante que no puede faltar para amenizar tu <\/span><b>boda elopement en un castillo.<\/b><\/p>\n<p style=\"text-align: justify;\"><span style=\"font-weight: 400;\">\u00a1Y es que a todos nos encantan los c\u00f3cteles! Por su sabor y sus colores, son todo un \u00e9xito entre los paladares.<\/span><\/p>\n<p style=\"text-align: justify;\"><span style=\"font-weight: 400;\">Por ello, con este fant\u00e1stico plan <\/span><b>tendr\u00e9is los c\u00f3cteles m\u00e1s ex\u00f3ticos y suntuoso<\/b><span style=\"font-weight: 400;\">s para abrir boca antes de la cena \u00edntima.<\/span><\/p>\n<h3 style=\"text-align: justify;\">Una sesi\u00f3n de fotos por los rincones del castillo<\/h3>\n<p style=\"text-align: justify;\"><span style=\"font-weight: 400;\">Para recordar los momentos vivido, realizar\u00e1s una sesi\u00f3n de fotos por los diferentes lugares del castillo, ya que este ofrece muchas opciones de espacios: <\/span><b>se\u00f1oriales salones con chimenea de estilo mud\u00e9jar original del siglo XV, artesonados decorados con escudos, una biblioteca, un precioso claustro, as\u00ed como tambi\u00e9n una piscina y una terraza peque\u00f1a de lo m\u00e1s rom\u00e1ntica.<\/b><\/p>\n<p style=\"text-align: justify;\"><span style=\"font-weight: 400;\">Destacar que en mayo el entorno se vuelve buc\u00f3lico gracias a que es la temporada en la que las flores del entorno florecen, por otra parte, en el laberinto cualquier \u00e9poca del a\u00f1o es perfecta para tomar fotos ya que siempre se encuentra muy verde.<\/span><\/p>\n<h3 style=\"text-align: justify;\">Un a\u00f1adido para los novios m\u00e1s ecuestres<\/h3>\n<p style=\"text-align: justify;\"><span style=\"font-weight: 400;\">Tambi\u00e9n ten\u00e9is la opci\u00f3n de <\/span><b>tomar fotos la mar de originales a lomos de un caballo<\/b><span style=\"font-weight: 400;\">, si sab\u00e9is montar no dud\u00e9is de cabalgarlos y si lo vuestro no es la equitaci\u00f3n, pero am\u00e1is a estos animales pod\u00e9is tomaros unas fotos al lado de estos.\u00a0\u00a0<\/span><\/p>\n<p style=\"text-align: justify;\"><span style=\"font-weight: 400;\">Es un espectacular espacio ecuestre \u00fanico para que los amantes de los caballos tengan un reportaje de boda que dar\u00e1 que hablar, ya que tendr\u00e1s unas fotos en movimiento, din\u00e1micas, espont\u00e1neas y muy expresivas.<\/span><\/p>\n<p style=\"text-align: justify;\"><span style=\"font-weight: 400;\">\u00bfSabes que los caballos son unos de los animales m\u00e1s fotog\u00e9nicos que hay y que m\u00e1s juego dan?<\/span><\/p>\n<h3 style=\"text-align: justify;\">Una cena nupcial como aut\u00e9nticos reyes<\/h3>\n<p style=\"text-align: justify;\"><span style=\"font-weight: 400;\">Para la cena tras vuestra <\/span><b>boda elopement en un castillo<\/b><span style=\"font-weight: 400;\">, el del Buen Amor, contar\u00e9is con un <\/span><b>servicio de mayordomo privado<\/b><span style=\"font-weight: 400;\">, \u00a1como lo lees!<\/span><\/p>\n<p style=\"text-align: justify;\"><span style=\"font-weight: 400;\">Disfrutar\u00e9is de una <\/span><b>cena \u00edntima envidiable en la terraza de una suite torre\u00f3n sola para vosotros dos<\/b><span style=\"font-weight: 400;\">, hablando del d\u00eda tan perfecto vivido con vistas al castillo.<\/span><\/p>\n<p style=\"text-align: justify;\"><span style=\"font-weight: 400;\">En el lugar reinan los platos de gastronom\u00eda t\u00edpica castellana, los cuales son cocinados en las propias instalaciones, elaboradas al momento y con la m\u00e1xima calidad de los productos regionales. Siempre con productos de la m\u00e1xima calidad y destacando todos los sabores.<\/span><\/p>\n<p style=\"text-align: justify;\"><span style=\"font-weight: 400;\">Sin duda, una gran oportunidad para degustar platos estrella como deliciosos cochinillos, lechazos, cabritos y una gran variedad de postres que ofrecen para terminar vuestra cena con un buen sabor de boca.<\/span><\/p>\n<h3 style=\"text-align: justify;\">Noche de bodas en el castillo<\/h3>\n<p style=\"text-align: justify;\"><span style=\"font-weight: 400;\">Tras vivir el d\u00eda m\u00e1s importante de vuestra vida, es momento de retiraros a vuestros aposentos y <\/span><b>dormir en una de las suites medievales<\/b><span style=\"font-weight: 400;\"> de las que dispone el castillo para pasar la noche de bodas y as\u00ed crear recuerdos que permanecer\u00e1n toda la vida en vuestra memoria.<\/span><\/p>\n<p style=\"text-align: justify;\"><span style=\"font-weight: 400;\">Al llegar a la habitaci\u00f3n os encontrar\u00e9is con todo ya preparado: <\/span><b>p\u00e9talos de rosa, una botella de cava, velas\u2026 y al d\u00eda siguiente\u2026 \u00a1El desayuno incluido!<\/b><\/p>\n<p style=\"text-align: justify;\"><span style=\"font-weight: 400;\">\u00a0<\/span><span style=\"font-weight: 400;\">En <strong>Perfect Venue<\/strong> tenemos tu Perfect Plan, as\u00ed que, si quieres vivir la experiencia de celebrar tu <\/span><b>boda elopement en un castillo<\/b><span style=\"font-weight: 400;\">, y\u00a0<\/span><span style=\"font-weight: 400;\">organizamos todo esto por ti.<\/span><\/p>\n<p style=\"text-align: justify;\"><span style=\"font-weight: 400;\">T\u00fa solo tienes que reservar con un solo clic, despu\u00e9s encargarte de disfrutar.<\/span><\/p>\n<p style=\"text-align: justify;\"><span style=\"font-weight: 400;\">\u00a1Te esperamos!<\/span><\/p>\n<p><\/p>","protected":false},"excerpt":{"rendered":"<p style=\"text-align: justify;\"><span style=\"font-weight: 400;\">Si quieres celebrar una boda elopement en un castillo, tenemos tu Perfect Plan listo para reservarlo. <strong>Precio desde 3500\u20ac + IVA.\u00a0<\/strong><\/span><\/p>\n","protected":false},"featured_media":35439,"comment_status":"closed","ping_status":"closed","template":"","meta":[],"class_list":["post-36245","product","type-product","status-publish","has-post-thumbnail","hentry","product_cat-elopement-planner","product_tag-boda-elopement","product_tag-boda-elopement-2026","product_tag-boda-elopement-en-castillo"],"_links":{"self":[{"href":"https:\/\/perfectvenue.es\/es\/wp-json\/wp\/v2\/product\/36245","targetHints":{"allow":["GET"]}}],"collection":[{"href":"https:\/\/perfectvenue.es\/es\/wp-json\/wp\/v2\/product"}],"about":[{"href":"https:\/\/perfectvenue.es\/es\/wp-json\/wp\/v2\/types\/product"}],"replies":[{"embeddable":true,"href":"https:\/\/perfectvenue.es\/es\/wp-json\/wp\/v2\/comments?post=36245"}],"wp:featuredmedia":[{"embeddable":true,"href":"https:\/\/perfectvenue.es\/es\/wp-json\/wp\/v2\/media\/35439"}],"wp:attachment":[{"href":"https:\/\/perfectvenue.es\/es\/wp-json\/wp\/v2\/media?parent=36245"}],"curies":[{"name":"wp","href":"https:\/\/api.w.org\/{rel}","templated":true}]}}