{"id":35976,"date":"2022-11-18T12:00:06","date_gmt":"2022-11-18T09:00:06","guid":{"rendered":"https:\/\/perfectvenue.es\/?post_type=product&#038;p=35976"},"modified":"2026-02-17T11:31:15","modified_gmt":"2026-02-17T08:31:15","slug":"elopement-wedding-package-with-sea-views-in-mallorca-that-is-what-you-need-to-remember-your-big-day-forever","status":"publish","type":"product","link":"https:\/\/perfectvenue.es\/es\/product\/elopement-wedding-package-with-sea-views-in-mallorca-that-is-what-you-need-to-remember-your-big-day-forever\/","title":{"rendered":"El paquete de boda elopement con vistas al mar en Mallorca que necesitas para recordar siempre tu gran d\u00eda"},"content":{"rendered":"<p><\/p>\n<p style=\"text-align: justify;\"><span style=\"font-weight: 400;\">Si sois de los novios que prefer\u00eds fugaros para casaros en solitario en lugar de hacerlo con muchos invitados, este <\/span><b>paquete de boda elopement con vistas al mar en Mallorca<\/b><span style=\"font-weight: 400;\"> seguro que es lo que est\u00e1is buscando, \u00a1el romanticismo est\u00e1 garantizado!<\/span><\/p>\n<p style=\"text-align: justify;\"><span style=\"font-weight: 400;\">Y es que Mallorca, con su encantadora mezcla de cultura, sus lugares \u00fanicos y pintorescos, y naturaleza, es un lugar m\u00e1gico para jurarse amor eterno.<\/span><\/p>\n<p style=\"text-align: justify;\"><span style=\"font-weight: 400;\">Lo mejor es que tenemos un Perfect Plan compuesto por un <\/span><b>paquete de boda elopement con vistas al mar en Mallorca<\/b><span style=\"font-weight: 400;\"> con todo lo necesario incluido para disfrutar del d\u00eda de su boda elopement al m\u00e1ximo.<\/span><\/p>\n<p style=\"text-align: justify;\"><span style=\"font-weight: 400;\">En este art\u00edculo os contamos todo acerca de esta experiencia para que teng\u00e1is una boda para vosotros dos solos, \u00a1tan sencillo solo reservar con un solo clic!<\/span><\/p>\n<p style=\"text-align: justify;\"><span style=\"font-weight: 400;\">Pero antes\u2026<\/span><\/p>\n<h2 style=\"text-align: justify;\">\u00bfPor qu\u00e9 una boda en Mallorca con vistas al mar es una gran opci\u00f3n?<\/h2>\n<p style=\"text-align: justify;\"><span style=\"font-weight: 400;\">Porque <\/span><b>las playas de Mallorca y sus incre\u00edbles vistas dan un mont\u00f3n de juego a la hora de darse el \u201cs\u00ed quiero\u201d,<\/b><span style=\"font-weight: 400;\"> ya que te permite casarte en la arena durante el atardecer, con m\u00fasica en directo, entre ramos de flores\u2026<\/span><\/p>\n<p style=\"text-align: justify;\"><span style=\"font-weight: 400;\">Y es que <\/span><b>el sol, la arena, el mar, el buen tiempo y el atardecer convierten Mallorca en el mejor lugar <\/b><span style=\"font-weight: 400;\">para unirte a tu persona favorita para el resto de vuestras vidas.<\/span><\/p>\n<p style=\"text-align: justify;\"><span style=\"font-weight: 400;\">Te recomendamos que, si la boda es en verano, se realice o por la ma\u00f1ana muy temprano o con el atardecer de fondo, con la ca\u00edda del sol, ya que es <\/span><b>cuando menos calor hace<\/b><span style=\"font-weight: 400;\"> en la zona.<\/span><\/p>\n<p style=\"text-align: justify;\"><span style=\"font-weight: 400;\">\u00a1Hasta tenemos <\/span><b>una p\u00e9rgola fabulosa<\/b><span style=\"font-weight: 400;\"> donde podemos organizaros una boda de lo m\u00e1s rom\u00e1ntica! Ya sea para vosotros dos, o tambi\u00e9n para vuestros poquitos invitados.<\/span><\/p>\n<p style=\"text-align: justify;\"><span style=\"font-weight: 400;\">Ahora s\u00ed,<\/span><\/p>\n<h2 style=\"text-align: justify;\">Esto es todo lo incluido en vuestro paquete de boda elopement con vistas al mar en Mallorca:<\/h2>\n<h3 style=\"text-align: justify;\">Un espacio de ensue\u00f1o en Mallorca con vistas al mar<\/h3>\n<p style=\"text-align: justify;\"><b>Port Verd del Mar<\/b><span style=\"font-weight: 400;\">, ubicado en Port Verd (Son Servera), es un espacio perfecto para bodas frente al mar que ofrece un fabuloso tel\u00f3n de fondo.<\/span><\/p>\n<p style=\"text-align: justify;\"><span style=\"font-weight: 400;\">Este restaurante, bar &amp; lounge, es ideal para la <\/span><b>celebraci\u00f3n de bodas a orillas del mar y una oportunidad incre\u00edble de celebrar tu boda al m\u00e1s puro estilo ibicenco, en una playa y vestidos de blanco.<\/b><\/p>\n<p style=\"text-align: justify;\"><span style=\"font-weight: 400;\">El restaurante mantiene el ambiente rom\u00e1ntico junto al mar turquesa y est\u00e1 repleto de mobiliario blanco.<\/span><\/p>\n<p style=\"text-align: justify;\"><span style=\"font-weight: 400;\">Port Verd del Mar tambi\u00e9n ofrece una recepci\u00f3n con cava seguida a la ceremonia en el maravilloso pabell\u00f3n redondo justo encima del mar, una cena al aire libre y rodeados de velas.<\/span><\/p>\n<h3 style=\"text-align: justify;\">Fot\u00f3grafo profesional para vosotros<\/h3>\n<p style=\"text-align: justify;\"><span style=\"font-weight: 400;\">Es de suma importancia que en un gran d\u00eda como es una boda, est\u00e9 presente <\/span><b>un fot\u00f3grafo profesional, ya que es un momento que debe ser recordado toda la vida.<\/b><\/p>\n<p style=\"text-align: justify;\"><span style=\"font-weight: 400;\">Por ello, cuenta con que durante esta experiencia tendr\u00e1s a un profesional del objetivo que se encargar\u00e1 de plasmar cada momento, para que nunca olvid\u00e9is c\u00f3mo fue ese gran d\u00eda y pod\u00e1is ense\u00f1ar las fotos a vuestros m\u00e1s allegados.<\/span><\/p>\n<h3 style=\"text-align: justify;\">Decoramos de tu gran d\u00eda<\/h3>\n<p style=\"text-align: justify;\"><span style=\"font-weight: 400;\">La decoraci\u00f3n es un a\u00f1adido que siempre ayuda a disfrutar del momento y a recordarlo para toda la vida, por eso no podemos dejar de un lado el romanticismo en vuestra boda elopement.<\/span><\/p>\n<p style=\"text-align: justify;\"><span style=\"font-weight: 400;\">En tu boda elopement con vistas al mar en Mallorca <\/span><b>contamos con una propuesta decorativa la mar de rom\u00e1ntica<\/b><span style=\"font-weight: 400;\">, \u00a1lo tenemos todo pensado! Amamos decorar con flores.<\/span><\/p>\n<p style=\"text-align: justify;\"><span style=\"font-weight: 400;\">Eso s\u00ed, luego los novios pod\u00e9is personalizar la decoraci\u00f3n a vuestro gusto: quitando, a\u00f1adiendo o cambiando lo que sea, porque lo m\u00e1s importante es que <\/span><b>la decoraci\u00f3n est\u00e9 a vuestro gusto<\/b><span style=\"font-weight: 400;\">.<\/span><\/p>\n<h3 style=\"text-align: justify;\">El ramo de flores de la novia<\/h3>\n<p style=\"text-align: justify;\"><span style=\"font-weight: 400;\">Nosotros nos encargamos de conseguir las flores m\u00e1s frescas para que en tu <\/span><b>paquete de boda elopement con vistas al mar en Mallorca<\/b><span style=\"font-weight: 400;\"> cuentes en tu gran d\u00eda con el ramo de novia que siempre hab\u00edas so\u00f1ado.<\/span><\/p>\n<p style=\"text-align: justify;\"><span style=\"font-weight: 400;\">Configuraremos un ramo repleto de <\/span><b>margaritas, rosas, lavanda, hojas de eucalipto, girasoles, lirios, tulipanes\u2026 \u00a1todo lo que imagines!<\/b><span style=\"font-weight: 400;\"> \u00a1Cu\u00e9ntanos cu\u00e1les son tus favoritas!<\/span><\/p>\n<h3 style=\"text-align: justify;\">Organizaci\u00f3n y coordinaci\u00f3n para el d\u00eda B<\/h3>\n<p style=\"text-align: justify;\"><span style=\"font-weight: 400;\">\u00a1No queremos que falte ni un detalle! Nos encanta organizar bodas elopement que derrochan emoci\u00f3n y, para ello, <\/span><b>la organizaci\u00f3n y la coordinaci\u00f3n durante el d\u00eda del evento es imprescindible para que todo salga perfecto.<\/b><\/p>\n<p style=\"text-align: justify;\"><span style=\"font-weight: 400;\">Conseguiremos poner todo a punto para que la decoraci\u00f3n est\u00e9 preparada, la fot\u00f3grafa no deje de disparar el flash, tengas el ramo de novia m\u00e1s bonito&#8230;<\/span><\/p>\n<h2 style=\"text-align: justify;\">Y adem\u00e1s\u2026 \u00a1A\u00f1\u00e1dele extras a tu paquete de boda elopement con vistas al mar en Mallorca!<\/h2>\n<h3 style=\"text-align: justify;\">Un video para recordar<\/h3>\n<p style=\"text-align: justify;\"><span style=\"font-weight: 400;\">As\u00ed como s\u00ed est\u00e1 incluido un fot\u00f3grafo, si lo deseas adem\u00e1s <\/span><b>puedes contratar tambi\u00e9n el servicio de un videografo<\/b><span style=\"font-weight: 400;\">, para que este se encargue de filmar cada escena de vuestra boda y as\u00ed contar con el recuerdo para siempre de un video \u00fanico.<\/span><\/p>\n<p style=\"text-align: justify;\"><span style=\"font-weight: 400;\">\u00a1Para que nunca olvid\u00e9is c\u00f3mo fue ese gran momento y pod\u00e1is ense\u00f1\u00e1rselo a vuestros seres queridos!<\/span><\/p>\n<h3 style=\"text-align: justify;\">M\u00fasica en directo<\/h3>\n<p style=\"text-align: justify;\"><span style=\"font-weight: 400;\">\u00bfQu\u00e9 es un momento especial sin m\u00fasica? \u00a1Nada! Por eso, <\/span><b>el viol\u00edn, el piano, la guitarra, o el instrumento que m\u00e1s os guste a vosotros puede estar en directo<\/b><span style=\"font-weight: 400;\"> para encargarse de amenizar vuestra ceremonia o c\u00f3ctel.<\/span><\/p>\n<p style=\"text-align: justify;\"><span style=\"font-weight: 400;\">Y es que, como todos sabemos, no hay nada mejor que la m\u00fasica para avivar las emociones y hacer de los momentos algo \u00fanico, memorable y significativo, \u00a1y m\u00e1s si es la m\u00fasica que vosotros eleg\u00eds! Seguro que ten\u00e9is una canci\u00f3n favorita para que suene con la entrada de la novia al altar.<\/span><\/p>\n<p style=\"text-align: justify;\"><span style=\"font-weight: 400;\">\u00a1Un extra con el que <\/span><b>merece la pena contar<\/b><span style=\"font-weight: 400;\">!<\/span><\/p>\n<h3 style=\"text-align: justify;\">Cena para dos tras un intenso d\u00eda<\/h3>\n<p style=\"text-align: justify;\"><span style=\"font-weight: 400;\">Si quer\u00e9is, tambi\u00e9n <\/span><b>pod\u00e9is contratar el servicio de cena en el mismo sitio de la boda<\/b><span style=\"font-weight: 400;\">.\u00a0 As\u00ed, disfrutar\u00e9is de una cena \u00edntima envidiable para vosotros dos, hablando del d\u00eda tan perfecto vivido con vistas al mar.<\/span><\/p>\n<p style=\"text-align: justify;\"><span style=\"font-weight: 400;\">Sin duda, es <\/span><b>una gran oportunidad para degustar platos estrella y descansar despu\u00e9s de tantas emociones.<\/b><\/p>\n<p style=\"text-align: justify;\"><span style=\"font-weight: 400;\">\u00a1Di \u201cs\u00ed quiero\u201d a terminar vuestra experiencia con un buen sabor de boca!<\/span><\/p>\n<h3 style=\"text-align: justify;\">Facilidad de pago<\/h3>\n<p style=\"text-align: justify;\"><span style=\"font-weight: 400;\">\u00a1S\u00ed! Y es que no es necesario pagar \u00edntegramente el importe de la experiencia. Simplemente es necesario reservar con un dep\u00f3sito de 500 euros y el resto darla en el d\u00eda del evento.<\/span><\/p>\n<p style=\"text-align: justify;\"><span style=\"font-weight: 400;\">\u00a1Comodidad para ti!<\/span><\/p>\n<p style=\"text-align: justify;\"><span style=\"font-weight: 400;\">\u00a0<\/span><\/p>\n<p style=\"text-align: justify;\"><span style=\"font-weight: 400;\">No te pierdas la experiencia de contratar este <\/span><b>paquete de boda elopement con vistas al mar en Mallorca<\/b><span style=\"font-weight: 400;\">, porque en <\/span><b>Perfect Venue<\/b><span style=\"font-weight: 400;\"> organizamos todo esto por ti. T\u00fa solo tienes que reservar y despu\u00e9s encargarte de disfrutar.<\/span><\/p>\n<p style=\"text-align: justify;\"><span style=\"font-weight: 400;\">\u00a1Te esperamos! Porque no hay nada m\u00e1s maravilloso que jurar amor eterno a esa persona que tan especial te hace sentir.<\/span><\/p>\n<p>&nbsp;<\/p>\n<p>*Precio a consultar<\/p>","protected":false},"excerpt":{"rendered":"<p style=\"text-align: justify;\">Te contamos c\u00f3mo es la experiencia de contratar un paquete de boda elopement con vistas al mar en Mallorca.<\/p>\n","protected":false},"featured_media":19649,"comment_status":"closed","ping_status":"closed","template":"","meta":[],"class_list":["post-35976","product","type-product","status-publish","has-post-thumbnail","hentry","product_cat-elopement-planner","product_cat-perfect-plan","product_tag-wedding-elopement-mallorca"],"_links":{"self":[{"href":"https:\/\/perfectvenue.es\/es\/wp-json\/wp\/v2\/product\/35976","targetHints":{"allow":["GET"]}}],"collection":[{"href":"https:\/\/perfectvenue.es\/es\/wp-json\/wp\/v2\/product"}],"about":[{"href":"https:\/\/perfectvenue.es\/es\/wp-json\/wp\/v2\/types\/product"}],"replies":[{"embeddable":true,"href":"https:\/\/perfectvenue.es\/es\/wp-json\/wp\/v2\/comments?post=35976"}],"wp:featuredmedia":[{"embeddable":true,"href":"https:\/\/perfectvenue.es\/es\/wp-json\/wp\/v2\/media\/19649"}],"wp:attachment":[{"href":"https:\/\/perfectvenue.es\/es\/wp-json\/wp\/v2\/media?parent=35976"}],"curies":[{"name":"wp","href":"https:\/\/api.w.org\/{rel}","templated":true}]}}