{"id":35687,"date":"2022-09-08T16:50:22","date_gmt":"2022-09-08T13:50:22","guid":{"rendered":"http:\/\/perfectvenue.es\/?post_type=product&#038;p=35687"},"modified":"2026-04-24T14:17:35","modified_gmt":"2026-04-24T11:17:35","slug":"plan-venue-finder-live-the-experience-and-visit-the-most-exclusive-wedding-venues","status":"publish","type":"product","link":"https:\/\/perfectvenue.es\/es\/product\/plan-venue-finder-live-the-experience-and-visit-the-most-exclusive-wedding-venues\/","title":{"rendered":"Plan venue finder: vive la experiencia de visitar los espacios de boda m\u00e1s exclusivos"},"content":{"rendered":"<p><\/p>\n<p style=\"text-align: justify;\"><span style=\"font-weight: 400;\">Si has llegado hasta aqu\u00ed es porque seguramente necesites contar con un <\/span><b>servicio para visitar espacios de boda<\/b><span style=\"font-weight: 400;\">, \u00a1pues estas de enhorabuena! Porque te traemos este plan <\/span><b>venue finder<\/b><span style=\"font-weight: 400;\"> para que encuentres el espacio de boda con el que siempre hab\u00edas so\u00f1ado.<\/span><\/p>\n<p style=\"text-align: justify;\"><span style=\"font-weight: 400;\">Y es que, si hay algo que caracteriza y hace inolvidable un evento ese es el lugar en el que se celebra.<\/span><\/p>\n<p style=\"text-align: justify;\"><span style=\"font-weight: 400;\">As\u00ed que, <\/span><b>si est\u00e1is buscando vuestro espacio perfecto, ten\u00e9is poco tiempo y necesit\u00e1is hacer una ruta expr\u00e9s en los pocos d\u00edas que vais a estar en la ciudad\u2026 tenemos tu soluci\u00f3n<\/b><span style=\"font-weight: 400;\">, \u00a1este Perfect Plan! Y est\u00e9s en Barcelona, en Valencia, en Madrid, en Mallorca o en cualquier punto de la geograf\u00eda espa\u00f1ola.<\/span><\/p>\n<p style=\"text-align: justify;\"><span style=\"font-weight: 400;\">Elegirlo puede parecer algo estresante, \u00a1pero nada de eso! con esta experiencia te lo ponemos muy f\u00e1cil, ya lo ver\u00e1s.<\/span><\/p>\n<p style=\"text-align: justify;\"><span style=\"font-weight: 400;\">Sigue leyendo para saber todo lo incluido en tu plan <\/span><b>venue finder<\/b><span style=\"font-weight: 400;\">, la mejor experiencia para visitar los espacios de boda m\u00e1s exclusivos y dar con el que quieres para tu gran d\u00eda.<\/span><\/p>\n<h2 style=\"text-align: justify;\">Recogida y regreso al hotel<\/h2>\n<p style=\"text-align: justify;\"><span style=\"font-weight: 400;\">La visita a los lugares comienza con vuestra recogida en el hotel en el que est\u00e9is alojados. Un conductor os recoger\u00e1 para comenzar la ruta, el cual <\/span><b>os llevar\u00e1 hasta todos los lugares y luego os dejar\u00e1 de regreso en el hotel.<\/b><\/p>\n<p style=\"text-align: justify;\"><span style=\"font-weight: 400;\">\u00a1Como un <\/span><b>servicio de chofer privado<\/b><span style=\"font-weight: 400;\">! Para que vosotros os despreocup\u00e9is de todo os facilitamos el transporte. Exclusividad con las m\u00e1ximas comodidades.<\/span><\/p>\n<h2 style=\"text-align: justify;\">Acompa\u00f1amiento de un especialista<\/h2>\n<p style=\"text-align: justify;\"><span style=\"font-weight: 400;\">Adem\u00e1s del conductor, ir\u00e9is acompa\u00f1ados de un especialista. S\u00ed, <\/span><b>todas las visitas las realizar\u00e9is junto con una persona especialista espacios que os acompa\u00f1ar\u00e1 en el trayecto para verlos con vosotros y explicaros todo acerca de ellos<\/b><span style=\"font-weight: 400;\">, \u00a1os har\u00e1 ver todo el potencial que tienen!<\/span><\/p>\n<p style=\"text-align: justify;\"><span style=\"font-weight: 400;\">Esta persona conseguir\u00e1 que deis con el enclave de vuestros sue\u00f1os: que vaya acorde con vuestro estilo y que os transmita buenas vibraciones desde vuestra primera visita.<\/span><\/p>\n<h2 style=\"text-align: justify;\">Un dossier para vosotros tras las visitas<\/h2>\n<p style=\"text-align: justify;\"><span style=\"font-weight: 400;\">M\u00e1s del 90% de los novios que se casan hoy en d\u00eda son primerizos, por lo que es bastante probable que acaben olvidando alg\u00fan detalle. Pues con esta experiencia no tendr\u00e9is que preocuparos de nada m\u00e1s que de disfrutar.<\/span><\/p>\n<p style=\"text-align: justify;\"><span style=\"font-weight: 400;\">Ya se sabe que cuando se visitan bastantes espacios hay muchos detalles que se nos escapan, es por esto que <\/span><b>la persona que va visit\u00e1ndolos con vosotros hace los apuntes y videos pertinentes de los detalles m\u00e1s significativos para que, despu\u00e9s de la visita, sea m\u00e1s f\u00e1cil decidir el espacio que quer\u00e9is para vuestra boda.<\/b><\/p>\n<p style=\"text-align: justify;\"><span style=\"font-weight: 400;\">Por eso, unos d\u00edas despu\u00e9s de la experiencia, recibir\u00e9is un dossier con todo el itinerario realizado, de todo lo que se visit\u00f3, todo lo que visteis y los factores que son m\u00e1s importantes de cada sitio para vosotros.<\/span><\/p>\n<p style=\"text-align: justify;\"><span style=\"font-weight: 400;\">\u00a1Cada boda lleva asociada una gran cantidad de informaci\u00f3n que hay que tener presente en todo momento!<\/span><\/p>\n<h2 style=\"text-align: justify;\">Nos basamos en tus deseos y necesidades<\/h2>\n<p style=\"text-align: justify;\"><span style=\"font-weight: 400;\">Con sofisticaci\u00f3n, esmero, mimo y dedicaci\u00f3n, nuestro equipo dise\u00f1ar\u00e1, producir\u00e1 y coordinar\u00e1 una ruta experiencial por los espacios que mejor se adapten a vuestros deseos y necesidades de vuestro gran d\u00eda.<\/span><\/p>\n<p style=\"text-align: justify;\"><span style=\"font-weight: 400;\">Estos estar\u00e1n <\/span><b>seleccionados acorde a vuestra personalidad y al presupuesto destinado al espacio de la boda de cada pareja<\/b><span style=\"font-weight: 400;\">, cuidamos hasta el \u00faltimo detalle para que los novios puedan relajarse y disfrutar de esta experiencia.<\/span><\/p>\n<h2 style=\"text-align: justify;\">Ruta por los espacios publicados\u2026 \u00a1o por los que t\u00fa quieras!<\/h2>\n<p style=\"text-align: justify;\"><span style=\"font-weight: 400;\">Los espacios a visitar pueden ser los que tenemos en nuestro buscador, Perfect <\/span><b>Venue Finder<\/b><span style=\"font-weight: 400;\">, donde encontrar\u00e1s una amplia oferta de espacios publicados. En \u00e9l puedes ver los espacios m\u00e1s lujosos y exclusivos de todo el pa\u00eds.<\/span><\/p>\n<p style=\"text-align: justify;\"><span style=\"font-weight: 400;\">Aunque, <\/span><b>si tienes alguno que te ha enamorado tambi\u00e9n y no est\u00e1 publicado en nuestro buscador, podemos preparar la visita a todos aquellos que no est\u00e9n publicados y que tanto os gustan.<\/b><\/p>\n<p style=\"text-align: justify;\"><span style=\"font-weight: 400;\">Tambi\u00e9n, nos movemos por regiones, por lo que si necesit\u00e1is espacios espec\u00edficamente en una regi\u00f3n organizamos la ruta. Por ejemplo, <\/span><b>si tu sue\u00f1o es casarte en J\u00e1vea, organizamos la visita a los mejores espacios de la zona para que puedas visitarlos.<\/b><\/p>\n<p style=\"text-align: justify;\"><span style=\"font-weight: 400;\">\u00a1Los novios pod\u00e9is elegir los espacios a visitar o confiar en nuestro criterio!<\/span><\/p>\n<h2 style=\"text-align: justify;\">Facilidad de reserva y de pago<\/h2>\n<p style=\"text-align: justify;\"><span style=\"font-weight: 400;\">Reservar es muy sencillo, y es que si te ha gustado esta experiencia la puedes contratar c\u00f3modamente desde casa, <\/span><b>con un solo \u00abclic\u00bb<\/b><span style=\"font-weight: 400;\">. \u00a1Nosotros nos encargamos de todo lo dem\u00e1s!<\/span><\/p>\n<p style=\"text-align: justify;\"><span style=\"font-weight: 400;\">De hecho, no es necesario pagar \u00edntegramente el importe de la experiencia. Simplemente es necesario <\/span><b>reservar con 50% de la cuant\u00eda y el resto darla en el d\u00eda de la visita a tus espacios.<\/b><\/p>\n<p style=\"text-align: justify;\"><span style=\"font-weight: 400;\">\u00a1Comodidad para ti!<\/span><\/p>\n<h2 style=\"text-align: justify;\">De todos los tr\u00e1mites, tambi\u00e9n nos encargamos nosotros<\/h2>\n<p style=\"text-align: justify;\"><span style=\"font-weight: 400;\">Si, si esta experiencia <\/span><b>venue finder<\/b><span style=\"font-weight: 400;\"> os ha ayudado, y despu\u00e9s de la visita ten\u00e9is claro el sitio elegido para vuestra celebraci\u00f3n, pod\u00e9is contar con la ayuda de <\/span><b>Perfect Venue<\/b><span style=\"font-weight: 400;\"> para que nos pongamos con todas las tareas en marcha: reservar el espacio, decorarlo, etc.<\/span><\/p>\n<p style=\"text-align: justify;\"><span style=\"font-weight: 400;\">\u00a1Te esperamos!<\/span><\/p>\n<p style=\"text-align: justify;\"><span style=\"font-weight: 400;\">\u00a0<\/span><\/p>\n<p style=\"text-align: justify;\"><span style=\"font-weight: 400;\">Para que no se te escape nada, lo mejor es contar con ayuda, por eso te recomendamos reservar la experiencia <\/span><b>venue finder<\/b><span style=\"font-weight: 400;\"> para visitar los mejores espacios, \u00a1Que no se nos escape nada!<\/span><\/p>\n<p><\/p>","protected":false},"excerpt":{"rendered":"<p style=\"text-align: justify;\"><span style=\"font-weight: 400;\">Vive la experiencia de visitar los espacios de boda m\u00e1s exclusivos con este plan venue finder.<\/span><\/p>\n","protected":false},"featured_media":37071,"comment_status":"closed","ping_status":"closed","template":"","meta":[],"class_list":["post-35687","product","type-product","status-publish","has-post-thumbnail","hentry","product_cat-perfect-plan","product_tag-espacio-boda","product_tag-perfect-venue","product_tag-visitar-espacios-para-boda","product_tag-wedding-in-spain","product_tag-wedding-venue","product_tag-5285","product_tag-5284"],"_links":{"self":[{"href":"https:\/\/perfectvenue.es\/es\/wp-json\/wp\/v2\/product\/35687","targetHints":{"allow":["GET"]}}],"collection":[{"href":"https:\/\/perfectvenue.es\/es\/wp-json\/wp\/v2\/product"}],"about":[{"href":"https:\/\/perfectvenue.es\/es\/wp-json\/wp\/v2\/types\/product"}],"replies":[{"embeddable":true,"href":"https:\/\/perfectvenue.es\/es\/wp-json\/wp\/v2\/comments?post=35687"}],"wp:featuredmedia":[{"embeddable":true,"href":"https:\/\/perfectvenue.es\/es\/wp-json\/wp\/v2\/media\/37071"}],"wp:attachment":[{"href":"https:\/\/perfectvenue.es\/es\/wp-json\/wp\/v2\/media?parent=35687"}],"curies":[{"name":"wp","href":"https:\/\/api.w.org\/{rel}","templated":true}]}}