{"id":35351,"date":"2020-06-20T13:09:51","date_gmt":"2020-06-20T10:09:51","guid":{"rendered":"https:\/\/perfectvenue.es\/?post_type=product&#038;p=35351"},"modified":"2024-11-22T13:12:51","modified_gmt":"2024-11-22T10:12:51","slug":"event-planning","status":"publish","type":"product","link":"https:\/\/perfectvenue.es\/es\/product\/event-planning\/","title":{"rendered":"Planificaci\u00f3n de eventos"},"content":{"rendered":"<p><\/p>\n<h3 style=\"text-align: justify\">Paquete de planificaci\u00f3n de eventos<\/h3>\n<p style=\"text-align: justify\">Si adem\u00e1s de organizar el evento en Espa\u00f1a quieres que todo salga perfecto en la planificaci\u00f3n de eventos y que nosotros hagamos el resto por ti, solo tienes que contactar con nosotros para que podamos ofrecerte la experiencia completa.<\/p>\n<p style=\"text-align: justify\">De esta forma, adem\u00e1s de la organizaci\u00f3n tambi\u00e9n decoraremos el lugar, crearemos un escenario de cuento de hadas, reservaremos tu alojamiento, contrataremos un fot\u00f3grafo profesional para que no te quedes sin fotos para el recuerdo, crearemos preciosos ramos de flores y reservaremos actividades memorables para hacer con tu pareja.<\/p>\n<h3 style=\"text-align: justify\">Nosotros organizamos, t\u00fa disfrutas<\/h3>\n<p style=\"text-align: justify\">No tendr\u00e1s que preocuparte por nada de la organizaci\u00f3n, ya que con esta experiencia nos encargaremos de todo por ti. \u00a1T\u00fa solo tendr\u00e1s que esperar con ilusi\u00f3n a que llegue el d\u00eda y disfrutarlo al m\u00e1ximo!<\/p>\n<p style=\"text-align: justify\">Conf\u00eda en nosotros para organizar tu aniversario, \u00a1estamos deseando formar parte de tu d\u00eda!<\/p>\n<h3 style=\"text-align: justify\">Precios:<\/h3>\n<p style=\"text-align: justify\">Organizaci\u00f3n completa de eventos 850\u20ac<\/p>\n<h3 style=\"text-align: justify\">Pagos f\u00e1ciles, r\u00e1pidos y c\u00f3modos<\/h3>\n<p style=\"text-align: justify\">Recuerda que solo se reserva y paga la organizaci\u00f3n (coordinaci\u00f3n del d\u00eda no incluida), el resto de servicios van aparte, pero, por supuesto, ind\u00edcanos qu\u00e9 m\u00e1s quieres que preparemos para ti el d\u00eda de tu evento.<\/p>\n<p style=\"text-align: justify\">Cabe mencionar que la reserva se debe realizar con al menos siete d\u00edas de antelaci\u00f3n a la fecha de celebraci\u00f3n elegida, y, si quedan menos d\u00edas antes, tendr\u00e1s que contactar con nosotros.<\/p>\n<p style=\"text-align: justify\">Si quieres delegar la organizaci\u00f3n en Perfect Venue, te aseguramos que ser\u00e1 inolvidable y querr\u00e1s repetirlo cada a\u00f1o.<\/p>\n<p style=\"text-align: justify\">\u00a1Haz clic para reservar!<\/p>\n<p><\/p>","protected":false},"excerpt":{"rendered":"<p style=\"text-align: justify\">Si adem\u00e1s de organizar el evento en Espa\u00f1a quieres que todo salga perfecto en la planificaci\u00f3n de tu evento y que nosotros hagamos el resto por ti, solo tienes que contactar con nosotros para que podamos ofrecerte la experiencia completa.<\/p>\n<p style=\"text-align: justify\">\n","protected":false},"featured_media":34965,"comment_status":"closed","ping_status":"closed","template":"","meta":[],"class_list":["post-35351","product","type-product","status-publish","has-post-thumbnail","hentry","product_cat-perfect-plan","product_tag-event-planning"],"_links":{"self":[{"href":"https:\/\/perfectvenue.es\/es\/wp-json\/wp\/v2\/product\/35351","targetHints":{"allow":["GET"]}}],"collection":[{"href":"https:\/\/perfectvenue.es\/es\/wp-json\/wp\/v2\/product"}],"about":[{"href":"https:\/\/perfectvenue.es\/es\/wp-json\/wp\/v2\/types\/product"}],"replies":[{"embeddable":true,"href":"https:\/\/perfectvenue.es\/es\/wp-json\/wp\/v2\/comments?post=35351"}],"wp:featuredmedia":[{"embeddable":true,"href":"https:\/\/perfectvenue.es\/es\/wp-json\/wp\/v2\/media\/34965"}],"wp:attachment":[{"href":"https:\/\/perfectvenue.es\/es\/wp-json\/wp\/v2\/media?parent=35351"}],"curies":[{"name":"wp","href":"https:\/\/api.w.org\/{rel}","templated":true}]}}