{"id":35189,"date":"2022-06-16T14:44:08","date_gmt":"2022-06-16T11:44:08","guid":{"rendered":"https:\/\/perfectvenue.es\/?post_type=product&#038;p=35189"},"modified":"2026-02-17T11:27:46","modified_gmt":"2026-02-17T08:27:46","slug":"marriage-proposal-lavender-field","status":"publish","type":"product","link":"https:\/\/perfectvenue.es\/es\/product\/marriage-proposal-lavender-field\/","title":{"rendered":"Pedida de mano en el Campo de Lavanda"},"content":{"rendered":"<p><\/p>\n<h4><strong>LA EXPERIENCIA DE PEDIR MATRIMONIO EN UN CAMPO DE LAVANDA<\/strong><\/h4>\n<p style=\"text-align: justify;\"><span style=\"font-weight: 400;\">Imag\u00ednatelo. Estar de picnic con una copa de vino, disfrutando del atardecer. O a lo mejor prefieres la idea de pasear por campos de lavanda con un elegante vestido, admirando el agradable olor de las plantas.<\/span><\/p>\n<p style=\"text-align: justify;\"><span style=\"font-weight: 400;\">No os tendr\u00e1s que preocupar por nada, nosotros lo organizaremos todo por t\u00ed. Lo \u00fanico que tendr\u00e1s que hacer ser\u00e1 decir las palabras m\u00e1gicas\u2026\u201d\u00bfQuieres casarte conmigo?\u201d<\/span><\/p>\n<figure id=\"attachment_32156\" aria-describedby=\"caption-attachment-32156\" style=\"width: 600px\" class=\"wp-caption aligncenter\"><img loading=\"lazy\" decoding=\"async\" class=\"size-full wp-image-32156\" src=\"https:\/\/perfectvenue.es\/wp-content\/uploads\/2021\/06\/Svadba-v-lavandovij-poliaj.jpg\" alt=\"\u0424\u041e\u0422\u041e\u0422\u0423\u0420 \u041d\u0410 \u041b\u0410\u0412\u0410\u041d\u0414\u041e\u0412\u042b\u0415 \u041f\u041e\u041b\u042f\" width=\"600\" height=\"432\" srcset=\"https:\/\/perfectvenue.es\/wp-content\/uploads\/2021\/06\/Svadba-v-lavandovij-poliaj.jpg?v=1626101685 600w, https:\/\/perfectvenue.es\/wp-content\/uploads\/2021\/06\/Svadba-v-lavandovij-poliaj-300x216.jpg?v=1626101685 300w, https:\/\/perfectvenue.es\/wp-content\/uploads\/2021\/06\/Svadba-v-lavandovij-poliaj-450x324.jpg?v=1626101685 450w\" sizes=\"auto, (max-width: 600px) 100vw, 600px\" \/><figcaption id=\"caption-attachment-32156\" class=\"wp-caption-text\">Photo via <a href=\"https:\/\/nataliaortizevents.com\">Weddings and Events by Natalia Ortiz<\/a><\/figcaption><\/figure>\n<h3 style=\"text-align: justify;\"><span style=\"font-weight: 400;\">La mejor vestimenta para llevar en los campos de lavanda<\/span><\/h3>\n<p style=\"text-align: justify;\"><span style=\"font-weight: 400;\">La vestimenta es siempre muy importante cuando se hace una sesi\u00f3n de fotos. As\u00ed que, para evitar que os llamen la atenci\u00f3n, te aconsejamos que lleves una combinaci\u00f3n de tonos blancos para que destaqu\u00e9is sobre el morado. \u00a1Y quedar\u00e1 incre\u00edble con el pelo suelto y un maquillaje natural! Adem\u00e1s, tenemos algunos profesionales que har\u00e1n todo esto por ti.<\/span><\/p>\n<h2><span style=\"font-weight: 400;\">La propuesta de matrimonio en el Campo de Lavanda incluye:<\/span><\/h2>\n<ul>\n<li><span style=\"font-weight: 400;\">Picnic (fruta, cava, almohadas\/cojines\/ mesa de picnic, platos y cubiertos)<\/span><\/li>\n<li><span style=\"font-weight: 400;\">Decoraci\u00f3n de p\u00e9talos de rosa y letras Will You Marry Me<\/span><\/li>\n<li>Fot\u00f3grafo<\/li>\n<li><span style=\"font-weight: 400;\">Planificaci\u00f3n de la pedida de mano y coordinaci\u00f3n del d\u00eda<\/span><\/li>\n<\/ul>\n<p><strong>Precio total: \u20ac550<\/strong><\/p>\n<p><span class=\"aligncenter\"><img loading=\"lazy\" decoding=\"async\" class=\"size-full wp-image-35192 aligncenter\" src=\"https:\/\/perfectvenue.es\/wp-content\/uploads\/2022\/06\/Lavender-picnic-madrid.png\" alt=\"\" width=\"537\" height=\"528\" srcset=\"https:\/\/perfectvenue.es\/wp-content\/uploads\/2022\/06\/Lavender-picnic-madrid.png?v=1655379417 537w, https:\/\/perfectvenue.es\/wp-content\/uploads\/2022\/06\/Lavender-picnic-madrid-300x295.png?v=1655379417 300w, https:\/\/perfectvenue.es\/wp-content\/uploads\/2022\/06\/Lavender-picnic-madrid-450x442.png?v=1655379417 450w\" sizes=\"auto, (max-width: 537px) 100vw, 537px\" \/><\/span><\/p>\n<h3><span style=\"font-weight: 400;\">Podr\u00e1s a\u00f1adir:<\/span><\/h3>\n<ul>\n<li><span style=\"font-weight: 400;\">V\u00eddeo &#8211; precio a consultar<\/span><\/li>\n<li><span style=\"font-weight: 400;\">Musician- precio a consultar<\/span><\/li>\n<li><span style=\"font-weight: 400;\">Ramo de flores- precio a consultar<\/span><\/li>\n<li><span style=\"font-weight: 400;\">Transporte desde Madrid- precio a consultar<\/span><\/li>\n<\/ul>\n<p><span class=\"aligncenter\"><img loading=\"lazy\" decoding=\"async\" class=\"size-full wp-image-35194 aligncenter\" src=\"https:\/\/perfectvenue.es\/wp-content\/uploads\/2022\/06\/lavender-marriage-proposal-spain.png\" alt=\"\" width=\"407\" height=\"529\" srcset=\"https:\/\/perfectvenue.es\/wp-content\/uploads\/2022\/06\/lavender-marriage-proposal-spain.png?v=1655379598 407w, https:\/\/perfectvenue.es\/wp-content\/uploads\/2022\/06\/lavender-marriage-proposal-spain-231x300.png?v=1655379598 231w\" sizes=\"auto, (max-width: 407px) 100vw, 407px\" \/><\/span><\/p>\n<h2 style=\"text-align: justify;\"><span style=\"font-weight: 400;\">Facilidad de pago<\/span><\/h2>\n<p style=\"text-align: justify;\"><span style=\"font-weight: 400;\">S\u00ed, no es necesario pagar el importe total de la experiencia. <strong>S\u00f3lo es necesario reservarla con 300\u20ac de pago y el resto se entrega el d\u00eda del evento.<\/strong><\/span><\/p>\n<p style=\"text-align: justify;\"><span style=\"font-weight: 400;\">\u00a1Comodidad para ti!<\/span><\/p>\n<p>*Las tarifas no son reembolsables si el evento se cancela por cualquier motivo.<\/p>\n<p style=\"text-align: justify;\"><span style=\"font-weight: 400;\">Si quieres vivir la experiencia de volver a casa comprometido con tu pareja, en <strong>Perfect Venue<\/strong>, de la mano de la mejor organizadora de eventos de Madrid &#8211; Natalia Ortiz, te organizamos todo esto. S\u00f3lo tienes que ponerte en contacto con nosotros y luego s\u00f3lo tienes que disfrutar, \u00a1y tu pareja no sospechar\u00e1 nada!<\/span><\/p>\n<p style=\"text-align: justify;\"><span style=\"font-weight: 400;\">\u00a1Te esperamos! Porque no hay nada m\u00e1s maravilloso que pasar el resto de tu vida con la persona que te hace sentir tan especial.<\/span><\/p>\n<p><\/p>","protected":false},"excerpt":{"rendered":"<p style=\"text-align: justify;\"><span style=\"font-weight: 400;\">Imag\u00ednatelo. Estar de picnic con una copa de vino, disfrutando del atardecer. O a lo mejor prefieres la idea de pasear por campos de lavanda.<\/span><\/p>\n","protected":false},"featured_media":35194,"comment_status":"closed","ping_status":"closed","template":"","meta":[],"class_list":["post-35189","product","type-product","status-publish","has-post-thumbnail","hentry","product_cat-marriage-proposal-packages","product_tag-lavender-field-marriage-proposal"],"_links":{"self":[{"href":"https:\/\/perfectvenue.es\/es\/wp-json\/wp\/v2\/product\/35189","targetHints":{"allow":["GET"]}}],"collection":[{"href":"https:\/\/perfectvenue.es\/es\/wp-json\/wp\/v2\/product"}],"about":[{"href":"https:\/\/perfectvenue.es\/es\/wp-json\/wp\/v2\/types\/product"}],"replies":[{"embeddable":true,"href":"https:\/\/perfectvenue.es\/es\/wp-json\/wp\/v2\/comments?post=35189"}],"wp:featuredmedia":[{"embeddable":true,"href":"https:\/\/perfectvenue.es\/es\/wp-json\/wp\/v2\/media\/35194"}],"wp:attachment":[{"href":"https:\/\/perfectvenue.es\/es\/wp-json\/wp\/v2\/media?parent=35189"}],"curies":[{"name":"wp","href":"https:\/\/api.w.org\/{rel}","templated":true}]}}