{"id":34784,"date":"2022-06-10T13:47:36","date_gmt":"2022-06-10T10:47:36","guid":{"rendered":"http:\/\/perfectvenue.es\/?post_type=product&#038;p=34784"},"modified":"2026-02-17T12:16:54","modified_gmt":"2026-02-17T09:16:54","slug":"your-tailor-made-wedding-anniversary-an-experience-that-you-need-to-have","status":"publish","type":"product","link":"https:\/\/perfectvenue.es\/es\/product\/your-tailor-made-wedding-anniversary-an-experience-that-you-need-to-have\/","title":{"rendered":"Tu aniversario de boda a medida, una experiencia que necesitas"},"content":{"rendered":"<p><\/p>\n<p style=\"text-align: justify;\"><span style=\"font-weight: 400;\">Los <\/span><b>aniversarios de boda<\/b><span style=\"font-weight: 400;\"> son sumamente importantes para ti y para tu pareja, ya que estos son un momento genial para celebrar vuestra historia de amor, vuestros a\u00f1os de casados y los a\u00f1os que seguir\u00e9is compartiendo juntos en el futuro. Por ello, no puedes quedarte sin celebrarlo.<\/span><\/p>\n<p style=\"text-align: justify;\"><span style=\"font-weight: 400;\">Si no tienes tiempo de organizarlo bien, o no tienes muchas ideas, <\/span><b>planificamos por ti tu aniversario<\/b><span style=\"font-weight: 400;\"> de la manera m\u00e1s rom\u00e1ntica y \u00fanica, dependiendo de lo que a vosotros m\u00e1s os guste. \u00a1Y es tan sencillo como reservar esta experiencia!<\/span><\/p>\n<p style=\"text-align: justify;\"><span style=\"font-weight: 400;\">Puedes organizar un aniversario por todo lo alto, montando el fiest\u00f3n del siglo o, por el contrario, puede ser todo lo sencillo y simple que t\u00fa desees.<\/span><\/p>\n<p style=\"text-align: justify;\"><span style=\"font-weight: 400;\">As\u00ed que, si necesitas ayuda para que preparemos un plan personalizado, \u00a1haz clic y reserva!<\/span><\/p>\n<h3 style=\"text-align: justify;\">Cu\u00e9ntanos tus gustos<\/h3>\n<p style=\"text-align: justify;\"><span style=\"font-weight: 400;\">Para que tengas el mejor aniversario de bodas, nada mejor que conocernos y desgranar vuestra esencia: lo que sois, vuestros gustos y aficiones, vuestra manera de ser, etc. As\u00ed, con ello, podremos <\/span><b>organizar vuestro aniversario de la manera m\u00e1s especial y que sea m\u00e1s acorde a vosotros.<\/b><\/p>\n<p style=\"text-align: justify;\"><span style=\"font-weight: 400;\">Nos encanta conocer a nuestras parejas desde el lado m\u00e1s personal y pensar que es lo que le encajar\u00eda mejor a cada una, \u00a1Porque <\/span><b>no hay dos parejas iguales<\/b><span style=\"font-weight: 400;\">! Por lo que dos aniversarios iguales tampoco.<\/span><\/p>\n<h3 style=\"text-align: justify;\">Tu aniversario personalizado<\/h3>\n<p style=\"text-align: justify;\"><span style=\"font-weight: 400;\">S\u00ed, crearemos por ti tu aniversario de boda, organiz\u00e1ndolo todo de la manera m\u00e1s personalizada para que este <\/span><b>se ajuste a vuestro estilo, personalidad, aficiones, presupuesto, ubicaci\u00f3n, etc.<\/b><\/p>\n<p style=\"text-align: justify;\"><span style=\"font-weight: 400;\">Adem\u00e1s de la organizaci\u00f3n de tu aniversario de bodas, tambi\u00e9n a\u00f1adiremos todos los detalles que quer\u00e1is que os acompa\u00f1en, como hoteles, entornos rom\u00e1nticos, transporte, actividades y hasta regalos.<\/span><\/p>\n<p style=\"text-align: justify;\"><span style=\"font-weight: 400;\">Si quer\u00e9is contar con decoraci\u00f3n, catering, hacerlo en vuestra casa o en otro espacio, realizaros un masaje, degustar una cena rom\u00e1ntica, practicar vuestro deporte preferido, dar un paseo a caballo\u2026 <\/span><b>dependiendo de vosotros, podemos incluirlo todo.<\/b><\/p>\n<h3 style=\"text-align: justify;\">Un aniversario lleno de experiencias<\/h3>\n<p style=\"text-align: justify;\"><span style=\"font-weight: 400;\">Y es que, seg\u00fan vuestros gustos o aficiones, <\/span><b>adem\u00e1s de organizarte el aniversario podemos, aparte, conseguir que vivas un aniversario \u00fanico viviendo la experiencia que mejor os defina o mejor os haga sentir.<\/b><\/p>\n<p style=\"text-align: justify;\"><span style=\"font-weight: 400;\">Si sois de relax, <\/span><span style=\"font-weight: 400;\">el Castillo del Buen Amor es perfecto para una cena rom\u00e1ntica con vistas<\/span><span style=\"font-weight: 400;\">; si os encantan las alturas, nada como <\/span><a href=\"http:\/\/perfectvenue.es\/product\/deja-volar-imaginacion-disfruta-del-encanto-salmantino\/\"><span style=\"font-weight: 400;\">vuelo en globo por Salamanca<\/span><\/a><span style=\"font-weight: 400;\">; si lo vuestro es la h\u00edpica, <\/span><a href=\"http:\/\/perfectvenue.es\/listings\/horse-riding-route-in-huelva\/\"><span style=\"font-weight: 400;\">montar a caballo en las playas de Huelva<\/span><\/a><span style=\"font-weight: 400;\"> no os dejar\u00e1 indiferentes; si os apasiona la adrenalina y la emoci\u00f3n, lo vuestro ser\u00e1 <a href=\"http:\/\/perfectvenue.es\/product\/sobrevuela-tus-expectativas-madrid-barcelona\/\">sobrevolar en helic\u00f3ptero el cielo de Madrid o de Barcelona<\/a><\/span><span style=\"font-weight: 400;\">; mientras que, si quer\u00e9is tranquilidad y paz, nada mejor que dar un <\/span><span style=\"font-weight: 400;\">paseo en <a href=\"http:\/\/perfectvenue.es\/product\/plan-rustico-mas-dulce-orillas-del-canal\/\">barca de remos en el Canal de Castilla<\/a><\/span><span style=\"font-weight: 400;\">\u2026<\/span><\/p>\n<p style=\"text-align: justify;\"><span style=\"font-weight: 400;\">Como ves, \u00a1<\/span><b>Tenemos los mejores planes para vosotros<\/b><span style=\"font-weight: 400;\">!<\/span><\/p>\n<h3 style=\"text-align: justify;\">Paquete de organizaci\u00f3n de aniversario al completo<\/h3>\n<p style=\"text-align: justify;\"><span style=\"font-weight: 400;\">Si, adem\u00e1s de organizarte el aniversario, tambi\u00e9n quieres que salga perfecto y hagamos el resto por ti, solo tienes que comunic\u00e1rnoslo para <\/span><b>ofrecerte la experiencia al completo<\/b><span style=\"font-weight: 400;\">.<\/span><\/p>\n<p style=\"text-align: justify;\"><span style=\"font-weight: 400;\">De esta manera, adem\u00e1s de la organizaci\u00f3n tambi\u00e9n decoraremos el lugar, crearemos escenarios de cuento, reservaremos por ti tu alojamiento, tu fot\u00f3grafo profesional para que no te quedes sin tus fotos para el recuerdo, configuraremos ramos de flores de ensue\u00f1o, y reservaremos las actividades m\u00e1s memorables para hacer en pareja.<\/span><\/p>\n<p><span class=\"alignnone\"><img loading=\"lazy\" decoding=\"async\" class=\"alignnone size-full wp-image-29847\" src=\"http:\/\/perfectvenue.es\/wp-content\/uploads\/2020\/12\/Helicopter-Tour-Barcelona-6.jpeg\" alt=\"\" width=\"1000\" height=\"625\" \/><\/span><\/p>\n<h3 style=\"text-align: justify;\">Nosotros organizamos, y t\u00fa disfrutas<\/h3>\n<p style=\"text-align: justify;\"><span style=\"font-weight: 400;\">No tendr\u00e1s que preocuparte por nada de la organizaci\u00f3n, ya que con esta experiencia <\/span><b>nos encargaremos de hacer todo por ti.<\/b><span style=\"font-weight: 400;\"> \u00a1T\u00fa solamente tendr\u00e1s que esperar con mucha ilusi\u00f3n a que llegue el d\u00eda y disfrutarlo al m\u00e1ximo!<\/span><\/p>\n<p style=\"text-align: justify;\"><span style=\"font-weight: 400;\">Conf\u00eda en nosotros para organizar tu aniversario de bodas, \u00a1Estamos deseando formar parte de un d\u00eda como este!<\/span><\/p>\n<h3 style=\"text-align: justify;\">Pago f\u00e1cil, r\u00e1pido y c\u00f3modo<\/h3>\n<p style=\"text-align: justify;\"><span style=\"font-weight: 400;\">S\u00ed, puedes reservar la experiencia de que organicemos por ti tu aniversario de bodas con tan solo hacer un <\/span><b>clic en nuestra p\u00e1gina web<\/b><span style=\"font-weight: 400;\">. Al reservar, pagar\u00e1s una se\u00f1al.<\/span><\/p>\n<p style=\"text-align: justify;\"><span style=\"font-weight: 400;\"><strong>Recuerda que solo se reserva y se paga la organizaci\u00f3n<\/strong>, el resto de servicios van aparte, pero, evidentemente, haznos saber qu\u00e9 m\u00e1s quieres que preparemos por ti en tu aniversario de bodas.<\/span><\/p>\n<p style=\"text-align: justify;\"><span style=\"font-weight: 400;\">Destacar que <\/span><b>la reserva tiene que ser como m\u00ednimo siete d\u00edas antes de la fecha elegida para la celebraci\u00f3n<\/b><span style=\"font-weight: 400;\"> y, si son menos d\u00edas antes de reservar tendr\u00e1s que consultarnoslo.<\/span><\/p>\n<p style=\"text-align: justify;\"><span style=\"font-weight: 400;\">\u00a0<\/span><\/p>\n<p style=\"text-align: justify;\"><span style=\"font-weight: 400;\">Si quieres organizar tu aniversario de la mano de <\/span><b>Perfect Venue<\/b><span style=\"font-weight: 400;\"> ya te aseguramos de que ser\u00e1 inolvidable y de que <\/span><b>cada a\u00f1o querr\u00e1s repetir.<\/b><\/p>\n<p style=\"text-align: justify;\"><span style=\"font-weight: 400;\">\u00a1Cuidamos al m\u00e1ximo cada detalle y la felicidad de nuestras parejas es uno de nuestros objetivos!<\/span><\/p>\n<p style=\"text-align: justify;\"><b>\u00a1Haz clic ya y reserva! <\/b>+34 722 476 027<\/p>\n<p><\/p>","protected":false},"excerpt":{"rendered":"<p style=\"text-align: justify;\"><span style=\"font-weight: 400;\">Si no tienes tiempo de organizarlo bien, o no tienes muchas ideas, organizamos por ti la experiencia de celebrar tu aniversario de bodas.<\/span><\/p>\n","protected":false},"featured_media":32516,"comment_status":"closed","ping_status":"closed","template":"","meta":[],"class_list":["post-34784","product","type-product","status-publish","has-post-thumbnail","hentry","product_cat-perfect-plan","product_tag-boda-aniversario","product_tag-boda-aniversario-original","product_tag-spanish-wedding-anniversary","product_tag-wedding-anniversary","product_tag-5134"],"jetpack_sharing_enabled":true,"_links":{"self":[{"href":"https:\/\/perfectvenue.es\/es\/wp-json\/wp\/v2\/product\/34784","targetHints":{"allow":["GET"]}}],"collection":[{"href":"https:\/\/perfectvenue.es\/es\/wp-json\/wp\/v2\/product"}],"about":[{"href":"https:\/\/perfectvenue.es\/es\/wp-json\/wp\/v2\/types\/product"}],"replies":[{"embeddable":true,"href":"https:\/\/perfectvenue.es\/es\/wp-json\/wp\/v2\/comments?post=34784"}],"wp:featuredmedia":[{"embeddable":true,"href":"https:\/\/perfectvenue.es\/es\/wp-json\/wp\/v2\/media\/32516"}],"wp:attachment":[{"href":"https:\/\/perfectvenue.es\/es\/wp-json\/wp\/v2\/media?parent=34784"}],"curies":[{"name":"wp","href":"https:\/\/api.w.org\/{rel}","templated":true}]}}