{"id":34737,"date":"2022-06-08T14:46:58","date_gmt":"2022-06-08T11:46:58","guid":{"rendered":"https:\/\/perfectvenue.es\/?post_type=product&#038;p=34737"},"modified":"2022-06-08T14:50:13","modified_gmt":"2022-06-08T11:50:13","slug":"private-chef-in-your-villa-an-exclusive-experience-to-enjoy-across-spain","status":"publish","type":"product","link":"https:\/\/perfectvenue.es\/es\/product\/private-chef-in-your-villa-an-exclusive-experience-to-enjoy-across-spain\/","title":{"rendered":"Chef privado en tu villa: una experiencia exclusiva de la que disfrutar en toda Espa\u00f1a"},"content":{"rendered":"<p><\/p>\n<p style=\"text-align: justify;\"><span style=\"font-weight: 400;\">Si lo tuyo no es cocinar, pero s\u00ed comer, y quieres disfrutar de una experiencia gastron\u00f3mica en la comodidad del hogar, sin duda lo tuyo es contratar a un <\/span><b>chef privado en tu villa<\/b><span style=\"font-weight: 400;\">.<\/span><\/p>\n<p style=\"text-align: justify;\"><span style=\"font-weight: 400;\">Tanto si quieres una cena rom\u00e1ntica, invitar a tus amigos a una comida, celebrar un acontecimiento especial en familia, sin duda contratar a un chef te salvar\u00e1 de un gran apuro.<\/span><\/p>\n<p style=\"text-align: justify;\"><span style=\"font-weight: 400;\">El chef y su equipo de profesionales de la cocina <\/span><b>realizar\u00e1n todo por ti<\/b><span style=\"font-weight: 400;\">, adem\u00e1s <\/span><b>se encuentran por toda Espa\u00f1a<\/b><span style=\"font-weight: 400;\">, pa\u00eds que ha visto nacer a los mejores cocineros de todo el mundo.<\/span><\/p>\n<p style=\"text-align: justify;\"><span style=\"font-weight: 400;\">Ya sea para un fin de semana, durante las vacaciones o solamente para una noche especial, contar con un <\/span><b>chef privado en tu villa<\/b><span style=\"font-weight: 400;\"> es posible y en este art\u00edculo te contamos todo acerca de esta incre\u00edble experiencia.<\/span><\/p>\n<p style=\"text-align: justify;\"><span style=\"font-weight: 400;\">\u00a1Ponte c\u00f3modo que empezamos! Eso s\u00ed, no nos hacemos responsables de las veces que se te har\u00e1 la boca agua.<\/span><\/p>\n<h3 style=\"text-align: justify;\">La experiencia de convertir tu villa en un restaurante<\/h3>\n<p style=\"text-align: justify;\"><span style=\"font-weight: 400;\">No hay nada m\u00e1s exclusivo que contar con chef privado y ver como tu villa se llena de un equipo profesional como si de un restaurante se tratase.<\/span><\/p>\n<p style=\"text-align: justify;\"><span style=\"font-weight: 400;\">El chef llegar\u00e1 con bastante tiempo de antelaci\u00f3n para desarrollar el men\u00fa que hay\u00e1is dise\u00f1ado juntos. Este y su equipo <\/span><b>se encargar\u00e1n de comprar todos los productos necesarios para su elaboraci\u00f3n, adem\u00e1s se ocupar\u00e1n del servicio de mesa<\/b><span style=\"font-weight: 400;\">, explicando los detalles de cada plato para que pod\u00e1is disfrutar de una experiencia \u00fanica en la comodidad tu villa.<\/span><\/p>\n<p style=\"text-align: justify;\"><span style=\"font-weight: 400;\">Y lo mejor es que antes de marcharse, el chef y su equipo <\/span><b>dejar\u00e1n la cocina impecable<\/b><span style=\"font-weight: 400;\">, as\u00ed como los utensilios y vajilla utilizados.<\/span><\/p>\n<p style=\"text-align: justify;\"><span style=\"font-weight: 400;\">Un servicio discreto y profesional, para garantizar que disfrut\u00e1is de vuestra compa\u00f1\u00eda sin preocuparos de nada. \u00a1Disfruta de una sobremesa sin prisas, sabiendo que el chef se ha encargado de todo!<\/span><\/p>\n<p style=\"text-align: justify;\"><span style=\"font-weight: 400;\">Adem\u00e1s, si eres un apasionado de la cocina, aprovecha esta gran oportunidad para aprender junto a un reputado chef mientras prepara el men\u00fa. \u00a12&#215;1!<\/span><\/p>\n<h3 style=\"text-align: justify;\">Contrata un chef privado en tu villa para tu evento<\/h3>\n<p style=\"text-align: justify;\"><span style=\"font-weight: 400;\">Como hemos mencionado anteriormente, a un chef privado puedes contratarlo tanto para una cena de pareja, como de amigos o familiares, pero si quieres ir m\u00e1s all\u00e1, <\/span><b>tambi\u00e9n puedes contratarlo para un evento a gran escala en tu villa.<\/b><\/p>\n<p style=\"text-align: justify;\"><span style=\"font-weight: 400;\">Hay cantidad de chefs privados que puedes contratar para un evento o una fiesta, los cuales proceder\u00e1n de la misma manera que si es para un evento m\u00e1s reducido: se desplazar\u00e1 al lugar con todo lo necesario, servir\u00e1 la comida y despu\u00e9s dejar\u00e1 tu cocina impoluta.<\/span><\/p>\n<p style=\"text-align: justify;\"><span style=\"font-weight: 400;\">\u00a1Solo tienes que decirle el n\u00famero de comensales que ser\u00e9is y ellos se encargan de todo lo dem\u00e1s! Y t\u00fa, mientras tanto, solo de disfrutar de ser el anfitri\u00f3n.<\/span><\/p>\n<h3 style=\"text-align: justify;\">Grandes chefs por toda Espa\u00f1a<\/h3>\n<p style=\"text-align: justify;\"><span style=\"font-weight: 400;\">\u00a1No hay fronteras entre Comunidades Aut\u00f3nomas! Y es que hay infinidad de chefs en todo el pa\u00eds.<\/span><\/p>\n<p style=\"text-align: justify;\"><span style=\"font-weight: 400;\">Estos <\/span><b>se trasladan para trabajar en cualquier regi\u00f3n en la que les necesites<\/b><span style=\"font-weight: 400;\"> sea cual sea el lugar en el que tengas tu villa: la Comunidad Valenciana, Madrid, Andaluc\u00eda, el Pa\u00eds Vasco\u2026 \u00a1No hay l\u00edmites!<\/span><\/p>\n<p style=\"text-align: justify;\"><span style=\"font-weight: 400;\">Cabe destacar que los men\u00fas se hacen conjuntamente con el cliente y que estos elaboran platos de todos los tipos teniendo siempre en consideraci\u00f3n posibles alergias y preferencias.<\/span><\/p>\n<h3 style=\"text-align: justify;\">Los cocineros espa\u00f1oles triunfan en todo el mundo<\/h3>\n<p style=\"text-align: justify;\"><span style=\"font-weight: 400;\">La cocina espa\u00f1ola es una de las gastronom\u00edas mejor reconocidas por todo el que la conoce y la ha podido probar y, junto a ella, han aparecido <\/span><b>grandes cocineros espa\u00f1oles que han hecho historia.<\/b><\/p>\n<p style=\"text-align: justify;\"><span style=\"font-weight: 400;\">En Espa\u00f1a encontramos chefs de gran reconocimiento que no solamente se les considera los mejores chefs de Espa\u00f1a, sino que sus nombres se encuentran enmarcados entre <\/span><b>los mejores del mundo<\/b><span style=\"font-weight: 400;\">, los cuales han conseguido conquistar los paladares de millones de personas.<\/span><\/p>\n<p style=\"text-align: justify;\"><span style=\"font-weight: 400;\">Los chefs de nuestro pa\u00eds continuamente se reinventan, buscan nuevas t\u00e9cnicas, sabores y productos con los que alcanzar el s\u00fammum, lo que ha provocado que muchos de ellos cuenten con premios importantes como la Gu\u00eda Repsol, estrellas Michelin, Premios Zagat, etc.<\/span><\/p>\n<p style=\"text-align: justify;\"><span style=\"font-weight: 400;\">Ya sea por los productos, la creatividad, la t\u00e9cnica, el servicio&#8230;\u00a0 <\/span><b>La gastronom\u00eda espa\u00f1ola triunfa hasta en \u2018The Best Chef Awards\u2019, ya que hasta el mejor chef del mundo es espa\u00f1ol.<\/b><\/p>\n<h3 style=\"text-align: justify;\">Chefs especializados en todas las gastronom\u00edas<\/h3>\n<p style=\"text-align: justify;\"><span style=\"font-weight: 400;\">Cuando viajamos alrededor del mundo, adem\u00e1s de buscar preciosos paisajes, lugares hist\u00f3ricos o un paraje m\u00e1gico, tambi\u00e9n queremos comer bien. Por ello el turismo gastron\u00f3mico tiene cada vez m\u00e1s adeptos.<\/span><\/p>\n<p style=\"text-align: justify;\"><span style=\"font-weight: 400;\">Pues ahora contratar <\/span><b>un chef privado en tu villa har\u00e1 que viajes gastron\u00f3micamente sin salir de casa<\/b><span style=\"font-weight: 400;\">, ya que los chefs que hay por toda la geograf\u00eda espa\u00f1ola est\u00e1n especializados en todo tipo de gastronom\u00edas.<\/span><\/p>\n<p style=\"text-align: justify;\"><span style=\"font-weight: 400;\">As\u00ed pues, no dejar\u00e1s de sorprender con ricos platos de la gastronom\u00eda que quieras: <\/span><b>japonesa, tailandesa, estadounidense, mexicana, china, italiana, francesa\u2026<\/b><\/p>\n<p style=\"text-align: justify;\"><span style=\"font-weight: 400;\">\u00a1Sea cual sea la regi\u00f3n con la que quieras viajar con tu paladar, tu chef privado te trasladar\u00e1 con los aromas y sabores!<\/span><\/p>\n<h3 style=\"text-align: justify;\">Contar con un chef privado son todo ventajas<\/h3>\n<p style=\"text-align: justify;\"><span style=\"font-weight: 400;\">\u00bfAcaso se te ocurre alguna desventaja? \u00a1A nosotros tampoco! Porque vivir esta <\/span><b>experiencia har\u00e1 que te olvides del estr\u00e9s de dise\u00f1ar un men\u00fa, ir a comprarlo, cocinarlo, servirlo, limpiar todo despu\u00e9s\u2026<\/b><\/p>\n<p style=\"text-align: justify;\"><span style=\"font-weight: 400;\">\u00a1El mismo chef se encarga de todo! Una experiencia \u00fanica y exclusiva que pocos pueden decir que han vivido y con la que, sin duda, sorprender\u00e1s a tu pareja, a tus amigos o familiares con unos platos de rechupete y un servicio inmejorable.<\/span><\/p>\n<h3 style=\"text-align: justify;\">Un plan muy \u201cPerfect\u201d<\/h3>\n<p style=\"text-align: justify;\"><span style=\"font-weight: 400;\">Si est\u00e1is cansados de hacer siempre los mismos planes y est\u00e1is inmersos en la rutina del d\u00eda a d\u00eda, en Perfect Venue tenemos un mont\u00f3n de planes para mantener viva la ilusi\u00f3n y las ganas, ya sea en pareja, en familia, o con amigos, tenemos \u201c<\/span><b>The Perfect Plan<\/b><span style=\"font-weight: 400;\">\u201d.<\/span><\/p>\n<p style=\"text-align: justify;\"><span style=\"font-weight: 400;\">Adem\u00e1s de disfrutar del servicio de un <\/span><b>chef privado en tu villa<\/b><span style=\"font-weight: 400;\">, tambi\u00e9n puedes realizar <\/span><a href=\"https:\/\/perfectvenue.es\/es\/product\/yoga-classes-by-the-sea-in-mallorca-a-plan-to-keep-your-body-mind-and-soul-healthy\/\"><b>clases de yoga frente al mar en Mallorca<\/b><\/a><span style=\"font-weight: 400;\">, <\/span><b><a href=\"https:\/\/perfectvenue.es\/es\/product\/deja-volar-imaginacion-disfruta-del-encanto-salmantino\/\">volar en globo<\/a>, realizar catas de vino, <a href=\"https:\/\/perfectvenue.es\/es\/product\/protagonistas-modelos-dia\/\">pasar un d\u00eda con una personal shopper<\/a>, <a href=\"https:\/\/perfectvenue.es\/es\/product\/sobrevuela-tus-expectativas-madrid-barcelona\/\">volar en helic\u00f3ptero<\/a>\u2026<\/b><span style=\"font-weight: 400;\"> Y lo mejor es que adaptamos cada plan a vuestra medida, seg\u00fan vuestros gustos y preferencias.<\/span><\/p>\n<p style=\"text-align: justify;\"><span style=\"font-weight: 400;\">\u00a0<\/span><\/p>\n<p style=\"text-align: justify;\"><span style=\"font-weight: 400;\">Estamos a vuestra disposici\u00f3n para escuchar vuestras ilusiones y deseos y tratar de ofreceros vuestro plan m\u00e1s perfecto para que todos vuestros sue\u00f1os se hagan realidad. \u00a1Cont\u00e1ctanos para que nos pongamos en marcha para que tu experiencia resulte m\u00e1s que exitosa! <\/span>+34 722 476 027<\/p>\n<p><\/p>","protected":false},"excerpt":{"rendered":"<p style=\"text-align: justify;\"><span style=\"font-weight: 400;\">Contar con un chef privado en tu villa es uno de los tantos planes exclusivos que puedes vivir de la mano de Perfect Venue.<\/span><\/p>\n","protected":false},"featured_media":23370,"comment_status":"closed","ping_status":"closed","template":"","meta":[],"class_list":["post-34737","product","type-product","status-publish","has-post-thumbnail","hentry","product_cat-perfect-plan","product_tag-chef-privado-espana","product_tag-private-chef-spain","product_tag-5126"],"_links":{"self":[{"href":"https:\/\/perfectvenue.es\/es\/wp-json\/wp\/v2\/product\/34737","targetHints":{"allow":["GET"]}}],"collection":[{"href":"https:\/\/perfectvenue.es\/es\/wp-json\/wp\/v2\/product"}],"about":[{"href":"https:\/\/perfectvenue.es\/es\/wp-json\/wp\/v2\/types\/product"}],"replies":[{"embeddable":true,"href":"https:\/\/perfectvenue.es\/es\/wp-json\/wp\/v2\/comments?post=34737"}],"wp:featuredmedia":[{"embeddable":true,"href":"https:\/\/perfectvenue.es\/es\/wp-json\/wp\/v2\/media\/23370"}],"wp:attachment":[{"href":"https:\/\/perfectvenue.es\/es\/wp-json\/wp\/v2\/media?parent=34737"}],"curies":[{"name":"wp","href":"https:\/\/api.w.org\/{rel}","templated":true}]}}