{"id":34736,"date":"2022-06-08T14:59:22","date_gmt":"2022-06-08T11:59:22","guid":{"rendered":"https:\/\/perfectvenue.es\/?post_type=product&#038;p=34736"},"modified":"2026-02-17T11:28:33","modified_gmt":"2026-02-17T08:28:33","slug":"surf-classes-in-spain-an-experience-full-of-energy-and-adrenaline","status":"publish","type":"product","link":"https:\/\/perfectvenue.es\/es\/product\/surf-classes-in-spain-an-experience-full-of-energy-and-adrenaline\/","title":{"rendered":"Clases de surf en Espa\u00f1a, una experiencia llena de energ\u00eda y adrenalina"},"content":{"rendered":"<p><\/p>\n<p style=\"text-align: justify;\"><span style=\"font-weight: 400;\">Las <\/span><b>clases de surf<\/b><span style=\"font-weight: 400;\"> son una experiencia \u00fanica con la que, adem\u00e1s de disfrutar del sol y del mar, tambi\u00e9n practicas deporte. Ya sea porque quieres empezar desde cero o mejorar la t\u00e9cnica, estas clases son para todas las edades, \u00a1te llenar\u00e1 de energ\u00eda y adrenalina!<\/span><\/p>\n<p style=\"text-align: justify;\"><span style=\"font-weight: 400;\">Adem\u00e1s de iniciarte en el surf o de mejorar tu t\u00e9cnica si ya sabes surfear, realizando clases <\/span><b>disfrutar\u00e1s mientras aprendes<\/b><span style=\"font-weight: 400;\"> a comprender el mar, las corrientes, la formaci\u00f3n de olas, o los distintos tipos de rompientes.<\/span><\/p>\n<p style=\"text-align: justify;\"><span style=\"font-weight: 400;\">Si quieres disfrutar sobre la tabla, conocer el mar, manejar la tabla, interactuar con la naturaleza y deslizarte sobre las olas, esta es una<\/span><b> experiencia y un plan \u00fanico que no te puedes perder<\/b><span style=\"font-weight: 400;\">, \u00a1tanto en familia, como en pareja o con amigos!<\/span><\/p>\n<p style=\"text-align: justify;\"><span style=\"font-weight: 400;\">Sigue leyendo porque, en este art\u00edculo te contamos todo acerca de la experiencia de realizar <\/span><b>clases de surf<\/b><span style=\"font-weight: 400;\"> para que salgas del agua m\u00e1s que feliz.<\/span><\/p>\n<p style=\"text-align: justify;\"><span style=\"font-weight: 400;\">\u00a1Nos encanta la acci\u00f3n y las emociones fuertes!<\/span><\/p>\n<h3 style=\"text-align: justify;\">Espa\u00f1a, rodeada de las mejores olas para surfear<\/h3>\n<p style=\"text-align: justify;\"><span style=\"font-weight: 400;\">Tener la oportunidad de hacer un curso de surf en uno de los para\u00edsos naturales como son las aguas que rodean toda Espa\u00f1a es, cuanto menos, envidiable, y es que nuestro pa\u00eds cuenta con zonas \u00fanicas para coger olas.<\/span><\/p>\n<p style=\"text-align: justify;\"><span style=\"font-weight: 400;\">En nuestro pa\u00eds destacan destinos como la isla de <\/span><b>Fuerteventura o C\u00e1diz<\/b><span style=\"font-weight: 400;\">, para\u00edsos de los amantes del surf, tambi\u00e9n <\/span><b>Galicia, Cantabria, Asturias, Barcelona y el Pa\u00eds Vasco<\/b><span style=\"font-weight: 400;\"> acogen a cantidad de surferos, \u00a1y es que la pen\u00ednsula est\u00e1 rodeada de agua y olas para practicar este deporte!<\/span><\/p>\n<p style=\"text-align: justify;\"><span style=\"font-weight: 400;\">Entre nuestros rincones favoritos est\u00e1n la playa de <\/span><b>Somo<\/b><span style=\"font-weight: 400;\">, en Cantabria, que es la cuna del surf en Espa\u00f1a; tambi\u00e9n el peque\u00f1o pueblo marinero de <\/span><b>Mundaka<\/b><span style=\"font-weight: 400;\">, el cual alberga la ola m\u00e1s famosa de Espa\u00f1a, considerada por muchos la mejor ola de toda Europa; <\/span><b>Zarautz<\/b><span style=\"font-weight: 400;\"> cuenta con una de las playas m\u00e1s emblem\u00e1ticas del Pa\u00eds Vasco y la m\u00e1s larga, y en sus aguas se han forjado los mejores surfistas del Cant\u00e1brico.<\/span><\/p>\n<p style=\"text-align: justify;\"><span style=\"font-weight: 400;\">\u00bfQui\u00e9n va a querer quedarse sin surfear en destinos como estos?<\/span><\/p>\n<h3 style=\"text-align: justify;\">En Espa\u00f1a contamos con grandes profesionales del surf<\/h3>\n<p style=\"text-align: justify;\"><span style=\"font-weight: 400;\">En nuestro pa\u00eds podr\u00e1s aprender a surfear, o mejorar tu t\u00e9cnica gracias a los instructores tan cualificados y experimentados que se encuentran alrededor de toda la geograf\u00eda espa\u00f1ola.<\/span><\/p>\n<p style=\"text-align: justify;\"><span style=\"font-weight: 400;\">Disponemos de <\/span><b>los monitores m\u00e1s experimentados y profesionales, con titulaci\u00f3n homologada por la federaci\u00f3n europea y espa\u00f1ola de surf y experiencia nacional e internacional<\/b><span style=\"font-weight: 400;\">, entre ellos, especialistas en salvamento y socorrismo, para que disfrutes de lleno desde el primer d\u00eda con total seguridad.<\/span><\/p>\n<p style=\"text-align: justify;\"><span style=\"font-weight: 400;\">\u00a1La diversi\u00f3n est\u00e1 garantizada! Adem\u00e1s, los monitores se adaptan a todas las edades y niveles, desde principiantes hasta avanzados.<\/span><\/p>\n<h3 style=\"text-align: justify;\">Clases de surf para iniciarse<\/h3>\n<p style=\"text-align: justify;\"><b>Si no tienes nociones previas al surf, lo tuyo son las clases de iniciaci\u00f3n<\/b><span style=\"font-weight: 400;\">, con las que aprender\u00e1s a surfear de una forma r\u00e1pida, f\u00e1cil, segura y divertida.<\/span><\/p>\n<p style=\"text-align: justify;\"><span style=\"font-weight: 400;\">Los instructores te ense\u00f1ar\u00e1n todas las reglas de seguridad y a respetar al resto de surfistas, adem\u00e1s te ense\u00f1ar\u00e1n acerca de las corrientes, la formaci\u00f3n de olas y los distintos tipos de rompientes y mareas, para que puedas surfear con independencia en cualquier playa.<\/span><\/p>\n<p style=\"text-align: justify;\"><span style=\"font-weight: 400;\">Adem\u00e1s, te ense\u00f1ar\u00e1n todo lo que debes de saber antes de entrar al agua, ya que es necesario seguir una serie de pasos para afrontar el ba\u00f1o lo m\u00e1s preparados posible. Te ense\u00f1ar\u00e1n estiramientos, calentamientos y respiraci\u00f3n.<\/span><\/p>\n<p style=\"text-align: justify;\"><span style=\"font-weight: 400;\">Tambi\u00e9n aprender\u00e1s a ponerse en pie sobre la tabla de surf, t\u00e9cnicas de remada, como remontar las olas (duck dive y eskimo-roll) y mucho m\u00e1s.<\/span><\/p>\n<h3 style=\"text-align: justify;\">Clases de surf para avanzar y mejorar<\/h3>\n<p style=\"text-align: justify;\"><b>Si lo que quieres es avanzar y mejorar tu t\u00e9cnica, tambi\u00e9n hay clases de surf m\u00e1s avanzadas, <\/b><span style=\"font-weight: 400;\">las cuales te ayudar\u00e1n a progresar, depurar tus fallos, mejorar tu t\u00e9cnica y consecuentemente disfrutar m\u00e1s de cada sesi\u00f3n.<\/span><\/p>\n<h3 style=\"text-align: justify;\">Clases de surf para perfeccionar<\/h3>\n<p style=\"text-align: justify;\"><b>Si tu nivel de surf es experimentado y quieres ampliar tu abanico de maniobras, potenciar tu surf o mejorar tu estilo, lo que necesitas son clases de surf de perfeccionamiento<\/b><span style=\"font-weight: 400;\">.<\/span><\/p>\n<p style=\"text-align: justify;\"><span style=\"font-weight: 400;\">Durante la jornada mejorar\u00e1s tu t\u00e9cnica tanto de cara como de espaldas, frontside y backside, as\u00ed como aprender\u00e1s la t\u00e9cnica de flexi\u00f3n y rotaci\u00f3n para ejecutar las maniobras de una forma correcta y controlada.<\/span><\/p>\n<p style=\"text-align: justify;\"><span style=\"font-weight: 400;\">Tambi\u00e9n recibir\u00e1s trucos y consejos para potenciar al m\u00e1ximo tus habilidades dentro del agua y aprender\u00e1s nuevos giros, corregir\u00e1s fallos y perfeccionar\u00e1s las maniobras b\u00e1sicas: Reentry, cutback, floater, etc.<\/span><\/p>\n<h3 style=\"text-align: justify;\">Clases de surf para competir<\/h3>\n<p style=\"text-align: justify;\"><b>Si quieres salir a competir en la t\u00e9cnica del surf, las clases de surf para competici\u00f3n tambi\u00e9n existen<\/b><span style=\"font-weight: 400;\">, \u00a1son un nivel m\u00e1s!<\/span><\/p>\n<p style=\"text-align: justify;\"><span style=\"font-weight: 400;\">Aprender\u00e1s a surfear en olas peque\u00f1as, medianas y grandes, sabr\u00e1s atacar las olas con mayor agresividad y control, visualizar\u00e1s las olas de principio a fin, sabr\u00e1s encadenar maniobras y c\u00f3mo llevar un buen ritmo durante todo el recorrido.<\/span><\/p>\n<p style=\"text-align: justify;\"><span style=\"font-weight: 400;\">Adem\u00e1s, conocer\u00e1s la t\u00e9cnica correcta a la hora de hacerse un tubo, la maniobra estrella en el surf, realizando las maniobras m\u00e1s radicales, como son los a\u00e9reos, giros con potencia o el reverse.<\/span><\/p>\n<h3 style=\"text-align: justify;\">El material, incluido en las clases<\/h3>\n<p style=\"text-align: justify;\"><span style=\"font-weight: 400;\">Cuando realices tus <\/span><b>clases de surf<\/b><span style=\"font-weight: 400;\"> dispondr\u00e1s de todo lo necesario para ello, ya que en todos lados disponen del mejor material de surf para alquilar para todos aquellos surfers que no pueden traer su material, o para todos los que quieren probar nuevas tablas de surf y nuevas sensaciones.<\/span><\/p>\n<p style=\"text-align: justify;\"><span style=\"font-weight: 400;\">Existen una gran cantidad y variedad en tablas de surf, paddle surf, trajes de neopreno, etc. y, por supuesto, <\/span><b>todo se renueva cada temporada para asegurar el perfecto estado de todo el material.<\/b><\/p>\n<h3 style=\"text-align: justify;\">Un plan muy \u201cPerfect\u201d<\/h3>\n<p style=\"text-align: justify;\"><span style=\"font-weight: 400;\">Si est\u00e1is cansados de hacer siempre los mismos planes y est\u00e1is inmersos en la rutina del d\u00eda a d\u00eda, en Perfect Venue tenemos un mont\u00f3n de planes para mantener viva la ilusi\u00f3n y las ganas, ya sea en pareja, en familia, o con amigos, tenemos \u201c<\/span><b>The Perfect Plan<\/b><span style=\"font-weight: 400;\">\u201d.<\/span><\/p>\n<p style=\"text-align: justify;\"><span style=\"font-weight: 400;\">Adem\u00e1s de disfrutar de unas <\/span><b>clases de surf<\/b><span style=\"font-weight: 400;\">, tambi\u00e9n puedes disfrutar del servicio de un <\/span><b>chef privado en tu villa<\/b><span style=\"font-weight: 400;\">, <\/span><b>realizar<\/b> <a href=\"https:\/\/perfectvenue.es\/es\/product\/yoga-classes-by-the-sea-in-mallorca-a-plan-to-keep-your-body-mind-and-soul-healthy\/\"><b>clases de yoga frente al mar en Mallorca<\/b><\/a><span style=\"font-weight: 400;\">, <\/span><b><a href=\"https:\/\/perfectvenue.es\/es\/product\/deja-volar-imaginacion-disfruta-del-encanto-salmantino\/\">volar en globo<\/a>, realizar catas de vino, <a href=\"https:\/\/perfectvenue.es\/es\/product\/protagonistas-modelos-dia\/\">pasar un d\u00eda con una personal shopper<\/a>, <a href=\"https:\/\/perfectvenue.es\/es\/product\/sobrevuela-tus-expectativas-madrid-barcelona\/\">volar en helic\u00f3ptero<\/a>\u2026<\/b><span style=\"font-weight: 400;\"> Y lo mejor es que adaptamos cada plan a vuestra medida, seg\u00fan vuestros gustos y preferencias.<\/span><\/p>\n<p style=\"text-align: justify;\"><span style=\"font-weight: 400;\">\u00a0<\/span><\/p>\n<p style=\"text-align: justify;\"><span style=\"font-weight: 400;\">Estamos a vuestra disposici\u00f3n para escuchar vuestras ilusiones y deseos y tratar de ofreceros vuestro plan m\u00e1s perfecto para que todos vuestros sue\u00f1os se hagan realidad. \u00a1Cont\u00e1ctanos para que nos pongamos en marcha para que tu experiencia resulte m\u00e1s que exitosa!<\/span><\/p>\n<p>+ 34 722 47 60 27<\/p>","protected":false},"excerpt":{"rendered":"<p style=\"text-align: justify;\"><span style=\"font-weight: 400;\">Llevar a cabo clases de surf es una de las tantas experiencias que puedes vivir de la mano de Perfect Venue.<\/span><\/p>\n","protected":false},"featured_media":35030,"comment_status":"closed","ping_status":"closed","template":"","meta":[],"class_list":["post-34736","product","type-product","status-publish","has-post-thumbnail","hentry","product_cat-things-to-do","product_tag-clases-de-surf","product_tag-clases-surf-espana","product_tag-surf-classes","product_tag-surf-classes-in-spain","product_tag-5122","product_tag-5123"],"_links":{"self":[{"href":"https:\/\/perfectvenue.es\/es\/wp-json\/wp\/v2\/product\/34736","targetHints":{"allow":["GET"]}}],"collection":[{"href":"https:\/\/perfectvenue.es\/es\/wp-json\/wp\/v2\/product"}],"about":[{"href":"https:\/\/perfectvenue.es\/es\/wp-json\/wp\/v2\/types\/product"}],"replies":[{"embeddable":true,"href":"https:\/\/perfectvenue.es\/es\/wp-json\/wp\/v2\/comments?post=34736"}],"wp:featuredmedia":[{"embeddable":true,"href":"https:\/\/perfectvenue.es\/es\/wp-json\/wp\/v2\/media\/35030"}],"wp:attachment":[{"href":"https:\/\/perfectvenue.es\/es\/wp-json\/wp\/v2\/media?parent=34736"}],"curies":[{"name":"wp","href":"https:\/\/api.w.org\/{rel}","templated":true}]}}