{"id":34580,"date":"2023-05-15T13:06:44","date_gmt":"2023-05-15T10:06:44","guid":{"rendered":"https:\/\/perfectvenue.es\/?post_type=product&#038;p=34580"},"modified":"2026-02-16T21:36:29","modified_gmt":"2026-02-16T18:36:29","slug":"yoga-classes-by-the-sea-in-mallorca-a-plan-to-keep-your-body-mind-and-soul-healthy","status":"publish","type":"product","link":"https:\/\/perfectvenue.es\/es\/product\/yoga-classes-by-the-sea-in-mallorca-a-plan-to-keep-your-body-mind-and-soul-healthy\/","title":{"rendered":"Clases de yoga frente al mar en Mallorca, un plan para sanar cuerpo, mente y alma"},"content":{"rendered":"<p><\/p>\n<p style=\"text-align: justify;\"><span style=\"font-weight: 400;\">Si te apasiona esta pr\u00e1ctica relajante o quieres empezar a realizarla, nada como recibir unas <\/span><b>clases de yoga frente al mar en Mallorca<\/b><span style=\"font-weight: 400;\">. Ya seas local o turista, las olas del mar Mediterr\u00e1neo te est\u00e1n esperando en esta isla Balear para respirar conscientemente.<\/span><\/p>\n<p style=\"text-align: justify;\"><span style=\"font-weight: 400;\">Y es que el clima del lugar y la energ\u00eda tan positiva que desprende Mallorca, hacen de este trocito de tierra <\/span><b>un sitio ideal para realizar yoga<\/b><span style=\"font-weight: 400;\">, y en este art\u00edculo te explicamos por qu\u00e9 realizar este plan no te dejar\u00e1 indiferente.<\/span><\/p>\n<p style=\"text-align: justify;\"><span style=\"font-weight: 400;\">Muchas personas acuden a la isla para realizar turismo, y <\/span><b>cada vez son m\u00e1s las personas que destinan un tiempo de sus vacaciones para relajarse y disfrutar de retiros de yoga<\/b><span style=\"font-weight: 400;\">, \u00a1y normal! porque este tiene numerosos beneficios mentales, f\u00edsicos y espirituales que en este art\u00edculo tambi\u00e9n os contamos.<\/span><\/p>\n<p style=\"text-align: justify;\"><span style=\"font-weight: 400;\">Sigue leyendo y une cuerpo, mente y esp\u00edritu a trav\u00e9s de posturas con vistas al mar y con la brisa y el sonido de las olas.<\/span><\/p>\n<p style=\"text-align: justify;\"><span style=\"font-weight: 400;\">\u00a1Namast\u00e9!<\/span><\/p>\n<h3 style=\"text-align: justify;\">Mallorca, un entorno m\u00e1gico para realizar Yoga<\/h3>\n<p style=\"text-align: justify;\"><span style=\"font-weight: 400;\">Aunque el yoga es una pr\u00e1ctica que se puede llevar a cabo en cualquier lugar, s\u00ed que es indudable que hay entornos mejores que otros, ya que son m\u00e1s especiales y relajantes para disfrutar al completo de la experiencia.<\/span><\/p>\n<p style=\"text-align: justify;\"><span style=\"font-weight: 400;\">Eso ocurre con Mallorca, la isla m\u00e1s grande de las Baleares, y es que, <\/span><b>gracias a su clima mediterr\u00e1neo y c\u00e1lido, sus paisajes, vistas y lugares que alberga el lugar, la convierten en uno de los destinos preferidos por los m\u00e1s yoguis.<\/b><\/p>\n<p style=\"text-align: justify;\"><span style=\"font-weight: 400;\">Pese a que Mallorca ofrece castillos, monta\u00f1as, cuevas, monumentos y pueblitos preciosos, los mejores rincones para realizar clases de yoga en esta isla son las playas, calas y cabos, ya que frente al mar nada es igual.<\/span><\/p>\n<h3 style=\"text-align: justify;\">Frente al mar todo es calma, paz y relajaci\u00f3n<\/h3>\n<p style=\"text-align: justify;\"><span style=\"font-weight: 400;\">\u201cPara todo mal, el mar, para todo bien, tambi\u00e9n\u201d \u00bfSab\u00edas que permanecer cerca del agua del mar puede llegar a sanar m\u00e1s y m\u00e1s r\u00e1pido que si se est\u00e1 lejos de \u00e9l? Estudios han demostrado que <\/span><b>el mar tiene un gran efecto beneficioso sobre nuestra salud<\/b><span style=\"font-weight: 400;\">, ayudando a combatir problemas respiratorios, de ansiedad o de estr\u00e9s.<\/span><\/p>\n<p style=\"text-align: justify;\"><span style=\"font-weight: 400;\">Por ello, al realizar Yoga en Mallorca, est\u00e1s d\u00e1ndole a tu mente y a tu cuerpo un extra de relajaci\u00f3n y curaci\u00f3n. \u00a1No se nos ocurre ning\u00fan lugar m\u00e1s relajante o especial para realizar clases de yoga que no sea frente a la inmensidad del mar y con la brisa marina acariciando la cara!<\/span><\/p>\n<p style=\"text-align: justify;\"><span style=\"font-weight: 400;\">Si te apetece disfrutar de unas <\/span><b>clases de yoga frente al mar en Mallorca<\/b><span style=\"font-weight: 400;\"> rodeado de mar, brisa y buen ambiente, te recomendamos disfrutar de este plan de la mano de Perfect Venue, donde <\/span><b>nosotros y la tranquilidad del oc\u00e9ano te acompa\u00f1aremos por la ma\u00f1ana durante el saludo al sol.<\/b><\/p>\n<h3 style=\"text-align: justify;\">Completa tu clase de yoga con otra experiencia<\/h3>\n<p style=\"text-align: justify;\"><span style=\"font-weight: 400;\">A todos nos gusta vivir experiencias y compartir aventuras, as\u00ed que\u2026 \u00bfPor qu\u00e9 no combinar unas <\/span><b>clases de yoga frente al mar en Mallorca<\/b><span style=\"font-weight: 400;\"> con otras vivencias?<\/span><\/p>\n<p style=\"text-align: justify;\"><span style=\"font-weight: 400;\">Puedes completar tu momento espiritual con <\/span><b>un spa, con un masaje relajante para terminar la jornada, as\u00ed como tambi\u00e9n acompa\u00f1ar todo de un men\u00fa gastron\u00f3mico<\/b><span style=\"font-weight: 400;\"> muy saludable para cuidar tu cuerpo tambi\u00e9n por dentro y despertar as\u00ed los 5 sentidos.<\/span><\/p>\n<p style=\"text-align: justify;\"><span style=\"font-weight: 400;\">\u00bfTe animas a realizar tu clase de yoga sobre una tabla dentro del mar? \u00a1Existe! Y se llama <\/span><b>Paddle Yoga<\/b><span style=\"font-weight: 400;\">. \u00a1Di s\u00ed a nuevas experiencias!<\/span><\/p>\n<h3 style=\"text-align: justify;\">Practicar yoga s\u00f3lo tiene beneficios<\/h3>\n<p style=\"text-align: justify;\"><span style=\"font-weight: 400;\">S\u00ed, porque, aunque el yoga est\u00e1 m\u00e1s de moda que nunca, el origen de esta pr\u00e1ctica se sit\u00faa hace unos 5.000 a\u00f1os en la India, donde ya comprobaron los beneficios que conlleva realizar yoga. Entre ellos, destacan:<\/span><\/p>\n<ul style=\"text-align: justify;\">\n<li style=\"font-weight: 400;\"><b>Alivio de tensiones<\/b><span style=\"font-weight: 400;\">, as\u00ed como de estr\u00e9s y de ansiedad<\/span><\/li>\n<li style=\"font-weight: 400;\"><b>Mejora la flexibilidad<\/b><span style=\"font-weight: 400;\"> adem\u00e1s del equilibrio.<\/span><\/li>\n<li style=\"font-weight: 400;\"><span style=\"font-weight: 400;\">Se producen <\/span><b>m\u00e1s endorfinas<\/b><span style=\"font-weight: 400;\">, igual que sucede al realizar deporte, por lo que esto provoca mayor felicidad, motivaci\u00f3n y bienestar.<\/span><\/li>\n<li style=\"font-weight: 400;\"><span style=\"font-weight: 400;\">Ayuda a <\/span><b>corregir posturas<\/b><span style=\"font-weight: 400;\">.<\/span><\/li>\n<li style=\"font-weight: 400;\"><b>Mejora tus relaciones sexuales<\/b><span style=\"font-weight: 400;\">.<\/span><\/li>\n<li style=\"font-weight: 400;\"><span style=\"font-weight: 400;\">Tambi\u00e9n alivia, reduce o <\/span><b>cura dolores del cuerpo<\/b><span style=\"font-weight: 400;\">, ya sean articulares o inflamatorios.<\/span><\/li>\n<li style=\"font-weight: 400;\"><b>Evita futuras lesiones<\/b><span style=\"font-weight: 400;\">.<\/span><\/li>\n<li style=\"font-weight: 400;\"><span style=\"font-weight: 400;\">Aunque no lo parezca, el yoga tambi\u00e9n <\/span><b>ayuda a quemar calor\u00edas y tonifica el cuerpo<\/b><span style=\"font-weight: 400;\">.<\/span><\/li>\n<li style=\"font-weight: 400;\"><span style=\"font-weight: 400;\">Estimula un <\/span><b>estado de relajaci\u00f3n<\/b><span style=\"font-weight: 400;\"> y ayuda a tener una atenci\u00f3n m\u00e1s plena.<\/span><\/li>\n<li style=\"font-weight: 400;\"><span style=\"font-weight: 400;\">Mejora la coordinaci\u00f3n, la concentraci\u00f3n y <\/span><b>ayuda a dormir mejor<\/b><span style=\"font-weight: 400;\">.<\/span><\/li>\n<li style=\"font-weight: 400;\"><span style=\"font-weight: 400;\">Te sentir\u00e1s mucho mejor y <\/span><b>rendir\u00e1s mucho m\u00e1s en tu trabajo<\/b><span style=\"font-weight: 400;\">.<\/span><\/li>\n<li style=\"font-weight: 400;\"><span style=\"font-weight: 400;\">Es capaz de <\/span><b>revertir los signos de la edad<\/b><span style=\"font-weight: 400;\"> y el envejecimiento.<\/span><\/li>\n<li style=\"font-weight: 400;\"><b>Mejora la presi\u00f3n arterial<\/b><span style=\"font-weight: 400;\">, la circulaci\u00f3n y la frecuencia cardiaca.\u00a0<\/span><\/li>\n<\/ul>\n<p style=\"text-align: justify;\"><span style=\"font-weight: 400;\">Para que estos beneficios tengan un mayor impacto, es recomendable practicar el yoga de forma regular.<\/span><\/p>\n<h3 style=\"text-align: justify;\">Un plan muy \u201cPerfect\u201d<\/h3>\n<p style=\"text-align: justify;\"><span style=\"font-weight: 400;\">Si est\u00e1is cansados de hacer siempre los mismos planes y est\u00e1is inmersos en la rutina del d\u00eda a d\u00eda, en Perfect Venue tenemos un mont\u00f3n de planes para mantener viva la ilusi\u00f3n y las ganas, ya sea en pareja, en familia, o con amigos, tenemos \u201c<\/span><b>The Perfect Plan<\/b><span style=\"font-weight: 400;\">\u201d.<\/span><\/p>\n<p style=\"text-align: justify;\"><span style=\"font-weight: 400;\">Adem\u00e1s de <\/span><b>clases de yoga frente al mar en Mallorca<\/b><span style=\"font-weight: 400;\">, tambi\u00e9n puedes <\/span><b><a href=\"https:\/\/perfectvenue.es\/es\/product\/deja-volar-imaginacion-disfruta-del-encanto-salmantino\/\">volar en globo<\/a>, realizar catas de vino, <a href=\"https:\/\/perfectvenue.es\/es\/product\/protagonistas-modelos-dia\/\">pasar un d\u00eda con una personal shopper<\/a>, <a href=\"https:\/\/perfectvenue.es\/es\/product\/sobrevuela-tus-expectativas-madrid-barcelona\/\">volar en helic\u00f3ptero<\/a>\u2026<\/b><span style=\"font-weight: 400;\"> Y lo mejor es que adaptamos cada plan a vuestra medida, seg\u00fan vuestros gustos y preferencias.<\/span><\/p>\n<p>&nbsp;<\/p>\n<p><span style=\"font-weight: 400;\">Estamos a vuestra disposici\u00f3n para escuchar vuestras ilusiones y deseos y tratar de ofreceros vuestro plan m\u00e1s perfecto para que todos vuestros sue\u00f1os se hagan realidad. \u00a1Cont\u00e1ctanos para que nos pongamos en marcha para que tu experiencia resulte m\u00e1s que exitosa!<\/span><\/p>","protected":false},"excerpt":{"rendered":"<p style=\"text-align: justify;\"><span style=\"font-weight: 400;\">Realiza clases de yoga frente al mar en Mallorca, uno de los tantos planes de Perfect Venue para romper con la rutina. <strong>Precio: desde 600\u20ac.<\/strong><\/span><\/p>\n","protected":false},"featured_media":34617,"comment_status":"closed","ping_status":"closed","template":"","meta":[],"class_list":["post-34580","product","type-product","status-publish","has-post-thumbnail","hentry","product_cat-perfect-plan","product_tag-yoga-classes-mallorca","product_tag-yoga-classes-spain","product_tag-yoga-en-espana","product_tag-yoga-en-mallorca","product_tag-yoga-y-el-mar","product_tag-5091","product_tag-5092"],"_links":{"self":[{"href":"https:\/\/perfectvenue.es\/es\/wp-json\/wp\/v2\/product\/34580","targetHints":{"allow":["GET"]}}],"collection":[{"href":"https:\/\/perfectvenue.es\/es\/wp-json\/wp\/v2\/product"}],"about":[{"href":"https:\/\/perfectvenue.es\/es\/wp-json\/wp\/v2\/types\/product"}],"replies":[{"embeddable":true,"href":"https:\/\/perfectvenue.es\/es\/wp-json\/wp\/v2\/comments?post=34580"}],"wp:featuredmedia":[{"embeddable":true,"href":"https:\/\/perfectvenue.es\/es\/wp-json\/wp\/v2\/media\/34617"}],"wp:attachment":[{"href":"https:\/\/perfectvenue.es\/es\/wp-json\/wp\/v2\/media?parent=34580"}],"curies":[{"name":"wp","href":"https:\/\/api.w.org\/{rel}","templated":true}]}}