{"id":34356,"date":"2022-05-03T16:22:21","date_gmt":"2022-05-03T13:22:21","guid":{"rendered":"https:\/\/perfectvenue.es\/?post_type=product&#038;p=34356"},"modified":"2026-03-02T19:45:16","modified_gmt":"2026-03-02T16:45:16","slug":"marriage-proposal-in-retiro-park","status":"publish","type":"product","link":"https:\/\/perfectvenue.es\/es\/product\/marriage-proposal-in-retiro-park\/","title":{"rendered":"Pedida de mano en el Parque del Retiro de Madrid"},"content":{"rendered":"<p><\/p>\n<h4 style=\"text-align: justify;\"><span style=\"font-weight: 400;\">La experiencia de vivir una pedida de mano en el Parque del Retiro de Madrid<\/span><\/h4>\n<p style=\"text-align: justify;\"><span style=\"font-weight: 400;\">Una <\/span><b>pedida de mano en el Parque del Retiro en Madrid<\/b><span style=\"font-weight: 400;\"> es de nuestras organizaciones favoritas, y es que tenemos el objetivo de cumplir sue\u00f1os y de hacer que todas las parejas del planeta se emocionen de felicidad. Y lo mejor, es que no dejamos de conseguirlo.<\/span><\/p>\n<p style=\"text-align: justify;\"><span style=\"font-weight: 400;\">Si vais a venir de vacaciones a Madrid, <\/span><b>aprovecha el magn\u00edfico viaje para pedir la mano a tu pareja<\/b><span style=\"font-weight: 400;\"> en una de las mejores opciones que puedes encontrar para ello en la capital: el Parque del Retiro de Madrid.<\/span><\/p>\n<p style=\"text-align: justify;\"><span style=\"font-weight: 400;\">Nos encantan los novios que <\/span><b>usan sus vacaciones para hincar rodilla<\/b><span style=\"font-weight: 400;\">, ya que es en vacaciones cuando todos estamos m\u00e1s relajados y tranquilos, lo que resulta un momento perfecto para llevar a cabo la pedida de mano.<\/span><\/p>\n<p style=\"text-align: justify;\"><span style=\"font-weight: 400;\">\u00a1Y nosotros te podemos ayudar! Porque tenemos much\u00edsima experiencia. As\u00ed que, mientras vosotros dais un paseo por el famoso parque madrile\u00f1o<\/span><b>, nosotros nos encargamos de dejar todo a punto<\/b><span style=\"font-weight: 400;\"> para que, cuando menos se espere la novia, se produzca el gran momento.<\/span><\/p>\n<p style=\"text-align: justify;\"><span style=\"font-weight: 400;\">\u00a1Sigue leyendo para saber qu\u00e9 incluye esta experiencia!<\/span><\/p>\n<figure id=\"attachment_33776\" aria-describedby=\"caption-attachment-33776\" style=\"width: 700px\" class=\"wp-caption aligncenter\"><img loading=\"lazy\" decoding=\"async\" class=\"size-full wp-image-33776\" src=\"https:\/\/perfectvenue.es\/wp-content\/uploads\/2022\/02\/marriage-proposal-retiro-park.jpg\" alt=\"Madrid Marriage proposal\" width=\"700\" height=\"1049\" srcset=\"https:\/\/perfectvenue.es\/wp-content\/uploads\/2022\/02\/marriage-proposal-retiro-park.jpg?v=1646138953 700w, https:\/\/perfectvenue.es\/wp-content\/uploads\/2022\/02\/marriage-proposal-retiro-park-200x300.jpg?v=1646138953 200w, https:\/\/perfectvenue.es\/wp-content\/uploads\/2022\/02\/marriage-proposal-retiro-park-683x1024.jpg?v=1646138953 683w, https:\/\/perfectvenue.es\/wp-content\/uploads\/2022\/02\/marriage-proposal-retiro-park-450x674.jpg?v=1646138953 450w, https:\/\/perfectvenue.es\/wp-content\/uploads\/2022\/02\/marriage-proposal-retiro-park-534x800.jpg?v=1646138953 534w, https:\/\/perfectvenue.es\/wp-content\/uploads\/2022\/02\/marriage-proposal-retiro-park-600x899.jpg?v=1646138953 600w\" sizes=\"auto, (max-width: 700px) 100vw, 700px\" \/><figcaption id=\"caption-attachment-33776\" class=\"wp-caption-text\">Photo via <a href=\"https:\/\/nataliaortizevents.com\">Weddings and Events by Natalia Ortiz<\/a><\/figcaption><\/figure>\n<h2 style=\"text-align: justify;\">Pedida de mano en el Parque del Retiro, un lugar \u00fanico para arrodillarse<\/h2>\n<p style=\"text-align: justify;\"><span style=\"font-weight: 400;\">En pleno centro de la ciudad se encuentra este parque que ya se ha convertido en favorito por la mayor\u00eda de los novios que quieren realizar una <\/span><b>pedida de mano en Madrid<\/b><span style=\"font-weight: 400;\">.<\/span><\/p>\n<p style=\"text-align: justify;\"><span style=\"font-weight: 400;\">Este cuenta con muchas zonas id\u00f3neas para realizar la pedida, como <\/span><b>el lago, el Palacio de Cristal, los jardines bot\u00e1nicos de la Rosaleda, fuentes, puentes de madera, etc<\/b><span style=\"font-weight: 400;\">. Y si a estos espacios le sumas la \u00e9poca oto\u00f1al, cuando todo se ba\u00f1a de hojas de oto\u00f1o\u2026 \u00a1Enamora a cualquiera!<\/span><\/p>\n<p style=\"text-align: justify;\"><span style=\"font-weight: 400;\">El Retiro es <\/span><b>uno de los parques m\u00e1s bonitos y grandes de la capital<\/b><span style=\"font-weight: 400;\">, \u00a1por eso nos encanta! Porque adem\u00e1s tiene lugares sumamente fotog\u00e9nicos para la propuesta de matrimonio. \u00a1Cuenta con un sinf\u00edn de colores que dan una incre\u00edble luz a tus fotos!<\/span><\/p>\n<h2 style=\"text-align: justify;\">La decoraci\u00f3n, presente en la escena<\/h2>\n<p style=\"text-align: justify;\"><span style=\"font-weight: 400;\">La decoraci\u00f3n es un a\u00f1adido que <\/span><b>siempre ayuda a disfrutar del momento y a recordarlo para toda la vida<\/b><span style=\"font-weight: 400;\">, por eso no podemos dejar de un lado el romanticismo y usar elementos decorativos como <\/span><b>p\u00e9talos de rosa para formar un coraz\u00f3n, globos rojos, cojines y mantas de picnic, jarrones con flores, letras en gigante, pizarras, cuadros<\/b><span style=\"font-weight: 400;\">&#8230; \u00a1y hasta puedes proponer tu propia decoraci\u00f3n!<\/span><\/p>\n<p style=\"text-align: justify;\"><span style=\"font-weight: 400;\">S\u00ed, si tu chica es una entusiasta del teatro, el circo, la pintura, la escultura o el baile, <\/span><b>nos encargamos de decorar todo acorde a sus pasiones<\/b><span style=\"font-weight: 400;\">. \u00a1M\u00e1s memorable a\u00fan!<\/span><\/p>\n<figure id=\"attachment_33734\" aria-describedby=\"caption-attachment-33734\" style=\"width: 700px\" class=\"wp-caption aligncenter\"><img loading=\"lazy\" decoding=\"async\" class=\"size-full wp-image-33734\" src=\"https:\/\/perfectvenue.es\/wp-content\/uploads\/2022\/02\/marriage-proposal-retiro-parque-madrid.jpg\" alt=\"Marriage proposal Madrid\" width=\"700\" height=\"1049\" srcset=\"https:\/\/perfectvenue.es\/wp-content\/uploads\/2022\/02\/marriage-proposal-retiro-parque-madrid.jpg?v=1645104150 700w, https:\/\/perfectvenue.es\/wp-content\/uploads\/2022\/02\/marriage-proposal-retiro-parque-madrid-200x300.jpg?v=1645104150 200w, https:\/\/perfectvenue.es\/wp-content\/uploads\/2022\/02\/marriage-proposal-retiro-parque-madrid-683x1024.jpg?v=1645104150 683w, https:\/\/perfectvenue.es\/wp-content\/uploads\/2022\/02\/marriage-proposal-retiro-parque-madrid-450x674.jpg?v=1645104150 450w, https:\/\/perfectvenue.es\/wp-content\/uploads\/2022\/02\/marriage-proposal-retiro-parque-madrid-534x800.jpg?v=1645104150 534w, https:\/\/perfectvenue.es\/wp-content\/uploads\/2022\/02\/marriage-proposal-retiro-parque-madrid-600x899.jpg?v=1645104150 600w\" sizes=\"auto, (max-width: 700px) 100vw, 700px\" \/><figcaption id=\"caption-attachment-33734\" class=\"wp-caption-text\">Photo via <a href=\"https:\/\/ntaliaortizevents.com\">Weddings and Events by Natalia Ortiz<\/a><\/figcaption><\/figure>\n<h2 style=\"text-align: justify;\">Un detalle floral para la novia<\/h2>\n<p style=\"text-align: justify;\"><span style=\"font-weight: 400;\">Regalar un ramo de flores a la novia <\/span><b>aporta al momento mucho m\u00e1s romanticismo y magia<\/b><span style=\"font-weight: 400;\">, por eso nosotros nos encargamos de conseguir las flores m\u00e1s frescas para que se lo regales a la novia durante vuestra <\/span><b>pedida de mano en Madrid<\/b><span style=\"font-weight: 400;\">.<\/span><\/p>\n<p style=\"text-align: justify;\"><span style=\"font-weight: 400;\">Configuraremos un ramo repleto de margaritas, rosas, lavanda, hojas de eucalipto, girasoles, lirios, tulipanes\u2026 \u00a1todo lo que imagines! Pero, <\/span><b>si son las favoritas de la novia mejor que mejor<\/b><span style=\"font-weight: 400;\">.<\/span><\/p>\n<p><iframe loading=\"lazy\" title=\"YouTube video player\" src=\"https:\/\/www.youtube.com\/embed\/9BlTmNmpd_k\" width=\"700\" height=\"455\" frameborder=\"0\" allowfullscreen=\"allowfullscreen\"><\/iframe><\/p>\n<h2 style=\"text-align: justify;\">Fot\u00f3grafo y videografo para captar el momento<\/h2>\n<p style=\"text-align: justify;\"><span style=\"font-weight: 400;\">Es de suma importancia que para el momento de la pedida de mano est\u00e9n presentes un fot\u00f3grafo y un vide\u00f3grafo, ya que es <\/span><b>un momento que merece la pena recordar toda la vida<\/b><span style=\"font-weight: 400;\">.<\/span><\/p>\n<p style=\"text-align: justify;\"><span style=\"font-weight: 400;\">Por ello, cuenta con que durante esta experiencia tendr\u00e1s a una fot\u00f3grafa profesional encargada de plasmar cada momento con su objetivo, as\u00ed como de un videografo responsable de filmar cada escena para contar con un v\u00eddeo \u00fanico para que nunca olvid\u00e9is c\u00f3mo fue ese gran momento.<\/span><\/p>\n<figure id=\"attachment_34357\" aria-describedby=\"caption-attachment-34357\" style=\"width: 700px\" class=\"wp-caption aligncenter\"><img loading=\"lazy\" decoding=\"async\" class=\"size-full wp-image-34357\" src=\"https:\/\/perfectvenue.es\/wp-content\/uploads\/2022\/05\/marriage-proposal-madrid.jpg\" alt=\"Marriage proposal Madrid\" width=\"700\" height=\"1050\" srcset=\"https:\/\/perfectvenue.es\/wp-content\/uploads\/2022\/05\/marriage-proposal-madrid.jpg?v=1651582095 700w, https:\/\/perfectvenue.es\/wp-content\/uploads\/2022\/05\/marriage-proposal-madrid-200x300.jpg?v=1651582095 200w, https:\/\/perfectvenue.es\/wp-content\/uploads\/2022\/05\/marriage-proposal-madrid-683x1024.jpg?v=1651582095 683w, https:\/\/perfectvenue.es\/wp-content\/uploads\/2022\/05\/marriage-proposal-madrid-450x675.jpg?v=1651582095 450w, https:\/\/perfectvenue.es\/wp-content\/uploads\/2022\/05\/marriage-proposal-madrid-533x800.jpg?v=1651582095 533w, https:\/\/perfectvenue.es\/wp-content\/uploads\/2022\/05\/marriage-proposal-madrid-600x900.jpg?v=1651582095 600w\" sizes=\"auto, (max-width: 700px) 100vw, 700px\" \/><figcaption id=\"caption-attachment-34357\" class=\"wp-caption-text\">Photo via <a href=\"https:\/\/nataliaortizevents.com\">Weddings and Events by Natalia Ortiz<\/a><\/figcaption><\/figure>\n<h2 style=\"text-align: justify;\">M\u00fasica, para avivar las emociones<\/h2>\n<p style=\"text-align: justify;\"><span style=\"font-weight: 400;\">\u00bfQu\u00e9 es un momento especial sin m\u00fasica? \u00a1Nada! Por eso, el viol\u00edn o <\/span><b>el instrumento que m\u00e1s os guste a vosotros estar\u00e1 en directo para encargarse de amenizar la velada<\/b><span style=\"font-weight: 400;\">, y es que lo bueno del parque del Retiro es que en \u00e9l te encuentras a un mont\u00f3n de artistas, tanto como emergentes como consolidados, \u00a1por eso la novia no sospechar\u00e1 nada!<\/span><\/p>\n<p style=\"text-align: justify;\"><span style=\"font-weight: 400;\">Y es que, como todos sabemos, <\/span><b>no hay nada mejor que la m\u00fasica para avivar las emociones<\/b><span style=\"font-weight: 400;\"> y hacer de los momentos algo \u00fanico, memorable y significativo, \u00a1y m\u00e1s si es la m\u00fasica que vosotros eleg\u00eds! Seguro que ten\u00e9is una canci\u00f3n favorita\u2026<\/span><\/p>\n<h2 style=\"text-align: justify;\">Organizaci\u00f3n y coordinaci\u00f3n para el gran d\u00eda<\/h2>\n<p style=\"text-align: justify;\"><span style=\"font-weight: 400;\">\u00a1No queremos que falte ni un detalle! Nos encanta organizar pedidas de mano sorpresa que siempre acaban con un final feliz y, para ello, <\/span><b>la organizaci\u00f3n y la coordinaci\u00f3n durante el d\u00eda del evento es imprescindible para que todo salga perfecto<\/b><span style=\"font-weight: 400;\">.<\/span><\/p>\n<p style=\"text-align: justify;\"><span style=\"font-weight: 400;\">Conseguiremos poner todo a punto para que la decoraci\u00f3n est\u00e9 preparada, el violinista empiece a tocar y la fot\u00f3grafa comience a disparar el flash en el momento exacto.<\/span><\/p>\n<figure id=\"attachment_33358\" aria-describedby=\"caption-attachment-33358\" style=\"width: 700px\" class=\"wp-caption aligncenter\"><img loading=\"lazy\" decoding=\"async\" class=\"size-full wp-image-33358\" src=\"https:\/\/perfectvenue.es\/wp-content\/uploads\/2021\/12\/wedding-proposal-madrid-planner-2.jpg\" alt=\"Madrid Marriage proposal\" width=\"700\" height=\"1050\" srcset=\"https:\/\/perfectvenue.es\/wp-content\/uploads\/2021\/12\/wedding-proposal-madrid-planner-2.jpg?v=1643192774 700w, https:\/\/perfectvenue.es\/wp-content\/uploads\/2021\/12\/wedding-proposal-madrid-planner-2-200x300.jpg?v=1643192774 200w, https:\/\/perfectvenue.es\/wp-content\/uploads\/2021\/12\/wedding-proposal-madrid-planner-2-683x1024.jpg?v=1643192774 683w, https:\/\/perfectvenue.es\/wp-content\/uploads\/2021\/12\/wedding-proposal-madrid-planner-2-450x675.jpg?v=1643192774 450w, https:\/\/perfectvenue.es\/wp-content\/uploads\/2021\/12\/wedding-proposal-madrid-planner-2-533x800.jpg?v=1643192774 533w, https:\/\/perfectvenue.es\/wp-content\/uploads\/2021\/12\/wedding-proposal-madrid-planner-2-600x900.jpg?v=1643192774 600w\" sizes=\"auto, (max-width: 700px) 100vw, 700px\" \/><figcaption id=\"caption-attachment-33358\" class=\"wp-caption-text\">Photo via <a href=\"https:\/\/nataliaortizevents.com\">Weddings and Events by Natalia Ortiz<\/a><\/figcaption><\/figure>\n<h2 style=\"text-align: justify;\">La capital tiene infinidad de opciones<\/h2>\n<p style=\"text-align: justify;\"><span style=\"font-weight: 400;\">Si el Parque del Retiro no te ha terminado de convencer, tenemos buenas noticias, y es que Madrid es una ciudad repleta de rincones m\u00e1gicos perfectos para hincar rodilla, \u00a1solo tienes que dar con tu favorito!<\/span><\/p>\n<p style=\"text-align: justify;\"><b>El Jard\u00edn Bot\u00e1nico, azoteas, miradores, el Templo de Debod, el telef\u00e9rico, jardines, hoteles con terrazas\u2026<\/b><span style=\"font-weight: 400;\"> \u00a1para una <\/span><b>pedida de mano en Madrid<\/b><span style=\"font-weight: 400;\"> todo es posible!<\/span><\/p>\n<h2>Pedida de mano en el Parque del Retiro incluye:<\/h2>\n<ul>\n<li>Fot\u00f3grafo<\/li>\n<li>Ramo de flores<\/li>\n<li>Decoraci\u00f3n con p\u00e9talos de rosas y letras &#8220;Will you Marry Me&#8221;<\/li>\n<li>Organizaci\u00f3n y coordinaci\u00f3n de pedida de mano<\/li>\n<\/ul>\n<p><strong>Precio desde: 480<\/strong><b>\u20ac + IVA<\/b><\/p>\n<h3>A parte, se puede a\u00f1adir:<\/h3>\n<ul>\n<li>V\u00eddeo (consultar precio)<\/li>\n<li>Viol\u00edn (consultar precio)<\/li>\n<\/ul>\n<h2 style=\"text-align: justify;\">Facilidad de pago<\/h2>\n<p style=\"text-align: justify;\"><span style=\"font-weight: 400;\">\u00a1S\u00ed! Y es que no es necesario pagar \u00edntegramente el importe de la experiencia. Simplemente es necesario <\/span><b>reservar con 280\u20ac de la cuant\u00eda y el resto darla en el d\u00eda del evento<\/b><span style=\"font-weight: 400;\">.<\/span><\/p>\n<p style=\"text-align: justify;\"><span style=\"font-weight: 400;\">\u00a1Comodidad para ti!<\/span><\/p>\n<p>*Las tarifas no son reembolsables si el evento se cancela por cualquier motivo.<\/p>\n<figure id=\"attachment_32885\" aria-describedby=\"caption-attachment-32885\" style=\"width: 700px\" class=\"wp-caption aligncenter\"><img loading=\"lazy\" decoding=\"async\" class=\"size-full wp-image-32885\" src=\"https:\/\/perfectvenue.es\/wp-content\/uploads\/2021\/12\/Original-proposal-Madrid-watercolours-3.jpeg\" alt=\"Pedida de mano Madrid\" width=\"700\" height=\"1050\" srcset=\"https:\/\/perfectvenue.es\/wp-content\/uploads\/2021\/12\/Original-proposal-Madrid-watercolours-3.jpeg 700w, https:\/\/perfectvenue.es\/wp-content\/uploads\/2021\/12\/Original-proposal-Madrid-watercolours-3-200x300.jpeg 200w, https:\/\/perfectvenue.es\/wp-content\/uploads\/2021\/12\/Original-proposal-Madrid-watercolours-3-683x1024.jpeg 683w, https:\/\/perfectvenue.es\/wp-content\/uploads\/2021\/12\/Original-proposal-Madrid-watercolours-3-450x675.jpeg 450w, https:\/\/perfectvenue.es\/wp-content\/uploads\/2021\/12\/Original-proposal-Madrid-watercolours-3-533x800.jpeg 533w, https:\/\/perfectvenue.es\/wp-content\/uploads\/2021\/12\/Original-proposal-Madrid-watercolours-3-600x900.jpeg 600w\" sizes=\"auto, (max-width: 700px) 100vw, 700px\" \/><figcaption id=\"caption-attachment-32885\" class=\"wp-caption-text\">Photo via <a href=\"https:\/\/nataliaortizevents.com\">Weddings and events by Natalia Ortiz<\/a><\/figcaption><\/figure>\n<p style=\"text-align: justify;\"><span style=\"font-weight: 400;\">Si quieres vivir la experiencia de volver a casa prometido con tu chica, <\/span><b>en Perfect Venue a mano de mejor organizadora de eventos de Espa\u00f1a &#8211; Natalia Ortiz <\/b><span style=\"font-weight: 400;\">organizamos todo esto por ti. T\u00fa solo tienes que contactarnos y despu\u00e9s encargarte de disfrutar, \u00a1y que de tu pareja no sospeche nada!<\/span><\/p>\n<p style=\"text-align: justify;\"><span style=\"font-weight: 400;\">\u00a1Te esperamos! Porque no hay nada m\u00e1s maravilloso que pasar el resto de tu vida con esa persona que tan especial te hace sentir.<\/span><\/p>\n<p>Tel\u00e9fono \/ Whats app: +34 722 47 60 27<\/p>","protected":false},"excerpt":{"rendered":"<p style=\"text-align: justify;\"><span style=\"font-weight: 400;\">Si vais a venir de vacaciones a Madrid, <\/span><b>aprovecha el magn\u00edfico viaje para pedir la mano a tu pareja<\/b><span style=\"font-weight: 400;\"> en una de las mejores opciones que puedes encontrar para ello en la capital: el Parque del Retiro de Madrid. <strong>El precio va desde 480<\/strong><b>\u20ac + IVA. Dep\u00f3sito de 280\u20ac.<\/b><\/span><\/p>\n","protected":false},"featured_media":34358,"comment_status":"closed","ping_status":"closed","template":"","meta":[],"class_list":["post-34356","product","type-product","status-publish","has-post-thumbnail","hentry","product_cat-marriage-proposal-packages","product_tag-marriage-proposal-madrid","product_tag-marriage-proposal-planner","product_tag-pedida-de-mano","product_tag-pedida-de-mano-madrid","product_tag-pedida-de-mano-retiro"],"_links":{"self":[{"href":"https:\/\/perfectvenue.es\/es\/wp-json\/wp\/v2\/product\/34356","targetHints":{"allow":["GET"]}}],"collection":[{"href":"https:\/\/perfectvenue.es\/es\/wp-json\/wp\/v2\/product"}],"about":[{"href":"https:\/\/perfectvenue.es\/es\/wp-json\/wp\/v2\/types\/product"}],"replies":[{"embeddable":true,"href":"https:\/\/perfectvenue.es\/es\/wp-json\/wp\/v2\/comments?post=34356"}],"wp:featuredmedia":[{"embeddable":true,"href":"https:\/\/perfectvenue.es\/es\/wp-json\/wp\/v2\/media\/34358"}],"wp:attachment":[{"href":"https:\/\/perfectvenue.es\/es\/wp-json\/wp\/v2\/media?parent=34356"}],"curies":[{"name":"wp","href":"https:\/\/api.w.org\/{rel}","templated":true}]}}