{"id":32149,"date":"2021-06-23T13:36:56","date_gmt":"2021-06-23T10:36:56","guid":{"rendered":"https:\/\/perfectvenue.es\/?post_type=product&#038;p=32149"},"modified":"2022-08-29T18:10:25","modified_gmt":"2022-08-29T15:10:25","slug":"lavender-photography-tour","status":"publish","type":"product","link":"https:\/\/perfectvenue.es\/es\/product\/lavender-photography-tour\/","title":{"rendered":"Tour fotogr\u00e1fico en los campos de lavanda"},"content":{"rendered":"<p><\/p>\n<p style=\"text-align: justify\">Imag\u00ednate. Est\u00e1s en un picnic con una copa de vino, aprovechando las primeras horas del d\u00eda y el amanecer o est\u00e1s paseando por campos de lavanda llevando un vestido elegante y disfrutando los maravillosos aromas.<\/p>\n<p style=\"text-align: justify\">No tienes que pensar en nada. Ya nos hemos encargado de todo.<\/p>\n<p style=\"text-align: justify\">Las fotos m\u00e1s fabulosas se toman al amanecer y al atardecer, con el c\u00e1lido resplandor de la puesta de sol.<\/p>\n<h3 style=\"text-align: justify\">\u00bfC\u00f3mo tengo que vestirme para el rodaje?<\/h3>\n<p style=\"text-align: justify\">Para que las fotos salgan preciosas tienen que coincidir todos los astros. El lugar, la luz, el momento ideal para la sesi\u00f3n, el maquillaje, el estilismo y, por supuesto, los trajes.<\/p>\n<p style=\"text-align: justify\">Hemos pensado en todos los aspectos:<\/p>\n<p style=\"text-align: justify\">&#8211; Salimos a la hora del amanecer o del atardecer.<\/p>\n<p style=\"text-align: justify\">&#8211; Te preparar\u00e1 un maquillador, que no s\u00f3lo acentuar\u00e1 tu personalidad, sino que tambi\u00e9n te maquillar\u00e1 de forma apropiada para el rodaje (que es diferente del maquillaje natural cotidiano).<\/p>\n<p style=\"text-align: justify\">&#8211; Preparamos diferentes materiales para el rodaje (set de picnic, sombreros, cestas, etc.), vestidos elegantes, uno de los cuales es un vestido de novia.<\/p>\n<p style=\"text-align: justify\">&#8211; A parte de nuestros vestidos, puedes traer tus propios trajes. En primer lugar, sabr\u00e1s con anticipaci\u00f3n qu\u00e9 estilo vas a llevar. En segundo lugar, es tu elecci\u00f3n y tu talla exacta (en caso de que no todos nuestros conjuntos te queden bien) y en tercer lugar, puedes preparar un estilo para toda la familia.<\/p>\n<h3 style=\"text-align: justify\">\u00bfQu\u00e9 necesito llevar para la sesi\u00f3n de fotos?<\/h3>\n<p style=\"text-align: justify\">Nuestro equipo se encargar\u00e1 de preparar todo lo posible para la sesi\u00f3n de fotos. Nos llevaremos muchos accesorios, ropa, y otras cosas necesarias. Sin embargo, tambi\u00e9n tienes que llevar algunas cosas al rodaje. Por ejemplo:<\/p>\n<ol style=\"text-align: justify\">\n<li>Llevar un calzado c\u00f3modo (se puede cambiar el calzado en el lugar de rodaje). Trae sandalias, zapatillas o zapatillas de deporte que se correspondan a tu estilo. No recomendamos llevar tacones. Quiz\u00e1 no los veas en el encuadre, pero como m\u00ednimo vas a sentirte inc\u00f3modo. Y no te olvides que vamos a ir al campo, por lo que recomendamos llevar un calzado que se pueda lavar f\u00e1cilmente despu\u00e9s.<\/li>\n<li>Coger el agua.<\/li>\n<li>Llevar algo para merendar.<\/li>\n<li>Toallitas h\u00famedas y secas.<\/li>\n<li>Recomendamos que los trajes para el rodaje se planchen con tiempo y se transporten en las fundas para ropa.<\/li>\n<li>Har\u00e1 bastante calor cuando lleguemos. De todos modos, llevaremos sombreros para las sesiones fotogr\u00e1ficas, pero los utilizaremos durante la propia sesi\u00f3n.<\/li>\n<\/ol>\n<h3 style=\"text-align: justify\">Que entra en el precio:<\/h3>\n<ul>\n<li style=\"text-align: justify\">Maquillaje y peinado<\/li>\n<li style=\"text-align: justify\">Sesi\u00f3n de fotos 1 hora<\/li>\n<li style=\"text-align: justify\">25 fotos retocadas<\/li>\n<li style=\"text-align: justify\">Materiales para la sesi\u00f3n de fotos (vestidos, cestas, set de picnic, etc.)<\/li>\n<li style=\"text-align: justify\">Transporte para llegar al campo de lavanda<\/li>\n<\/ul>\n<p><\/p>","protected":false},"excerpt":{"rendered":"<p style=\"text-align: justify\">Imag\u00ednate. Est\u00e1s en un picnic con una copa de vino, aprovechando las primeras horas del d\u00eda y el amanecer o est\u00e1s paseando por campos de lavanda llevando un vestido elegante y disfrutando los maravillosos aromas.<\/p>\n","protected":false},"featured_media":32156,"comment_status":"open","ping_status":"closed","template":"","meta":[],"class_list":["post-32149","product","type-product","status-publish","has-post-thumbnail","hentry","product_cat-perfect-plan","product_tag-lavander-photo-tour","product_tag-lavender-photography-tour","product_tag-photo-tour-guadalajara","product_tag-5114","product_tag-5113"],"_links":{"self":[{"href":"https:\/\/perfectvenue.es\/es\/wp-json\/wp\/v2\/product\/32149","targetHints":{"allow":["GET"]}}],"collection":[{"href":"https:\/\/perfectvenue.es\/es\/wp-json\/wp\/v2\/product"}],"about":[{"href":"https:\/\/perfectvenue.es\/es\/wp-json\/wp\/v2\/types\/product"}],"replies":[{"embeddable":true,"href":"https:\/\/perfectvenue.es\/es\/wp-json\/wp\/v2\/comments?post=32149"}],"wp:featuredmedia":[{"embeddable":true,"href":"https:\/\/perfectvenue.es\/es\/wp-json\/wp\/v2\/media\/32156"}],"wp:attachment":[{"href":"https:\/\/perfectvenue.es\/es\/wp-json\/wp\/v2\/media?parent=32149"}],"curies":[{"name":"wp","href":"https:\/\/api.w.org\/{rel}","templated":true}]}}