{"id":31199,"date":"2021-04-26T17:12:57","date_gmt":"2021-04-26T14:12:57","guid":{"rendered":"https:\/\/perfectvenue.es\/?post_type=product&#038;p=31199"},"modified":"2022-08-16T19:03:50","modified_gmt":"2022-08-16T16:03:50","slug":"dejando-cabalgar-vuestras-emociones","status":"publish","type":"product","link":"https:\/\/perfectvenue.es\/es\/product\/dejando-cabalgar-vuestras-emociones\/","title":{"rendered":"Dejando cabalgar vuestras emociones"},"content":{"rendered":"<p><\/p>\n<p style=\"text-align: justify;\">Os presentamos un d\u00eda completo en pleno campo, rodeados de vegetaci\u00f3n, animales, sol y aire puro. Una jornada que dar\u00e1 comienzo con un bonito paseo a lomos de fant\u00e1sticos y cuidados caballos, atravesando los bosques de la sierra madrile\u00f1a, entre \u00e1rboles frondosos, monta\u00f1as y r\u00edos. Un camino incre\u00edble que podr\u00e9is disfrutar juntos, dejando cabalgar vuestras emociones y sentimientos.<\/p>\n<p style=\"text-align: justify;\">Tras este recorrido, y mientras disfrut\u00e1is de la visita al resto de animales que alberga la granja, os prepararemos un fant\u00e1stico picnic con productos t\u00edpicos de la sierra para que pod\u00e1is, en un lugar apacible, sobre la fresca hierba y bajo los c\u00e1lidos rayos del sol y el aroma de los \u00e1rboles, disfrutar de vuestra mutua compa\u00f1\u00eda.<\/p>\n<p style=\"text-align: justify;\">A partir de aqu\u00ed, lo dejamos a vuestra elecci\u00f3n. Puede que, simplemente, os apetezca gozar de la paz del campo, tumbados o paseando por este entorno rural o puede que, en cambio, os apetezca un poco m\u00e1s de actividad. En ese caso, ponemos a vuestra disposici\u00f3n una clase de quitaci\u00f3n en pareja, diversi\u00f3n y disfrute garantizados, o un recorrido en coche de caballos para ver la puesta de sol, una opci\u00f3n muy rom\u00e1ntica y buc\u00f3lica para acabar la jornada de la mejor forma posible. \u00bfQu\u00e9 os apetece m\u00e1s?<\/p>\n<p><\/p>","protected":false},"excerpt":{"rendered":"<p><strong>THE PERFECT PLAN EN LA NATURALEZA<\/strong><\/p>\n<p>Si sois amantes de la naturaleza y quer\u00e9is compartir una experiencia en pareja que os aleje de la civilizaci\u00f3n y os permita vivir un momento relajado y diferente a la rutina del d\u00eda a d\u00eda en la gran ciudad, este es vuestro plan.<\/p>\n","protected":false},"featured_media":35192,"comment_status":"open","ping_status":"closed","template":"","meta":[],"class_list":["post-31199","product","type-product","status-publish","has-post-thumbnail","hentry","product_cat-perfect-plan"],"_links":{"self":[{"href":"https:\/\/perfectvenue.es\/es\/wp-json\/wp\/v2\/product\/31199","targetHints":{"allow":["GET"]}}],"collection":[{"href":"https:\/\/perfectvenue.es\/es\/wp-json\/wp\/v2\/product"}],"about":[{"href":"https:\/\/perfectvenue.es\/es\/wp-json\/wp\/v2\/types\/product"}],"replies":[{"embeddable":true,"href":"https:\/\/perfectvenue.es\/es\/wp-json\/wp\/v2\/comments?post=31199"}],"wp:featuredmedia":[{"embeddable":true,"href":"https:\/\/perfectvenue.es\/es\/wp-json\/wp\/v2\/media\/35192"}],"wp:attachment":[{"href":"https:\/\/perfectvenue.es\/es\/wp-json\/wp\/v2\/media?parent=31199"}],"curies":[{"name":"wp","href":"https:\/\/api.w.org\/{rel}","templated":true}]}}